{"id":21696,"date":"2018-01-02T01:03:30","date_gmt":"2018-01-02T01:03:30","guid":{"rendered":"http:\/\/biblian.is\/videy\/esekiel-45-kafli\/"},"modified":"2018-01-02T01:03:30","modified_gmt":"2018-01-02T01:03:30","slug":"esekiel-45-kafli","status":"publish","type":"page","link":"https:\/\/biblian.is\/videy\/esekiel-45-kafli\/","title":{"rendered":"Esek\u00edel 45. kafli"},"content":{"rendered":"<div class=\"fyrirsognVidey\">Landshlutir helgid\u00f3msins, kennimannanna, Lev\u00edtanna, borgarinnar og landsh\u00f6f\u00f0ingjans, 1\u20138; um r\u00e9ttl\u00e6ti landstj\u00f3rnendanna, 9\u201312; um tolla til landsh\u00f6f\u00f0ingjans, og um h\u00e1t\u00ed\u00f0af\u00f3rnir, 13\u201325.<\/div>\n<p><a name=\"1\"><span class=\"versanumer\">1<\/span><\/a>\u00deegar \u00fe\u00e9r skipti\u00f0 landinu me\u00f0 hlutf\u00f6llum til arfleif\u00f0ar, skulu\u00f0 \u00fe\u00e9r skilja nokkurn hluta lands fr\u00e1, sem Drottni skal helga\u00f0ur vera; \u00fea\u00f0 skal vera 25000 m\u00e6lisk\u00f6ft \u00e1 lengd, og 10000 \u00e1 breidd. \u00deetta land skal heilagt vera innan sinna takmarka \u00ed allar \u00e1ttir.<a name=\"2\"><span class=\"versanumer\">2<\/span><\/a>\u00dear af skal helgid\u00f3minum tilheyra ferskeyttur fl\u00f6tur, 500 m\u00e6lisk\u00f6ft \u00e1 hv\u00f6rn veg; og umhverfis kringum \u00feann fl\u00f6t skal vera autt svi\u00f0 50 \u00e1lna.<a name=\"3\"><span class=\"versanumer\">3<\/span><\/a>\u00dat fr\u00e1 \u00feessum m\u00e6lda reit skaltu m\u00e6la 25000 m\u00e6lisk\u00f6ft \u00e1 lengdina og 10000 \u00e1 breiddina, \u00fear skal helgid\u00f3murinn, s\u00e1 heilagasti sta\u00f0ur, vera.<a name=\"4\"><span class=\"versanumer\">4<\/span><\/a>\u00deetta er s\u00e1 heilagi hluti landsins, sem kennim\u00f6nnunum skal tilheyra, \u00feeim er emb\u00e6tta \u00ed helgid\u00f3minum og n\u00e1l\u00e6gja sig Drottni til a\u00f0 \u00fej\u00f3na honum; \u00fear skulu vera h\u00fasast\u00e6\u00f0i \u00feeirra, og \u00feetta skal vera helgid\u00f3mssta\u00f0ur kringum helgid\u00f3minn.<a name=\"5\"><span class=\"versanumer\">5<\/span><\/a>25000 m\u00e6lisk\u00f6ft \u00e1 lengd og 10000 \u00e1 breidd skal tilheyra, \u00feeim Lev\u00edtum, sem \u00fej\u00f3na \u00ed musterinu, og vera eign \u00feeirra, \u00e1samt me\u00f0 20 herbergjum.<a name=\"6\"><span class=\"versanumer\">6<\/span><\/a>Borginni skulu \u00fe\u00e9r gefa til eignar 5000 m\u00e6lisk\u00f6ft \u00e1 breidd, og 25000 \u00e1 lengd, n\u00e6st \u00feeim reitnum, sem helgid\u00f3minum er \u00e6tla\u00f0ur; \u00feetta skal tilheyra \u00f6llum \u00cdsraelsm\u00f6nnum.<a name=\"7\"><span class=\"versanumer\">7<\/span><\/a>Landsh\u00f6f\u00f0ingjanum skulu\u00f0 \u00fe\u00e9r gefa landshluta beggja vegna vi\u00f0 helgid\u00f3msreitinn og borgarreitinn, til m\u00f3ts vi\u00f0 \u00fe\u00e1 hv\u00f6rutveggja, til vesturs, \u00ed haf a\u00f0 sj\u00e1, og til austurs, sem fram horfir; s\u00e1 hluti skal vera jafnlangur hv\u00f6rjum arfahluta \u00e6ttkv\u00edslanna fr\u00e1 \u00fev\u00ed vestl\u00e6ga takmarki til hins austl\u00e6ga.<a name=\"8\"><span class=\"versanumer\">8<\/span><\/a>\u00deetta skal hann til eignar hafa af landinu \u00ed \u00cdsrael, svo a\u00f0 m\u00ednir h\u00f6f\u00f0ingjar ekki framar veiti \u00e1gang m\u00ednu f\u00f3lki, heldur l\u00e1ti \u00cdsrael halda landinu eftir \u00feeirra \u00e6ttkv\u00edslum.<br \/><a name=\"9\"><span class=\"versanumer\">9<\/span><\/a>Svo segir Drottinn alvaldur: l\u00e1ti\u00f0 y\u00f0ur n\u00e6gja \u00feetta, \u00fe\u00e9r \u00cdsraelsh\u00f6f\u00f0ingar! l\u00e1ti\u00f0 af ofr\u00edki og yfirgangi, breyti\u00f0 eftir l\u00f6gum og r\u00e9ttv\u00edsi, l\u00e1ti\u00f0 af a\u00f0 reka f\u00f3lk mitt af eignum s\u00ednum, segir Drottinn alvaldur.<a name=\"10\"><span class=\"versanumer\">10<\/span><\/a>\u00de\u00e9r skulu\u00f0 hafa r\u00e9ttar vogir, r\u00e9tt effa <span class='VideyAth'>a)<\/span> og r\u00e9tt bat;<a name=\"11\"><span class=\"versanumer\">11<\/span><\/a>effa og bat skal vera jafnt a\u00f0 m\u00e1li, bat skal draga t\u00edunda part g\u00f3mers, og eins effa t\u00edunda part g\u00f3mers; eftir g\u00f3mer skal hv\u00f6rttveggja m\u00e6last;<a name=\"12\"><span class=\"versanumer\">12<\/span><\/a>sikill skal vera 20 gera; ein M\u00edna hj\u00e1 y\u00f0ur skal vera til 25 sikla, 20 sikla og 15 sikla.<br \/><a name=\"13\"><span class=\"versanumer\">13<\/span><\/a>\u00deetta er s\u00fa upplyftingarf\u00f3rn, sem \u00fe\u00e9r skulu\u00f0 gefa: af einum g\u00f3mer hveitis, sj\u00f6ttung af effa; af einum g\u00f3mer byggs, sj\u00f6ttung af effa.<a name=\"14\"><span class=\"versanumer\">14<\/span><\/a>\u00deetta er tilskipa\u00f0 um vi\u00f0smj\u00f6ri\u00f0: af einu bat vi\u00f0smj\u00f6rs skal gefa t\u00edunda part bats, e\u00f0a eitt bat af einum k\u00f3r, sem dregur 10 bat, eins og g\u00f3mer; \u00fev\u00ed \u00ed einum g\u00f3mer eru 10 bat.<a name=\"15\"><span class=\"versanumer\">15<\/span><\/a>Einn sau\u00f0 skal gefa af hv\u00f6rjum tveim hundru\u00f0um sau\u00f0a, af hj\u00f6r\u00f0um \u00feeim, sem ganga \u00ed \u00feeim vatnsr\u00edku grash\u00f6gum \u00cdsraelslands; \u00fea\u00f0 skal vera til matarf\u00f3rnar, brennif\u00f3rnar og \u00feakkarf\u00f3rnar, til a\u00f0 fri\u00f0\u00fe\u00e6gja fyrir f\u00f3lkinu, segir Drottinn alvaldur.<a name=\"16\"><span class=\"versanumer\">16<\/span><\/a>Allt f\u00f3lki\u00f0 \u00ed landinu skal vera skylt til a\u00f0 f\u00e6ra \u00feessa upplyftingarf\u00f3rn landsh\u00f6f\u00f0ingjanum \u00ed \u00cdsraelslandi.<a name=\"17\"><span class=\"versanumer\">17<\/span><\/a>Landsh\u00f6f\u00f0inginn skal vera skyldur til a\u00f0 \u00fatvega brennif\u00f3rnir, matarf\u00f3rnir og dreypif\u00f3rnir \u00e1 h\u00e1t\u00ed\u00f0um, tunglkomum og hv\u00edldard\u00f6gum, og \u00e1 \u00f6llum l\u00f6gh\u00e1t\u00ed\u00f0um \u00cdsraelsmanna; hann skal \u00fatvega syndaf\u00f3rnir, matarf\u00f3rnir, brennif\u00f3rnir og \u00feakkarf\u00f3rnir til a\u00f0 fri\u00f0\u00fe\u00e6gja fyrir \u00cdsraelsf\u00f3lki.<a name=\"18\"><span class=\"versanumer\">18<\/span><\/a>Svo segir Drottinn alvaldur: \u00e1 fyrsta degi hins fyrsta m\u00e1na\u00f0ar skaltu taka ungan uxa gallalausan, og fri\u00f0helga helgid\u00f3minn.<a name=\"19\"><span class=\"versanumer\">19<\/span><\/a>Kennima\u00f0urinn skal taka nokku\u00f0 af bl\u00f3\u00f0i syndaf\u00f3rnarinnar, og r\u00ed\u00f0a \u00fev\u00ed \u00e1 dyrustafi musterish\u00fassins, \u00e1 fj\u00f3rar hyrningar altarisstallsins, og \u00e1 dyrustafi portsins a\u00f0 innra forgar\u00f0inum.<a name=\"20\"><span class=\"versanumer\">20<\/span><\/a>Eins skaltu gj\u00f6ra hinn sj\u00f6unda dag m\u00e1na\u00f0arins vegna \u00feeirra, sem \u00f3fyrirsynju e\u00f0a af einfeldni kynnu a\u00f0 hafa misgj\u00f6rt eitthva\u00f0; \u00feannig skulu\u00f0 \u00fe\u00e9r fri\u00f0helga musteri\u00f0.<a name=\"21\"><span class=\"versanumer\">21<\/span><\/a>\u00c1 fj\u00f3rt\u00e1nda degi hins fyrsta m\u00e1na\u00f0ar skulu\u00f0 \u00fe\u00e9r halda p\u00e1ska, s\u00fa h\u00e1t\u00ed\u00f0 skal vara \u00ed 7 daga, og \u00fe\u00e1 skal \u00f3s\u00fdrt brau\u00f0 eta.<a name=\"22\"><span class=\"versanumer\">22<\/span><\/a>\u00c1 \u00feeim sama degi skal landsh\u00f6f\u00f0inginn f\u00f3rna fyrir sig og allt f\u00f3lki\u00f0 \u00ed landinu einum uxa \u00ed syndaf\u00f3rn;<a name=\"23\"><span class=\"versanumer\">23<\/span><\/a>og \u00e1 \u00feeim 7 h\u00e1t\u00ed\u00f0isd\u00f6gum skal hann f\u00e6ra Drottni brennif\u00f3rn, sj\u00f6 uxa og sj\u00f6 hr\u00fata gallalausa, daglega \u00ed \u00fe\u00e1 7 daga, og enn skal hann \u00e1 degi hv\u00f6rjum f\u00f3rna kjarnhafri \u00ed syndaf\u00f3rn.<a name=\"24\"><span class=\"versanumer\">24<\/span><\/a>\u00cd matarf\u00f3rn skal hann f\u00f3rna einu effa me\u00f0 hv\u00f6rjum uxa, og einu effa me\u00f0 hv\u00f6rjum hr\u00fat, en ein h\u00edn vi\u00f0smj\u00f6rs heyrir til hv\u00f6rs effa.<a name=\"25\"><span class=\"versanumer\">25<\/span><\/a>\u00c1 15da degi hins sj\u00f6unda m\u00e1na\u00f0ar skal hann \u00e1 h\u00e1t\u00ed\u00f0inni <span class='VideyAth'>a)<\/span> f\u00f3rna s\u00f6mu syndaf\u00f3rn, brennif\u00f3rn, matarf\u00f3rn og vi\u00f0smj\u00f6ri, sem \u00e1 hinum 7 d\u00f6gunum.<\/p>\n<div class=\"footnoteVidey\">V. 10. a. Effa var \u00feurram\u00e6lir, bat, lagam\u00e6lir.  V. 25. a. \u00de. e. laufsk\u00e1lah\u00e1t\u00ed\u00f0inni.<\/div>\n","protected":false},"excerpt":{"rendered":"<p>Landshlutir helgid\u00f3msins, kennimannanna, Lev\u00edtanna, borgarinnar og landsh\u00f6f\u00f0ingjans, 1\u20138; um r\u00e9ttl\u00e6ti landstj\u00f3rnendanna, 9\u201312; um tolla til landsh\u00f6f\u00f0ingjans, og um h\u00e1t\u00ed\u00f0af\u00f3rnir, 13\u201325. 1\u00deegar \u00fe\u00e9r skipti\u00f0 landinu me\u00f0 hlutf\u00f6llum til arfleif\u00f0ar, skulu\u00f0 \u00fe\u00e9r skilja nokkurn hluta lands fr\u00e1, sem Drottni skal helga\u00f0ur vera; \u00fea\u00f0 skal vera 25000 m\u00e6lisk\u00f6ft \u00e1 lengd, og 10000 \u00e1 breidd. \u00deetta land skal heilagt vera innan sinna takmarka \u00ed allar \u00e1ttir.2\u00dear af skal helgid\u00f3minum tilheyra ferskeyttur fl\u00f6tur, 500 m\u00e6lisk\u00f6ft \u00e1 hv\u00f6rn veg; og umhverfis kringum \u00feann fl\u00f6t skal vera autt svi\u00f0 50 \u00e1lna.3\u00dat fr\u00e1 \u00feessum m\u00e6lda reit skaltu m\u00e6la 25000 m\u00e6lisk\u00f6ft \u00e1 lengdina og 10000 \u00e1 breiddina, \u00fear skal <a href=\"https:\/\/biblian.is\/videy\/esekiel-45-kafli\/\"> [&#8230;]<\/a><\/p>\n","protected":false},"author":1,"featured_media":0,"parent":0,"menu_order":0,"comment_status":"open","ping_status":"open","template":"bibliukaflar.php","meta":{"footnotes":""},"class_list":["post-21696","page","type-page","status-publish","hentry"],"_links":{"self":[{"href":"https:\/\/biblian.is\/videy\/wp-json\/wp\/v2\/pages\/21696","targetHints":{"allow":["GET"]}}],"collection":[{"href":"https:\/\/biblian.is\/videy\/wp-json\/wp\/v2\/pages"}],"about":[{"href":"https:\/\/biblian.is\/videy\/wp-json\/wp\/v2\/types\/page"}],"author":[{"embeddable":true,"href":"https:\/\/biblian.is\/videy\/wp-json\/wp\/v2\/users\/1"}],"replies":[{"embeddable":true,"href":"https:\/\/biblian.is\/videy\/wp-json\/wp\/v2\/comments?post=21696"}],"version-history":[{"count":0,"href":"https:\/\/biblian.is\/videy\/wp-json\/wp\/v2\/pages\/21696\/revisions"}],"wp:attachment":[{"href":"https:\/\/biblian.is\/videy\/wp-json\/wp\/v2\/media?parent=21696"}],"curies":[{"name":"wp","href":"https:\/\/api.w.org\/{rel}","templated":true}]}}