{"id":21695,"date":"2018-01-02T01:03:30","date_gmt":"2018-01-02T01:03:30","guid":{"rendered":"http:\/\/biblian.is\/videy\/esekiel-44-kafli\/"},"modified":"2018-01-02T01:03:30","modified_gmt":"2018-01-02T01:03:30","slug":"esekiel-44-kafli","status":"publish","type":"page","link":"https:\/\/biblian.is\/videy\/esekiel-44-kafli\/","title":{"rendered":"Esek\u00edel 44. kafli"},"content":{"rendered":"<div class=\"fyrirsognVidey\">Um helgi austurportsins, 1\u20133; um inng\u00f6ngu \u00ed musteri\u00f0, 4\u20139; v\u00edti \u00f3tr\u00farra Lev\u00edta, 10\u201316; emb\u00e6ttisskyldur kennimannanna, 17\u201331.<\/div>\n<p><a name=\"1\"><span class=\"versanumer\">1<\/span><\/a>Hann leiddi mig n\u00fa til baka a\u00f0 ytra helgid\u00f3msportinu, sem til austurs vissi, og var \u00fea\u00f0 l\u00e6st.<a name=\"2\"><span class=\"versanumer\">2<\/span><\/a>Og Drottinn sag\u00f0i til m\u00edn: \u00feetta port skal vera l\u00e6st og ekki uppl\u00fakast, og \u00fear skal enginn ma\u00f0ur inn ganga, \u00fev\u00ed Drottinn, Gu\u00f0 \u00cdsraels, hefir inn um \u00fea\u00f0 gengi\u00f0; \u00fev\u00ed skal \u00fea\u00f0 l\u00e6st vera.<a name=\"3\"><span class=\"versanumer\">3<\/span><\/a>\u00de\u00f3 m\u00e1 landsh\u00f6f\u00f0inginn, af \u00fev\u00ed hann er landsh\u00f6f\u00f0ingi, sitja \u00fear inni, til a\u00f0 eta f\u00f3rnarm\u00e1lt\u00ed\u00f0 frammi fyrir Drottni; Hann skal ganga inn um st\u00f3lpagang portsins, og fara \u00fat aftur sama veg.<br \/><a name=\"4\"><span class=\"versanumer\">4<\/span><\/a>\u00dev\u00ed n\u00e6st leiddi hann mig a\u00f0 nor\u00f0urportinu fyrir framan musterish\u00fasi\u00f0; eg s\u00e1 \u00fe\u00e1, og sj\u00e1! d\u00fdr\u00f0in Drottins uppfyllti Drottins h\u00fas, og eg f\u00e9ll fram \u00e1 m\u00edna \u00e1sj\u00f3nu.<a name=\"5\"><span class=\"versanumer\">5<\/span><\/a>\u00de\u00e1 sag\u00f0i Drottinn til m\u00edn: \u00fe\u00fa mannsins son! legg \u00fe\u00e9r \u00e1 hjarta, sj\u00e1 me\u00f0 augum \u00fe\u00ednum, og hl\u00fd\u00f0 me\u00f0 eyrum \u00fe\u00ednum \u00e1 allt \u00fea\u00f0, sem eg segi \u00fe\u00e9r um alla setninga Drottins h\u00fass, og um allar \u00feess tilskipanir, og g\u00e6t vandlega a\u00f0 inng\u00f6ngunni \u00ed musterish\u00fasi\u00f0, og \u00f6llum \u00fatg\u00f6ngum \u00far helgid\u00f3minum.<a name=\"6\"><span class=\"versanumer\">6<\/span><\/a>Seg til \u00feeirra \u00fever\u00fa\u00f0arfullu, til \u00cdsraelsmanna: Svo segir Drottinn alvaldur: \u00fe\u00e9r \u00cdsraelsmenn! l\u00e1ti\u00f0 y\u00f0ur n\u00e6gja allar \u00fe\u00e6r sv\u00edvir\u00f0ingar, sem \u00fe\u00e9r hafi\u00f0 frami\u00f0;<a name=\"7\"><span class=\"versanumer\">7<\/span><\/a>a\u00f0 \u00fe\u00e9r hafi\u00f0 innleitt \u00fatlenda menn, \u00f3umskorna \u00e1 hjarta og holdi, til \u00feess a\u00f0 vera \u00ed m\u00ednum helgid\u00f3mi, til \u00feess a\u00f0 vanhelga mitt h\u00fas, me\u00f0an \u00fe\u00e9r f\u00f3rnf\u00e6r\u00f0u\u00f0 \u00fev\u00ed, sem m\u00e9r var \u00e6tla\u00f0 til f\u00f3rnar, feitinni og bl\u00f3\u00f0inu; a\u00f0 \u00fe\u00e9r hafi\u00f0 rofi\u00f0 minn s\u00e1ttm\u00e1la me\u00f0 \u00f6llum y\u00f0ar sv\u00edvir\u00f0ingum;<a name=\"8\"><span class=\"versanumer\">8<\/span><\/a>a\u00f0 \u00fe\u00e9r ekki hafi\u00f0 haldi\u00f0 tilskipanir m\u00edns helgid\u00f3ms, heldur sett a\u00f0ra eftir eigin ge\u00f0\u00feekkni, til a\u00f0 g\u00e6ta \u00feess, sem eg vil g\u00e6ta l\u00e1ta \u00ed m\u00ednum helgid\u00f3mi.<a name=\"9\"><span class=\"versanumer\">9<\/span><\/a>Svo segir Drottinn alvaldur: enginn \u00fatlendur ma\u00f0ur, \u00f3umskorinn \u00e1 hjarta og holdi, m\u00e1 inn \u00ed minn helgid\u00f3m koma, enginn af \u00feeim \u00fatlendingum, sem b\u00faa me\u00f0al \u00cdsraelsmanna.<br \/><a name=\"10\"><span class=\"versanumer\">10<\/span><\/a>En \u00feeir Lev\u00edtar, sem fjarl\u00e6g\u00f0u sig fr\u00e1 m\u00e9r \u00feegar \u00cdsraelsmenn f\u00f3ru villir vega, og fylgdu s\u00ednum afgu\u00f0um, \u00feeir skulu gj\u00f6ld taka fyrir misgj\u00f6r\u00f0 s\u00edna;<a name=\"11\"><span class=\"versanumer\">11<\/span><\/a>\u00feeir skulu vera \u00fej\u00f3nar \u00ed m\u00ednum helgid\u00f3mi, halda v\u00f6r\u00f0 vi\u00f0 musterishli\u00f0in og hafa annan starfa \u00ed h\u00fasinu, \u00feeir skulu sl\u00e1tra brennif\u00f3rninni, og \u00f6\u00f0rum f\u00f3rnum fyrir f\u00f3lki\u00f0, og standa frammi fyrir \u00fev\u00ed, til a\u00f0 \u00fej\u00f3na \u00fev\u00ed.<a name=\"12\"><span class=\"versanumer\">12<\/span><\/a>Af \u00fev\u00ed \u00feeir \u00fej\u00f3nu\u00f0u f\u00f3lkinu frammi fyrir afgu\u00f0um \u00feess, og ur\u00f0u \u00cdsraelsm\u00f6nnum a\u00f0 f\u00f3takefli til hr\u00f6sunar: \u00feess vegna sver eg \u00feeim me\u00f0 upplyftri hendi, segir Drottinn alvaldur, a\u00f0 \u00feeir skulu taka gj\u00f6ld fyrir misgj\u00f6r\u00f0 s\u00edna.<a name=\"13\"><span class=\"versanumer\">13<\/span><\/a>\u00deeir skulu ekki n\u00e1l\u00e6gja sig m\u00e9r, til a\u00f0 vera m\u00ednir kennimenn, ekki n\u00e1l\u00e6gja sig nokkurum m\u00ednum helgid\u00f3mi, og s\u00edst \u00fev\u00ed allrahelgasta, heldur skulu \u00feeir bera s\u00edna vanvir\u00f0u, og taka gj\u00f6ld fyrir \u00fe\u00e6r sv\u00edvir\u00f0ingar, sem \u00feeir fr\u00f6mdu;<a name=\"14\"><span class=\"versanumer\">14<\/span><\/a>eg vil gj\u00f6ra \u00fe\u00e1 a\u00f0 h\u00fasv\u00f6r\u00f0um \u00ed musterinu, og hafa \u00fe\u00e1 \u00fear til alls konar vinnu, og til alls \u00feess, sem \u00fear er a\u00f0 starfa.<a name=\"15\"><span class=\"versanumer\">15<\/span><\/a>En kennimenn af Lev\u00ed\u00e6tt, \u00feeir Sadoksni\u00f0jar, sem hafa haldi\u00f0 skipanir m\u00edns helgid\u00f3ms, \u00feegar \u00cdsraelsmenn villtust fr\u00e1 m\u00e9r, \u00feeir skulu standa frammi fyrir m\u00e9r til a\u00f0 f\u00e6ra m\u00e9r \u00fea\u00f0 feita og bl\u00f3\u00f0i\u00f0, segir Drottinn alvaldur;<a name=\"16\"><span class=\"versanumer\">16<\/span><\/a>\u00feeir skulu ganga inn \u00ed minn helgid\u00f3m, \u00feeir skulu n\u00e1l\u00e6gja sig m\u00ednu bor\u00f0i til a\u00f0 \u00fej\u00f3na m\u00e9r, \u00feeir skulu g\u00e6ta \u00feess sem eg vil g\u00e6ta l\u00e1ta.<br \/><a name=\"17\"><span class=\"versanumer\">17<\/span><\/a>\u00deegar \u00feeir ganga inn um \u00fea\u00f0 port hins innra forgar\u00f0s, skulu \u00feeir \u00edkl\u00e6\u00f0ast l\u00ednkl\u00e6\u00f0um; ekkert ullarkl\u00e6\u00f0i skulu \u00feeir \u00e1 s\u00e9r bera, me\u00f0an \u00feeir emb\u00e6tta fyrir innan port hins innra forgar\u00f0s e\u00f0a inni \u00ed musterinu.<a name=\"18\"><span class=\"versanumer\">18<\/span><\/a>\u00deeir skulu hafa l\u00ednmotra um h\u00f6fu\u00f0 s\u00e9r, og l\u00ednbr\u00e6kur um lendar s\u00ednar, en gir\u00f0i sig ekki svo fast, a\u00f0 \u00feeim ver\u00f0i erfitt.<a name=\"19\"><span class=\"versanumer\">19<\/span><\/a>En \u00feegar \u00feeir ganga \u00fat \u00ed ytra forgar\u00f0inn, \u00fear sem f\u00f3lki\u00f0 er, \u00fe\u00e1 skulu \u00feeir fara af \u00feeim kl\u00e6\u00f0um, sem \u00feeir emb\u00e6ttu\u00f0u \u00ed, og leggja \u00feau \u00ed hin heil\u00f6gu herbergi, og fara \u00ed \u00f6nnur kl\u00e6\u00f0i, a\u00f0 \u00feeir ekki helgi f\u00f3lki\u00f0 <span class='VideyAth'>a)<\/span> \u00ed kl\u00e6\u00f0um s\u00ednum.<a name=\"20\"><span class=\"versanumer\">20<\/span><\/a>\u00deeir skulu ekki raka h\u00f6fu\u00f0 s\u00edn, ekki heldur l\u00e1ta h\u00e1ri\u00f0 vaxa s\u00edtt, heldur l\u00e1ta kringskera \u00fea\u00f0.<a name=\"21\"><span class=\"versanumer\">21<\/span><\/a>Enginn kennima\u00f0ur m\u00e1 v\u00edn drekka, \u00feegar hann gengur inn \u00ed hinn innra forgar\u00f0.<a name=\"22\"><span class=\"versanumer\">22<\/span><\/a>Enga ekkju, n\u00e9 \u00fe\u00e1 konu, sem vi\u00f0 mann er skilin, mega \u00feeir taka s\u00e9r til eiginkonu, heldur skulu \u00feeir kvongast einhv\u00f6rri mey af \u00e6tt \u00cdsraelsmanna, e\u00f0a \u00fe\u00e1 einhv\u00f6rri ekkju eftir kennimann nokkurn.<a name=\"23\"><span class=\"versanumer\">23<\/span><\/a>\u00deeir skulu kenna m\u00ednu f\u00f3lki a\u00f0 gj\u00f6ra greinarmun \u00e1 \u00fev\u00ed sem er heilagt og \u00f3heilagt, hreint og \u00f3hreint.<a name=\"24\"><span class=\"versanumer\">24<\/span><\/a>\u00deegar eitthv\u00f6rt m\u00e1lefni kemur fyrir \u00fe\u00e1, skulu \u00feeir vera rei\u00f0ub\u00fanir a\u00f0 \u00farskur\u00f0a \u00fea\u00f0; d\u00e6ma skulu \u00feeir eftir m\u00ednum l\u00f6gum; \u00feeir skulu g\u00e6ta minna laga og tilskipana \u00e1 \u00f6llum m\u00ednum h\u00e1t\u00ed\u00f0um, og halda helga m\u00edna hv\u00edldardaga.<a name=\"25\"><span class=\"versanumer\">25<\/span><\/a>Ekki m\u00e1 kennima\u00f0ur koma a\u00f0 dau\u00f0s manns l\u00edki til a\u00f0 saurga sig, nema s\u00e9 l\u00edk f\u00f6\u00f0ur e\u00f0a m\u00f3\u00f0ur, sonar e\u00f0a d\u00f3ttur, br\u00f3\u00f0ur e\u00f0a systur, sem ekki hefir gifst, \u00e1 \u00fev\u00ed megu \u00feeir saurga sig;<a name=\"26\"><span class=\"versanumer\">26<\/span><\/a>telja skal honum sj\u00f6 daga fr\u00e1 \u00fev\u00ed a\u00f0 hann er hreinsa\u00f0ur,<a name=\"27\"><span class=\"versanumer\">27<\/span><\/a>og \u00feann dag er hann gengur inn \u00ed helgid\u00f3minn \u00ed \u00feeim innra forgar\u00f0i, til a\u00f0 emb\u00e6tta \u00ed helgid\u00f3minum, skal hann frambera s\u00edna syndaf\u00f3rn, segir Drottinn alvaldur.<a name=\"28\"><span class=\"versanumer\">28<\/span><\/a>Arfleif\u00f0 skulu \u00feeir hafa: eg vil sj\u00e1lfur vera \u00feeirra arfleif\u00f0; ekki \u00feurfi\u00f0 \u00fe\u00e9r a\u00f0 \u00e6tla \u00feeim neina fasteign \u00ed \u00cdsraelslandi: eg vil sj\u00e1lfur vera \u00feeirra fasteign.<a name=\"29\"><span class=\"versanumer\">29<\/span><\/a>\u00deeir skulu hafa sitt uppheldi af matarf\u00f3rnum, syndaf\u00f3rnum og sektaf\u00f3rnum; allt sem Drottni er helga\u00f0 \u00ed \u00cdsraelslandi, skal tilheyra \u00feeim;<a name=\"30\"><span class=\"versanumer\">30<\/span><\/a>\u00fea\u00f0 besta af \u00f6llum frumgr\u00f3\u00f0a hv\u00f6rs kyns sem er, allar upplyftingarf\u00f3rnir, hv\u00f6rs kyns sem eru og hv\u00f6rju sem upplyft er, skal tilheyra kennim\u00f6nnunum; \u00fea\u00f0 sem fyrst er baka\u00f0 af y\u00f0ar deigi skulu\u00f0 \u00fe\u00e9r gefa kennimanninum, svo a\u00f0 blessunin hv\u00edli yfir \u00fe\u00ednu h\u00fasi.<a name=\"31\"><span class=\"versanumer\">31<\/span><\/a>Kennimenn megu ekkert sj\u00e1lfdautt eta, e\u00f0a \u00fea\u00f0 sem sundurrifi\u00f0 er af fuglum e\u00f0a d\u00fdrum.<\/p>\n<div class=\"footnoteVidey\">V. 19. a. \u00de. e. a\u00f0 \u00feeir ekki gangi \u00fat me\u00f0al f\u00f3lksins \u00ed h\u00e1t\u00ed\u00f0ab\u00faningi s\u00ednum, og glepji \u00fea\u00f0 \u00ed \u00feess hv\u00f6rsdagslegu s\u00fdslunum.<\/div>\n","protected":false},"excerpt":{"rendered":"<p>Um helgi austurportsins, 1\u20133; um inng\u00f6ngu \u00ed musteri\u00f0, 4\u20139; v\u00edti \u00f3tr\u00farra Lev\u00edta, 10\u201316; emb\u00e6ttisskyldur kennimannanna, 17\u201331. 1Hann leiddi mig n\u00fa til baka a\u00f0 ytra helgid\u00f3msportinu, sem til austurs vissi, og var \u00fea\u00f0 l\u00e6st.2Og Drottinn sag\u00f0i til m\u00edn: \u00feetta port skal vera l\u00e6st og ekki uppl\u00fakast, og \u00fear skal enginn ma\u00f0ur inn ganga, \u00fev\u00ed Drottinn, Gu\u00f0 \u00cdsraels, hefir inn um \u00fea\u00f0 gengi\u00f0; \u00fev\u00ed skal \u00fea\u00f0 l\u00e6st vera.3\u00de\u00f3 m\u00e1 landsh\u00f6f\u00f0inginn, af \u00fev\u00ed hann er landsh\u00f6f\u00f0ingi, sitja \u00fear inni, til a\u00f0 eta f\u00f3rnarm\u00e1lt\u00ed\u00f0 frammi fyrir Drottni; Hann skal ganga inn um st\u00f3lpagang portsins, og fara \u00fat aftur sama veg.4\u00dev\u00ed n\u00e6st leiddi hann mig <a href=\"https:\/\/biblian.is\/videy\/esekiel-44-kafli\/\"> [&#8230;]<\/a><\/p>\n","protected":false},"author":1,"featured_media":0,"parent":0,"menu_order":0,"comment_status":"open","ping_status":"open","template":"bibliukaflar.php","meta":{"footnotes":""},"class_list":["post-21695","page","type-page","status-publish","hentry"],"_links":{"self":[{"href":"https:\/\/biblian.is\/videy\/wp-json\/wp\/v2\/pages\/21695","targetHints":{"allow":["GET"]}}],"collection":[{"href":"https:\/\/biblian.is\/videy\/wp-json\/wp\/v2\/pages"}],"about":[{"href":"https:\/\/biblian.is\/videy\/wp-json\/wp\/v2\/types\/page"}],"author":[{"embeddable":true,"href":"https:\/\/biblian.is\/videy\/wp-json\/wp\/v2\/users\/1"}],"replies":[{"embeddable":true,"href":"https:\/\/biblian.is\/videy\/wp-json\/wp\/v2\/comments?post=21695"}],"version-history":[{"count":0,"href":"https:\/\/biblian.is\/videy\/wp-json\/wp\/v2\/pages\/21695\/revisions"}],"wp:attachment":[{"href":"https:\/\/biblian.is\/videy\/wp-json\/wp\/v2\/media?parent=21695"}],"curies":[{"name":"wp","href":"https:\/\/api.w.org\/{rel}","templated":true}]}}