{"id":21694,"date":"2018-01-02T01:03:30","date_gmt":"2018-01-02T01:03:30","guid":{"rendered":"http:\/\/biblian.is\/videy\/esekiel-43-kafli\/"},"modified":"2018-01-02T01:03:30","modified_gmt":"2018-01-02T01:03:30","slug":"esekiel-43-kafli","status":"publish","type":"page","link":"https:\/\/biblian.is\/videy\/esekiel-43-kafli\/","title":{"rendered":"Esek\u00edel 43. kafli"},"content":{"rendered":"<div class=\"fyrirsognVidey\">Drottinn velur s\u00e9r b\u00fasta\u00f0 \u00ed \u00fev\u00ed n\u00fdja musteri, 1\u20135; helgi musterisins, 6\u201312; um brennif\u00f3rnaraltari\u00f0, 13\u201327.<\/div>\n<p><a name=\"1\"><span class=\"versanumer\">1<\/span><\/a>\u00deessu n\u00e6st leiddi hann mig a\u00f0 portinu, \u00fev\u00ed porti, sem vissi til austurs.<a name=\"2\"><span class=\"versanumer\">2<\/span><\/a>Og sj\u00e1! d\u00fdr\u00f0 \u00cdsraels Gu\u00f0s kom fr\u00e1 austri; hans raust var sem ni\u00f0ur margra vatnsfalla, og j\u00f6r\u00f0in var upplj\u00f3mu\u00f0 af hans d\u00fdr\u00f0.<a name=\"3\"><span class=\"versanumer\">3<\/span><\/a>S\u00fa sj\u00f3n, sem eg s\u00e1, var eins og s\u00fa sj\u00f3n, er eg s\u00e1, \u00fe\u00e1 eg kom til a\u00f0 bo\u00f0a ey\u00f0ileggingu borgarinnar, og eins og s\u00fa sj\u00f3n, sem eg s\u00e1 vi\u00f0 \u00e1na Kabor. Eg f\u00e9ll \u00fe\u00e1 ni\u00f0ur \u00e1 m\u00edna \u00e1sj\u00f3nu.<a name=\"4\"><span class=\"versanumer\">4<\/span><\/a>D\u00fdr\u00f0in Drottins f\u00f3r n\u00fa inn \u00ed musteri\u00f0, inn um \u00fea\u00f0 porti\u00f0, sem vissi til austurs.<a name=\"5\"><span class=\"versanumer\">5<\/span><\/a>\u00de\u00e1 h\u00f3f andinn mig upp, og flutti mig inn \u00ed innra forgar\u00f0inn; og sj\u00e1! musteri\u00f0 var fullt af d\u00fdr\u00f0 Drottins.<br \/><a name=\"6\"><span class=\"versanumer\">6<\/span><\/a>\u00de\u00e1 heyr\u00f0a eg einhv\u00f6rn tala til m\u00edn \u00far musterinu, og ma\u00f0ur nokkur st\u00f3\u00f0 hj\u00e1 m\u00e9r,<a name=\"7\"><span class=\"versanumer\">7<\/span><\/a>og sag\u00f0i til m\u00edn: \u00fe\u00fa mannsins son! \u00feetta er sta\u00f0ur m\u00edns h\u00e1s\u00e6tis, \u00feetta er sk\u00f6r minna f\u00f3ta; h\u00e9r vil eg b\u00faa me\u00f0al \u00cdsraelsmanna a\u00f0 eil\u00edfu. \u00cdsraelsmenn skulu ekki framar saurga mitt heilaga nafn, hv\u00f6rki \u00feeir n\u00e9 konungar \u00feeirra, me\u00f0 s\u00ednum saurlifna\u00f0i og me\u00f0 l\u00edkum sinna konunga, sem h\u00e9r hafa heyg\u00f0ir veri\u00f0;<a name=\"8\"><span class=\"versanumer\">8<\/span><\/a>me\u00f0 \u00fev\u00ed \u00feeir settu s\u00edna \u00fer\u00f6skuldu hj\u00e1 m\u00ednum \u00fereskildi, og s\u00edna dyrustafi hj\u00e1 m\u00ednum dyrustaf, svo ekki var nema veggur milli m\u00edn og \u00feeirra, og flekku\u00f0u mitt heilaga nafn me\u00f0 s\u00ednum sv\u00edvir\u00f0ingum, sem \u00feeir fr\u00f6mdu; hv\u00f6rs vegna eg fyrirkom \u00feeim \u00ed minni rei\u00f0i.<a name=\"9\"><span class=\"versanumer\">9<\/span><\/a>En n\u00fa skulu \u00feeir burtkasta s\u00ednum saurlifna\u00f0i og l\u00edkum sinna konunga langt \u00ed fr\u00e1 m\u00e9r, og \u00fe\u00e1 vil eg b\u00faa me\u00f0al \u00feeirra a\u00f0 eil\u00edfu.<a name=\"10\"><span class=\"versanumer\">10<\/span><\/a>\u00de\u00fa mannsins son! s\u00fdn \u00cdsraelsm\u00f6nnum \u00feetta musteri, svo \u00feeir skammist s\u00edn fyrir s\u00ednar misgj\u00f6r\u00f0ir, og taki r\u00e9tt m\u00e1l af byggingarlaginu.<a name=\"11\"><span class=\"versanumer\">11<\/span><\/a>Og ef \u00feeir skammast s\u00edn fyrir allt \u00fea\u00f0, sem \u00feeir hafa dr\u00fdgt, \u00fe\u00e1 skaltu s\u00fdna \u00feeim musterisins l\u00f6gun og skipulag, \u00fatgangana \u00fea\u00f0an og innganga til \u00feess, hv\u00f6rsu \u00f6llu er fyrir komi\u00f0, allt tilskipa\u00f0 og ni\u00f0ursett og fyrirmynda\u00f0, og afm\u00e1la \u00feetta fyrir augum \u00feeirra, svo \u00feeir athugi alla h\u00fassins setning og tilskipan, og hagi s\u00e9r \u00fear eftir.<a name=\"12\"><span class=\"versanumer\">12<\/span><\/a>\u00deetta er l\u00f6gm\u00e1li\u00f0 musterisins: efst \u00e1 fjallstindinum og \u00ed \u00f6llu \u00feess takmarki allt umhverfis er \u00fea\u00f0 allrahelgasta; \u00feetta er l\u00f6gm\u00e1l musterisins.<br \/><a name=\"13\"><span class=\"versanumer\">13<\/span><\/a>\u00deetta er m\u00e6ling altarisins a\u00f0 \u00e1lnatali, eftir \u00feeirri alin, sem er alin og ein \u00feverh\u00f6nd: altaris\u00fer\u00f3in er \u00e1lnar h\u00e1 og \u00e1lnar brei\u00f0, og r\u00f6ndin \u00e1 \u00fer\u00f3arbarminum spannarbrei\u00f0; \u00feetta er st\u00e9tt altarisins.<a name=\"14\"><span class=\"versanumer\">14<\/span><\/a>Fr\u00e1 \u00fer\u00f3nni \u00e1 j\u00f6r\u00f0unni upp a\u00f0 ne\u00f0ra stallinum skal vera tveggja \u00e1lna h\u00e1tt og \u00e1lnarbreitt, og fr\u00e1 minna stallinum til meira stallsins, fj\u00f6gra \u00e1lna h\u00e1tt og \u00e1lnarbreitt;<a name=\"15\"><span class=\"versanumer\">15<\/span><\/a>eldst\u00e6\u00f0i\u00f0 fj\u00f6gra \u00e1lna h\u00e1tt, og upp af eldst\u00e6\u00f0inu fj\u00f6gur horn;<a name=\"16\"><span class=\"versanumer\">16<\/span><\/a>eldst\u00e6\u00f0i\u00f0 12 \u00e1lna langt og 12 \u00e1lna breitt, ferhyrningur \u00e1 alla fj\u00f3ra vegu;<a name=\"17\"><span class=\"versanumer\">17<\/span><\/a>efri stallurinn, 14 \u00e1lna langur og 14 \u00e1lna brei\u00f0ur, \u00e1 fj\u00f3ra vegu, og r\u00f6ndin umhverfis hann, h\u00e1lfrar \u00e1lnar brei\u00f0; st\u00e9ttin \u00fear til, \u00e1lnarh\u00e1 allt um kring; pallarnir upp a\u00f0 altarinu sn\u00faa m\u00f3t austri.<a name=\"18\"><span class=\"versanumer\">18<\/span><\/a>\u00dev\u00ed n\u00e6st sag\u00f0i hann til m\u00edn: \u00fe\u00fa mannsins son! Svo segir Drottinn alvaldur: \u00deetta eru \u00fe\u00e6r tilskipanir, sem altarinu vi\u00f0v\u00edkja: \u00feann dag er \u00fea\u00f0 er alb\u00fai\u00f0, svo \u00fear \u00e1 ver\u00f0i f\u00f3rna\u00f0 brennif\u00f3rn, og st\u00f6kkt f\u00f3rna bl\u00f3\u00f0i,<a name=\"19\"><span class=\"versanumer\">19<\/span><\/a>skaltu f\u00e1 ungan uxa til syndaf\u00f3rnar \u00feeim kennim\u00f6nnum af Lev\u00edkynkv\u00edsl, \u00e6ttm\u00f6nnum Sadoks, sem n\u00e1l\u00e6gja sig m\u00e9r, segir Drottinn alvaldur, til a\u00f0 \u00fej\u00f3na m\u00e9r.<a name=\"20\"><span class=\"versanumer\">20<\/span><\/a>\u00de\u00fa skalt taka nokku\u00f0 af bl\u00f3\u00f0i uxans, og r\u00ed\u00f0a \u00fev\u00ed \u00e1 fj\u00f6gur horn altarisins og \u00e1 fj\u00f3rar hyrningar efra stallsins og r\u00f6ndina \u00fear \u00ed kring, og \u00feannig hreinsa \u00fea\u00f0 af synd og fri\u00f0\u00fe\u00e6gja fyrir \u00fea\u00f0,<a name=\"21\"><span class=\"versanumer\">21<\/span><\/a>s\u00ed\u00f0an skaltu taka syndaf\u00f3rnar uxann, og brenna hann \u00e1 tilskipu\u00f0um sta\u00f0 \u00ed musterinu, \u00fati fyrir helgid\u00f3minum.<a name=\"22\"><span class=\"versanumer\">22<\/span><\/a>Annars dags skaltu f\u00e6ra gallalausan kjarnhafur \u00ed syndaf\u00f3rn, svo altari\u00f0 \u00fear me\u00f0 ver\u00f0i hreinsa\u00f0 af synd, eins og \u00fea\u00f0 var hreinsa\u00f0 me\u00f0 uxanum.<a name=\"23\"><span class=\"versanumer\">23<\/span><\/a>\u00deegar \u00fe\u00fa hefir afloki\u00f0 hreinsaninni, skaltu lei\u00f0a fram ungan uxa gallalausan, og hr\u00fat af hj\u00f6r\u00f0inni gallalausan;<a name=\"24\"><span class=\"versanumer\">24<\/span><\/a>\u00fe\u00fa skalt lei\u00f0a \u00fe\u00e1 fram fyrir Drottin, og skulu kennimennirnir dreifa salti \u00e1 \u00fe\u00e1, og f\u00f3rnf\u00e6ra \u00fe\u00e1 Drottni \u00ed brennif\u00f3rn.<a name=\"25\"><span class=\"versanumer\">25<\/span><\/a>Sj\u00f6 daga framfleytt skaltu daglega f\u00f3rnf\u00e6ra einum kjarnhafri \u00ed syndaf\u00f3rn, og \u00fear a\u00f0 auki skal f\u00f3rnf\u00e6ra ungum uxa og hr\u00fat af hj\u00f6r\u00f0inni, b\u00e1\u00f0um gallalausum.<a name=\"26\"><span class=\"versanumer\">26<\/span><\/a>Sj\u00f6 daga skulu menn \u00feiggja altari\u00f0 \u00ed fri\u00f0 og hreinsa \u00fea\u00f0, og koma fram me\u00f0 fullar hendur f\u00f3rna.<a name=\"27\"><span class=\"versanumer\">27<\/span><\/a>A\u00f0 li\u00f0num \u00feessum d\u00f6gum, \u00fe\u00e1 skulu kennimennirnir \u00e1 \u00e1ttunda deginum og \u00fea\u00f0an \u00ed fr\u00e1 f\u00f3rnf\u00e6ra y\u00f0ar brennif\u00f3rnum og \u00feakkarf\u00f3rnum \u00e1 altarinu, og \u00fe\u00e1 vil eg hafa vel\u00fe\u00f3knun \u00e1 y\u00f0ur, segir Drottinn alvaldur.<\/p>\n<div class=\"footnoteVidey\"><\/div>\n","protected":false},"excerpt":{"rendered":"<p>Drottinn velur s\u00e9r b\u00fasta\u00f0 \u00ed \u00fev\u00ed n\u00fdja musteri, 1\u20135; helgi musterisins, 6\u201312; um brennif\u00f3rnaraltari\u00f0, 13\u201327. 1\u00deessu n\u00e6st leiddi hann mig a\u00f0 portinu, \u00fev\u00ed porti, sem vissi til austurs.2Og sj\u00e1! d\u00fdr\u00f0 \u00cdsraels Gu\u00f0s kom fr\u00e1 austri; hans raust var sem ni\u00f0ur margra vatnsfalla, og j\u00f6r\u00f0in var upplj\u00f3mu\u00f0 af hans d\u00fdr\u00f0.3S\u00fa sj\u00f3n, sem eg s\u00e1, var eins og s\u00fa sj\u00f3n, er eg s\u00e1, \u00fe\u00e1 eg kom til a\u00f0 bo\u00f0a ey\u00f0ileggingu borgarinnar, og eins og s\u00fa sj\u00f3n, sem eg s\u00e1 vi\u00f0 \u00e1na Kabor. Eg f\u00e9ll \u00fe\u00e1 ni\u00f0ur \u00e1 m\u00edna \u00e1sj\u00f3nu.4D\u00fdr\u00f0in Drottins f\u00f3r n\u00fa inn \u00ed musteri\u00f0, inn um \u00fea\u00f0 porti\u00f0, sem vissi til <a href=\"https:\/\/biblian.is\/videy\/esekiel-43-kafli\/\"> [&#8230;]<\/a><\/p>\n","protected":false},"author":1,"featured_media":0,"parent":0,"menu_order":0,"comment_status":"open","ping_status":"open","template":"bibliukaflar.php","meta":{"footnotes":""},"class_list":["post-21694","page","type-page","status-publish","hentry"],"_links":{"self":[{"href":"https:\/\/biblian.is\/videy\/wp-json\/wp\/v2\/pages\/21694","targetHints":{"allow":["GET"]}}],"collection":[{"href":"https:\/\/biblian.is\/videy\/wp-json\/wp\/v2\/pages"}],"about":[{"href":"https:\/\/biblian.is\/videy\/wp-json\/wp\/v2\/types\/page"}],"author":[{"embeddable":true,"href":"https:\/\/biblian.is\/videy\/wp-json\/wp\/v2\/users\/1"}],"replies":[{"embeddable":true,"href":"https:\/\/biblian.is\/videy\/wp-json\/wp\/v2\/comments?post=21694"}],"version-history":[{"count":0,"href":"https:\/\/biblian.is\/videy\/wp-json\/wp\/v2\/pages\/21694\/revisions"}],"wp:attachment":[{"href":"https:\/\/biblian.is\/videy\/wp-json\/wp\/v2\/media?parent=21694"}],"curies":[{"name":"wp","href":"https:\/\/api.w.org\/{rel}","templated":true}]}}