{"id":21692,"date":"2018-01-02T01:03:30","date_gmt":"2018-01-02T01:03:30","guid":{"rendered":"http:\/\/biblian.is\/videy\/esekiel-41-kafli\/"},"modified":"2018-01-02T01:03:30","modified_gmt":"2018-01-02T01:03:30","slug":"esekiel-41-kafli","status":"publish","type":"page","link":"https:\/\/biblian.is\/videy\/esekiel-41-kafli\/","title":{"rendered":"Esek\u00edel 41. kafli"},"content":{"rendered":"<div class=\"fyrirsognVidey\">Inngangur til helgid\u00f3msins, 1\u20134; hans veggir og herbergi, 5\u201321; altari\u00f0 og musterisdyrnar, 22\u201326.<\/div>\n<p><a name=\"1\"><span class=\"versanumer\">1<\/span><\/a>Hann leiddi mig n\u00fa til helgid\u00f3msins, og m\u00e6ldi s\u00falurnar; breiddin var 6 \u00e1lna annars vegar og 6 \u00e1lna hins vegar, eftir breidd tjaldsins;<a name=\"2\"><span class=\"versanumer\">2<\/span><\/a>dyrnar voru 10 \u00e1lna brei\u00f0ar, og kamparnir annars vegar 5 \u00e1lna og hins vegar 5 \u00e1lna; hann m\u00e6ldi lengd helgid\u00f3msins, 40 \u00e1lna, og breiddina 20 \u00e1lna.<a name=\"3\"><span class=\"versanumer\">3<\/span><\/a>S\u00ed\u00f0an gekk hann inn fyrir, og m\u00e6ldi dyrustafinn, hann var tv\u00e6r \u00e1lnir, dyrnar 6 \u00e1lna, og dyra breiddin 7 \u00e1lna.<a name=\"4\"><span class=\"versanumer\">4<\/span><\/a>S\u00ed\u00f0an m\u00e6ldi hann 20 \u00e1lnir \u00e1 lengdina og 20 \u00e1lnir \u00e1 breiddina, fyrir framan helgid\u00f3minn, og sag\u00f0i til m\u00edn: \u00feetta er \u00fea\u00f0 allrahelgasta. <br \/><a name=\"5\"><span class=\"versanumer\">5<\/span><\/a>Hann m\u00e6ldi vegg musterisins, 6 \u00e1lna \u00e1 \u00feykkt; og fj\u00f6gra \u00e1lna brei\u00f0an hli\u00f0vegs gang, sem l\u00e1 umhverfis allt \u00ed kring um musteri\u00f0.<a name=\"6\"><span class=\"versanumer\">6<\/span><\/a>Herbergin voru 33, og hv\u00f6rt herbergi \u00e1fast vi\u00f0 anna\u00f0; \u00feau l\u00e1gu upp a\u00f0 m\u00farvegg nokkurum, sem var allt \u00ed kring \u00ed musterinu handa \u00feessum herbergjum, svo a\u00f0 \u00feau voru \u00e1f\u00f6st s\u00edn \u00ed milli, \u00e1n \u00feess \u00feau v\u00e6ru \u00e1f\u00f6st vi\u00f0 musteris vegginn.<a name=\"7\"><span class=\"versanumer\">7<\/span><\/a>\u00deessi herbergi, sem l\u00e1gu umhverfis, ur\u00f0u \u00e6 brei\u00f0ari, eftir \u00fev\u00ed sem ofar kom; \u00fev\u00ed ofan til \u00e1tti umgangur a\u00f0 vera umhverfis \u00ed kring \u00e1 musterinu; \u00feess vegna voru h\u00fasin brei\u00f0ari ofan til, og m\u00e1tti ganga \u00far ne\u00f0sta stafg\u00f3lfi upp \u00e1 mi\u00f0lofti\u00f0, og \u00fea\u00f0an upp \u00e1 efsta loft.<a name=\"8\"><span class=\"versanumer\">8<\/span><\/a>Eg s\u00e1, a\u00f0 \u00feessi bygging haf\u00f0i samsvarandi h\u00e6\u00f0 allt um kring; fr\u00e1 grundvelli herbergjanna var heill m\u00e6likvar\u00f0i, sex \u00e1lnir, undir bita.<a name=\"9\"><span class=\"versanumer\">9<\/span><\/a>Breidd herbergja veggjarins \u00fat \u00e1 br\u00fan var 5 \u00e1lnir, og eins langt var sundi\u00f0 milli herbergja byggingarinnar og musterish\u00fassins;<a name=\"10\"><span class=\"versanumer\">10<\/span><\/a>en milli herbergjanna, allt umhverfis \u00ed kring um h\u00fasi\u00f0, var 20 \u00e1lna bil.<a name=\"11\"><span class=\"versanumer\">11<\/span><\/a>Dyrnar a\u00f0 herbergjunum sneru \u00fat a\u00f0 h\u00fasasundinu, \u00fe\u00e6r voru tv\u00e6r, a\u00f0rar m\u00f3t nor\u00f0ri, og a\u00f0rar m\u00f3t su\u00f0ri, en breidd h\u00fasasundsins var 5 \u00e1lna allt umhverfis.<a name=\"12\"><span class=\"versanumer\">12<\/span><\/a>S\u00fa frambygging, sem st\u00f3\u00f0 fyrir framan h\u00fasa\u00feorpi\u00f0, var a\u00f0 vestanver\u00f0u 70 \u00e1lna \u00e1 breidd, og veggur frambyggingarinnar alla vega 5 \u00e1lna \u00feykkur og 90 \u00e1lna langur.<a name=\"13\"><span class=\"versanumer\">13<\/span><\/a>Hann m\u00e6ldi lengd musterisbyggingarinnar 100 \u00e1lna, h\u00fasa\u00feorpi\u00f0 og frambygginguna me\u00f0 hennar veggjum \u00e1 lengd 100 \u00e1lna.<a name=\"14\"><span class=\"versanumer\">14<\/span><\/a>Framhli\u00f0in \u00e1 musterinu og h\u00fasa\u00feorpinu a\u00f0 austanver\u00f0u var 100 \u00e1lna.<a name=\"15\"><span class=\"versanumer\">15<\/span><\/a>Hann m\u00e6ldi lengd frambyggingarinnar, sem st\u00f3\u00f0 fyrir framan h\u00fasa\u00feorpi\u00f0, sem var \u00e1 baka til, og gangr\u00fam hennar beggja vegna, \u00fea\u00f0 var 100 \u00e1lnir, a\u00f0 me\u00f0t\u00f6ldum \u00feeim innra helgid\u00f3mi og forgar\u00f0ss\u00falnar\u00f6\u00f0unum;<a name=\"16\"><span class=\"versanumer\">16<\/span><\/a>hann m\u00e6ldi og \u00fer\u00f6skuldana, spalagluggana, og \u00feau \u00feref\u00f6ldu gangr\u00fam. Vi\u00f0 \u00fer\u00f6skuldana var allt \u00feilja\u00f0 umhverfis me\u00f0 \u00feunnum bor\u00f0vi\u00f0i. Hann m\u00e6ldi bili\u00f0 fr\u00e1 j\u00f6r\u00f0unni og upp a\u00f0 gluggunum; fyrir gluggunum voru spalagrindur.<a name=\"17\"><span class=\"versanumer\">17<\/span><\/a>Uppi yfir dyrunum, b\u00e6\u00f0i fyrir innan og utan musterish\u00fasi\u00f0, og \u00e1 veggjunum umhverfis a\u00f0 innanver\u00f0u og utanver\u00f0u, var eftir vissu m\u00e1li<a name=\"18\"><span class=\"versanumer\">18<\/span><\/a>hleypt upp ker\u00fabum og p\u00e1lmavi\u00f0arlaufverki, var einn p\u00e1lmakvistur l\u00e1tinn vera milli hv\u00f6rra tveggja ker\u00faba; hv\u00f6r ker\u00fab haf\u00f0i tv\u00f6 andlit,<a name=\"19\"><span class=\"versanumer\">19<\/span><\/a>mannsandlit sneri a\u00f0 p\u00e1lmakvistinum annars vegar, en lj\u00f3nsandlit a\u00f0 p\u00e1lmakvistinum hins vegar; \u00feeim var hleypt upp allsta\u00f0ar umhverfis \u00e1 h\u00fasinu.<a name=\"20\"><span class=\"versanumer\">20<\/span><\/a>Ne\u00f0an fr\u00e1 g\u00f3lfi og efst upp \u00e1 dyr voru \u00fatskornir ker\u00fabar og p\u00e1lmakvistir, og eins \u00e1 helgid\u00f3msveggjunum.<a name=\"21\"><span class=\"versanumer\">21<\/span><\/a>Hv\u00f6r dyrastafur \u00ed helgid\u00f3minum var ferstrendur, og framhli\u00f0in \u00e1 \u00fev\u00ed allrahelgasta var \u00f6llu deili eins \u00e1 a\u00f0 sj\u00e1.<br \/><a name=\"22\"><span class=\"versanumer\">22<\/span><\/a>Altari\u00f0 var af tr\u00e9, \u00fea\u00f0 var \u00feriggja \u00e1lna h\u00e1tt og tveggja \u00e1lna langt; \u00feess hyrningar og endilangir hli\u00f0vegirnir voru af tr\u00e9; og hann sag\u00f0i til m\u00edn: \u00feetta er \u00fea\u00f0 bor\u00f0, sem stendur frammi fyrir Drottni.<a name=\"23\"><span class=\"versanumer\">23<\/span><\/a>Tv\u00e6r voru hur\u00f0ir \u00e1 helgid\u00f3minum og \u00fev\u00ed allrahelgasta,<a name=\"24\"><span class=\"versanumer\">24<\/span><\/a>\u00ed hv\u00f6rri hur\u00f0 voru tveir hlerar, sem b\u00e1\u00f0ir voru lag\u00f0ir saman \u00e1 misv\u00edxl; tveir hlerar voru \u00ed annarri hur\u00f0inni, og eins tveir hlerar \u00ed hinni hur\u00f0inni.<a name=\"25\"><span class=\"versanumer\">25<\/span><\/a>\u00c1 \u00feessum hlerum, sem voru hur\u00f0ir fyrir helgid\u00f3minum, var hleypt upp ker\u00fabum og p\u00e1lmakvistum, eins og gj\u00f6rt haf\u00f0i veri\u00f0 \u00e1 veggjunum, og \u00fev\u00ed var bor\u00f0vi\u00f0urinn l\u00e1tinn vera \u00feykkri \u00feeim megin sem sneri \u00fat a\u00f0 st\u00f3lpaganginum.<a name=\"26\"><span class=\"versanumer\">26<\/span><\/a>Gluggarnir voru me\u00f0 spalagrindum, og \u00fear beggjavegna \u00fatskornir p\u00e1lmakvistir me\u00f0 hli\u00f0veginum \u00e1 st\u00f3lpaganginum, og allteins \u00e1 herbergjahli\u00f0unum og timburstokkunum.<\/p>\n<div class=\"footnoteVidey\"><\/div>\n","protected":false},"excerpt":{"rendered":"<p>Inngangur til helgid\u00f3msins, 1\u20134; hans veggir og herbergi, 5\u201321; altari\u00f0 og musterisdyrnar, 22\u201326. 1Hann leiddi mig n\u00fa til helgid\u00f3msins, og m\u00e6ldi s\u00falurnar; breiddin var 6 \u00e1lna annars vegar og 6 \u00e1lna hins vegar, eftir breidd tjaldsins;2dyrnar voru 10 \u00e1lna brei\u00f0ar, og kamparnir annars vegar 5 \u00e1lna og hins vegar 5 \u00e1lna; hann m\u00e6ldi lengd helgid\u00f3msins, 40 \u00e1lna, og breiddina 20 \u00e1lna.3S\u00ed\u00f0an gekk hann inn fyrir, og m\u00e6ldi dyrustafinn, hann var tv\u00e6r \u00e1lnir, dyrnar 6 \u00e1lna, og dyra breiddin 7 \u00e1lna.4S\u00ed\u00f0an m\u00e6ldi hann 20 \u00e1lnir \u00e1 lengdina og 20 \u00e1lnir \u00e1 breiddina, fyrir framan helgid\u00f3minn, og sag\u00f0i til m\u00edn: \u00feetta er <a href=\"https:\/\/biblian.is\/videy\/esekiel-41-kafli\/\"> [&#8230;]<\/a><\/p>\n","protected":false},"author":1,"featured_media":0,"parent":0,"menu_order":0,"comment_status":"open","ping_status":"open","template":"bibliukaflar.php","meta":{"footnotes":""},"class_list":["post-21692","page","type-page","status-publish","hentry"],"_links":{"self":[{"href":"https:\/\/biblian.is\/videy\/wp-json\/wp\/v2\/pages\/21692","targetHints":{"allow":["GET"]}}],"collection":[{"href":"https:\/\/biblian.is\/videy\/wp-json\/wp\/v2\/pages"}],"about":[{"href":"https:\/\/biblian.is\/videy\/wp-json\/wp\/v2\/types\/page"}],"author":[{"embeddable":true,"href":"https:\/\/biblian.is\/videy\/wp-json\/wp\/v2\/users\/1"}],"replies":[{"embeddable":true,"href":"https:\/\/biblian.is\/videy\/wp-json\/wp\/v2\/comments?post=21692"}],"version-history":[{"count":0,"href":"https:\/\/biblian.is\/videy\/wp-json\/wp\/v2\/pages\/21692\/revisions"}],"wp:attachment":[{"href":"https:\/\/biblian.is\/videy\/wp-json\/wp\/v2\/media?parent=21692"}],"curies":[{"name":"wp","href":"https:\/\/api.w.org\/{rel}","templated":true}]}}