{"id":21691,"date":"2018-01-02T01:03:30","date_gmt":"2018-01-02T01:03:30","guid":{"rendered":"http:\/\/biblian.is\/videy\/esekiel-40-kafli\/"},"modified":"2018-01-02T01:03:30","modified_gmt":"2018-01-02T01:03:30","slug":"esekiel-40-kafli","status":"publish","type":"page","link":"https:\/\/biblian.is\/videy\/esekiel-40-kafli\/","title":{"rendered":"Esek\u00edel 40. kafli"},"content":{"rendered":"<div class=\"fyrirsognVidey\">Afm\u00e1lun \u00feess n\u00fdja musteris \u00ed hinni n\u00fdju Jer\u00fasalemsborg; s\u00e1 ysti m\u00farveggur, 1\u201316; ytri forgar\u00f0urinn, 17\u201327; innri forgar\u00f0urinn, 28\u201347; musteri\u00f0 sj\u00e1lft, 48\u201349.<\/div>\n<p><a name=\"1\"><span class=\"versanumer\">1<\/span><\/a>\u00c1 \u00fev\u00ed 25ta \u00e1ri eftir \u00fea\u00f0 a\u00f0 v\u00e9r vorum herleiddir, \u00f6ndver\u00f0lega \u00e1rsins, \u00feann t\u00edunda dag hins fyrsta m\u00e1na\u00f0ar\u2014\u00fea\u00f0 var \u00e1 fj\u00f3rt\u00e1nda \u00e1ri eftir \u00fea\u00f0 a\u00f0 borgin var inntekin\u2014einmitt \u00feann sama dag kom h\u00f6nd Drottins yfir mig, og hann flutti mig \u00feanga\u00f0.<a name=\"2\"><span class=\"versanumer\">2<\/span><\/a>\u00cd gu\u00f0legri s\u00fdn flutti hann mig til \u00cdsraelslands, og setti mig ni\u00f0ur \u00e1 mj\u00f6g h\u00e1tt fjall, og var \u00fear sem uppbygg\u00f0 borg v\u00e6ri sunnanvert \u00e1 fjallinu.<a name=\"3\"><span class=\"versanumer\">3<\/span><\/a>\u00de\u00e1 hann haf\u00f0i flutt mig \u00feanga\u00f0, \u00fe\u00e1 birtist ma\u00f0ur nokkur, \u00e1s\u00fdndar sem lj\u00f3mandi eirm\u00e1lmur; hann h\u00e9lt \u00e1 l\u00ednstreng og m\u00e6list\u00f6ng, og st\u00f3\u00f0 \u00ed hli\u00f0inu.<a name=\"4\"><span class=\"versanumer\">4<\/span><\/a>Ma\u00f0urinn sag\u00f0i til m\u00edn: \u00fe\u00fa mannsins son! l\u00edt \u00e1 me\u00f0 \u00fe\u00ednum augum, hl\u00fd\u00f0 \u00e1 me\u00f0 \u00fe\u00ednum eyrum, og legg \u00e1 hjarta allt \u00fea\u00f0 er eg s\u00fdni \u00fe\u00e9r; \u00fev\u00ed \u00fe\u00fa ert \u00feess vegna hinga\u00f0 fluttur, a\u00f0 eg skuli s\u00fdna \u00fe\u00e9r \u00feetta; \u00fe\u00fa skalt kunngj\u00f6ra \u00cdsraelsm\u00f6nnum allt \u00fea\u00f0 sem \u00fe\u00fa s\u00e9r.<a name=\"5\"><span class=\"versanumer\">5<\/span><\/a>Og sj\u00e1! \u00fear gekk m\u00farveggur allt umhverfis utan um h\u00fasi\u00f0 <span class='VideyAth'>b)<\/span>; ma\u00f0urinn h\u00e9lt \u00e1 m\u00e6list\u00f6nginni, h\u00fan var 6 \u00e1lna l\u00f6ng, og var hv\u00f6r alin \u00feverh\u00f6nd lengri en almenn alin; hann m\u00e6ldi \u00feykkt m\u00farsins, og var h\u00fan ein m\u00e6list\u00f6ng, og h\u00e6\u00f0 hans ein m\u00e6list\u00f6ng.<a name=\"6\"><span class=\"versanumer\">6<\/span><\/a>Hann gekk n\u00fa a\u00f0 \u00fev\u00ed portinu, sem til austurs vissi, og \u00fear upp eftir ri\u00f0inu, og m\u00e6ldi annan \u00fer\u00f6skuld portsins, og var hann ein m\u00e6list\u00f6ng \u00e1 breidd, og s\u00ed\u00f0an hinn \u00fer\u00f6skuldinn, sem og var einnar m\u00e6listangar brei\u00f0ur.<a name=\"7\"><span class=\"versanumer\">7<\/span><\/a>Hv\u00f6rt herbergi var ein m\u00e6list\u00f6ng \u00e1 lengd, og ein m\u00e6list\u00f6ng \u00e1 breidd, og milli herbergjanna 5 \u00e1lna r\u00fam, og \u00fer\u00f6skuldur portsins hj\u00e1 st\u00f3lpaganginum, fyrir innan porti\u00f0, ein m\u00e6list\u00f6ng.<a name=\"8\"><span class=\"versanumer\">8<\/span><\/a>Hann m\u00e6ldi st\u00f3lpagang portsins a\u00f0 innanver\u00f0u, eina m\u00e6list\u00f6ng;<a name=\"9\"><span class=\"versanumer\">9<\/span><\/a>hann m\u00e6ldi og st\u00f3lpagang portsins <span class='VideyAth'>(a\u00f0 utanver\u00f0u)<\/span>, voru \u00fea\u00f0 8 \u00e1lnir, \u00fev\u00ed \u00fatbroti\u00f0 \u00e1 portinu var tveggja \u00e1lna. En hva\u00f0 vi\u00f0v\u00edkur \u00feeim innra st\u00f3lpagangi portsins,<a name=\"10\"><span class=\"versanumer\">10<\/span><\/a>\u00fe\u00e1 voru \u00ed \u00fev\u00ed portinu, sem til austurs vissi, \u00ferj\u00fa herbergi annars vegar, og \u00ferj\u00fa hins vegar, \u00f6ll \u00ferj\u00fa j\u00f6fn a\u00f0 m\u00e1li; s\u00falurnar beggja vegna voru og jafnar a\u00f0 m\u00e1li.<a name=\"11\"><span class=\"versanumer\">11<\/span><\/a>Hann m\u00e6ldi dyrav\u00eddd portsins, 10 \u00e1lnir, en lengd portsins var 13 \u00e1lnir.<a name=\"12\"><span class=\"versanumer\">12<\/span><\/a>Fyrir framan herbergin var \u00e1lnar \u00ferep annars vegar, og \u00e1lnar \u00ferep hins vegar; en hv\u00f6rt herbergi var 6 \u00e1lna \u00e1 einn veginn, og 6 \u00e1lna \u00e1 hinn veginn.<a name=\"13\"><span class=\"versanumer\">13<\/span><\/a>Hann m\u00e6ldi breidd portsins milli herbergjar\u00e6franna, 25 \u00e1lnir; dyrnar st\u00f3\u00f0ust \u00e1 beggja vegna.<a name=\"14\"><span class=\"versanumer\">14<\/span><\/a>S\u00falnar\u00f6\u00f0in m\u00e6ldist honum \u00e1 lengd 60 \u00e1lna; a\u00f0 me\u00f0t\u00f6ldu \u00fev\u00ed bili \u00ed portinu, sem var milli s\u00falnanna allt umhverfis.<a name=\"15\"><span class=\"versanumer\">15<\/span><\/a>Fr\u00e1 dyraportinu til s\u00falna hins innra ports voru 50 \u00e1lnir.<a name=\"16\"><span class=\"versanumer\">16<\/span><\/a>Spalagluggar l\u00e1gu a\u00f0 herbergjunum og herbergjas\u00falunum inn \u00ed portinu allt umhverfis, og s\u00f6mulei\u00f0is a\u00f0 \u00fatbrotunum; a\u00f0 innanver\u00f0u voru gluggar allt umhverfis; \u00e1 s\u00falunum var hleypt upp p\u00e1lmvi\u00f0arlaufverki. <br \/><a name=\"17\"><span class=\"versanumer\">17<\/span><\/a>N\u00fa leiddi hann mig til ytra forgar\u00f0sins; \u00fear voru herbergi, og steinlagt g\u00f3lf \u00ed forgar\u00f0inum allt um kring, og 30 herbergi \u00e1 g\u00f3lfinu.<a name=\"18\"><span class=\"versanumer\">18<\/span><\/a>G\u00f3lfi\u00f0 l\u00e1 fram me\u00f0 hli\u00f0 portanna, en langs me\u00f0 portunum var \u00fea\u00f0 l\u00e6gra.<a name=\"19\"><span class=\"versanumer\">19<\/span><\/a>Hann m\u00e6ldi breiddina fr\u00e1 ne\u00f0ra portinu allt til \u00feess ytra veggjar hins innra forgar\u00f0s, 100 \u00e1lna, til austurs og nor\u00f0urs.<a name=\"20\"><span class=\"versanumer\">20<\/span><\/a>S\u00ed\u00f0an m\u00e6ldi hann lengd og breidd hins nyr\u00f0ra ports allt til hins ytra forgar\u00f0s;<a name=\"21\"><span class=\"versanumer\">21<\/span><\/a>\u00fear voru \u00ferj\u00fa herbergi annars vegar, og \u00ferj\u00fa hins vegar, \u00feess s\u00falur og s\u00falnara\u00f0ir voru jafnar a\u00f0 m\u00e1li vi\u00f0 fyrsta porti\u00f0, \u00fea\u00f0 var \u00e1 lengd 50 \u00e1lna, og \u00e1 breidd 25;<a name=\"22\"><span class=\"versanumer\">22<\/span><\/a>\u00feess gluggar, s\u00falnara\u00f0ir og p\u00e1lmavi\u00f0arlaufverk voru j\u00f6fn a\u00f0 m\u00e1li, eins og \u00ed austurportinu; var gengi\u00f0 upp a\u00f0 \u00fev\u00ed um 7 palla, og \u00fear s\u00falnar\u00f6\u00f0 fyrir framan.<a name=\"23\"><span class=\"versanumer\">23<\/span><\/a>Port innra forgar\u00f0sins st\u00f3\u00f0ust \u00e1 vi\u00f0 \u00fea\u00f0 nyr\u00f0ra og eystra port; hann m\u00e6ldi 100 \u00e1lna fr\u00e1 einu portinu til annars.<a name=\"24\"><span class=\"versanumer\">24<\/span><\/a>N\u00fa leiddi hann mig su\u00f0ur eftir, og \u00fear s\u00e1st port, sem vissi til su\u00f0urs; hann m\u00e6ldi \u00feess s\u00falur og s\u00falnara\u00f0ir, og voru \u00fe\u00e6r jafnar a\u00f0 m\u00e1li vi\u00f0 hinar.<a name=\"25\"><span class=\"versanumer\">25<\/span><\/a>\u00c1 \u00feessu porti og \u00fatbrotum \u00feess voru gluggar allt umhverfis, eins og hinir gluggarnir voru; lengd \u00feess var 50 \u00e1lna, og breiddin 25 \u00e1lna;<a name=\"26\"><span class=\"versanumer\">26<\/span><\/a>upp a\u00f0 \u00fev\u00ed var gengi\u00f0 um 7 palla, og \u00fear fyrir framan var s\u00falnar\u00f6\u00f0 me\u00f0 p\u00e1lmavi\u00f0arlaufverki, ein annarsvegar, og \u00f6nnur hinsvegar.<a name=\"27\"><span class=\"versanumer\">27<\/span><\/a>\u00c1 innra forgar\u00f0inum var og port, sem vissi til su\u00f0urs; hann m\u00e6ldi fr\u00e1 einu portinu til annars 100 \u00e1lna m\u00f3t su\u00f0ri.<br \/><a name=\"28\"><span class=\"versanumer\">28<\/span><\/a>Hann leiddi mig \u00ed gegnum su\u00f0urporti\u00f0 inn \u00ed innra forgar\u00f0inn, og m\u00e6ldi n\u00fa su\u00f0urporti\u00f0, \u00fea\u00f0 var jafnt a\u00f0 m\u00e1li hinum fyrri;<a name=\"29\"><span class=\"versanumer\">29<\/span><\/a>\u00feess herbergi, s\u00falur og s\u00falnara\u00f0ir voru jafnar a\u00f0 m\u00e1li hinum fyrri; \u00e1 \u00feessu porti og \u00fatbrotum \u00feess voru gluggar allt \u00ed kring, \u00fea\u00f0 var \u00e1 lengd 50 \u00e1lna, og \u00e1 breidd 25 \u00e1lna;<a name=\"30\"><span class=\"versanumer\">30<\/span><\/a>\u00fear voru s\u00falnara\u00f0ir allt \u00ed kring, 25 \u00e1lna \u00e1 lengd, og 5 \u00e1lna \u00e1 breidd;<a name=\"31\"><span class=\"versanumer\">31<\/span><\/a>s\u00falnar\u00f6\u00f0 portsins n\u00e1\u00f0i allt til ytra forgar\u00f0sins, og \u00e1 s\u00falunum var p\u00e1lmavi\u00f0arlaufverk; upp af portinu var gengi\u00f0 um 7 palla.<a name=\"32\"><span class=\"versanumer\">32<\/span><\/a>Hann leiddi mig a\u00f0 austurhli\u00f0 \u00feess innra forgar\u00f0s, og m\u00e6ldi porti\u00f0, var \u00fea\u00f0 a\u00f0 m\u00e1li jafnt hinum;<a name=\"33\"><span class=\"versanumer\">33<\/span><\/a>\u00feess herbergi, s\u00falur og s\u00falnara\u00f0ir voru jafnar a\u00f0 m\u00e1li hinum fyrri; \u00e1 \u00fev\u00ed og \u00fatbrotum \u00feess voru gluggar umhverfis, \u00fea\u00f0 var 50 \u00e1lna \u00e1 lengd, og 25 \u00e1lna \u00e1 breidd;<a name=\"34\"><span class=\"versanumer\">34<\/span><\/a>s\u00falnar\u00f6\u00f0 \u00feess n\u00e1\u00f0i allt til ytra forgar\u00f0sins, og \u00e1 s\u00falunum beggja vegna var p\u00e1lmavi\u00f0arlaufverk; \u00fear voru 8 pallar upp a\u00f0 ganga.<a name=\"35\"><span class=\"versanumer\">35<\/span><\/a>Hann leiddi mig n\u00fa a\u00f0 nor\u00f0urportinu, og m\u00e6ldi \u00fea\u00f0; \u00fea\u00f0 var jafnt a\u00f0 m\u00e1li og hin,<a name=\"36\"><span class=\"versanumer\">36<\/span><\/a>s\u00f6mulei\u00f0is \u00feess herbergi, s\u00falur og s\u00falnara\u00f0ir; \u00fear voru gluggar \u00e1 allt um kring, var porti\u00f0 50 \u00e1lna langt, og 25 \u00e1lna breitt;<a name=\"37\"><span class=\"versanumer\">37<\/span><\/a>s\u00falnar\u00f6\u00f0 \u00feess n\u00e1\u00f0i til ytra forgar\u00f0sins, og var p\u00e1lmavi\u00f0arlaufverk \u00e1 s\u00falunum beggja vegna, voru \u00fear 8 pallar upp a\u00f0 ganga.<a name=\"38\"><span class=\"versanumer\">38<\/span><\/a>Milli ports\u00falnanna voru dyr a\u00f0 herbergi nokkuru, hvar brennif\u00f3rnin var \u00fevegin;<a name=\"39\"><span class=\"versanumer\">39<\/span><\/a>og \u00ed st\u00f3lpagangi portsins st\u00f3\u00f0u tv\u00f6 bor\u00f0 annarsvegar, og tv\u00f6 bor\u00f0 hinsvegar, til \u00feess a\u00f0 sl\u00e1tra \u00fear \u00e1 brennif\u00f3rnum, syndaf\u00f3rnum og sektaf\u00f3rnum.<a name=\"40\"><span class=\"versanumer\">40<\/span><\/a>\u00dear a\u00f0 auki st\u00f3\u00f0u tv\u00f6 bor\u00f0 vi\u00f0 hli\u00f0 portsins a\u00f0 utanver\u00f0u, \u00fear sem upp var gengi\u00f0 a\u00f0 nor\u00f0urports dyrunum, og \u00f6nnur tv\u00f6 hinumegin vi\u00f0 ports\u00falna r\u00f6\u00f0ina,<a name=\"41\"><span class=\"versanumer\">41<\/span><\/a>\u00fea\u00f0 voru fj\u00f6gur bor\u00f0 \u00f6\u00f0rumegin, og fj\u00f6gur bor\u00f0 hinumegin portsins, alls 8 bor\u00f0, sem f\u00f3rnum var sl\u00e1tra\u00f0 \u00e1.<a name=\"42\"><span class=\"versanumer\">42<\/span><\/a>En voru fj\u00f6gur bor\u00f0 til brennif\u00f3rnar af h\u00f6ggnum steinum, h\u00e1lfrar annarrar \u00e1lnar l\u00f6ng, h\u00e1lfrar annarrar \u00e1lnar brei\u00f0, og \u00e1lnar h\u00e1; \u00fear \u00e1 voru l\u00f6g\u00f0 \u00feau verkf\u00e6ri, sem h\u00f6f\u00f0 voru, \u00fe\u00e1 brennif\u00f3rnum e\u00f0a \u00f6\u00f0rum f\u00f3rnum var sl\u00e1tra\u00f0;<a name=\"43\"><span class=\"versanumer\">43<\/span><\/a>\u00fear allt \u00ed kring umhverfis voru b\u00e1sar, og gj\u00f6rt yfir me\u00f0 einl\u00e6gu \u00feaki, en \u00e1 bor\u00f0in var f\u00f3rnakj\u00f6ti\u00f0 lagt.<a name=\"44\"><span class=\"versanumer\">44<\/span><\/a>Fyrir utan innra porti\u00f0 \u00ed innra forgar\u00f0inum voru herbergi handa s\u00f6ngm\u00f6nnunum, sum vi\u00f0 hli\u00f0 nor\u00f0urportsins og sneru m\u00f3t su\u00f0ri, \u00f6nnur vi\u00f0 hli\u00f0 austurportsins og bl\u00f6stu vi\u00f0 nor\u00f0ri.<a name=\"45\"><span class=\"versanumer\">45<\/span><\/a>Hann sag\u00f0i til m\u00edn: \u00feau herbergin, sem sn\u00faa m\u00f3t su\u00f0ri, eru \u00e6tlu\u00f0 \u00feeim kennim\u00f6nnum, sem \u00fej\u00f3na musterinu;<a name=\"46\"><span class=\"versanumer\">46<\/span><\/a>en \u00feau herbergi, sem vita til nor\u00f0urs, eru \u00feeim kennim\u00f6nnum \u00e6tlu\u00f0, sem \u00fej\u00f3na altarinu: \u00feessir eru Sadoksni\u00f0jar <span class='VideyAth'>a)<\/span>, sem eru \u00feeir einu af Lev\u00ed \u00e6ttkv\u00edsl, er n\u00e1l\u00e6gja sig Drottni til a\u00f0 \u00fej\u00f3na honum.<a name=\"47\"><span class=\"versanumer\">47<\/span><\/a>Hann m\u00e6ldi n\u00fa forgar\u00f0inn, hann var 100 \u00e1lna langur, og 100 \u00e1lna brei\u00f0ur, r\u00e9ttur sexhyrningur; altari\u00f0 st\u00f3\u00f0 fyrir framan musteri\u00f0. <br \/><a name=\"48\"><span class=\"versanumer\">48<\/span><\/a>Hann leiddi mig n\u00fa a\u00f0 st\u00f3lpagangi musterisins, og m\u00e6ldi st\u00f3lpaganginn, 5 \u00e1lnir annars vegar, og 5 \u00e1lnir hins vegar, og v\u00eddd portsins, \u00ferj\u00e1r \u00e1lnir \u00f6\u00f0rumegin, og \u00ferj\u00e1r \u00e1lnir hinumegin;<a name=\"49\"><span class=\"versanumer\">49<\/span><\/a>lengd st\u00f3lpagangsins var 20 \u00e1lnir, breiddin 11; \u00fear voru pallar upp a\u00f0 ganga; vi\u00f0 \u00fatbrotin st\u00f3\u00f0u s\u00falur, ein annars vegar, og \u00f6nnur hins vegar.<\/p>\n<div class=\"footnoteVidey\">V. 5. b. Musteri\u00f0.  V. 45. a. 1 K\u00f3ng. 2,35.<\/div>\n","protected":false},"excerpt":{"rendered":"<p>Afm\u00e1lun \u00feess n\u00fdja musteris \u00ed hinni n\u00fdju Jer\u00fasalemsborg; s\u00e1 ysti m\u00farveggur, 1\u201316; ytri forgar\u00f0urinn, 17\u201327; innri forgar\u00f0urinn, 28\u201347; musteri\u00f0 sj\u00e1lft, 48\u201349. 1\u00c1 \u00fev\u00ed 25ta \u00e1ri eftir \u00fea\u00f0 a\u00f0 v\u00e9r vorum herleiddir, \u00f6ndver\u00f0lega \u00e1rsins, \u00feann t\u00edunda dag hins fyrsta m\u00e1na\u00f0ar\u2014\u00fea\u00f0 var \u00e1 fj\u00f3rt\u00e1nda \u00e1ri eftir \u00fea\u00f0 a\u00f0 borgin var inntekin\u2014einmitt \u00feann sama dag kom h\u00f6nd Drottins yfir mig, og hann flutti mig \u00feanga\u00f0.2\u00cd gu\u00f0legri s\u00fdn flutti hann mig til \u00cdsraelslands, og setti mig ni\u00f0ur \u00e1 mj\u00f6g h\u00e1tt fjall, og var \u00fear sem uppbygg\u00f0 borg v\u00e6ri sunnanvert \u00e1 fjallinu.3\u00de\u00e1 hann haf\u00f0i flutt mig \u00feanga\u00f0, \u00fe\u00e1 birtist ma\u00f0ur nokkur, \u00e1s\u00fdndar sem lj\u00f3mandi eirm\u00e1lmur; <a href=\"https:\/\/biblian.is\/videy\/esekiel-40-kafli\/\"> [&#8230;]<\/a><\/p>\n","protected":false},"author":1,"featured_media":0,"parent":0,"menu_order":0,"comment_status":"open","ping_status":"open","template":"bibliukaflar.php","meta":{"footnotes":""},"class_list":["post-21691","page","type-page","status-publish","hentry"],"_links":{"self":[{"href":"https:\/\/biblian.is\/videy\/wp-json\/wp\/v2\/pages\/21691","targetHints":{"allow":["GET"]}}],"collection":[{"href":"https:\/\/biblian.is\/videy\/wp-json\/wp\/v2\/pages"}],"about":[{"href":"https:\/\/biblian.is\/videy\/wp-json\/wp\/v2\/types\/page"}],"author":[{"embeddable":true,"href":"https:\/\/biblian.is\/videy\/wp-json\/wp\/v2\/users\/1"}],"replies":[{"embeddable":true,"href":"https:\/\/biblian.is\/videy\/wp-json\/wp\/v2\/comments?post=21691"}],"version-history":[{"count":0,"href":"https:\/\/biblian.is\/videy\/wp-json\/wp\/v2\/pages\/21691\/revisions"}],"wp:attachment":[{"href":"https:\/\/biblian.is\/videy\/wp-json\/wp\/v2\/media?parent=21691"}],"curies":[{"name":"wp","href":"https:\/\/api.w.org\/{rel}","templated":true}]}}