{"id":21688,"date":"2018-01-02T01:03:22","date_gmt":"2018-01-02T01:03:22","guid":{"rendered":"http:\/\/biblian.is\/videy\/esekiel-37-kafli\/"},"modified":"2018-01-02T01:03:22","modified_gmt":"2018-01-02T01:03:22","slug":"esekiel-37-kafli","status":"publish","type":"page","link":"https:\/\/biblian.is\/videy\/esekiel-37-kafli\/","title":{"rendered":"Esek\u00edel 37. kafli"},"content":{"rendered":"<div class=\"fyrirsognVidey\">Esek\u00edel fyrirmyndar me\u00f0 uppl\u00edfgun dau\u00f0ra beina, a\u00f0 Gy\u00f0ingar skyldu komast aftur heim \u00ed sitt f\u00f6\u00f0urland, 1\u201314; me\u00f0 tveimur keflum, a\u00f0 J\u00fadar\u00edki og \u00cdsraelsr\u00edki skyldu \u00e1 s\u00ed\u00f0an sameinast, 15\u201328.<\/div>\n<p><a name=\"1\"><span class=\"versanumer\">1<\/span><\/a>H\u00f6nd Drottins kom yfir mig, og hann flutti mig burt \u00ed anda Drottins, og setti mig \u00ed dal nokkurn, sem fullur var af beinum.<a name=\"2\"><span class=\"versanumer\">2<\/span><\/a>Hann leiddi mig umhverfis \u00feau \u00e1 alla vegu, og sj\u00e1! \u00feau voru mj\u00f6g m\u00f6rg \u00fear \u00ed dalnum, og mj\u00f6g skinin.<a name=\"3\"><span class=\"versanumer\">3<\/span><\/a>Hann sag\u00f0i til m\u00edn: \u00fe\u00fa mannsins son! munu \u00feessi bein nokku\u00f0 geta lifna\u00f0 vi\u00f0? Eg svara\u00f0i: alvaldi Drottinn, \u00fe\u00fa veist \u00fea\u00f0.<a name=\"4\"><span class=\"versanumer\">4<\/span><\/a>Hann sag\u00f0i til m\u00edn: sp\u00e1 \u00fe\u00fa yfir \u00feessum beinum, og seg til \u00feeirra: heyri\u00f0 or\u00f0 Drottins, \u00fe\u00e9r skinin bein!<a name=\"5\"><span class=\"versanumer\">5<\/span><\/a>svo segir Drottinn alvaldur til \u00feessara beina: eg vil l\u00e1ta l\u00edfsanda koma \u00ed y\u00f0ur, og \u00fe\u00e9r skulu\u00f0 lifna vi\u00f0;<a name=\"6\"><span class=\"versanumer\">6<\/span><\/a>eg vil l\u00e1ta sinar \u00e1 y\u00f0ur, og l\u00e1ta svo hold gr\u00f3a utan um y\u00f0ur, og draga \u00fear h\u00f6rund yfir, l\u00e1ta svo l\u00edfsanda \u00ed y\u00f0ur, svo \u00fe\u00e9r skulu\u00f0 lifna, og vi\u00f0urkenna, a\u00f0 eg em Drottinn.<a name=\"7\"><span class=\"versanumer\">7<\/span><\/a>S\u00ed\u00f0an sp\u00e1\u00f0i eg, eins og m\u00e9r var bo\u00f0i\u00f0; og \u00ed \u00fev\u00ed eg sp\u00e1\u00f0i, kom raust; og sj\u00e1! \u00fe\u00e1 var\u00f0 skru\u00f0ningur, er beinin f\u00e6r\u00f0ust saman og hv\u00f6rt beini\u00f0 \u00feoka\u00f0ist a\u00f0 \u00f6\u00f0ru.<a name=\"8\"><span class=\"versanumer\">8<\/span><\/a>Eg leit til, og s\u00e1, a\u00f0 sinar komu \u00e1 beinin, og \u00fear hold \u00e1, og h\u00f6rund \u00fear utan yfir, en enginn l\u00edfsandi var \u00ed \u00feeim.<a name=\"9\"><span class=\"versanumer\">9<\/span><\/a>\u00de\u00e1 sag\u00f0i hann til m\u00edn: sp\u00e1\u00f0u fyrir l\u00edfsandanum, sp\u00e1 \u00fe\u00fa, mannsins son, og seg til l\u00edfsandans: Svo segir Drottinn alvaldur: kom, l\u00edfsandi, \u00far \u00feeim fj\u00f3rum h\u00f6fu\u00f0\u00e1ttum, og les \u00feig inn \u00ed \u00feessa dau\u00f0u, svo \u00feeir lifni vi\u00f0.<a name=\"10\"><span class=\"versanumer\">10<\/span><\/a>Eg sp\u00e1\u00f0i n\u00fa, eins og m\u00e9r var bo\u00f0i\u00f0; \u00fe\u00e1 kom l\u00edfsandinn \u00ed \u00fe\u00e1, \u00feeir lifnu\u00f0u vi\u00f0, og risu \u00e1 f\u00e6tur; var \u00fea\u00f0 st\u00f3rmikill fj\u00f6ldi.<a name=\"11\"><span class=\"versanumer\">11<\/span><\/a>Hann sag\u00f0i \u00fe\u00e1 til m\u00edn: \u00fe\u00fa mannsins son, \u00feessi bein merkja gj\u00f6rvalla \u00cdsraelsni\u00f0ja. Sj\u00e1! \u00feeir segja: vor bein eru skinin, vor von \u00ferotin, \u00fea\u00f0 er \u00fatgj\u00f6rt um oss;<a name=\"12\"><span class=\"versanumer\">12<\/span><\/a>\u00fear fyrir sp\u00e1 \u00fe\u00fa og seg til \u00feeirra: Svo segir Drottinn alvaldur: sj\u00e1! eg vil opna y\u00f0ar grafir, reisa y\u00f0ur, mitt f\u00f3lk, upp af y\u00f0ar gr\u00f6fum, og lei\u00f0a y\u00f0ur inn \u00ed \u00cdsraelsland.<a name=\"13\"><span class=\"versanumer\">13<\/span><\/a>\u00de\u00e9r skulu\u00f0 \u00fe\u00e1 vi\u00f0urkenna, a\u00f0 eg em Drottinn, \u00feegar eg opna y\u00f0ar grafir, og reisi y\u00f0ur, mitt f\u00f3lk, upp af y\u00f0ar gr\u00f6fum.<a name=\"14\"><span class=\"versanumer\">14<\/span><\/a>Eg vil l\u00e1ta minn anda \u00ed y\u00f0ur, svo a\u00f0 \u00fe\u00e9r skulu\u00f0 lifna, og eg skal koma y\u00f0ur aftur inn \u00ed y\u00f0ar land; \u00fe\u00e1 skulu\u00f0 \u00fe\u00e9r vi\u00f0urkenna, a\u00f0 eg Drottinn tala og framkv\u00e6mi, segir Drottinn.<br \/><a name=\"15\"><span class=\"versanumer\">15<\/span><\/a>Ennfremur tala\u00f0i Drottinn til m\u00edn, og sag\u00f0i:<a name=\"16\"><span class=\"versanumer\">16<\/span><\/a>\u00fe\u00fa mannsins son, tak \u00fe\u00e9r kefli, og rist \u00fear \u00e1: \u201ehanda J\u00fadar\u00edki og samlagsm\u00f6nnum \u00feess \u00far \u00cdsraelsr\u00edki\u201c; tak s\u00ed\u00f0an anna\u00f0 kefli, og rist \u00fear \u00e1: \u201e\u00feetta kefli er handa J\u00f3sep, \u00fea\u00f0 er a\u00f0 skilja, handa Efraim <span class='VideyAth'>a)<\/span> og \u00f6llum \u00feeim \u00cdsraels m\u00f6nnum, sem eru samlagsbr\u00e6\u00f0ur hans\u201c;<a name=\"17\"><span class=\"versanumer\">17<\/span><\/a>legg s\u00ed\u00f0an keflin saman, hv\u00f6rt vi\u00f0 anna\u00f0, svo \u00feau b\u00e6\u00f0i ver\u00f0i a\u00f0 einu kefli \u00ed hendi \u00feinni;<a name=\"18\"><span class=\"versanumer\">18<\/span><\/a>og \u00feegar landsmenn \u00fe\u00ednir tala til \u00fe\u00edn, og segja: l\u00e1t oss vita, hva\u00f0 \u00feetta \u00e1 a\u00f0 \u00fe\u00fd\u00f0a!<a name=\"19\"><span class=\"versanumer\">19<\/span><\/a>\u00fe\u00e1 seg \u00feeim: Svo segir Drottinn alvaldur: sj\u00e1! eg tek J\u00f3seps kefli, sem veri\u00f0 hefir \u00ed hendi Efraims, og \u00fear me\u00f0 \u00fe\u00e6r \u00e6ttkv\u00edslir \u00cdsraels, sem eru samlagsbr\u00e6\u00f0ur hans, og legg \u00fe\u00e6r \u00e1samt honum vi\u00f0 kefli J\u00fadar\u00edkis, og gj\u00f6ri \u00feau a\u00f0 einu kefli; \u00feau skulu vera eitt \u00ed minni hendi.<a name=\"20\"><span class=\"versanumer\">20<\/span><\/a>\u00de\u00fa skalt halda \u00e1 \u00feeim keflum, sem \u00fe\u00fa hefir rist letri\u00f0 \u00e1, \u00ed hendi \u00feinni, svo \u00feeir sj\u00e1i \u00fea\u00f0,<a name=\"21\"><span class=\"versanumer\">21<\/span><\/a>og seg til \u00feeirra: Svo segir Drottinn alvaldur: eg vil frelsa \u00cdsraelsni\u00f0ja fr\u00e1 \u00feeim hei\u00f0ingjum, sem \u00feeir f\u00f3ru til, samansafna \u00feeim \u00far \u00f6llum \u00e1ttum umhverfis, og lei\u00f0a \u00fe\u00e1 aftur inn \u00ed \u00feeirra eigi\u00f0 land.<a name=\"22\"><span class=\"versanumer\">22<\/span><\/a>Eg vil gj\u00f6ra \u00fe\u00e1 a\u00f0 einni \u00fej\u00f3\u00f0 \u00ed landinu \u00e1 \u00cdsraelsfj\u00f6llum; einn konungur skal vera yfir \u00feeim \u00f6llum, \u00feeir skulu ekki framar vera tv\u00e6r \u00fej\u00f3\u00f0ir og ekki framar skiptast \u00ed tv\u00f6 konungsr\u00edki.<a name=\"23\"><span class=\"versanumer\">23<\/span><\/a>\u00de\u00e1 skulu \u00feeir ekki framar saurga sig me\u00f0 s\u00ednum skur\u00f0go\u00f0um og sv\u00edvir\u00f0ingum, e\u00f0a me\u00f0 nokkurum misgj\u00f6r\u00f0um; eg vil frelsa \u00fe\u00e1 fr\u00e1 \u00f6llum \u00feeim b\u00fast\u00f6\u00f0um, hvar \u00feeir hafa syndgast, og hreinsa \u00fe\u00e1; \u00feeir skulu vera mitt f\u00f3lk, og eg vil vera \u00feeirra Gu\u00f0;<a name=\"24\"><span class=\"versanumer\">24<\/span><\/a>minn \u00fej\u00f3n Dav\u00ed\u00f0 skal vera konungur yfir \u00feeim, og einkahir\u00f0ir allra \u00feeirra; \u00feeir skulu lifa eftir m\u00ednum bo\u00f0or\u00f0um, g\u00e6ta laga minna og breyta eftir \u00feeim.<a name=\"25\"><span class=\"versanumer\">25<\/span><\/a>\u00deeir skulu b\u00faa \u00ed \u00fev\u00ed landinu, sem eg gaf m\u00ednum \u00fej\u00f3ni Jakob, hvar fe\u00f0ur \u00feeirra bjuggu; \u00ed \u00fev\u00ed landi skulu \u00feeir b\u00faa, og \u00feeirra b\u00f6rn og barnab\u00f6rn, \u00e6vinlega; og minn \u00fej\u00f3n Dav\u00ed\u00f0 skal vera \u00feeirra h\u00f6f\u00f0ingi eil\u00edflega.<a name=\"26\"><span class=\"versanumer\">26<\/span><\/a>Eg vil gj\u00f6ra vi\u00f0 \u00fe\u00e1 fri\u00f0ars\u00e1ttm\u00e1la, \u00fea\u00f0 skal vera eil\u00edfur s\u00e1ttm\u00e1li vi\u00f0 \u00fe\u00e1; eg skal l\u00e1ta \u00fe\u00e1 b\u00faa a\u00f0 sta\u00f0aldri \u00ed landinu, og fj\u00f6lga \u00feeim, og l\u00e1ta minn helgid\u00f3m vera hj\u00e1 \u00feeim eil\u00edflega;<a name=\"27\"><span class=\"versanumer\">27<\/span><\/a>minn b\u00fasta\u00f0ur skal vera \u00e1 me\u00f0al \u00feeirra, eg vil vera \u00feeirra Gu\u00f0, og \u00feeir skulu vera mitt f\u00f3lk.<a name=\"28\"><span class=\"versanumer\">28<\/span><\/a>\u00de\u00e1 skulu hei\u00f0ingjarnir vi\u00f0urkenna, a\u00f0 eg Drottinn gj\u00f6ri \u00cdsraelsmenn heilaga, \u00feegar minn helgid\u00f3mur er \u00e1 me\u00f0al \u00feeirra eil\u00edflega.<\/p>\n<div class=\"footnoteVidey\">V. 16. a. Efraims\u00e6tt var a\u00f0al\u00e6ttkv\u00edsl \u00cdsraelsr\u00edkis, \u00fev\u00ed \u00fea\u00f0an var konungs\u00e6ttin. 1 K\u00f3ng. 11,26.<\/div>\n","protected":false},"excerpt":{"rendered":"<p>Esek\u00edel fyrirmyndar me\u00f0 uppl\u00edfgun dau\u00f0ra beina, a\u00f0 Gy\u00f0ingar skyldu komast aftur heim \u00ed sitt f\u00f6\u00f0urland, 1\u201314; me\u00f0 tveimur keflum, a\u00f0 J\u00fadar\u00edki og \u00cdsraelsr\u00edki skyldu \u00e1 s\u00ed\u00f0an sameinast, 15\u201328. 1H\u00f6nd Drottins kom yfir mig, og hann flutti mig burt \u00ed anda Drottins, og setti mig \u00ed dal nokkurn, sem fullur var af beinum.2Hann leiddi mig umhverfis \u00feau \u00e1 alla vegu, og sj\u00e1! \u00feau voru mj\u00f6g m\u00f6rg \u00fear \u00ed dalnum, og mj\u00f6g skinin.3Hann sag\u00f0i til m\u00edn: \u00fe\u00fa mannsins son! munu \u00feessi bein nokku\u00f0 geta lifna\u00f0 vi\u00f0? Eg svara\u00f0i: alvaldi Drottinn, \u00fe\u00fa veist \u00fea\u00f0.4Hann sag\u00f0i til m\u00edn: sp\u00e1 \u00fe\u00fa yfir \u00feessum beinum, og <a href=\"https:\/\/biblian.is\/videy\/esekiel-37-kafli\/\"> [&#8230;]<\/a><\/p>\n","protected":false},"author":1,"featured_media":0,"parent":0,"menu_order":0,"comment_status":"open","ping_status":"open","template":"bibliukaflar.php","meta":{"footnotes":""},"class_list":["post-21688","page","type-page","status-publish","hentry"],"_links":{"self":[{"href":"https:\/\/biblian.is\/videy\/wp-json\/wp\/v2\/pages\/21688","targetHints":{"allow":["GET"]}}],"collection":[{"href":"https:\/\/biblian.is\/videy\/wp-json\/wp\/v2\/pages"}],"about":[{"href":"https:\/\/biblian.is\/videy\/wp-json\/wp\/v2\/types\/page"}],"author":[{"embeddable":true,"href":"https:\/\/biblian.is\/videy\/wp-json\/wp\/v2\/users\/1"}],"replies":[{"embeddable":true,"href":"https:\/\/biblian.is\/videy\/wp-json\/wp\/v2\/comments?post=21688"}],"version-history":[{"count":0,"href":"https:\/\/biblian.is\/videy\/wp-json\/wp\/v2\/pages\/21688\/revisions"}],"wp:attachment":[{"href":"https:\/\/biblian.is\/videy\/wp-json\/wp\/v2\/media?parent=21688"}],"curies":[{"name":"wp","href":"https:\/\/api.w.org\/{rel}","templated":true}]}}