{"id":21686,"date":"2018-01-02T01:03:22","date_gmt":"2018-01-02T01:03:22","guid":{"rendered":"http:\/\/biblian.is\/videy\/esekiel-35-kafli\/"},"modified":"2018-01-02T01:03:22","modified_gmt":"2018-01-02T01:03:22","slug":"esekiel-35-kafli","status":"publish","type":"page","link":"https:\/\/biblian.is\/videy\/esekiel-35-kafli\/","title":{"rendered":"Esek\u00edel 35. kafli"},"content":{"rendered":"<div class=\"fyrirsognVidey\">Sp\u00e1d\u00f3mur m\u00f3ti Edom\u00edtum.<\/div>\n<p><a name=\"1\"><span class=\"versanumer\">1<\/span><\/a>Drottinn tala\u00f0i til m\u00edn svol\u00e1tandi or\u00f0um:<a name=\"2\"><span class=\"versanumer\">2<\/span><\/a>\u00fe\u00fa mannsins son, sn\u00fa \u00fe\u00fa augliti \u00fe\u00ednu gegn Seirsfjalli <span class='VideyAth'>a)<\/span>, og sp\u00e1 \u00ed m\u00f3ti \u00fev\u00ed.<a name=\"3\"><span class=\"versanumer\">3<\/span><\/a>Seg til \u00feess: Svo segir Drottinn alvaldur: sj\u00e1, eg r\u00eds upp \u00e1 m\u00f3ti \u00fe\u00e9r, Seirsfjall, og vil \u00fatr\u00e9tta m\u00edna h\u00f6nd \u00ed m\u00f3ti \u00fe\u00e9r, og gj\u00f6ra \u00feig a\u00f0 au\u00f0n og \u00f6r\u00e6fum;<a name=\"4\"><span class=\"versanumer\">4<\/span><\/a>eg vil gj\u00f6ra \u00fe\u00ednar borgir a\u00f0 \u00f6rb\u00fdlum, og \u00fe\u00fa skalt sj\u00e1lf ver\u00f0a a\u00f0 ey\u00f0im\u00f6rku, og vi\u00f0urkenna, a\u00f0 eg em Drottinn.<a name=\"5\"><span class=\"versanumer\">5<\/span><\/a>Af \u00fev\u00ed \u00fe\u00fa b\u00fdr yfir eil\u00edfum fjandskap, og seldir \u00cdsraelsmenn undir sver\u00f0seggjar \u00e1 \u00feeirra ney\u00f0art\u00edma, \u00feegar misgj\u00f6r\u00f0ir \u00feeirra steyptu \u00feeim \u00ed \u00f3g\u00e6funa:<a name=\"6\"><span class=\"versanumer\">6<\/span><\/a>\u00fear fyrir, svo sannarlega sem eg lifi, segir Drottinn alvaldur, vil eg gj\u00f6ra \u00feig a\u00f0 bl\u00f3\u00f0tj\u00f6rn, og bl\u00f3\u00f0sekt skal ofs\u00e6kja \u00feig; af \u00fev\u00ed \u00fe\u00fa hata\u00f0ir ekki bl\u00f3\u00f0s\u00fathellingar, skal bl\u00f3\u00f0sektin ofs\u00e6kja \u00feig.<a name=\"7\"><span class=\"versanumer\">7<\/span><\/a>Eg vil gj\u00f6ra Seirsfjall a\u00f0 au\u00f0n og \u00f6r\u00e6fum, og l\u00e1ta \u00fear alla umfer\u00f0 afleggjast;<a name=\"8\"><span class=\"versanumer\">8<\/span><\/a>eg vil uppfylla \u00feess fj\u00f6ll me\u00f0 vegnum m\u00f6nnum, og \u00e1 \u00fe\u00ednum h\u00e6\u00f0um, \u00ed \u00fe\u00ednum d\u00f6lum, og vi\u00f0 \u00fe\u00edna l\u00e6ki skulu sver\u00f0bitnir menn falla;<a name=\"9\"><span class=\"versanumer\">9<\/span><\/a>eg vil gj\u00f6ra \u00feig a\u00f0 \u00e6vinlegri ey\u00f0im\u00f6rk, og \u00fe\u00ednar borgir skulu ei bygg\u00f0ar ver\u00f0a, og \u00fe\u00e9r skulu\u00f0 vi\u00f0urkenna, a\u00f0 eg em Drottinn.<a name=\"10\"><span class=\"versanumer\">10<\/span><\/a>Af \u00fev\u00ed \u00fe\u00fa segir, \u201ehv\u00f6rttveggja f\u00f3lki\u00f0 og b\u00e6\u00f0i l\u00f6ndin <span class='VideyAth'>b)<\/span> skulu vera m\u00edn, v\u00e9r viljum eignast \u00feau\u201c, enn \u00fe\u00f3tt Drottinn s\u00e9 \u00fear:<a name=\"11\"><span class=\"versanumer\">11<\/span><\/a>\u00fear fyrir, svo sannarlega sem eg lifi, segir Drottinn alvaldur, vil eg breyta vi\u00f0 \u00feig, eins og \u00fe\u00edn rei\u00f0i og heift vinnur til, og eins og \u00fe\u00fa hefir breytt haturslega vi\u00f0 \u00fe\u00e1; \u00feeir skulu vi\u00f0urkenna minn m\u00e1tt, \u00feegar eg refsa \u00fe\u00e9r;<a name=\"12\"><span class=\"versanumer\">12<\/span><\/a>og \u00fe\u00fa skalt sanna, a\u00f0 eg Drottinn hefi heyrt \u00f6ll \u00feau h\u00e1\u00f0syr\u00f0i, sem \u00fe\u00fa hefir hreytt \u00ed m\u00f3ti \u00cdsraelsfj\u00f6llum, er \u00fe\u00fa sag\u00f0ir: \u00feau eru \u00ed ey\u00f0i l\u00f6g\u00f0 og gefin oss til afneyslu.<a name=\"13\"><span class=\"versanumer\">13<\/span><\/a>\u00de\u00e9r t\u00f6lu\u00f0u\u00f0 st\u00f3ryr\u00f0i \u00ed gegn m\u00e9r og h\u00f6f\u00f0u\u00f0 or\u00f0m\u00e6lgi vi\u00f0 mig; eg hefi heyrt \u00fea\u00f0.<a name=\"14\"><span class=\"versanumer\">14<\/span><\/a>Svo segir Drottinn alvaldur: \u00feegar \u00f6nnur l\u00f6nd gle\u00f0ja sig, vil eg gj\u00f6ra \u00feig a\u00f0 ey\u00f0im\u00f6rku;<a name=\"15\"><span class=\"versanumer\">15<\/span><\/a>eins og \u00fe\u00fa gladdist yfir \u00fev\u00ed, a\u00f0 arfleif\u00f0 \u00cdsraelsf\u00f3lks v\u00e6ri \u00ed ey\u00f0i l\u00f6g\u00f0, eins vil eg gj\u00f6ra vi\u00f0 \u00feig: Seirsfjall skal ver\u00f0a a\u00f0 au\u00f0n, og allt Edomsland, eins og \u00fea\u00f0 er sig til, svo a\u00f0 \u00feeir skulu vi\u00f0urkenna, a\u00f0 eg em Drottinn.<\/p>\n<div class=\"footnoteVidey\">V. 2. Edomslandi, Idumeu, 1 M\u00f3s. 36,8\u20139.  V. 10. b. \u00cdsraelsr\u00edki og J\u00fadar\u00edki.<\/div>\n","protected":false},"excerpt":{"rendered":"<p>Sp\u00e1d\u00f3mur m\u00f3ti Edom\u00edtum. 1Drottinn tala\u00f0i til m\u00edn svol\u00e1tandi or\u00f0um:2\u00fe\u00fa mannsins son, sn\u00fa \u00fe\u00fa augliti \u00fe\u00ednu gegn Seirsfjalli a), og sp\u00e1 \u00ed m\u00f3ti \u00fev\u00ed.3Seg til \u00feess: Svo segir Drottinn alvaldur: sj\u00e1, eg r\u00eds upp \u00e1 m\u00f3ti \u00fe\u00e9r, Seirsfjall, og vil \u00fatr\u00e9tta m\u00edna h\u00f6nd \u00ed m\u00f3ti \u00fe\u00e9r, og gj\u00f6ra \u00feig a\u00f0 au\u00f0n og \u00f6r\u00e6fum;4eg vil gj\u00f6ra \u00fe\u00ednar borgir a\u00f0 \u00f6rb\u00fdlum, og \u00fe\u00fa skalt sj\u00e1lf ver\u00f0a a\u00f0 ey\u00f0im\u00f6rku, og vi\u00f0urkenna, a\u00f0 eg em Drottinn.5Af \u00fev\u00ed \u00fe\u00fa b\u00fdr yfir eil\u00edfum fjandskap, og seldir \u00cdsraelsmenn undir sver\u00f0seggjar \u00e1 \u00feeirra ney\u00f0art\u00edma, \u00feegar misgj\u00f6r\u00f0ir \u00feeirra steyptu \u00feeim \u00ed \u00f3g\u00e6funa:6\u00fear fyrir, svo sannarlega sem eg lifi, segir Drottinn <a href=\"https:\/\/biblian.is\/videy\/esekiel-35-kafli\/\"> [&#8230;]<\/a><\/p>\n","protected":false},"author":1,"featured_media":0,"parent":0,"menu_order":0,"comment_status":"open","ping_status":"open","template":"bibliukaflar.php","meta":{"footnotes":""},"class_list":["post-21686","page","type-page","status-publish","hentry"],"_links":{"self":[{"href":"https:\/\/biblian.is\/videy\/wp-json\/wp\/v2\/pages\/21686","targetHints":{"allow":["GET"]}}],"collection":[{"href":"https:\/\/biblian.is\/videy\/wp-json\/wp\/v2\/pages"}],"about":[{"href":"https:\/\/biblian.is\/videy\/wp-json\/wp\/v2\/types\/page"}],"author":[{"embeddable":true,"href":"https:\/\/biblian.is\/videy\/wp-json\/wp\/v2\/users\/1"}],"replies":[{"embeddable":true,"href":"https:\/\/biblian.is\/videy\/wp-json\/wp\/v2\/comments?post=21686"}],"version-history":[{"count":0,"href":"https:\/\/biblian.is\/videy\/wp-json\/wp\/v2\/pages\/21686\/revisions"}],"wp:attachment":[{"href":"https:\/\/biblian.is\/videy\/wp-json\/wp\/v2\/media?parent=21686"}],"curies":[{"name":"wp","href":"https:\/\/api.w.org\/{rel}","templated":true}]}}