{"id":21685,"date":"2018-01-02T01:03:22","date_gmt":"2018-01-02T01:03:22","guid":{"rendered":"http:\/\/biblian.is\/videy\/esekiel-34-kafli\/"},"modified":"2018-01-02T01:03:22","modified_gmt":"2018-01-02T01:03:22","slug":"esekiel-34-kafli","status":"publish","type":"page","link":"https:\/\/biblian.is\/videy\/esekiel-34-kafli\/","title":{"rendered":"Esek\u00edel 34. kafli"},"content":{"rendered":"<div class=\"fyrirsognVidey\">Esek\u00edel afm\u00e1lar yfirmenn \u00cdsraelsf\u00f3lks undir hir\u00f0ara nafni, 1\u201316; yfirgang \u00feeirra r\u00edku, 17\u201322; einkahir\u00f0irinn, s\u00e1 annar Dav\u00ed\u00f0, 23\u201331.<\/div>\n<p><a name=\"1\"><span class=\"versanumer\">1<\/span><\/a>Drottinn tala\u00f0i til m\u00edn svol\u00e1tandi or\u00f0um:<a name=\"2\"><span class=\"versanumer\">2<\/span><\/a>\u00fe\u00fa mannsins son! sp\u00e1 \u00fe\u00fa fyrir \u00cdsraelshir\u00f0urum, sp\u00e1 og seg til \u00feeirra hir\u00f0aranna: Svo segir Drottinn alvaldur: vei \u00cdsraels hir\u00f0urum, sem einungis ala sj\u00e1lfa sig! eiga ekki hir\u00f0ararnir a\u00f0 ala hj\u00f6r\u00f0ina?<a name=\"3\"><span class=\"versanumer\">3<\/span><\/a>\u00de\u00e9r eti\u00f0 m\u00f6rinn, kl\u00e6\u00f0i\u00f0 y\u00f0ur af ullinni, sl\u00e1tri\u00f0 alif\u00e9nu, en sau\u00f0anna vilji\u00f0 \u00fe\u00e9r ekki g\u00e6ta.<a name=\"4\"><span class=\"versanumer\">4<\/span><\/a>\u00de\u00e9r hj\u00fakri\u00f0 ekki vanf\u00e6ra f\u00e9nu, gr\u00e6\u00f0i\u00f0 ekki \u00fea\u00f0 sj\u00faka, bindi\u00f0 ekki um \u00fea\u00f0 limlesta, s\u00e6ki\u00f0 ekki \u00fea\u00f0 sem hrakist hefir, leiti\u00f0 ekki \u00feess t\u00fdnda, heldur drottni\u00f0 \u00fe\u00e9r yfir hj\u00f6r\u00f0inni me\u00f0 h\u00f6rku og grimmd.<a name=\"5\"><span class=\"versanumer\">5<\/span><\/a>Af \u00fev\u00ed sau\u00f0irnir hafa \u00f6ngvan hir\u00f0ir, eru \u00feeir sundurtv\u00edstra\u00f0ir, og or\u00f0nir \u00f6llum sk\u00f3gard\u00fdrum a\u00f0 br\u00e1\u00f0, og me\u00f0 \u00f6llu \u00ed sundur dreif\u00f0ir.<a name=\"6\"><span class=\"versanumer\">6<\/span><\/a>M\u00ednir sau\u00f0ir r\u00e1fa hinga\u00f0 og \u00feanga\u00f0 um \u00f6ll fj\u00f6ll og allar h\u00e1ar h\u00e6\u00f0ir, \u00feeir eru \u00e1 sundrungi \u00fat um allt landi\u00f0, enginn spyr eftir \u00feeim, enginn leitar \u00feeirra.<a name=\"7\"><span class=\"versanumer\">7<\/span><\/a>\u00dear fyrir heyri\u00f0 or\u00f0 Drottins, \u00fe\u00e9r hir\u00f0arar!<a name=\"8\"><span class=\"versanumer\">8<\/span><\/a>Svo sannarlega sem eg lifi, segir Drottinn alvaldur, af \u00fev\u00ed m\u00ednir sau\u00f0ir eru or\u00f0nir a\u00f0 herfangi, og m\u00edn hj\u00f6r\u00f0 \u00f6llum sk\u00f3gard\u00fdrunum a\u00f0 br\u00e1\u00f0, \u00fear e\u00f0 hana vantar hir\u00f0ir; af \u00fev\u00ed m\u00ednir hir\u00f0arar ekki skeyta um m\u00edna hj\u00f6r\u00f0, heldur ala sj\u00e1lfa sig, en hir\u00f0a ekki hj\u00f6r\u00f0ina:<a name=\"9\"><span class=\"versanumer\">9<\/span><\/a>\u00fear fyrir \u00fe\u00e1 heyri\u00f0 or\u00f0 Drottins, \u00fe\u00e9r hir\u00f0arar!<a name=\"10\"><span class=\"versanumer\">10<\/span><\/a>Svo segir Drottinn alvaldur: sj\u00e1! eg vil koma til hjar\u00f0mannanna, og heimta m\u00edna hj\u00f6r\u00f0 af \u00feeirra hendi; eg vil setja \u00fe\u00e1 af hjar\u00f0mennskunni; ekki skulu \u00feeir lengur vera hir\u00f0arar, sem einungis ala sj\u00e1lfa sig: eg vil frelsa m\u00edna sau\u00f0i undan \u00feeirra t\u00f6nnum, \u00feeir skulu ekki framar leggja \u00fe\u00e1 s\u00e9r til munns.<a name=\"11\"><span class=\"versanumer\">11<\/span><\/a>\u00dev\u00ed svo segir Drottinn alvaldur: sj\u00e1lfur vil eg fara og spyrja eftir hj\u00f6r\u00f0 minni og leita hennar.<a name=\"12\"><span class=\"versanumer\">12<\/span><\/a>Eins og einn hir\u00f0ir leitar vandlega a\u00f0 hj\u00f6r\u00f0 sinni, \u00feann dag sem hann er a\u00f0 f\u00e9 s\u00ednu og finnur sau\u00f0ina tv\u00edstra\u00f0a: eins vil eg leita a\u00f0 m\u00ednum sau\u00f0um, og heimta \u00fe\u00e1 hvervetna \u00fea\u00f0an sem \u00feeir villtust \u00ed \u00feokunni og dimmvi\u00f0rinu;<a name=\"13\"><span class=\"versanumer\">13<\/span><\/a>eg vil s\u00e6kja \u00fe\u00e1 til \u00fej\u00f3\u00f0anna, samansafna \u00feeim \u00far l\u00f6ndunum, lei\u00f0a \u00fe\u00e1 inn \u00ed \u00feeirra eigi\u00f0 land, og f\u00e6\u00f0a \u00fe\u00e1 \u00e1 \u00cdsraelsfj\u00f6llum, \u00ed d\u00f6lunum, og \u00e1 \u00f6llum bygg\u00f0um b\u00f3lum \u00ed landinu;<a name=\"14\"><span class=\"versanumer\">14<\/span><\/a>eg vil halda \u00feeim \u00ed g\u00f3\u00f0u haglendi, og sau\u00f0a h\u00fas \u00feeirra skal vera h\u00e1tt uppi \u00e1 \u00cdsraelsfj\u00f6llum; \u00fear skulu \u00feeir liggja \u00ed v\u00e6nu sau\u00f0ah\u00fasi, og ganga \u00ed feitu haglendi uppi \u00e1 \u00cdsraelsfj\u00f6llum.<a name=\"15\"><span class=\"versanumer\">15<\/span><\/a>Sj\u00e1lfur vil eg halda m\u00ednum sau\u00f0um \u00e1 beit, og sj\u00e1lfur b\u00e6la \u00fe\u00e1, segir Drottinn alvaldur;<a name=\"16\"><span class=\"versanumer\">16<\/span><\/a>eg vil leita \u00feess t\u00fdnda, s\u00e6kja \u00fea\u00f0 hrakta, binda um \u00fea\u00f0 limlesta, hj\u00fakra \u00fev\u00ed vanf\u00e6ra; en \u00fev\u00ed ofs\u00e6la og baldna vil eg l\u00f3ga: eg skal vera \u00feeim r\u00e9ttl\u00e1tur hir\u00f0ir. <br \/><a name=\"17\"><span class=\"versanumer\">17<\/span><\/a>Og \u00fe\u00e9r, m\u00edn hj\u00f6r\u00f0!\u2014svo segir Drottinn alvaldur\u2014sj\u00e1! eg vil d\u00e6ma \u00e1 millum \u00e1sau\u00f0ar og geitsau\u00f0ar, hr\u00fatanna og hafranna.<a name=\"18\"><span class=\"versanumer\">18<\/span><\/a>N\u00e6gir y\u00f0ur \u00fea\u00f0 ekki, a\u00f0 \u00fe\u00e9r gangi\u00f0 \u00ed \u00fev\u00ed besta haglendi, nema \u00fe\u00e9r l\u00edka f\u00f3ttro\u00f0i\u00f0 \u00fea\u00f0, sem \u00fe\u00e9r skilji\u00f0 eftir af grasinu? a\u00f0 \u00fe\u00e9r drekki\u00f0 \u00fea\u00f0 t\u00e6ra vatn, nema \u00fe\u00e9r l\u00edka st\u00edgi\u00f0 ofan \u00ed \u00fea\u00f0, sem \u00fe\u00e9r leifi\u00f0, og gruggi\u00f0 \u00fea\u00f0 upp?<a name=\"19\"><span class=\"versanumer\">19<\/span><\/a>Eiga \u00fe\u00e1 m\u00ednir sau\u00f0ir a\u00f0 eta \u00fea\u00f0, sem \u00fe\u00e9r hafi\u00f0 ni\u00f0urtro\u00f0i\u00f0 me\u00f0 y\u00f0ar f\u00f3tum, og drekka \u00fea\u00f0, sem \u00fe\u00e9r hafi\u00f0 gengi\u00f0 ofan \u00ed og \u00f3hreinka\u00f0?<a name=\"20\"><span class=\"versanumer\">20<\/span><\/a>\u00dear fyrir segir Drottinn alvaldur svo til \u00feeirra: sj\u00e1! eg kem, og d\u00e6mi milli hins feita og margra sau\u00f0f\u00e9na\u00f0ar.<a name=\"21\"><span class=\"versanumer\">21<\/span><\/a>Af \u00fev\u00ed \u00fe\u00e9r stjaki\u00f0 vanf\u00e6ra f\u00e9nu me\u00f0 b\u00f3gum og b\u00e6gslum, og stangi\u00f0 \u00fea\u00f0 me\u00f0 hornum y\u00f0ar, \u00feanga\u00f0 til \u00fe\u00e9r loks f\u00e1i\u00f0 hrundi\u00f0 \u00fev\u00ed \u00fat:<a name=\"22\"><span class=\"versanumer\">22<\/span><\/a>\u00fe\u00e1 vil eg hj\u00e1lpa minni hj\u00f6r\u00f0, svo h\u00fan ver\u00f0i ekki framar a\u00f0 herfangi, og eg vil d\u00e6ma \u00ed millum sau\u00f0ar og sau\u00f0ar.<br \/><a name=\"23\"><span class=\"versanumer\">23<\/span><\/a>Eg vil uppvekja \u00feeim einn einkahir\u00f0ir, sem skal ala \u00fe\u00e1\u2014minn \u00fej\u00f3n Dav\u00ed\u00f0, hann skal f\u00e6\u00f0a \u00fe\u00e1, hann skal vera \u00feeirra hir\u00f0ir;<a name=\"24\"><span class=\"versanumer\">24<\/span><\/a>Eg Drottinn vil vera \u00feeirra Gu\u00f0, en minn \u00fej\u00f3n Dav\u00ed\u00f0 skal vera h\u00f6f\u00f0ingi me\u00f0al \u00feeirra; eg Drottinn hefi tala\u00f0 \u00fea\u00f0.<a name=\"25\"><span class=\"versanumer\">25<\/span><\/a>Eg vil gj\u00f6ra fri\u00f0ars\u00e1ttm\u00e1la vi\u00f0 \u00fe\u00e1, og reka \u00f6ll illd\u00fdri \u00fat \u00far landinu, svo \u00feeir skulu \u00f3hultir b\u00faa mega \u00ed ey\u00f0im\u00f6rkinni og sofa \u00ed sk\u00f3gunum.<a name=\"26\"><span class=\"versanumer\">26<\/span><\/a>Eg vil l\u00e1ta \u00fe\u00e1 blessast, og allt \u00fea\u00f0 sem er umhverfis m\u00edna h\u00e6\u00f0 <span class='VideyAth'>(S\u00edon)<\/span>, og sk\u00farirnar vil eg l\u00e1ta ni\u00f0ur falla \u00ed t\u00e6kan t\u00edma; \u00fea\u00f0 skulu vera blessunardaggir;<a name=\"27\"><span class=\"versanumer\">27<\/span><\/a>tr\u00e9n \u00e1 m\u00f6rkinni skulu bera sinn \u00e1v\u00f6xt, og j\u00f6r\u00f0in sinn gr\u00f3\u00f0a. \u00d3hultir skulu \u00feeir \u00ed landinu b\u00faa, og \u00fe\u00e1 eg hefi sundurbroti\u00f0 oktr\u00e9 \u00feeirra, og frelsa\u00f0 \u00fe\u00e1 af hendi \u00feeirra, sem \u00fej\u00e1\u00f0u \u00fe\u00e1, skulu \u00feeir vi\u00f0urkenna, a\u00f0 eg em Drottinn.<a name=\"28\"><span class=\"versanumer\">28<\/span><\/a>\u00de\u00e1 skulu \u00feeir ekki framar ver\u00f0a hei\u00f0ingjunum a\u00f0 herfangi, og sk\u00f3gard\u00fdrin skulu ekki r\u00edfa \u00fe\u00e1 \u00ed sig; \u00feeir skulu b\u00faa \u00f3hultir, og enginn skal hr\u00e6\u00f0a \u00fe\u00e1.<a name=\"29\"><span class=\"versanumer\">29<\/span><\/a>Eg skal l\u00e1ta \u00feeirra samasta\u00f0 ver\u00f0a nafntoga\u00f0an; \u00feeir skulu ekki framar ey\u00f0ast af hall\u00e6ri \u00ed landinu, og ekki framar liggja undir \u00e1m\u00e6li hei\u00f0ingjanna.<a name=\"30\"><span class=\"versanumer\">30<\/span><\/a>\u00deeir skulu vi\u00f0urkenna, a\u00f0 eg Drottinn, \u00feeirra Gu\u00f0, er me\u00f0 \u00feeim, og a\u00f0 \u00feeir eru mitt f\u00f3lk, ni\u00f0jar \u00cdsraels, segir Drottinn alvaldur.<a name=\"31\"><span class=\"versanumer\">31<\/span><\/a>Og \u00fe\u00e9r, m\u00edn hj\u00f6r\u00f0, s\u00fa hj\u00f6r\u00f0in, sem eg held \u00e1 beit, \u00fe\u00e9r eru\u00f0 menn <span class='VideyAth'>a)<\/span>, eg er y\u00f0ar Gu\u00f0, segir Drottinn alvaldur.<\/p>\n<div class=\"footnoteVidey\">V. 31. a. \u00de. e. muni\u00f0 eftir \u00fev\u00ed, a\u00f0 \u00fe\u00e9r eru\u00f0 skamms\u00fdnir og vanm\u00e1ttugir men, og a\u00f0 \u00fea\u00f0 er Gu\u00f0 einn, sem getur uppfyllt \u00feessi fyrirheit.<\/div>\n","protected":false},"excerpt":{"rendered":"<p>Esek\u00edel afm\u00e1lar yfirmenn \u00cdsraelsf\u00f3lks undir hir\u00f0ara nafni, 1\u201316; yfirgang \u00feeirra r\u00edku, 17\u201322; einkahir\u00f0irinn, s\u00e1 annar Dav\u00ed\u00f0, 23\u201331. 1Drottinn tala\u00f0i til m\u00edn svol\u00e1tandi or\u00f0um:2\u00fe\u00fa mannsins son! sp\u00e1 \u00fe\u00fa fyrir \u00cdsraelshir\u00f0urum, sp\u00e1 og seg til \u00feeirra hir\u00f0aranna: Svo segir Drottinn alvaldur: vei \u00cdsraels hir\u00f0urum, sem einungis ala sj\u00e1lfa sig! eiga ekki hir\u00f0ararnir a\u00f0 ala hj\u00f6r\u00f0ina?3\u00de\u00e9r eti\u00f0 m\u00f6rinn, kl\u00e6\u00f0i\u00f0 y\u00f0ur af ullinni, sl\u00e1tri\u00f0 alif\u00e9nu, en sau\u00f0anna vilji\u00f0 \u00fe\u00e9r ekki g\u00e6ta.4\u00de\u00e9r hj\u00fakri\u00f0 ekki vanf\u00e6ra f\u00e9nu, gr\u00e6\u00f0i\u00f0 ekki \u00fea\u00f0 sj\u00faka, bindi\u00f0 ekki um \u00fea\u00f0 limlesta, s\u00e6ki\u00f0 ekki \u00fea\u00f0 sem hrakist hefir, leiti\u00f0 ekki \u00feess t\u00fdnda, heldur drottni\u00f0 \u00fe\u00e9r yfir hj\u00f6r\u00f0inni me\u00f0 h\u00f6rku og grimmd.5Af \u00fev\u00ed <a href=\"https:\/\/biblian.is\/videy\/esekiel-34-kafli\/\"> [&#8230;]<\/a><\/p>\n","protected":false},"author":1,"featured_media":0,"parent":0,"menu_order":0,"comment_status":"open","ping_status":"open","template":"bibliukaflar.php","meta":{"footnotes":""},"class_list":["post-21685","page","type-page","status-publish","hentry"],"_links":{"self":[{"href":"https:\/\/biblian.is\/videy\/wp-json\/wp\/v2\/pages\/21685","targetHints":{"allow":["GET"]}}],"collection":[{"href":"https:\/\/biblian.is\/videy\/wp-json\/wp\/v2\/pages"}],"about":[{"href":"https:\/\/biblian.is\/videy\/wp-json\/wp\/v2\/types\/page"}],"author":[{"embeddable":true,"href":"https:\/\/biblian.is\/videy\/wp-json\/wp\/v2\/users\/1"}],"replies":[{"embeddable":true,"href":"https:\/\/biblian.is\/videy\/wp-json\/wp\/v2\/comments?post=21685"}],"version-history":[{"count":0,"href":"https:\/\/biblian.is\/videy\/wp-json\/wp\/v2\/pages\/21685\/revisions"}],"wp:attachment":[{"href":"https:\/\/biblian.is\/videy\/wp-json\/wp\/v2\/media?parent=21685"}],"curies":[{"name":"wp","href":"https:\/\/api.w.org\/{rel}","templated":true}]}}