{"id":21682,"date":"2018-01-02T01:03:22","date_gmt":"2018-01-02T01:03:22","guid":{"rendered":"http:\/\/biblian.is\/videy\/esekiel-31-kafli\/"},"modified":"2018-01-02T01:03:22","modified_gmt":"2018-01-02T01:03:22","slug":"esekiel-31-kafli","status":"publish","type":"page","link":"https:\/\/biblian.is\/videy\/esekiel-31-kafli\/","title":{"rendered":"Esek\u00edel 31. kafli"},"content":{"rendered":"<div class=\"fyrirsognVidey\">Esek\u00edel l\u00fdsir tign og veldi Ass\u00fdr\u00edukonungs, 1\u20139; falli hans og ey\u00f0ileggingu, 10\u201317; s\u00f6mu afdrif skyldi fara\u00f3 f\u00e1, 18; \u00feetta er sagt til vi\u00f0v\u00f6runar \u00feeim umsetnu Jer\u00fasalemsm\u00f6nnum, sem til lengstra laga v\u00e6ntu s\u00e9r styrks fr\u00e1 Egyptalandi.<\/div>\n<p><a name=\"1\"><span class=\"versanumer\">1<\/span><\/a>\u00c1 ellefta \u00e1rinu, \u00feann fyrsta dag hins \u00feri\u00f0ja m\u00e1na\u00f0ar, tala\u00f0i Drottinn til m\u00edn svol\u00e1tandi or\u00f0um:<a name=\"2\"><span class=\"versanumer\">2<\/span><\/a>\u00fe\u00fa mannsins son, seg til fara\u00f3s, Egyptalandskonungs, og til hans fj\u00f6lmennis: hv\u00f6rjum ertu l\u00edkur a\u00f0 mikilleik?<a name=\"3\"><span class=\"versanumer\">3<\/span><\/a>Sj\u00e1 \u00fe\u00fa! Ass\u00fdr\u00edukonungur var eins og sedrusvi\u00f0ur \u00e1 L\u00edbanonsfjalli, hans laufgreinir voru fagrar, og veittu fors\u00e6lu, sem \u00fe\u00e9ttur sk\u00f3gur v\u00e6ri: hann var geysih\u00e1r, og hans fl\u00f3knu greinir voru allaufga\u00f0ar.<a name=\"4\"><span class=\"versanumer\">4<\/span><\/a>Vatnsgn\u00f3ttin gj\u00f6r\u00f0i hann st\u00f3ran, og vatnageimurinn h\u00e1vaxinn; straumar vatnageimsins runnu umhverfis hans gr\u00f3\u00f0rarreit, og veittu vatnsr\u00e1sum s\u00ednum til allra sk\u00f3gartrj\u00e1nna:<a name=\"5\"><span class=\"versanumer\">5<\/span><\/a>\u00feess vegna var\u00f0 hann h\u00e1vaxnari en \u00f6ll tr\u00e9 \u00ed sk\u00f3ginum, hans kvistir fj\u00f6lgu\u00f0u, hans limar lengdust, vegna r\u00edkuglegrar vatnsgn\u00f3ttar \u00fatbreiddi hann s\u00ednar greinir.<a name=\"6\"><span class=\"versanumer\">6<\/span><\/a>Allir fuglar himinsins hrei\u00f0ru\u00f0u sig \u00e1 hans kvistum, \u00f6ll sk\u00f3gard\u00fdrin l\u00f6g\u00f0u ungum s\u00ednum undir limar hans, og alls konar st\u00f3r\u00fej\u00f3\u00f0ir bjuggu \u00ed hans fors\u00e6lu.<a name=\"7\"><span class=\"versanumer\">7<\/span><\/a>Hann var fagur s\u00f6kum s\u00edns mikilleiks og sinna l\u00f6ngu greina, \u00fev\u00ed r\u00f3t hans haf\u00f0i mikla vatnsgn\u00f3tt.<a name=\"8\"><span class=\"versanumer\">8<\/span><\/a>Engin tr\u00e9 skygg\u00f0u \u00e1 hann \u00ed aldingar\u00f0i Gu\u00f0s; fururnar j\u00f6fnu\u00f0ust ekki vi\u00f0 kvistu hans, og hlynirnir ekki vi\u00f0 hans limar; ekkert tr\u00e9 \u00ed aldingar\u00f0i Gu\u00f0s var honum jafnt a\u00f0 fegur\u00f0,<a name=\"9\"><span class=\"versanumer\">9<\/span><\/a>eg haf\u00f0i pr\u00fdtt hann me\u00f0 fj\u00f6lda af greinum, og \u00f6ll Edenstr\u00e9 \u00ed aldingar\u00f0i Gu\u00f0s \u00f6fundu\u00f0u hann.<br \/><a name=\"10\"><span class=\"versanumer\">10<\/span><\/a>Og \u00fe\u00f3 tala\u00f0i Drottinn alvaldur svo: s\u00f6kum \u00feess hann var or\u00f0inn mj\u00f6g h\u00e1vaxinn og haf\u00f0i \u00fatbreitt sitt lauf innan um \u00fe\u00e6r samanfl\u00e6ktu greinir, og metna\u00f0ist af st\u00e6r\u00f0 sinni,<a name=\"11\"><span class=\"versanumer\">11<\/span><\/a>\u00fe\u00e1 selda eg hann \u00ed hendur yfirh\u00f6f\u00f0ingja \u00fej\u00f3\u00f0anna, a\u00f0 hann skyldi fara me\u00f0 hann eftir vild sinni; \u00fev\u00ed s\u00f6kum s\u00edns \u00f3gu\u00f0lega ath\u00e6fis \u00fatsk\u00fafa\u00f0i eg honum.<a name=\"12\"><span class=\"versanumer\">12<\/span><\/a>\u00datlendir menn, hinir mestu ofr\u00edkismenn \u00ed heimi, hafa rifi\u00f0 upp \u00feenna sedrusvi\u00f0, og fleygt honum \u00e1 fj\u00f6llin, svo a\u00f0 angar hans eru ni\u00f0urfallnir \u00ed alla dali, og limar hans liggja sundurbrotnar \u00ed \u00f6llum hvylftum jar\u00f0arinnar; allar \u00fej\u00f3\u00f0ir jar\u00f0arinnar eru viknar burt \u00far fors\u00e6lu hans, og hafa yfirgefi\u00f0 hann.<a name=\"13\"><span class=\"versanumer\">13<\/span><\/a>Allir fuglar himinsins s\u00e1tu n\u00fa \u00e1 hans fallna stofni, og \u00f6ll d\u00fdr sk\u00f3garins l\u00e1gu hj\u00e1 limum hans:<a name=\"14\"><span class=\"versanumer\">14<\/span><\/a>til \u00feess a\u00f0 engin \u00feau tr\u00e9, sem \u00e1 vatnab\u00f6kkum eru, skuli metnast af sinni st\u00e6r\u00f0 og \u00fatbrei\u00f0a sitt lauf innan um \u00fe\u00e6r samanfl\u00e6ktu greinir, og til \u00feess a\u00f0 engin vatnsv\u00f6kvu\u00f0 tr\u00e9 skuli treysta \u00e1 \u00feau fyrir \u00feeirrar st\u00e6r\u00f0ar sakir; \u00fev\u00ed \u00feau <span class='VideyAth'>a)<\/span> eru \u00f6ll dau\u00f0anum h\u00e1\u00f0, og eiga a\u00f0 fara \u00ed undirheim, eins og a\u00f0rir mannanna synir, sem ni\u00f0urstignir eru \u00ed gr\u00f6fina.<a name=\"15\"><span class=\"versanumer\">15<\/span><\/a>Svo segir Drottinn alvaldur: \u00e1 \u00feeim degi sem hann steig ni\u00f0ur \u00ed myrkheim, l\u00e9t eg vatnageiminn s\u00fdta missir hans, eg breiddi sk\u00fdlu yfir hann og afturh\u00e9lt straumum hans, svo a\u00f0 \u00feau m\u00f6rgu v\u00f6tn h\u00e6ttu a\u00f0 renna; eg l\u00e9t L\u00edbanonsfjall \u00edkl\u00e6\u00f0ast sorgarb\u00faningi, og \u00f6ll tr\u00e9n \u00ed sk\u00f3ginum li\u00f0u \u00ed \u00f3megin yfir l\u00e1ti hans.<a name=\"16\"><span class=\"versanumer\">16<\/span><\/a>Eg skelfdi \u00fej\u00f3\u00f0irnar me\u00f0 \u00feeim gn\u00fd, sem var\u00f0 af hans falli, \u00fe\u00e1 eg steypti honum ni\u00f0ur \u00ed myrkheim, til \u00feeirra sem eru ni\u00f0urstignir \u00ed gr\u00f6fina. \u00dea\u00f0 var\u00f0 til fr\u00f3unar \u00f6llum Edenstrj\u00e1m \u00ed undirheimi, \u00feeim \u00fatmetnu og f\u00f6gru trj\u00e1m fr\u00e1 L\u00edbanonsfjalli, \u00f6llum \u00feeim trj\u00e1m, sem \u00e1 vatni h\u00f6f\u00f0u v\u00f6kvast;<a name=\"17\"><span class=\"versanumer\">17<\/span><\/a>\u00fev\u00ed \u00feau voru einnig ni\u00f0urstigin, eins og hann, \u00ed myrkheim til vopnbitinna manna, og til li\u00f0veislu manna hans, sem \u00ed hans skugga h\u00f6f\u00f0u b\u00fai\u00f0 me\u00f0al \u00fej\u00f3\u00f0anna.<br \/><a name=\"18\"><span class=\"versanumer\">18<\/span><\/a>Hv\u00f6rjum ert\u00fa \u00fe\u00e1 l\u00edkur? Eins og \u00fe\u00fa varst a\u00f0 skrauti og mikilleik talinn me\u00f0 Edenstrj\u00e1m, eins skal \u00fe\u00e9r og me\u00f0 Edenstrj\u00e1m ver\u00f0a ni\u00f0ursteypt \u00ed undirheim; \u00fe\u00fa skalt liggja me\u00f0al hinna \u00f3umskornu, hj\u00e1 vopnbitnum m\u00f6nnum. \u00deannig skal fara fyrir fara\u00f3 og \u00f6llum hans mannfj\u00f6lda, segir Drottinn alvaldur.<\/p>\n<div class=\"footnoteVidey\">V. 14. a. sedrustr\u00e9nu, \u00fe. e. \u00feeir voldugustu konungar.<\/div>\n","protected":false},"excerpt":{"rendered":"<p>Esek\u00edel l\u00fdsir tign og veldi Ass\u00fdr\u00edukonungs, 1\u20139; falli hans og ey\u00f0ileggingu, 10\u201317; s\u00f6mu afdrif skyldi fara\u00f3 f\u00e1, 18; \u00feetta er sagt til vi\u00f0v\u00f6runar \u00feeim umsetnu Jer\u00fasalemsm\u00f6nnum, sem til lengstra laga v\u00e6ntu s\u00e9r styrks fr\u00e1 Egyptalandi. 1\u00c1 ellefta \u00e1rinu, \u00feann fyrsta dag hins \u00feri\u00f0ja m\u00e1na\u00f0ar, tala\u00f0i Drottinn til m\u00edn svol\u00e1tandi or\u00f0um:2\u00fe\u00fa mannsins son, seg til fara\u00f3s, Egyptalandskonungs, og til hans fj\u00f6lmennis: hv\u00f6rjum ertu l\u00edkur a\u00f0 mikilleik?3Sj\u00e1 \u00fe\u00fa! Ass\u00fdr\u00edukonungur var eins og sedrusvi\u00f0ur \u00e1 L\u00edbanonsfjalli, hans laufgreinir voru fagrar, og veittu fors\u00e6lu, sem \u00fe\u00e9ttur sk\u00f3gur v\u00e6ri: hann var geysih\u00e1r, og hans fl\u00f3knu greinir voru allaufga\u00f0ar.4Vatnsgn\u00f3ttin gj\u00f6r\u00f0i hann st\u00f3ran, og vatnageimurinn h\u00e1vaxinn; straumar <a href=\"https:\/\/biblian.is\/videy\/esekiel-31-kafli\/\"> [&#8230;]<\/a><\/p>\n","protected":false},"author":1,"featured_media":0,"parent":0,"menu_order":0,"comment_status":"open","ping_status":"open","template":"bibliukaflar.php","meta":{"footnotes":""},"class_list":["post-21682","page","type-page","status-publish","hentry"],"_links":{"self":[{"href":"https:\/\/biblian.is\/videy\/wp-json\/wp\/v2\/pages\/21682","targetHints":{"allow":["GET"]}}],"collection":[{"href":"https:\/\/biblian.is\/videy\/wp-json\/wp\/v2\/pages"}],"about":[{"href":"https:\/\/biblian.is\/videy\/wp-json\/wp\/v2\/types\/page"}],"author":[{"embeddable":true,"href":"https:\/\/biblian.is\/videy\/wp-json\/wp\/v2\/users\/1"}],"replies":[{"embeddable":true,"href":"https:\/\/biblian.is\/videy\/wp-json\/wp\/v2\/comments?post=21682"}],"version-history":[{"count":0,"href":"https:\/\/biblian.is\/videy\/wp-json\/wp\/v2\/pages\/21682\/revisions"}],"wp:attachment":[{"href":"https:\/\/biblian.is\/videy\/wp-json\/wp\/v2\/media?parent=21682"}],"curies":[{"name":"wp","href":"https:\/\/api.w.org\/{rel}","templated":true}]}}