{"id":21681,"date":"2018-01-02T01:03:22","date_gmt":"2018-01-02T01:03:22","guid":{"rendered":"http:\/\/biblian.is\/videy\/esekiel-30-kafli\/"},"modified":"2018-01-02T01:03:22","modified_gmt":"2018-01-02T01:03:22","slug":"esekiel-30-kafli","status":"publish","type":"page","link":"https:\/\/biblian.is\/videy\/esekiel-30-kafli\/","title":{"rendered":"Esek\u00edel 30. kafli"},"content":{"rendered":"<div class=\"fyrirsognVidey\">Um herna\u00f0 Neb\u00fakadnesars \u00ed Egyptalandi, 1\u201319; og um undirokun landsins, 20\u201326.<\/div>\n<p><a name=\"1\"><span class=\"versanumer\">1<\/span><\/a>Ennfremur tala\u00f0i Drottinn til m\u00edn \u00feessum or\u00f0um:<a name=\"2\"><span class=\"versanumer\">2<\/span><\/a>\u00fe\u00fa mannsins son, sp\u00e1 og seg: Svo segir Drottinn alvaldur: hefji\u00f0 upp harmahlj\u00f3\u00f0: vei \u00feeim degi!<a name=\"3\"><span class=\"versanumer\">3<\/span><\/a>\u00fev\u00ed dagurinn er n\u00e1l\u00e6gur, dagur Drottins er n\u00e1l\u00e6gur; s\u00e1 dimmi dagur, s\u00e1 tiltekni t\u00edmi \u00fej\u00f3\u00f0anna, mun koma.<a name=\"4\"><span class=\"versanumer\">4<\/span><\/a>Sver\u00f0i\u00f0 skal koma yfir Egyptaland; og Bl\u00e1land skal skelfast, \u00feegar mannfalli\u00f0 ver\u00f0ur \u00ed Egyptalandi, og innb\u00faar landsins ver\u00f0a herteknir, og grundvellir \u00feess umturna\u00f0ir;<a name=\"5\"><span class=\"versanumer\">5<\/span><\/a>Bl\u00e1lendingar, M\u00f3rlendingar, L\u00fddar, allur s\u00e1 \u00fatlenski \u00fej\u00f3\u00f0blendingur, K\u00fabar og innb\u00faar sambandslandanna skulu \u00e1samt me\u00f0 \u00feeim fyrir sver\u00f0i falla.<a name=\"6\"><span class=\"versanumer\">6<\/span><\/a>Svo segir Drottinn: li\u00f0veislumenn Egyptalands skulu falla, og hroki \u00feess yfir styrk s\u00ednum skal l\u00e6g\u00f0ur ver\u00f0a; fr\u00e1 Migdol og allt til S\u00fdene skulu innbyggjendurnir fyrir sver\u00f0i falla, segir Drottinn alvaldur.<a name=\"7\"><span class=\"versanumer\">7<\/span><\/a>Egyptaland skal liggja \u00ed ey\u00f0i, eins og \u00f6nnur ey\u00f0il\u00f6nd, og borgir \u00feess skulu ver\u00f0a, eins og a\u00f0rir ni\u00f0urbrotnir sta\u00f0ir;<a name=\"8\"><span class=\"versanumer\">8<\/span><\/a>og \u00feeir skulu vi\u00f0urkenna, a\u00f0 eg em Drottinn, \u00feegar eg legg eld \u00ed Egyptaland, og allir li\u00f0veislumenn \u00feess tort\u00fdnast.<a name=\"9\"><span class=\"versanumer\">9<\/span><\/a>\u00c1 \u00feeim degi skulu sendibo\u00f0ar fara fr\u00e1 m\u00e9r \u00e1 skipum, til a\u00f0 flytja \u00feessi \u00f3t\u00ed\u00f0indi til \u00feeirra ugglausu Bl\u00e1lendinga, og hj\u00e1 \u00feeim skal \u00f6nnur eins skelfing upp r\u00edsa, eins og \u00ed Egyptalandi \u00e1 \u00feess degi; \u00fev\u00ed, sj\u00e1! \u00f3g\u00e6fan ste\u00f0jar a\u00f0.<a name=\"10\"><span class=\"versanumer\">10<\/span><\/a>Svo segir Drottinn alvaldur: eg skal l\u00e1ta Neb\u00fakadnesar Babels konung \u00feagga ni\u00f0ur glauminn \u00ed Egyptalandi;<a name=\"11\"><span class=\"versanumer\">11<\/span><\/a>\u00fea\u00f0 er b\u00fai\u00f0 a\u00f0 gj\u00f6ra bo\u00f0 eftir honum og hans m\u00f6nnum me\u00f0 honum, \u00feeim mestu ofbeldism\u00f6nnum, sem til eru, til a\u00f0 herja landi\u00f0; \u00feeir skulu fara herli\u00f0i yfir Egyptaland og vinna \u00fear hin mestu manndr\u00e1p.<a name=\"12\"><span class=\"versanumer\">12<\/span><\/a>Eg skal upp\u00feurrka vatnsstraumana, selja landi\u00f0 \u00ed hendur ill\u00fe\u00fd\u00f0is, og l\u00e1ta \u00fatlenda menn ey\u00f0ileggja \u00fea\u00f0 me\u00f0 \u00f6llu \u00fev\u00ed, sem \u00ed \u00fev\u00ed er; eg Drottinn hefi tala\u00f0 \u00fea\u00f0.<a name=\"13\"><span class=\"versanumer\">13<\/span><\/a>Svo segir Drottinn alvaldur: eg vil afm\u00e1 skur\u00f0go\u00f0in og ey\u00f0a afgu\u00f0unum \u00ed N\u00f3f, enginn egypskur h\u00f6f\u00f0ingi skal framar til vera, \u00fev\u00ed eg vil \u00fatbrei\u00f0a \u00f3gnarskelfingu yfir Egyptaland:<a name=\"14\"><span class=\"versanumer\">14<\/span><\/a>eg vil ey\u00f0ileggja Patr\u00f3s, leggja eld \u00ed S\u00f3an, og l\u00e1ta d\u00f3minn ganga yfir N\u00f3:<a name=\"15\"><span class=\"versanumer\">15<\/span><\/a>eg vil \u00fatausa minni heift yfir S\u00edn, varnarvirki Egyptalands, og ey\u00f0ileggja Hammon-N\u00f3.<a name=\"16\"><span class=\"versanumer\">16<\/span><\/a>Eg vil uppkveikja eld \u00ed Egyptalandi, S\u00edn skal titra og skj\u00e1lfa, N\u00f3 skal yfirunnin ver\u00f0a, og N\u00f3f skal a\u00f0s\u00f3kn m\u00e6ta \u00e1 bj\u00f6rtum degi;<a name=\"17\"><span class=\"versanumer\">17<\/span><\/a>ungir menn \u00ed On og B\u00fabastus skulu fyrir sver\u00f0i falla, en a\u00f0rir innbyggjendur \u00ed \u00fatleg\u00f0 fara.<a name=\"18\"><span class=\"versanumer\">18<\/span><\/a>\u00cd Takpanes skal dagurinn ver\u00f0a dimmur, \u00feegar eg sundurbr\u00fdt r\u00edkissprota Egyptalands, og drambl\u00e6ti\u00f0 yfir veldi \u00feess ni\u00f0urb\u00e6list \u00fear; sk\u00fd skal hylja borgina, \u00feegar d\u00e6tur hennar ver\u00f0a a\u00f0 fara \u00ed \u00fatleg\u00f0.<a name=\"19\"><span class=\"versanumer\">19<\/span><\/a>\u00deannig vil eg l\u00e1ta refsid\u00f3minn koma yfir Egyptaland, svo \u00feeir skulu vi\u00f0urkenna, a\u00f0 eg em Drottinn. <br \/><a name=\"20\"><span class=\"versanumer\">20<\/span><\/a>\u00c1 ellefta \u00e1rinu, \u00feann sj\u00f6unda dag hins fyrsta m\u00e1na\u00f0ar, tala\u00f0i Drottinn til m\u00edn svol\u00e1tandi or\u00f0um:<a name=\"21\"><span class=\"versanumer\">21<\/span><\/a>\u00fe\u00fa mannsins son, eg hefi broti\u00f0 armlegg fara\u00f3s, Egyptalandskonungs; sj\u00e1! \u00fea\u00f0 er ei um hann bundi\u00f0, a\u00f0 hann megi heill ver\u00f0a, ekki lag\u00f0ar vi\u00f0 hann spelkur, a\u00f0 hann geti styrkur or\u00f0i\u00f0 og f\u00e1i sver\u00f0inu valdi\u00f0.<a name=\"22\"><span class=\"versanumer\">22<\/span><\/a>\u00dear fyrir segir Drottinn alvaldur svo: sj\u00e1, eg r\u00eds upp m\u00f3ti fara\u00f3, Egyptalandskonungi, br\u00fdt armleggi hans, \u00feann heila jafnt og \u00feann brotna, og l\u00e6t sver\u00f0i\u00f0 falla \u00far hendi hans;<a name=\"23\"><span class=\"versanumer\">23<\/span><\/a>eg vil tv\u00edstra Egyptalandsm\u00f6nnum me\u00f0al \u00fej\u00f3\u00f0anna, og dreifa \u00feeim \u00fat um l\u00f6ndin.<a name=\"24\"><span class=\"versanumer\">24<\/span><\/a>Eg vil styrkja armleggi Babelskonungs og f\u00e1 honum sver\u00f0 mitt \u00ed h\u00f6nd, en brj\u00f3ta armleggi fara\u00f3s, svo hann skal liggja stynjandi fyrir f\u00f3tum honum, eins og hels\u00e1r ma\u00f0ur;<a name=\"25\"><span class=\"versanumer\">25<\/span><\/a>eg vil styrkja armleggi Babelskonungs, en armleggir fara\u00f3s skulu ni\u00f0ur s\u00edga, svo a\u00f0 menn skulu vi\u00f0urkenna, a\u00f0 eg em Drottinn, \u00feegar eg f\u00e6 Babelskonungi mitt sver\u00f0 \u00ed h\u00f6nd, og hann breg\u00f0ur \u00fev\u00ed \u00e1 m\u00f3ti Egyptalandi.<a name=\"26\"><span class=\"versanumer\">26<\/span><\/a>\u00de\u00e1 skal eg tv\u00edstra Egyptalandsm\u00f6nnum me\u00f0al \u00fej\u00f3\u00f0anna og dreifa \u00feeim \u00fat um l\u00f6ndin, svo a\u00f0 \u00feeir skulu vi\u00f0urkenna, a\u00f0 eg em Drottinn.<\/p>\n<div class=\"footnoteVidey\"><\/div>\n","protected":false},"excerpt":{"rendered":"<p>Um herna\u00f0 Neb\u00fakadnesars \u00ed Egyptalandi, 1\u201319; og um undirokun landsins, 20\u201326. 1Ennfremur tala\u00f0i Drottinn til m\u00edn \u00feessum or\u00f0um:2\u00fe\u00fa mannsins son, sp\u00e1 og seg: Svo segir Drottinn alvaldur: hefji\u00f0 upp harmahlj\u00f3\u00f0: vei \u00feeim degi!3\u00fev\u00ed dagurinn er n\u00e1l\u00e6gur, dagur Drottins er n\u00e1l\u00e6gur; s\u00e1 dimmi dagur, s\u00e1 tiltekni t\u00edmi \u00fej\u00f3\u00f0anna, mun koma.4Sver\u00f0i\u00f0 skal koma yfir Egyptaland; og Bl\u00e1land skal skelfast, \u00feegar mannfalli\u00f0 ver\u00f0ur \u00ed Egyptalandi, og innb\u00faar landsins ver\u00f0a herteknir, og grundvellir \u00feess umturna\u00f0ir;5Bl\u00e1lendingar, M\u00f3rlendingar, L\u00fddar, allur s\u00e1 \u00fatlenski \u00fej\u00f3\u00f0blendingur, K\u00fabar og innb\u00faar sambandslandanna skulu \u00e1samt me\u00f0 \u00feeim fyrir sver\u00f0i falla.6Svo segir Drottinn: li\u00f0veislumenn Egyptalands skulu falla, og hroki \u00feess yfir styrk s\u00ednum <a href=\"https:\/\/biblian.is\/videy\/esekiel-30-kafli\/\"> [&#8230;]<\/a><\/p>\n","protected":false},"author":1,"featured_media":0,"parent":0,"menu_order":0,"comment_status":"open","ping_status":"open","template":"bibliukaflar.php","meta":{"footnotes":""},"class_list":["post-21681","page","type-page","status-publish","hentry"],"_links":{"self":[{"href":"https:\/\/biblian.is\/videy\/wp-json\/wp\/v2\/pages\/21681","targetHints":{"allow":["GET"]}}],"collection":[{"href":"https:\/\/biblian.is\/videy\/wp-json\/wp\/v2\/pages"}],"about":[{"href":"https:\/\/biblian.is\/videy\/wp-json\/wp\/v2\/types\/page"}],"author":[{"embeddable":true,"href":"https:\/\/biblian.is\/videy\/wp-json\/wp\/v2\/users\/1"}],"replies":[{"embeddable":true,"href":"https:\/\/biblian.is\/videy\/wp-json\/wp\/v2\/comments?post=21681"}],"version-history":[{"count":0,"href":"https:\/\/biblian.is\/videy\/wp-json\/wp\/v2\/pages\/21681\/revisions"}],"wp:attachment":[{"href":"https:\/\/biblian.is\/videy\/wp-json\/wp\/v2\/media?parent=21681"}],"curies":[{"name":"wp","href":"https:\/\/api.w.org\/{rel}","templated":true}]}}