{"id":21677,"date":"2018-01-02T01:03:22","date_gmt":"2018-01-02T01:03:22","guid":{"rendered":"http:\/\/biblian.is\/videy\/esekiel-26-kafli\/"},"modified":"2018-01-02T01:03:22","modified_gmt":"2018-01-02T01:03:22","slug":"esekiel-26-kafli","status":"publish","type":"page","link":"https:\/\/biblian.is\/videy\/esekiel-26-kafli\/","title":{"rendered":"Esek\u00edel 26. kafli"},"content":{"rendered":"<div class=\"fyrirsognVidey\">Esek\u00edel sp\u00e1ir fyrir ey\u00f0ileggingu T\u00fdrusborgar, l\u00fdsir \u00e1hlaupi Neb\u00fakadnesars \u00e1 borgina, 1\u201314; og skelfingunni, sem vi\u00f0 \u00fea\u00f0 kom yfir n\u00e1l\u00e6gar \u00fej\u00f3\u00f0ir, 15\u201321.<\/div>\n<p><a name=\"1\"><span class=\"versanumer\">1<\/span><\/a>\u00c1 ellefta \u00e1rinu, \u00feann fyrsta dag hins fyrsta m\u00e1na\u00f0ar, tala\u00f0i Drottinn til m\u00edn svol\u00e1tandi or\u00f0um:<a name=\"2\"><span class=\"versanumer\">2<\/span><\/a>\u00fe\u00fa mannsins son, fyrir \u00fea\u00f0, a\u00f0 T\u00fdrusborg hlakkar yfir Jer\u00fasalem, og segir: n\u00fa eru \u00fej\u00f3\u00f0hli\u00f0in ni\u00f0urbrotin, n\u00fa kemur <span class='VideyAth'>(\u00f6ll verslun)<\/span> til m\u00edn, n\u00fa ver\u00f0 eg full, fyrst h\u00fan er or\u00f0in au\u00f0;<a name=\"3\"><span class=\"versanumer\">3<\/span><\/a>\u00fear fyrir, svo segir Drottinn alvaldur, sj\u00e1! eg skal r\u00edsa upp \u00ed m\u00f3ti \u00fe\u00e9r, T\u00fdrusborg! eg skal reisa margar \u00fej\u00f3\u00f0ir \u00ed gegn \u00fe\u00e9r, eins og sj\u00e1varhafi\u00f0 reisir s\u00ednar bylgjur;<a name=\"4\"><span class=\"versanumer\">4<\/span><\/a>\u00fe\u00e6r skulu umbylta m\u00farveggjum T\u00fdrusborgar, og ni\u00f0urbrj\u00f3ta hennar turna; eg skal burts\u00f3pa rykinu af henni og gj\u00f6ra hana a\u00f0 berum kletti;<a name=\"5\"><span class=\"versanumer\">5<\/span><\/a>h\u00fan skal ver\u00f0a a\u00f0 verst\u00f6\u00f0 \u00fati \u00ed hafinu, til a\u00f0 brei\u00f0a net \u00e1: \u00fev\u00ed eg hefi tala\u00f0 \u00fea\u00f0, segir Drottinn alvaldur; og h\u00fan skal ver\u00f0a \u00fej\u00f3\u00f0unum a\u00f0 herfangi;<a name=\"6\"><span class=\"versanumer\">6<\/span><\/a>d\u00e6tur hennar, sem \u00e1 sl\u00e9ttlendinu eru, skulu me\u00f0 sver\u00f0i drepnar ver\u00f0a, og \u00feeir skulu vi\u00f0urkenna, a\u00f0 eg em Drottinn.<a name=\"7\"><span class=\"versanumer\">7<\/span><\/a>\u00dev\u00ed svo segir Drottinn alvaldur: sj\u00e1! eg lei\u00f0i Neb\u00fakadnesar, Babelskonung, konung konunganna, gegn T\u00fdrusborg, fr\u00e1 nor\u00f0ri, me\u00f0 hestum, v\u00f6gnum, riddurum, miklum mannfj\u00f6lda og m\u00f6rgum \u00fej\u00f3\u00f0um;<a name=\"8\"><span class=\"versanumer\">8<\/span><\/a>hann skal me\u00f0 sver\u00f0i vega d\u00e6tur \u00fe\u00ednar \u00e1 sl\u00e9ttlendinu, setja v\u00edggar\u00f0a um \u00feig, hleypa upp jar\u00f0hryggjum, og reisa herskj\u00f6ldu m\u00f3ti \u00fe\u00e9r;<a name=\"9\"><span class=\"versanumer\">9<\/span><\/a>hann skal berja \u00e1 \u00fe\u00ednum m\u00farveggjum me\u00f0 s\u00ednu herskaparverkf\u00e6ri, og ni\u00f0urr\u00edfa \u00fe\u00edna turna me\u00f0 s\u00ednum hervopnum;<a name=\"10\"><span class=\"versanumer\">10<\/span><\/a>af hestagr\u00faanum skaltu hulin ver\u00f0a \u00ed j\u00f3reyk, og \u00fe\u00ednir m\u00farar skulu skj\u00e1lfa af gn\u00fd riddaranna, hj\u00f3lanna og vagnanna, \u00feegar hann fer inn um \u00fe\u00edn borgarhli\u00f0, \u00e1 \u00feann h\u00e1tt sem menn fara inn \u00ed yfirunninn sta\u00f0;<a name=\"11\"><span class=\"versanumer\">11<\/span><\/a>hann skal ni\u00f0urtro\u00f0a \u00f6ll \u00fe\u00edn str\u00e6ti me\u00f0 hrossah\u00f3fum, drepa ni\u00f0ur f\u00f3lk \u00feitt me\u00f0 sver\u00f0i, og \u00fe\u00e6r l\u00edkneskjur, sem \u00fe\u00fa treystir \u00e1, skulu hrapa til jar\u00f0ar;<a name=\"12\"><span class=\"versanumer\">12<\/span><\/a>\u00feeir skulu r\u00e6na \u00fe\u00ednum au\u00f0i, hrifsa burt \u00feinn kaupeyri, brj\u00f3ta ni\u00f0ur borgveggi \u00fe\u00edna, ni\u00f0urr\u00edfa \u00fe\u00edn d\u00fdr\u00f0legu h\u00fas, og varpa \u00e1 sj\u00f3 \u00fat h\u00fasagrj\u00f3tinu, vi\u00f0num og rofinu.<a name=\"13\"><span class=\"versanumer\">13<\/span><\/a>Eg skal l\u00e6gja kli\u00f0 \u00feinna s\u00f6ngva, og hlj\u00f3mur \u00feinna harpna skal ei framar heyr\u00f0ur ver\u00f0a;<a name=\"14\"><span class=\"versanumer\">14<\/span><\/a>eg skal gj\u00f6ra \u00feig a\u00f0 berum kletti; \u00fe\u00fa skalt ver\u00f0a a\u00f0 verst\u00f6\u00f0, til a\u00f0 brei\u00f0a net \u00e1; \u00fe\u00fa skalt ekki framar upp bygg\u00f0 ver\u00f0a: \u00fev\u00ed eg Drottinn hefi tala\u00f0 \u00fea\u00f0, segir Drottinn alvaldur. <br \/><a name=\"15\"><span class=\"versanumer\">15<\/span><\/a>Svo segir Drottinn alvaldur til T\u00fdrusborgar: hv\u00f6rt munu ei sj\u00f3bygg\u00f0irnar skelfast vi\u00f0 dynkinn af \u00fe\u00ednu hruni, vi\u00f0 hlj\u00f3\u00f0 hinna s\u00e6r\u00f0u, og vi\u00f0 mannfalli\u00f0, sem \u00ed \u00fe\u00e9r mun ver\u00f0a?<a name=\"16\"><span class=\"versanumer\">16<\/span><\/a>Allir hafsins drottnar munu st\u00edga ni\u00f0ur af s\u00ednum h\u00e1st\u00f3lum, leggja ni\u00f0ur skr\u00fa\u00f0 sitt, og fara af glitkl\u00e6\u00f0um s\u00ednum, en \u00edkl\u00e6\u00f0ast hr\u00e6\u00f0slunni, setjast \u00e1 j\u00f6r\u00f0ina, \u00f3ttast hv\u00f6rt augnablik, og ver\u00f0a sinnulausir \u00fat af \u00fe\u00e9r;<a name=\"17\"><span class=\"versanumer\">17<\/span><\/a>\u00feeir munu upp hefja harmalj\u00f3\u00f0 um \u00feig, og segja: hv\u00f6rnin ert\u00fa til grunna gengin, \u00fe\u00fa v\u00ed\u00f0fr\u00e6ga sj\u00e1varborg, sem varst svo voldug \u00e1 hafinu! \u00fe\u00fa og \u00fe\u00ednir innbyggjendur, sem allir sj\u00f3byggjar voru hr\u00e6ddir vi\u00f0!<a name=\"18\"><span class=\"versanumer\">18<\/span><\/a>S\u00e6l\u00f6ndin titra n\u00fa \u00e1 degi \u00fe\u00edns falls, og eyjarnar \u00ed hafinu skelfast yfir \u00f3f\u00f6rum \u00fe\u00ednum.<a name=\"19\"><span class=\"versanumer\">19<\/span><\/a>\u00dev\u00ed svo segir Drottinn alvaldur: \u00feegar eg gj\u00f6ri \u00feig a\u00f0 ey\u00f0iborg, eins og \u00fe\u00e6r borgir, sem \u00f3bygg\u00f0ar eru; \u00feegar eg l\u00e6t hafi\u00f0 streyma yfir \u00feig, og m\u00f6rg v\u00f6tn hylja \u00feig;<a name=\"20\"><span class=\"versanumer\">20<\/span><\/a>\u00feegar eg steypi \u00fe\u00e9r ni\u00f0ur til \u00feeirra, sem ofan eru farnir \u00ed gr\u00f6fina, til manna fr\u00e1 fyrri t\u00ed\u00f0um, og l\u00e6t \u00feig b\u00faa \u00ed undirheimi; me\u00f0al borgar\u00fasta fr\u00e1 forn\u00f6ld, hj\u00e1 \u00feeim sem \u00ed gr\u00f6fina eru ni\u00f0urstignir, svo \u00fe\u00fa ekki ver\u00f0ir byggileg framar: \u00fe\u00e1 skal eg l\u00e1ta ver\u00f0a bl\u00f3mlegt \u00e1 landi enna lifendu.<a name=\"21\"><span class=\"versanumer\">21<\/span><\/a>Eg skal leggja \u00feig \u00ed ey\u00f0i skyndilega; \u00fe\u00fa skalt ver\u00f0a a\u00f0 \u00f6ngvu; \u00fe\u00edn skal ver\u00f0a leita\u00f0, en aldrei skaltu finnast til eil\u00edf\u00f0ar, segir Drottinn alvaldur.<\/p>\n<div class=\"footnoteVidey\"><\/div>\n","protected":false},"excerpt":{"rendered":"<p>Esek\u00edel sp\u00e1ir fyrir ey\u00f0ileggingu T\u00fdrusborgar, l\u00fdsir \u00e1hlaupi Neb\u00fakadnesars \u00e1 borgina, 1\u201314; og skelfingunni, sem vi\u00f0 \u00fea\u00f0 kom yfir n\u00e1l\u00e6gar \u00fej\u00f3\u00f0ir, 15\u201321. 1\u00c1 ellefta \u00e1rinu, \u00feann fyrsta dag hins fyrsta m\u00e1na\u00f0ar, tala\u00f0i Drottinn til m\u00edn svol\u00e1tandi or\u00f0um:2\u00fe\u00fa mannsins son, fyrir \u00fea\u00f0, a\u00f0 T\u00fdrusborg hlakkar yfir Jer\u00fasalem, og segir: n\u00fa eru \u00fej\u00f3\u00f0hli\u00f0in ni\u00f0urbrotin, n\u00fa kemur (\u00f6ll verslun) til m\u00edn, n\u00fa ver\u00f0 eg full, fyrst h\u00fan er or\u00f0in au\u00f0;3\u00fear fyrir, svo segir Drottinn alvaldur, sj\u00e1! eg skal r\u00edsa upp \u00ed m\u00f3ti \u00fe\u00e9r, T\u00fdrusborg! eg skal reisa margar \u00fej\u00f3\u00f0ir \u00ed gegn \u00fe\u00e9r, eins og sj\u00e1varhafi\u00f0 reisir s\u00ednar bylgjur;4\u00fe\u00e6r skulu umbylta m\u00farveggjum T\u00fdrusborgar, og ni\u00f0urbrj\u00f3ta <a href=\"https:\/\/biblian.is\/videy\/esekiel-26-kafli\/\"> [&#8230;]<\/a><\/p>\n","protected":false},"author":1,"featured_media":0,"parent":0,"menu_order":0,"comment_status":"open","ping_status":"open","template":"bibliukaflar.php","meta":{"footnotes":""},"class_list":["post-21677","page","type-page","status-publish","hentry"],"_links":{"self":[{"href":"https:\/\/biblian.is\/videy\/wp-json\/wp\/v2\/pages\/21677","targetHints":{"allow":["GET"]}}],"collection":[{"href":"https:\/\/biblian.is\/videy\/wp-json\/wp\/v2\/pages"}],"about":[{"href":"https:\/\/biblian.is\/videy\/wp-json\/wp\/v2\/types\/page"}],"author":[{"embeddable":true,"href":"https:\/\/biblian.is\/videy\/wp-json\/wp\/v2\/users\/1"}],"replies":[{"embeddable":true,"href":"https:\/\/biblian.is\/videy\/wp-json\/wp\/v2\/comments?post=21677"}],"version-history":[{"count":0,"href":"https:\/\/biblian.is\/videy\/wp-json\/wp\/v2\/pages\/21677\/revisions"}],"wp:attachment":[{"href":"https:\/\/biblian.is\/videy\/wp-json\/wp\/v2\/media?parent=21677"}],"curies":[{"name":"wp","href":"https:\/\/api.w.org\/{rel}","templated":true}]}}