{"id":21676,"date":"2018-01-02T01:03:22","date_gmt":"2018-01-02T01:03:22","guid":{"rendered":"http:\/\/biblian.is\/videy\/esekiel-25-kafli\/"},"modified":"2018-01-02T01:03:22","modified_gmt":"2018-01-02T01:03:22","slug":"esekiel-25-kafli","status":"publish","type":"page","link":"https:\/\/biblian.is\/videy\/esekiel-25-kafli\/","title":{"rendered":"Esek\u00edel 25. kafli"},"content":{"rendered":"<div class=\"fyrirsognVidey\">Esek\u00edel sp\u00e1ir fyrir Ammon\u00edtum, 1\u20137; M\u00f3ab\u00edtum, 8\u201311; Edom\u00edtum, 12\u201314; Filistum, 15\u201317.<\/div>\n<p><a name=\"1\"><span class=\"versanumer\">1<\/span><\/a>Drottinn tala\u00f0i til m\u00edn svol\u00e1tandi or\u00f0um:<a name=\"2\"><span class=\"versanumer\">2<\/span><\/a>\u00fe\u00fa mannsins son, sn\u00fa \u00fe\u00e9r m\u00f3ti Ammon\u00edtum, og sp\u00e1 fyrir \u00feeim,<a name=\"3\"><span class=\"versanumer\">3<\/span><\/a>og seg til Ammon\u00edta: heyri\u00f0 or\u00f0 Drottins, hins alvalda! svo segir Drottinn alvaldur: fyrir \u00fea\u00f0, a\u00f0 \u00fe\u00fa hlakkar yfir \u00fev\u00ed, a\u00f0 minn helgid\u00f3mur er vanhelga\u00f0ur, og yfir \u00fev\u00ed, a\u00f0 \u00cdsraelsland er \u00ed ey\u00f0i lagt, og J\u00fadar\u00edkis innb\u00faar hafa or\u00f0i\u00f0 a\u00f0 fara \u00ed \u00fatleg\u00f0:<a name=\"4\"><span class=\"versanumer\">4<\/span><\/a>\u00fear fyrir, sj\u00e1! eg gef \u00feig Austurvegsm\u00f6nnum til eignar; \u00feeir skulu setja kv\u00edar s\u00ednar \u00ed \u00fe\u00ednu landi, og reisa \u00fear b\u00fa\u00f0ir s\u00ednar, \u00feeir skulu eta \u00feinn \u00e1v\u00f6xt og drekka \u00fe\u00edna mj\u00f3lk;<a name=\"5\"><span class=\"versanumer\">5<\/span><\/a>eg skal gj\u00f6ra Rabba a\u00f0 \u00falfaldast\u00edu, og land Ammon\u00edta a\u00f0 hjar\u00f0arb\u00f3li, svo \u00fe\u00e9r skulu\u00f0 vi\u00f0urkenna, a\u00f0 eg em Drottinn.<a name=\"6\"><span class=\"versanumer\">6<\/span><\/a>\u00dev\u00ed svo segir Drottinn alvaldur: fyrir \u00fea\u00f0, a\u00f0 \u00fe\u00fa klappar lof \u00ed l\u00f3fa, og getur \u00ed hvorugan f\u00f3tinn st\u00edgi\u00f0 ofdrambs gle\u00f0i yfir \u00cdsraelslandi,<a name=\"7\"><span class=\"versanumer\">7<\/span><\/a>\u00fear fyrir, sj\u00e1! eg \u00fatr\u00e9tti m\u00edna h\u00f6nd \u00ed m\u00f3ti \u00fe\u00e9r, l\u00e6t \u00feig ver\u00f0a hei\u00f0ingjum a\u00f0 herfangi, afm\u00e1i \u00feig \u00far t\u00f6lu \u00fej\u00f3\u00f0anna, t\u00fdni \u00fe\u00e9r \u00far t\u00f6lu landanna, og ey\u00f0ilegg \u00feig, svo \u00fe\u00fa vi\u00f0urkennir, a\u00f0 eg em Drottinn.<br \/><a name=\"8\"><span class=\"versanumer\">8<\/span><\/a>Svo segir Drottinn alvaldur: af \u00fev\u00ed M\u00f3absmenn og Seirsmenn <span class='VideyAth'>b)<\/span> segja: sj\u00e1! J\u00fadamenn eru eins og allar a\u00f0rar \u00fej\u00f3\u00f0ir eru <span class='VideyAth'>c)<\/span>:<a name=\"9\"><span class=\"versanumer\">9<\/span><\/a>\u00fear fyrir, sj\u00e1! eg grei\u00f0i Austurvegsm\u00f6nnum veg inn \u00ed M\u00f3absland, \u00feeim megin sem borgirnar eru, \u00fe\u00e6r ystu borgir, sem eru pr\u00fd\u00f0i landsins, svo sem Bet-Jes\u00edm\u00f3t, Baal-Me\u00f3n, og allt til Kirjatajim.<a name=\"10\"><span class=\"versanumer\">10<\/span><\/a>Eins og eg gef \u00feeim land Ammon\u00edta til eignar, til \u00feess a\u00f0 Ammon\u00edta skuli ei framar minnst ver\u00f0a me\u00f0al \u00fej\u00f3\u00f0anna:<a name=\"11\"><span class=\"versanumer\">11<\/span><\/a>eins mun eg og l\u00e1ta refsid\u00f3minn ganga yfir M\u00f3absmanna, svo \u00feeir vi\u00f0urkenni, a\u00f0 eg em Drottinn.<br \/><a name=\"12\"><span class=\"versanumer\">12<\/span><\/a>Svo segir Drottinn alvaldur: af \u00fev\u00ed Edomsmenn breyta vi\u00f0 J\u00fadamenn af hefndargirni, og misgj\u00f6ra st\u00f3rlega me\u00f0 \u00fev\u00ed a\u00f0 hefna s\u00edn \u00e1 \u00feeim:<a name=\"13\"><span class=\"versanumer\">13<\/span><\/a>\u00fear fyrir, svo segir Drottinn alvaldur, vil eg \u00fatr\u00e9tta m\u00edna h\u00f6nd \u00ed gegn Edomslandi, ey\u00f0a \u00fear m\u00f6nnum og f\u00e9na\u00f0i, og gj\u00f6ra landi\u00f0 a\u00f0 au\u00f0n, fr\u00e1 Teman og til Dedans skulu \u00feeir fyrir sver\u00f0i falla;<a name=\"14\"><span class=\"versanumer\">14<\/span><\/a>eg vil l\u00e1ta mitt f\u00f3lk \u00cdsraelsmenn, framkv\u00e6ma m\u00edna hefnd \u00e1 Edomsm\u00f6nnum: \u00feeir skulu breyta vi\u00f0 Edomsmenn eftir minni heiftarrei\u00f0i, svo \u00feeir skulu finna, a\u00f0 hefndin kemur fr\u00e1 m\u00e9r, segir Drottinn alvaldur.<br \/><a name=\"15\"><span class=\"versanumer\">15<\/span><\/a>Svo segir Drottinn alvaldur: fyrir \u00fea\u00f0, a\u00f0 Filistar eru hefndargjarnir, og af ofdrambi halda fram hefndinni me\u00f0 \u00e6varandi fjandskap, til ey\u00f0ileggingar:<a name=\"16\"><span class=\"versanumer\">16<\/span><\/a>\u00fear fyrir, svo segir Drottinn alvaldur, vil eg \u00fatr\u00e9tta m\u00edna h\u00f6nd m\u00f3ti Filistum, tort\u00fdna Kretum, og afm\u00e1 \u00fe\u00e1 sem eftir eru or\u00f0nir vi\u00f0 hafsstr\u00f6ndina;<a name=\"17\"><span class=\"versanumer\">17<\/span><\/a>eg skal koma st\u00f3rum hefndum fram \u00e1 \u00feeim, og refsa \u00feeim me\u00f0 grimmd, svo \u00feeir skulu vi\u00f0urkenna, a\u00f0 eg em Drottinn, \u00fe\u00e1 eg l\u00e6t m\u00edna hefnd koma fram \u00e1 \u00feeim.<\/p>\n<div class=\"footnoteVidey\">V. 8. b. Edomsmenn. c. \u00deeirra Gu\u00f0 er ei m\u00e1ttugri en annarra \u00fej\u00f3\u00f0a gu\u00f0ir, fyrst \u00feeim vegnar ei betur en \u00f6\u00f0rum.<\/div>\n","protected":false},"excerpt":{"rendered":"<p>Esek\u00edel sp\u00e1ir fyrir Ammon\u00edtum, 1\u20137; M\u00f3ab\u00edtum, 8\u201311; Edom\u00edtum, 12\u201314; Filistum, 15\u201317. 1Drottinn tala\u00f0i til m\u00edn svol\u00e1tandi or\u00f0um:2\u00fe\u00fa mannsins son, sn\u00fa \u00fe\u00e9r m\u00f3ti Ammon\u00edtum, og sp\u00e1 fyrir \u00feeim,3og seg til Ammon\u00edta: heyri\u00f0 or\u00f0 Drottins, hins alvalda! svo segir Drottinn alvaldur: fyrir \u00fea\u00f0, a\u00f0 \u00fe\u00fa hlakkar yfir \u00fev\u00ed, a\u00f0 minn helgid\u00f3mur er vanhelga\u00f0ur, og yfir \u00fev\u00ed, a\u00f0 \u00cdsraelsland er \u00ed ey\u00f0i lagt, og J\u00fadar\u00edkis innb\u00faar hafa or\u00f0i\u00f0 a\u00f0 fara \u00ed \u00fatleg\u00f0:4\u00fear fyrir, sj\u00e1! eg gef \u00feig Austurvegsm\u00f6nnum til eignar; \u00feeir skulu setja kv\u00edar s\u00ednar \u00ed \u00fe\u00ednu landi, og reisa \u00fear b\u00fa\u00f0ir s\u00ednar, \u00feeir skulu eta \u00feinn \u00e1v\u00f6xt og drekka \u00fe\u00edna mj\u00f3lk;5eg skal <a href=\"https:\/\/biblian.is\/videy\/esekiel-25-kafli\/\"> [&#8230;]<\/a><\/p>\n","protected":false},"author":1,"featured_media":0,"parent":0,"menu_order":0,"comment_status":"open","ping_status":"open","template":"bibliukaflar.php","meta":{"footnotes":""},"class_list":["post-21676","page","type-page","status-publish","hentry"],"_links":{"self":[{"href":"https:\/\/biblian.is\/videy\/wp-json\/wp\/v2\/pages\/21676","targetHints":{"allow":["GET"]}}],"collection":[{"href":"https:\/\/biblian.is\/videy\/wp-json\/wp\/v2\/pages"}],"about":[{"href":"https:\/\/biblian.is\/videy\/wp-json\/wp\/v2\/types\/page"}],"author":[{"embeddable":true,"href":"https:\/\/biblian.is\/videy\/wp-json\/wp\/v2\/users\/1"}],"replies":[{"embeddable":true,"href":"https:\/\/biblian.is\/videy\/wp-json\/wp\/v2\/comments?post=21676"}],"version-history":[{"count":0,"href":"https:\/\/biblian.is\/videy\/wp-json\/wp\/v2\/pages\/21676\/revisions"}],"wp:attachment":[{"href":"https:\/\/biblian.is\/videy\/wp-json\/wp\/v2\/media?parent=21676"}],"curies":[{"name":"wp","href":"https:\/\/api.w.org\/{rel}","templated":true}]}}