{"id":21673,"date":"2018-01-02T01:03:22","date_gmt":"2018-01-02T01:03:22","guid":{"rendered":"http:\/\/biblian.is\/videy\/esekiel-22-kafli\/"},"modified":"2018-01-02T01:03:22","modified_gmt":"2018-01-02T01:03:22","slug":"esekiel-22-kafli","status":"publish","type":"page","link":"https:\/\/biblian.is\/videy\/esekiel-22-kafli\/","title":{"rendered":"Esek\u00edel 22. kafli"},"content":{"rendered":"<div class=\"fyrirsognVidey\">Esek\u00edel l\u00fdsir si\u00f0aspillingu Jer\u00fasalems borgarmanna, 1\u201316; gj\u00f6rvallrar \u00fej\u00f3\u00f0arinnar, 17\u201322; allra st\u00e9tta, sp\u00e1manna, kennimanna, yfirvalda og alm\u00faga, 23\u201331.<\/div>\n<p><a name=\"1\"><span class=\"versanumer\">1<\/span><\/a>Drottinn tala\u00f0i til m\u00edn svol\u00e1tandi or\u00f0um:<a name=\"2\"><span class=\"versanumer\">2<\/span><\/a>\u00fe\u00fa mannsins son, \u00e1v\u00edta \u00fe\u00fa, vanda \u00fe\u00fa um vi\u00f0 \u00fe\u00e1 bl\u00f3\u00f0seku borg, og lei\u00f0 henni fyrir sj\u00f3nir allar hennar sv\u00edvir\u00f0ingar,<a name=\"3\"><span class=\"versanumer\">3<\/span><\/a>og seg: Svo segir Drottinn alvaldur: \u00fe\u00fa borg, sem \u00fateys bl\u00f3\u00f0i innan \u00feinna borgarveggja, til \u00feess a\u00f0 lei\u00f0a yfir \u00feig hegninguna, og gj\u00f6rir \u00fe\u00e9r afgu\u00f0i, til \u00feess a\u00f0 saurgast \u00e1!<a name=\"4\"><span class=\"versanumer\">4<\/span><\/a>\u00de\u00fa ert sek or\u00f0in til \u00feess bl\u00f3\u00f0s, sem \u00fe\u00fa \u00fathellir; \u00fe\u00fa ert or\u00f0in saurgu\u00f0 af \u00feeim skur\u00f0go\u00f0um, sem \u00fe\u00fa b\u00fdr til handa \u00fe\u00e9r; \u00fe\u00fa hefir fl\u00fdtt fyrir \u00f3l\u00e1ni \u00fe\u00ednu, og ert komin af f\u00f3tum fram <span class='VideyAth'>b)<\/span>. \u00deess vegna skal eg gj\u00f6ra \u00feig a\u00f0 h\u00e1\u00f0ung me\u00f0al hei\u00f0ingjanna, og a\u00f0 athl\u00e6gi allra landa;<a name=\"5\"><span class=\"versanumer\">5<\/span><\/a>n\u00e6r og fj\u00e6r skalt \u00fe\u00fa h\u00e6dd ver\u00f0a, \u00fe\u00fa illa r\u00e6mda og styrjaldarsama borg!<a name=\"6\"><span class=\"versanumer\">6<\/span><\/a>Sj\u00e1! h\u00f6f\u00f0ingjar \u00cdsraelsmanna, sem \u00ed \u00fe\u00e9r b\u00faa, \u00fathella bl\u00f3\u00f0i, hv\u00f6r sem betur getur.<a name=\"7\"><span class=\"versanumer\">7<\/span><\/a>Hj\u00e1 \u00fe\u00e9r eru fa\u00f0ir og m\u00f3\u00f0ir fyrirlitin, \u00fatlendingum ofr\u00edki gj\u00f6rt, ekkjur og f\u00f6\u00f0urleysingjar undiroka\u00f0ir:<a name=\"8\"><span class=\"versanumer\">8<\/span><\/a>\u00fe\u00fa fyrirl\u00edtur m\u00edna helgid\u00f3ma, og vanhelgar m\u00edna hv\u00edldardaga.<a name=\"9\"><span class=\"versanumer\">9<\/span><\/a>Hj\u00e1 \u00fe\u00e9r eru bakm\u00e6lgismenn, sem koma manndr\u00e1pum til lei\u00f0ar; hj\u00e1 \u00fe\u00e9r eru bl\u00f3tf\u00f3rnir etnar \u00e1 fj\u00f6llum uppi, og alls konar illlifna\u00f0ur \u00ed frammi haf\u00f0ur:<a name=\"10\"><span class=\"versanumer\">10<\/span><\/a>fa\u00f0irinn er sm\u00e1na\u00f0ur hj\u00e1 \u00fe\u00e9r, og komi\u00f0 n\u00e6rri konu, \u00fe\u00e1 h\u00fan er \u00f3hrein:<a name=\"11\"><span class=\"versanumer\">11<\/span><\/a>illlifna\u00f0ur er framinn me\u00f0 konu n\u00e1ungans, sonarkonan \u00f3fr\u00e6g\u00f0 me\u00f0 sm\u00e1n, og samfe\u00f0ra systkin leggjast hv\u00f6rt me\u00f0 \u00f6\u00f0ru:<a name=\"12\"><span class=\"versanumer\">12<\/span><\/a>menn taka f\u00e9 til h\u00f6fu\u00f0s \u00f6\u00f0rum, \u00fe\u00fa gj\u00f6rir okur og ofkr\u00f6fu, \u00fe\u00fa \u00e1s\u00e6list og f\u00e9flettir n\u00e1unga \u00feinn; en m\u00e9r hefir \u00fe\u00fa gleymt, segir Drottinn alvaldur.<a name=\"13\"><span class=\"versanumer\">13<\/span><\/a>Eg get ekki anna\u00f0 en f\u00f3rna\u00f0 h\u00f6ndum yfir \u00fev\u00ed r\u00e1nfengna f\u00e9, sem \u00fe\u00fa hefir dregi\u00f0 \u00fe\u00e9r, og yfir \u00fev\u00ed bl\u00f3\u00f0i, sem \u00fathellt er \u00ed \u00fe\u00e9r.<a name=\"14\"><span class=\"versanumer\">14<\/span><\/a>Mun nokku\u00f0 kjarkur \u00feinn standast e\u00f0a \u00fer\u00f3ttur \u00feinn haldast, \u00feegar \u00feeir dagarnir koma, sem eg mun l\u00e1ta yfir \u00feig l\u00ed\u00f0a? Eg Drottinn tala og framkv\u00e6mi.<a name=\"15\"><span class=\"versanumer\">15<\/span><\/a>Eg skal tv\u00edstra \u00fe\u00e9r me\u00f0al \u00fej\u00f3\u00f0anna, og dreifa \u00fe\u00e9r \u00fat um l\u00f6ndin, og afm\u00e1 allt sem \u00f3hreint er \u00ed \u00fe\u00e9r;<a name=\"16\"><span class=\"versanumer\">16<\/span><\/a>\u00fe\u00fa skalt ver\u00f0a \u00e1litin af hei\u00f0ingjunum sem vanhelgu\u00f0, og \u00fe\u00e1 skaltu vi\u00f0urkenna, a\u00f0 eg em Drottinn. <br \/><a name=\"17\"><span class=\"versanumer\">17<\/span><\/a>Ennfremur tala\u00f0i Drottinn til m\u00edn svol\u00e1tandi or\u00f0um:<a name=\"18\"><span class=\"versanumer\">18<\/span><\/a>\u00de\u00fa mannsins son, \u00cdsraelsmenn eru or\u00f0nir fyrir m\u00e9r eins og \u00f3hreint silfur, sem blanda\u00f0 er me\u00f0 eiri, tini, j\u00e1rni og bl\u00fdi; \u00feeir ver\u00f0a allir a\u00f0 fara \u00ed deigluna, \u00fev\u00ed \u00feeir eru \u00f3hreint silfur.<a name=\"19\"><span class=\"versanumer\">19<\/span><\/a>\u00dear fyrir segir Drottinn alvaldur svo: af \u00fev\u00ed \u00fe\u00e9r allir eru\u00f0 or\u00f0nir a\u00f0 \u00f3hreinu silfri, \u00fe\u00e1 vil eg safna y\u00f0ur saman \u00ed Jer\u00fasalem.<a name=\"20\"><span class=\"versanumer\">20<\/span><\/a>Eins og blendingi silfurs, eirs, j\u00e1rns, bl\u00fds og tins er kasta\u00f0 til samans \u00ed deiglu, til \u00feess a\u00f0 bl\u00e1sa \u00fear a\u00f0 og br\u00e6\u00f0a \u00fea\u00f0: eins skal eg \u00ed minni heiftarrei\u00f0i safna y\u00f0ur saman, l\u00e1ta y\u00f0ur \u00fear inn, og br\u00e6\u00f0a y\u00f0ur;<a name=\"21\"><span class=\"versanumer\">21<\/span><\/a>j\u00e1, eg skal safna y\u00f0ur saman, og bl\u00e1sa m\u00ednum rei\u00f0iloga a\u00f0 y\u00f0ur, svo \u00fe\u00e9r skulu\u00f0 br\u00e1\u00f0na \u00fear.<a name=\"22\"><span class=\"versanumer\">22<\/span><\/a>Eins og silfri\u00f0 br\u00e1\u00f0nar \u00ed deiglunni, eins skulu\u00f0 \u00fe\u00e9r br\u00e1\u00f0na \u00fear inni, og \u00fe\u00e9r skulu\u00f0 finna, a\u00f0 eg Drottinn \u00fateys minni rei\u00f0i yfir y\u00f0ur. <br \/><a name=\"23\"><span class=\"versanumer\">23<\/span><\/a>En fremur tala\u00f0i Drottinn til m\u00edn svol\u00e1tandi or\u00f0um:<a name=\"24\"><span class=\"versanumer\">24<\/span><\/a>\u00fe\u00fa mannsins son, seg \u00fe\u00fa til landsins: \u00fe\u00fa ert eins og \u00f3hreinsa\u00f0 land, hvar ekki hefir rignt \u00e1 degi rei\u00f0innar <span class='VideyAth'>a)<\/span>.<a name=\"25\"><span class=\"versanumer\">25<\/span><\/a>\u00dear er sams\u00e6risflokkur af sp\u00e1m\u00f6nnum, sem r\u00e1\u00f0a m\u00f6nnum bana, r\u00e6na gripum og gersemum og fj\u00f6lga ekkjum \u00ed landinu, og eru l\u00edkir grenjandi lj\u00f3num, sem r\u00edfa sundur br\u00e1\u00f0 s\u00edna.<a name=\"26\"><span class=\"versanumer\">26<\/span><\/a>Kennimenn landsins brj\u00e1la m\u00ednu l\u00f6gm\u00e1li, vanhelga m\u00edna helgid\u00f3ma, gj\u00f6ra \u00f6ngvan mun \u00e1 \u00fev\u00ed, sem heilagt er og \u00f3heilagt, greina ei hreint fr\u00e1 \u00f3hreinu; \u00feegar m\u00ednir hv\u00edldardagar ver\u00f0a \u00f3virtir, \u00fe\u00e1 loka \u00feeir aftur augunum, og eg sj\u00e1lfur ver\u00f0 vanhelga\u00f0ur mitt \u00e1 me\u00f0al \u00feeirra.<a name=\"27\"><span class=\"versanumer\">27<\/span><\/a>Landsh\u00f6f\u00f0ingjarnir eru sem glefsandi vargar, \u00fatausa bl\u00f3\u00f0i, steypa m\u00f6nnum \u00ed \u00f3g\u00e6fu fyrir \u00e1vinnings sakir.<a name=\"28\"><span class=\"versanumer\">28<\/span><\/a>Sp\u00e1menn landsins r\u00ed\u00f0a \u00e1 kalki fyrir \u00fe\u00e1 <span class='VideyAth'>b)<\/span>, fara me\u00f0 h\u00e9g\u00f3masj\u00f3nir og lygisp\u00e1d\u00f3ma, og segja: \u201esvo segir Drottinn alvaldur\u201c: en \u00fe\u00f3tt Drottinn ekki hafi tala\u00f0.<a name=\"29\"><span class=\"versanumer\">29<\/span><\/a>Alm\u00faginn \u00ed landinu fremur ofr\u00edki og r\u00e1n, k\u00fagar aumingjann og f\u00e1t\u00e6klinginn, og gj\u00f6rir ranglega \u00e1 hlut hins \u00fatlenda.<a name=\"30\"><span class=\"versanumer\">30<\/span><\/a>Eg leita\u00f0i me\u00f0al \u00feeirra a\u00f0 einhv\u00f6rjum, sem vildi hla\u00f0a upp aftur gir\u00f0inguna, og setja sig \u00ed sk\u00f6r\u00f0in m\u00f3ti m\u00e9r, landinu til varnar, svo eg ekki leg\u00f0i \u00fea\u00f0 \u00ed ey\u00f0i; en eg fann \u00f6ngvan.<a name=\"31\"><span class=\"versanumer\">31<\/span><\/a>N\u00fa vil eg \u00fatausa minni rei\u00f0i yfir \u00fe\u00e1, tort\u00fdna \u00feeim \u00ed m\u00ednum heiftareldi, og l\u00e1ta ath\u00e6fi \u00feeirra bitna \u00e1 sj\u00e1lfum \u00feeim, segir Drottinn alvaldur.<\/p>\n<div class=\"footnoteVidey\">V. 4. b. \u00de\u00fa ert komin \u00e1 grafarbakkann, fram \u00e1 \u00fea\u00f0 fremsta gl\u00f6tunarstig.  V. 24. a. \u00de. e. eins og \u00fea\u00f0 land, hv\u00f6rju Gu\u00f0 \u00ed rei\u00f0i sinni synjar um regn, og er \u00fev\u00ed \u00f3frj\u00f3vsamt.  V. 28. b. \u00de. e. \u00feeir fegra vonsku ath\u00e6fi landstj\u00f3rnaranna.<\/div>\n","protected":false},"excerpt":{"rendered":"<p>Esek\u00edel l\u00fdsir si\u00f0aspillingu Jer\u00fasalems borgarmanna, 1\u201316; gj\u00f6rvallrar \u00fej\u00f3\u00f0arinnar, 17\u201322; allra st\u00e9tta, sp\u00e1manna, kennimanna, yfirvalda og alm\u00faga, 23\u201331. 1Drottinn tala\u00f0i til m\u00edn svol\u00e1tandi or\u00f0um:2\u00fe\u00fa mannsins son, \u00e1v\u00edta \u00fe\u00fa, vanda \u00fe\u00fa um vi\u00f0 \u00fe\u00e1 bl\u00f3\u00f0seku borg, og lei\u00f0 henni fyrir sj\u00f3nir allar hennar sv\u00edvir\u00f0ingar,3og seg: Svo segir Drottinn alvaldur: \u00fe\u00fa borg, sem \u00fateys bl\u00f3\u00f0i innan \u00feinna borgarveggja, til \u00feess a\u00f0 lei\u00f0a yfir \u00feig hegninguna, og gj\u00f6rir \u00fe\u00e9r afgu\u00f0i, til \u00feess a\u00f0 saurgast \u00e1!4\u00de\u00fa ert sek or\u00f0in til \u00feess bl\u00f3\u00f0s, sem \u00fe\u00fa \u00fathellir; \u00fe\u00fa ert or\u00f0in saurgu\u00f0 af \u00feeim skur\u00f0go\u00f0um, sem \u00fe\u00fa b\u00fdr til handa \u00fe\u00e9r; \u00fe\u00fa hefir fl\u00fdtt fyrir \u00f3l\u00e1ni \u00fe\u00ednu, og <a href=\"https:\/\/biblian.is\/videy\/esekiel-22-kafli\/\"> [&#8230;]<\/a><\/p>\n","protected":false},"author":1,"featured_media":0,"parent":0,"menu_order":0,"comment_status":"open","ping_status":"open","template":"bibliukaflar.php","meta":{"footnotes":""},"class_list":["post-21673","page","type-page","status-publish","hentry"],"_links":{"self":[{"href":"https:\/\/biblian.is\/videy\/wp-json\/wp\/v2\/pages\/21673","targetHints":{"allow":["GET"]}}],"collection":[{"href":"https:\/\/biblian.is\/videy\/wp-json\/wp\/v2\/pages"}],"about":[{"href":"https:\/\/biblian.is\/videy\/wp-json\/wp\/v2\/types\/page"}],"author":[{"embeddable":true,"href":"https:\/\/biblian.is\/videy\/wp-json\/wp\/v2\/users\/1"}],"replies":[{"embeddable":true,"href":"https:\/\/biblian.is\/videy\/wp-json\/wp\/v2\/comments?post=21673"}],"version-history":[{"count":0,"href":"https:\/\/biblian.is\/videy\/wp-json\/wp\/v2\/pages\/21673\/revisions"}],"wp:attachment":[{"href":"https:\/\/biblian.is\/videy\/wp-json\/wp\/v2\/media?parent=21673"}],"curies":[{"name":"wp","href":"https:\/\/api.w.org\/{rel}","templated":true}]}}