{"id":21671,"date":"2018-01-02T01:03:22","date_gmt":"2018-01-02T01:03:22","guid":{"rendered":"http:\/\/biblian.is\/videy\/esekiel-20-kafli\/"},"modified":"2018-01-02T01:03:22","modified_gmt":"2018-01-02T01:03:22","slug":"esekiel-20-kafli","status":"publish","type":"page","link":"https:\/\/biblian.is\/videy\/esekiel-20-kafli\/","title":{"rendered":"Esek\u00edel 20. kafli"},"content":{"rendered":"<div class=\"fyrirsognVidey\">Esek\u00edel talar skorinort m\u00f3ti afgu\u00f0ad\u00fdrkun Gy\u00f0inga og hr\u00e6sni \u00feeirra.<\/div>\n<p><a name=\"1\"><span class=\"versanumer\">1<\/span><\/a>\u00c1 sj\u00f6unda \u00e1rinu, \u00feann t\u00edunda dag hins fimmta m\u00e1na\u00f0ar, komu nokkurir af h\u00f6f\u00f0ingjum \u00cdsraelsmanna til a\u00f0 a\u00f0spyrja Drottin, og settu sig ni\u00f0ur frammi fyrir m\u00e9r.<a name=\"2\"><span class=\"versanumer\">2<\/span><\/a>\u00de\u00e1 tala\u00f0i Drottinn til m\u00edn svol\u00e1tandi or\u00f0um:<a name=\"3\"><span class=\"versanumer\">3<\/span><\/a>\u00fe\u00fa mannsins son, tala \u00fe\u00fa til forstj\u00f3ra \u00cdsraelsmanna, og seg til \u00feeirra: Svo segir Drottinn alvaldur: eru\u00f0 \u00fe\u00e9r komnir til a\u00f0 a\u00f0spyrja mig? Svo sannarlega sem eg lifi, vil eg ei l\u00e1ta y\u00f0ur a\u00f0spyrja mig, segir Drottinn alvaldur.<a name=\"4\"><span class=\"versanumer\">4<\/span><\/a>Vanda \u00fe\u00fa um vi\u00f0 \u00fe\u00e1, \u00fe\u00fa mannsins son, \u00e1v\u00edta \u00fe\u00fa \u00fe\u00e1; lei\u00f0 \u00feeim fyrir sj\u00f3nir sv\u00edvir\u00f0ingar forfe\u00f0ra \u00feinna,<a name=\"5\"><span class=\"versanumer\">5<\/span><\/a>og seg \u00feeim: Svo segir Drottinn alvaldur: \u00feann dag er eg \u00fatvaldi \u00cdsraelsf\u00f3lk, ei\u00f0batt s\u00e1ttm\u00e1la vi\u00f0 afkomendur Jakobssona, gj\u00f6r\u00f0i mig \u00feeim auglj\u00f3san \u00ed Egyptalandi, og s\u00f3r \u00feeim me\u00f0 upplyftri hendi \u201eeg em Drottinn, y\u00f0ar Gu\u00f0\u201c;<a name=\"6\"><span class=\"versanumer\">6<\/span><\/a>\u00feann sama dag er eg s\u00f3r \u00feeim me\u00f0 upplyftri hendi, a\u00f0 eg skyldi lei\u00f0a \u00fe\u00e1 \u00fat af Egyptalandi til \u00feess landsins, sem eg hef\u00f0i fyrirhuga\u00f0 \u00feeim, sem flyti af mj\u00f3lk og hunangi, og v\u00e6ri \u00e1g\u00e6tast eitthv\u00f6rt allra landa:<a name=\"7\"><span class=\"versanumer\">7<\/span><\/a>\u00fe\u00e1 sag\u00f0a eg til \u00feeirra: s\u00e9rhv\u00f6r y\u00f0ar burtkasti \u00feeim vi\u00f0urstygg\u00f0um, sem veri\u00f0 hafa y\u00f0ar augnagaman, og saurgi\u00f0 y\u00f0ur ekki \u00e1 skur\u00f0go\u00f0um Egyptalandsmanna; eg Drottinn er y\u00f0ar Gu\u00f0.<a name=\"8\"><span class=\"versanumer\">8<\/span><\/a>En \u00feeir voru m\u00e9r m\u00f3tsn\u00fanir, og vildu eigi hl\u00fd\u00f0a m\u00e9r; enginn \u00feeirra burtkasta\u00f0i \u00feeim vi\u00f0urstygg\u00f0um, sem voru \u00feeirra augnagaman, og \u00feeir yfirg\u00e1fu ekki afgu\u00f0i Egyptalandsmanna. \u00de\u00e1 h\u00e9t eg a\u00f0 \u00fatausa yfir \u00fe\u00e1 minni heift, og l\u00e1ta m\u00edna gj\u00f6rvalla rei\u00f0i yfir \u00fe\u00e1 koma mitt \u00ed Egyptalandi.<a name=\"9\"><span class=\"versanumer\">9<\/span><\/a>\u00de\u00f3 gj\u00f6r\u00f0a eg \u00fea\u00f0 fyrir m\u00edns nafns sakir, svo \u00fea\u00f0 skyldi ei vanhelga\u00f0 ver\u00f0a me\u00f0al \u00feeirra hei\u00f0ingja, hj\u00e1 hv\u00f6rjum \u00feeir voru, og \u00ed hv\u00f6rra augs\u00fdn eg haf\u00f0i gj\u00f6rt mig \u00feeim auglj\u00f3san, a\u00f0 eg leiddi \u00fe\u00e1 \u00fat af Egyptalandi.<a name=\"10\"><span class=\"versanumer\">10<\/span><\/a>Eg leiddi \u00fe\u00e1 \u00feess vegna \u00fat af Egyptalandi, og kom \u00feeim inn \u00ed ey\u00f0im\u00f6rkina.<a name=\"11\"><span class=\"versanumer\">11<\/span><\/a>\u00de\u00e1 gaf eg \u00feeim m\u00edn bo\u00f0or\u00f0, og kunngj\u00f6r\u00f0i \u00feeim mitt l\u00f6gm\u00e1l, sem hv\u00f6r ma\u00f0ur, er heldur, skal heill af hlj\u00f3ta.<a name=\"12\"><span class=\"versanumer\">12<\/span><\/a>Eg gaf \u00feeim og m\u00edna hv\u00edldardaga til merkis um \u00fea\u00f0 samband, sem var milli m\u00edn og \u00feeirra, svo \u00fear af m\u00e6tti auglj\u00f3st ver\u00f0a, a\u00f0 eg Drottinn er s\u00e1, sem \u00fe\u00e1 heilaga gj\u00f6rir.<a name=\"13\"><span class=\"versanumer\">13<\/span><\/a>En \u00cdsraelsmenn voru m\u00e9r m\u00f3tsn\u00fanir \u00ed ey\u00f0im\u00f6rkinni, \u00feeir lif\u00f0u ei eftir m\u00ednum bo\u00f0or\u00f0um, heldur fyrirlitu mitt l\u00f6gm\u00e1l, sem hv\u00f6r ma\u00f0ur, er heldur, skal heill af hlj\u00f3ta; og m\u00edna hv\u00edldardaga vanhelgu\u00f0u \u00feeir n\u00e6sta mj\u00f6g. Eg h\u00e9t \u00fe\u00e1 a\u00f0 \u00fatausa minni rei\u00f0i yfir \u00fe\u00e1 \u00ed ey\u00f0im\u00f6rkinni, og gj\u00f6rey\u00f0a \u00feeim;<a name=\"14\"><span class=\"versanumer\">14<\/span><\/a>en eg gj\u00f6r\u00f0i \u00fea\u00f0 \u00fe\u00f3 ekki, fyrir m\u00edns nafns sakir, svo \u00fea\u00f0 skyldi ei vanhelga\u00f0 ver\u00f0a me\u00f0al hei\u00f0ingjanna, \u00ed hv\u00f6rra augs\u00fdn eg haf\u00f0i \u00fatleitt \u00fe\u00e1.<a name=\"15\"><span class=\"versanumer\">15<\/span><\/a>Og jafnvel \u00fe\u00f3 eg hef\u00f0i svari\u00f0 me\u00f0 uppr\u00e9ttri hendi \u00ed ey\u00f0im\u00f6rkinni, a\u00f0 eg ekki skyldi lei\u00f0a \u00fe\u00e1 inn \u00ed \u00fea\u00f0 landi\u00f0, sem eg haf\u00f0i \u00e6tla\u00f0 \u00feeim, \u00fea\u00f0 land, sem flyti af mj\u00f3lk og hunangi, og \u00e1g\u00e6tast v\u00e6ri allra landa,<a name=\"16\"><span class=\"versanumer\">16<\/span><\/a>vegna \u00feess \u00feeir h\u00f6f\u00f0u fyrirliti\u00f0 mitt l\u00f6gm\u00e1l, ekki lifa\u00f0 eftir m\u00ednum bo\u00f0or\u00f0um, vanhelga\u00f0 m\u00edna hv\u00edldardaga og hneigt hugi s\u00edna til afgu\u00f0ad\u00fdrkunar:<a name=\"17\"><span class=\"versanumer\">17<\/span><\/a>\u00fe\u00e1 samt v\u00e6g\u00f0a eg \u00feeim, svo eg tort\u00fdndi \u00feeim ekki n\u00e9 gj\u00f6reyddi \u00ed ey\u00f0im\u00f6rkinni.<a name=\"18\"><span class=\"versanumer\">18<\/span><\/a>Eg sag\u00f0i \u00fe\u00e1 vi\u00f0 sonu \u00feeirra \u00ed ey\u00f0im\u00f6rkinni: breyti\u00f0 ekki eftir si\u00f0um fe\u00f0ra y\u00f0varra, haldi\u00f0 ekki \u00feeirra h\u00e1ttalagi, og saurgi\u00f0 y\u00f0ur ekki \u00e1 \u00feeirra skur\u00f0go\u00f0um;<a name=\"19\"><span class=\"versanumer\">19<\/span><\/a>eg Drottinn er y\u00f0ar Gu\u00f0: lifi\u00f0 eftir m\u00ednum bo\u00f0or\u00f0um, haldi\u00f0 mitt l\u00f6gm\u00e1l og breyti\u00f0 eftir \u00fev\u00ed,<a name=\"20\"><span class=\"versanumer\">20<\/span><\/a>haldi\u00f0 heilagt m\u00edna hv\u00edldardaga til merkis um \u00fea\u00f0 samband, sem er \u00ed milli m\u00edn og y\u00f0ar, hvar af \u00feekkjast skal, a\u00f0 eg Drottinn er y\u00f0ar Gu\u00f0.<a name=\"21\"><span class=\"versanumer\">21<\/span><\/a>En synirnir voru m\u00e9r m\u00f3tsn\u00fanir, \u00feeir lif\u00f0u ei eftir m\u00ednum bo\u00f0or\u00f0um, skeyttu ei um a\u00f0 heg\u00f0a s\u00e9r eftir m\u00ednu l\u00f6gm\u00e1li, sem hv\u00f6r ma\u00f0ur, er heldur \u00fea\u00f0, skal \u00fe\u00f3 heill af hlj\u00f3ta; og \u00feeir vanhelgu\u00f0u m\u00edna hv\u00edldardaga.<a name=\"22\"><span class=\"versanumer\">22<\/span><\/a>Samt hefti eg h\u00f6nd m\u00edna, og mat \u00fea\u00f0 meir, a\u00f0 mitt nafn skyldi ei ver\u00f0a vanhelga\u00f0 me\u00f0al hei\u00f0ingjanna, \u00ed hv\u00f6rra augs\u00fdn eg haf\u00f0i \u00fatleitt \u00fe\u00e1.<a name=\"23\"><span class=\"versanumer\">23<\/span><\/a>Eg s\u00f3r \u00feeim n\u00fa me\u00f0 uppr\u00e9ttri hendi \u00ed ey\u00f0im\u00f6rkinni, a\u00f0 eg skyldi tv\u00edstra \u00feeim me\u00f0al hei\u00f0ingjanna og dreifa \u00feeim \u00fat um l\u00f6ndin,<a name=\"24\"><span class=\"versanumer\">24<\/span><\/a>af \u00fev\u00ed \u00feeir h\u00f6f\u00f0u ekki breytt eftir m\u00ednu l\u00f6gm\u00e1li, heldur fyrirliti\u00f0 m\u00edn bo\u00f0or\u00f0, vanhelga\u00f0 m\u00edna hv\u00edldardaga, og sett hug sinn til afgu\u00f0a fe\u00f0ra sinna.<a name=\"25\"><span class=\"versanumer\">25<\/span><\/a>N\u00fa l\u00e9t eg \u00fe\u00e1 taka upp \u00fe\u00e1 si\u00f0i, sem ekki voru g\u00f3\u00f0ir, og \u00fea\u00f0 h\u00e1ttalag, sem \u00feeim var\u00f0 til \u00f3g\u00e6fu:<a name=\"26\"><span class=\"versanumer\">26<\/span><\/a>eg l\u00e9t \u00fe\u00e1 saurga sig \u00e1 f\u00f3rnum s\u00ednum, \u00fear sem \u00feeir brenndu \u00e1 b\u00e1li alla frumbur\u00f0i s\u00edna, til \u00feess \u00feeim skyldi ofbj\u00f3\u00f0a <span class='VideyAth'>a)<\/span>, svo \u00feeir yr\u00f0i a\u00f0 kannast vi\u00f0, a\u00f0 eg em Drottinn.<a name=\"27\"><span class=\"versanumer\">27<\/span><\/a>Tala \u00fe\u00fa \u00feess vegna til \u00cdsraelsmanna, \u00fe\u00fa mannsins son, og seg \u00feeim: Svo segir Drottinn alvaldur: h\u00e9r \u00e1 ofan hafa forfe\u00f0ur y\u00f0ar sm\u00e1na\u00f0 mig, og s\u00fdnt m\u00e9r \u00f3hollustu \u00ed \u00fev\u00ed, sem n\u00fa mun eg telja:<a name=\"28\"><span class=\"versanumer\">28<\/span><\/a>eg leiddi \u00fe\u00e1 inn \u00ed \u00fea\u00f0 landi\u00f0, sem eg me\u00f0 uppr\u00e9ttri hendi haf\u00f0i heiti\u00f0 a\u00f0 gefa \u00feeim; en ekki h\u00f6f\u00f0u \u00feeir fyrr komi\u00f0 auga \u00e1 einhv\u00f6rja h\u00e1va h\u00e6\u00f0 e\u00f0a einhv\u00f6rn lundinn, fyrr en \u00feeir bl\u00f3tu\u00f0u \u00fear bl\u00f3tum s\u00ednum, b\u00e1ru \u00fear f\u00f3rnir, sem m\u00e9r voru andstyggilegar, l\u00e9tu \u00fear sinn s\u00e6tan ilm uppst\u00edga, og dreyptu \u00fear dreypif\u00f3rnum s\u00ednum.<a name=\"29\"><span class=\"versanumer\">29<\/span><\/a>Eg sag\u00f0i til \u00feeirra: hva\u00f0 eru \u00feessar h\u00e6\u00f0ir <span class='VideyAth'>b)<\/span>, er \u00fe\u00e9r gangi\u00f0 til? og \u00fe\u00f3 heyrist \u00e1vallt nafni\u00f0 \u201eh\u00e6\u00f0\u201c allt til \u00feessa dags. <br \/><a name=\"30\"><span class=\"versanumer\">30<\/span><\/a>\u00dear fyrir seg \u00fe\u00fa til \u00cdsraelsmanna: Svo segir Drottinn alvaldur: \u00fe\u00e9r eru\u00f0 saurga\u00f0ir allt eins og forfe\u00f0ur y\u00f0ar, og fremji\u00f0 eins andstyggilegan saurlifna\u00f0, og \u00feeir gj\u00f6r\u00f0u;<a name=\"31\"><span class=\"versanumer\">31<\/span><\/a>\u00fe\u00e9r hafi\u00f0 saurga\u00f0 y\u00f0ur \u00e1 \u00f6llum y\u00f0ar skur\u00f0go\u00f0um allt til \u00feessa dags, me\u00f0 \u00fev\u00ed a\u00f0 f\u00e6ra \u00feeim f\u00f3rnir og brenna b\u00f6rn y\u00f0ar \u00e1 b\u00e1li. Skyldi eg l\u00e1ta y\u00f0ur, \u00cdsraelsmenn, a\u00f0spyrja mig? nei, svo sannarlega sem eg lifi, segir Drottinn alvaldur, vil eg ekki vera a\u00f0spur\u00f0ur af y\u00f0ur.<a name=\"32\"><span class=\"versanumer\">32<\/span><\/a>Ekki skal \u00fea\u00f0 heldur ver\u00f0a, sem y\u00f0ur hefir til hugar komi\u00f0; \u00fe\u00e9r hugsu\u00f0u\u00f0: v\u00e9r viljum vera sem a\u00f0rar \u00fej\u00f3\u00f0ir, hafa \u00e1 oss si\u00f0i annarra landa, og tilbi\u00f0ja stokka og steina.<a name=\"33\"><span class=\"versanumer\">33<\/span><\/a>Svo sannarlega sem eg lifi, segir Drottinn alvaldur, skal eg drottna yfir y\u00f0ur me\u00f0 \u00f6flugri hendi, me\u00f0 \u00fatr\u00e9ttum armlegg og me\u00f0 \u00fathelltri heift:<a name=\"34\"><span class=\"versanumer\">34<\/span><\/a>eg skal \u00fatlei\u00f0a y\u00f0ur fr\u00e1 \u00fej\u00f3\u00f0unum; me\u00f0 \u00f6flugri hendi, \u00fatr\u00e9ttum armlegg og \u00ed \u00fathelltri heift skal eg samansafna y\u00f0ur af \u00feeim l\u00f6ndunum, sem \u00fe\u00e9r eru\u00f0 \u00ed dreif\u00f0ir,<a name=\"35\"><span class=\"versanumer\">35<\/span><\/a>og f\u00e6ra y\u00f0ur \u00fat \u00ed ey\u00f0im\u00f6rku \u00fej\u00f3\u00f0anna, til \u00feess a\u00f0 halda \u00fear d\u00f3m yfir y\u00f0ur augliti til auglitis.<a name=\"36\"><span class=\"versanumer\">36<\/span><\/a>Eins og eg d\u00e6mdi forfe\u00f0ur y\u00f0ar \u00ed Egyptalands ey\u00f0im\u00f6rku, eins vil eg y\u00f0ur d\u00e6ma, segir Drottinn alvaldur.<a name=\"37\"><span class=\"versanumer\">37<\/span><\/a>Eg skal f\u00e6ra y\u00f0ur undir hirtingarv\u00f6ndinn, og \u00ferengja y\u00f0ur \u00ed b\u00f6nd s\u00e1ttm\u00e1lans;<a name=\"38\"><span class=\"versanumer\">38<\/span><\/a>en \u00fe\u00e1 m\u00f3tsn\u00fanu og fr\u00e1f\u00f6llnu vil eg skilja fr\u00e1 y\u00f0ur; eg vil lei\u00f0a \u00fe\u00e1 \u00fat af \u00fev\u00ed landi, hvar \u00feeir b\u00faa \u00ed \u00fatleg\u00f0, en \u00ed \u00cdsraelsland skulu \u00feeir ekki koma, svo a\u00f0 \u00fe\u00e9r skulu\u00f0 vi\u00f0urkenna, a\u00f0 eg em Drottinn.<a name=\"39\"><span class=\"versanumer\">39<\/span><\/a>\u00de\u00e9r, \u00cdsraelsmenn! Svo segir Drottinn alvaldur: fari n\u00fa hv\u00f6r y\u00f0ar, sem vill, og \u00fej\u00f3ni s\u00ednum afgu\u00f0um eftirlei\u00f0is, fyrst enginn y\u00f0ar vill hl\u00fd\u00f0a m\u00e9r, og vanhelgi\u00f0 ekki h\u00e9r eftir mitt heilaga nafn me\u00f0 y\u00f0ar f\u00f3rnum og sv\u00edvir\u00f0ilegu bl\u00f3tum!<a name=\"40\"><span class=\"versanumer\">40<\/span><\/a>\u00dev\u00ed \u00e1 m\u00ednu heilaga fjalli, \u00e1 \u00cdsraels h\u00e1va fjalli <span class='VideyAth'>(segir Drottinn alvaldur)<\/span> skulu allir \u00cdsraelsmenn, allir innb\u00faar landsins, tilbi\u00f0ja mig; \u00fear skal eg hafa \u00fe\u00f3knun \u00e1 \u00feeim, \u00fear skal eg \u00feekkjast y\u00f0ar upplyftingarf\u00f3rnir og y\u00f0ar frumgr\u00f3\u00f0a, \u00e1samt me\u00f0 \u00f6llu \u00fev\u00ed sem \u00fe\u00e9r helgi\u00f0 m\u00e9r;<a name=\"41\"><span class=\"versanumer\">41<\/span><\/a>\u00fe\u00e9r skulu\u00f0 vera m\u00e9r velkomnir me\u00f0 y\u00f0ar s\u00e6ta f\u00f3rnarilm, \u00feegar eg hefi \u00fatleitt y\u00f0ur fr\u00e1 \u00fej\u00f3\u00f0unum, og samansafna\u00f0 y\u00f0ur \u00far \u00feeim l\u00f6ndunum, sem \u00fe\u00e9r eru\u00f0 \u00ed dreif\u00f0ir, og \u00fe\u00e1 skal eg helga\u00f0ur ver\u00f0a <span class='VideyAth'>c)<\/span> me\u00f0al y\u00f0ar \u00ed augs\u00fdn hei\u00f0ingjanna.<a name=\"42\"><span class=\"versanumer\">42<\/span><\/a>\u00de\u00e9r skulu\u00f0 vi\u00f0urkenna a\u00f0 eg em Drottinn, \u00feegar eg hefi innleitt y\u00f0ur \u00ed \u00cdsraelsland, \u00ed \u00fea\u00f0 landi\u00f0, sem eg me\u00f0 svardaga h\u00e9t a\u00f0 gefa fe\u00f0rum y\u00f0ar.<a name=\"43\"><span class=\"versanumer\">43<\/span><\/a>\u00dear skulu\u00f0 \u00fe\u00e9r minnast y\u00f0ar fyrri breytni, og allra y\u00f0ar verka, me\u00f0 hv\u00f6rjum \u00fe\u00e9r saurgu\u00f0u\u00f0 y\u00f0ur, og y\u00f0ur skal bj\u00f3\u00f0a vi\u00f0 sj\u00e1lfum y\u00f0ur s\u00f6kum alls \u00feess illa, sem \u00fe\u00e9r hafi\u00f0 gj\u00f6rt.<a name=\"44\"><span class=\"versanumer\">44<\/span><\/a>Og \u00fe\u00e9r, \u00cdsraelsmenn, skulu\u00f0 vi\u00f0urkenna, a\u00f0 eg em Drottinn, \u00feegar eg breyti vi\u00f0 y\u00f0ur fyrir m\u00edns nafns sakir <span class='VideyAth'>a)<\/span>, en ekki eftir y\u00f0ar vondri breytni og illverkum, segir Drottinn alvaldur.<\/p>\n<div class=\"footnoteVidey\">V. 26. a. Til \u00feess \u00feeir r\u00e6ki sig \u00e1 sj\u00e1lfir, og fyndi, hv\u00f6r munur var \u00e1 \u00feeirri s\u00f6nnu gu\u00f0sd\u00fdrkun og afgu\u00f0ad\u00fdrkuninni.  V. 29. b. \u00cd hv\u00f6rju eru bl\u00f3tsh\u00e6\u00f0irnar betri, en musteri Drottins?  V. 41. c. \u00de. e. vegsama\u00f0ur og tilbe\u00f0inn, sem s\u00e1 eini sanni Gu\u00f0. V. 44. a. \u00de. e. eftir minni miskunnsemi og tr\u00fafesti.<\/div>\n","protected":false},"excerpt":{"rendered":"<p>Esek\u00edel talar skorinort m\u00f3ti afgu\u00f0ad\u00fdrkun Gy\u00f0inga og hr\u00e6sni \u00feeirra. 1\u00c1 sj\u00f6unda \u00e1rinu, \u00feann t\u00edunda dag hins fimmta m\u00e1na\u00f0ar, komu nokkurir af h\u00f6f\u00f0ingjum \u00cdsraelsmanna til a\u00f0 a\u00f0spyrja Drottin, og settu sig ni\u00f0ur frammi fyrir m\u00e9r.2\u00de\u00e1 tala\u00f0i Drottinn til m\u00edn svol\u00e1tandi or\u00f0um:3\u00fe\u00fa mannsins son, tala \u00fe\u00fa til forstj\u00f3ra \u00cdsraelsmanna, og seg til \u00feeirra: Svo segir Drottinn alvaldur: eru\u00f0 \u00fe\u00e9r komnir til a\u00f0 a\u00f0spyrja mig? Svo sannarlega sem eg lifi, vil eg ei l\u00e1ta y\u00f0ur a\u00f0spyrja mig, segir Drottinn alvaldur.4Vanda \u00fe\u00fa um vi\u00f0 \u00fe\u00e1, \u00fe\u00fa mannsins son, \u00e1v\u00edta \u00fe\u00fa \u00fe\u00e1; lei\u00f0 \u00feeim fyrir sj\u00f3nir sv\u00edvir\u00f0ingar forfe\u00f0ra \u00feinna,5og seg \u00feeim: Svo segir Drottinn alvaldur: <a href=\"https:\/\/biblian.is\/videy\/esekiel-20-kafli\/\"> [&#8230;]<\/a><\/p>\n","protected":false},"author":1,"featured_media":0,"parent":0,"menu_order":0,"comment_status":"open","ping_status":"open","template":"bibliukaflar.php","meta":{"footnotes":""},"class_list":["post-21671","page","type-page","status-publish","hentry"],"_links":{"self":[{"href":"https:\/\/biblian.is\/videy\/wp-json\/wp\/v2\/pages\/21671","targetHints":{"allow":["GET"]}}],"collection":[{"href":"https:\/\/biblian.is\/videy\/wp-json\/wp\/v2\/pages"}],"about":[{"href":"https:\/\/biblian.is\/videy\/wp-json\/wp\/v2\/types\/page"}],"author":[{"embeddable":true,"href":"https:\/\/biblian.is\/videy\/wp-json\/wp\/v2\/users\/1"}],"replies":[{"embeddable":true,"href":"https:\/\/biblian.is\/videy\/wp-json\/wp\/v2\/comments?post=21671"}],"version-history":[{"count":0,"href":"https:\/\/biblian.is\/videy\/wp-json\/wp\/v2\/pages\/21671\/revisions"}],"wp:attachment":[{"href":"https:\/\/biblian.is\/videy\/wp-json\/wp\/v2\/media?parent=21671"}],"curies":[{"name":"wp","href":"https:\/\/api.w.org\/{rel}","templated":true}]}}