{"id":21670,"date":"2018-01-02T01:03:22","date_gmt":"2018-01-02T01:03:22","guid":{"rendered":"http:\/\/biblian.is\/videy\/esekiel-19-kafli\/"},"modified":"2018-01-02T01:03:22","modified_gmt":"2018-01-02T01:03:22","slug":"esekiel-19-kafli","status":"publish","type":"page","link":"https:\/\/biblian.is\/videy\/esekiel-19-kafli\/","title":{"rendered":"Esek\u00edel 19. kafli"},"content":{"rendered":"<div class=\"fyrirsognVidey\">Harmas\u00f6ngur yfir \u00f3f\u00f6rum nokkura af \u00feeim s\u00ed\u00f0ustu konungum J\u00fadar\u00edkis, 1\u20139; og yfir \u00fej\u00f3\u00f0arinnar hryggilegu afdrifum.<\/div>\n<p><a name=\"1\"><span class=\"versanumer\">1<\/span><\/a>Kyrja \u00fe\u00fa upp harmas\u00f6ng yfir \u00cdsraelsh\u00f6f\u00f0ingjum <span class='VideyAth'>a)<\/span>,<a name=\"2\"><span class=\"versanumer\">2<\/span><\/a>og seg: en hva\u00f0 lj\u00f3nsm\u00e6\u00f0ran, m\u00f3\u00f0ir \u00fe\u00edn <span class='VideyAth'>b)<\/span> l\u00e1 makr\u00e1\u00f0 \u00e1 me\u00f0al lj\u00f3nanna, og upp\u00f3l hvolpa s\u00edna mitt \u00e1 milli lj\u00f3nsk\u00e1lfanna!<a name=\"3\"><span class=\"versanumer\">3<\/span><\/a>H\u00fan \u00f3l upp einn <span class='VideyAth'>c)<\/span> af hvolpum s\u00ednum, uns hann var\u00f0 a\u00f0 lj\u00f3nsk\u00e1lfi: hann vandist vi\u00f0 a\u00f0 leita s\u00e9r \u00e6tis, og lif\u00f0i \u00e1 mannabr\u00e1\u00f0.<a name=\"4\"><span class=\"versanumer\">4<\/span><\/a>Og er \u00fej\u00f3\u00f0irnar fengu fregn af honum, veiddu \u00fe\u00e6r hann \u00ed s\u00ednum gr\u00f6fum, settu hringa \u00ed nasir hans, og fluttu hann til Egyptalands.<a name=\"5\"><span class=\"versanumer\">5<\/span><\/a>En er lj\u00f3nsm\u00e6\u00f0ran s\u00e1, a\u00f0 henni br\u00e1st s\u00fa \u00e6tlan, er h\u00fan haf\u00f0i gj\u00f6rt s\u00e9r, t\u00f3k h\u00fan annan <span class='VideyAth'>d)<\/span> af hvolpum s\u00ednum, og gj\u00f6r\u00f0i \u00far honum lj\u00f3nsk\u00e1lf.<a name=\"6\"><span class=\"versanumer\">6<\/span><\/a>S\u00e1 lj\u00f3nsk\u00e1lfur gekk n\u00fa me\u00f0al lj\u00f3nanna, vandist vi\u00f0 a\u00f0 leita s\u00e9r \u00e6tis, og lif\u00f0i \u00e1 mannabr\u00e1\u00f0,<a name=\"7\"><span class=\"versanumer\">7<\/span><\/a>lag\u00f0ist \u00e1 konungahallir og eyddi borgir, en allir, sem \u00ed landinu bjuggu, ur\u00f0u hr\u00e6ddir vi\u00f0 \u00f6skur hans.<a name=\"8\"><span class=\"versanumer\">8<\/span><\/a>\u00de\u00e1 sl\u00f3gu \u00fej\u00f3\u00f0irnar fr\u00e1 n\u00e1l\u00e6gum l\u00f6ndum hring um hann, l\u00f6g\u00f0u net fyrir hann, og var\u00f0 hann veiddur \u00ed gr\u00f6fum \u00feeirra;<a name=\"9\"><span class=\"versanumer\">9<\/span><\/a>\u00feeir l\u00e9tu hringa \u00ed nasir hans, og fluttu hann svo \u00ed b\u00fari til Babelskonungs, og var honum \u00fear varpa\u00f0 \u00ed lj\u00f3nagryfju, svo a\u00f0 \u00f3p hans skyldi ekki framar heyrast \u00e1 \u00cdsraelsfj\u00f6llum.<br \/><a name=\"10\"><span class=\"versanumer\">10<\/span><\/a>M\u00f3\u00f0ir \u00fe\u00edn var l\u00edk \u00fe\u00e9r, h\u00fan var eins og \u00fea\u00f0 v\u00edntr\u00e9, sem gr\u00f3\u00f0ursett var hj\u00e1 vatni, og var\u00f0 \u00e1vaxtarsamt og grein\u00f3tt af vatnsgn\u00f3ttinni;<a name=\"11\"><span class=\"versanumer\">11<\/span><\/a>hr\u00edslur \u00feess voru sterkar og m\u00e1tulegar \u00ed veldissprota, og uxu h\u00e1tt upp \u00ed milli annarra kvista, svo a\u00f0 mj\u00f6g bar \u00e1 vexti \u00feeirra me\u00f0al hinna m\u00f6rgu anga.<a name=\"12\"><span class=\"versanumer\">12<\/span><\/a>En \u00fev\u00ed var\u00f0 upp rykkt \u00ed heift og kasta\u00f0 \u00e1 j\u00f6r\u00f0 ni\u00f0ur; vindur af austri <span class='VideyAth'>c)<\/span> upp\u00feurrka\u00f0i \u00e1v\u00f6xtinn, \u00fe\u00e6r sterku hr\u00edslurnar brotnu\u00f0u og visnu\u00f0u; eldur <span class='VideyAth'>f)<\/span> eyddi \u00feeim.<a name=\"13\"><span class=\"versanumer\">13<\/span><\/a>N\u00fa er \u00fea\u00f0 gr\u00f3\u00f0ursett \u00ed ey\u00f0im\u00f6rku, \u00ed \u00feurru og vatnslausu landi;<a name=\"14\"><span class=\"versanumer\">14<\/span><\/a>en eldur <span class='VideyAth'>g)<\/span> hefir brotist \u00fat af legg hr\u00edslanna og eytt \u00e1vexti tr\u00e9sins, og n\u00fa er engin sterk hr\u00edsla eftir \u00e1 \u00fev\u00ed, sem h\u00e6f s\u00e9 \u00ed veldissprota. \u00deetta er harmas\u00f6ngur, og skal ver\u00f0a harmas\u00f6ngur.<\/p>\n<div class=\"footnoteVidey\">V. 1. a. \u00deeim vondu eftirkomendum J\u00f3s\u00edass J\u00fadakonungs, 2 K\u00f3ng. 23,31\u201324,16. 2 Kron. 36,1\u201310.  V. 2. b. Innb\u00faar J\u00fadar\u00edkis, forfe\u00f0ur y\u00f0ar.  V. 3. c. J\u00f3akas, son J\u00f3s\u00edass k\u00f3ngs. V. 5. d. J\u00f3ak\u00edn. V. 12. e. Konungur Kaldeanna. f. Rei\u00f0i Drottins.  V. 14. g. Uppreisn Sedekiasar k\u00f3ngs.<\/div>\n","protected":false},"excerpt":{"rendered":"<p>Harmas\u00f6ngur yfir \u00f3f\u00f6rum nokkura af \u00feeim s\u00ed\u00f0ustu konungum J\u00fadar\u00edkis, 1\u20139; og yfir \u00fej\u00f3\u00f0arinnar hryggilegu afdrifum. 1Kyrja \u00fe\u00fa upp harmas\u00f6ng yfir \u00cdsraelsh\u00f6f\u00f0ingjum a),2og seg: en hva\u00f0 lj\u00f3nsm\u00e6\u00f0ran, m\u00f3\u00f0ir \u00fe\u00edn b) l\u00e1 makr\u00e1\u00f0 \u00e1 me\u00f0al lj\u00f3nanna, og upp\u00f3l hvolpa s\u00edna mitt \u00e1 milli lj\u00f3nsk\u00e1lfanna!3H\u00fan \u00f3l upp einn c) af hvolpum s\u00ednum, uns hann var\u00f0 a\u00f0 lj\u00f3nsk\u00e1lfi: hann vandist vi\u00f0 a\u00f0 leita s\u00e9r \u00e6tis, og lif\u00f0i \u00e1 mannabr\u00e1\u00f0.4Og er \u00fej\u00f3\u00f0irnar fengu fregn af honum, veiddu \u00fe\u00e6r hann \u00ed s\u00ednum gr\u00f6fum, settu hringa \u00ed nasir hans, og fluttu hann til Egyptalands.5En er lj\u00f3nsm\u00e6\u00f0ran s\u00e1, a\u00f0 henni br\u00e1st s\u00fa \u00e6tlan, er h\u00fan haf\u00f0i gj\u00f6rt s\u00e9r, <a href=\"https:\/\/biblian.is\/videy\/esekiel-19-kafli\/\"> [&#8230;]<\/a><\/p>\n","protected":false},"author":1,"featured_media":0,"parent":0,"menu_order":0,"comment_status":"open","ping_status":"open","template":"bibliukaflar.php","meta":{"footnotes":""},"class_list":["post-21670","page","type-page","status-publish","hentry"],"_links":{"self":[{"href":"https:\/\/biblian.is\/videy\/wp-json\/wp\/v2\/pages\/21670","targetHints":{"allow":["GET"]}}],"collection":[{"href":"https:\/\/biblian.is\/videy\/wp-json\/wp\/v2\/pages"}],"about":[{"href":"https:\/\/biblian.is\/videy\/wp-json\/wp\/v2\/types\/page"}],"author":[{"embeddable":true,"href":"https:\/\/biblian.is\/videy\/wp-json\/wp\/v2\/users\/1"}],"replies":[{"embeddable":true,"href":"https:\/\/biblian.is\/videy\/wp-json\/wp\/v2\/comments?post=21670"}],"version-history":[{"count":0,"href":"https:\/\/biblian.is\/videy\/wp-json\/wp\/v2\/pages\/21670\/revisions"}],"wp:attachment":[{"href":"https:\/\/biblian.is\/videy\/wp-json\/wp\/v2\/media?parent=21670"}],"curies":[{"name":"wp","href":"https:\/\/api.w.org\/{rel}","templated":true}]}}