{"id":21669,"date":"2018-01-02T01:03:15","date_gmt":"2018-01-02T01:03:15","guid":{"rendered":"http:\/\/biblian.is\/videy\/esekiel-18-kafli\/"},"modified":"2018-01-02T01:03:15","modified_gmt":"2018-01-02T01:03:15","slug":"esekiel-18-kafli","status":"publish","type":"page","link":"https:\/\/biblian.is\/videy\/esekiel-18-kafli\/","title":{"rendered":"Esek\u00edel 18. kafli"},"content":{"rendered":"<div class=\"fyrirsognVidey\">Esek\u00edel rekur \u00fe\u00e1 meiningu Gy\u00f0inga, a\u00f0 \u00feeir yr\u00f0u saklausir a\u00f0 gjalda synda forfe\u00f0ra sinna: \u00fev\u00ed Gu\u00f0 hegnir ei nema \u00feeim seka, og er miskunnsamur vi\u00f0 \u00feann \u00f3gu\u00f0lega, ef hann l\u00e6tur af illu. Sbr. 33,10\u201320.<\/div>\n<p><a name=\"1\"><span class=\"versanumer\">1<\/span><\/a>Drottinn tala\u00f0i til m\u00edn svol\u00e1tandi or\u00f0um:<a name=\"2\"><span class=\"versanumer\">2<\/span><\/a>hva\u00f0 \u00e1 s\u00e1 m\u00e1lsh\u00e1ttur a\u00f0 \u00fe\u00fd\u00f0a, sem \u00fe\u00e9r hafi\u00f0 um \u00cdsraelsland, ef \u00fe\u00e9r segi\u00f0: fe\u00f0urnir eta s\u00faru v\u00ednberin, en b\u00f6rnin f\u00e1 tannverkinn? <span class='VideyAth'>(Jer. 31,29\u201330)<\/span>.<a name=\"3\"><span class=\"versanumer\">3<\/span><\/a>Svo sannarlega sem eg lifi, segir Drottinn alvaldur, \u00fe\u00e1 skulu\u00f0 \u00fe\u00e9r ekki framar hafa sl\u00edkt or\u00f0tak \u00ed \u00cdsrael.<a name=\"4\"><span class=\"versanumer\">4<\/span><\/a>Sj\u00e1i\u00f0! allir menn eru m\u00ednir, sonurinn allteins og fa\u00f0irinn. Hv\u00f6r s\u00e1 ma\u00f0ur, sem syndgar, hann skal deyja.<a name=\"5\"><span class=\"versanumer\">5<\/span><\/a>Hv\u00f6r s\u00e1 ma\u00f0ur, sem er r\u00e1\u00f0vandur, og breytir r\u00e9tt og r\u00e1\u00f0vandlega:<a name=\"6\"><span class=\"versanumer\">6<\/span><\/a>Hv\u00f6r sem ekki etur af skur\u00f0go\u00f0af\u00f3rnum \u00e1 fj\u00f6llum uppi, upphefur ekki s\u00edn augu til skur\u00f0go\u00f0a \u00cdsraelsmanna, flekkar ekki eiginkonu n\u00e1unga s\u00edns, og n\u00e1l\u00e6gir sig ekki konu, sem er \u00f3hrein;<a name=\"7\"><span class=\"versanumer\">7<\/span><\/a>hv\u00f6r sem \u00f6ngvan undirokar, skilar aftur skuldave\u00f0i, tekur ekki neitt fr\u00e1 \u00f6\u00f0rum, b\u00fdtir brau\u00f0i \u00feeim hungra\u00f0a, og sk\u00fdlir kl\u00e6\u00f0um hinn nakta,<a name=\"8\"><span class=\"versanumer\">8<\/span><\/a>tekur ekki leigu af l\u00e1nsf\u00e9, gj\u00f6rir ekki ofkr\u00f6fu <span class='VideyAth'>(3 M\u00f3s. 25,36)<\/span>, heldur s\u00e9r fr\u00e1 \u00fev\u00ed sem rangt er, d\u00e6mir r\u00e9tt \u00e1 milli manna;<a name=\"9\"><span class=\"versanumer\">9<\/span><\/a>hv\u00f6r sem gegnir m\u00ednum skipunum og heldur m\u00edn bo\u00f0 alvarlega, hann er r\u00e1\u00f0vandur ma\u00f0ur, hann skal lifa, segir Drottinn alvaldur.<a name=\"10\"><span class=\"versanumer\">10<\/span><\/a>En eigi hann ofbeldismann fyrir son, sem \u00fateys bl\u00f3\u00f0i, e\u00f0a gj\u00f6rir eitthva\u00f0 af \u00fev\u00ed, sem h\u00e9r er banna\u00f0,<a name=\"11\"><span class=\"versanumer\">11<\/span><\/a>e\u00f0a g\u00e6tir ekki alls \u00feess, sem h\u00e9r er bo\u00f0i\u00f0, heldur etur \u00e1 fj\u00f6llum uppi, flekkar kvinnu n\u00e1unga s\u00edns,<a name=\"12\"><span class=\"versanumer\">12<\/span><\/a>k\u00fagar hinn f\u00e1t\u00e6ka og \u00feurftuga, tekur fr\u00e1 \u00f6\u00f0rum, skilar ekki aftur ve\u00f0i, upphefur augu s\u00edn til afgu\u00f0a, fremur sv\u00edvir\u00f0ingar,<a name=\"13\"><span class=\"versanumer\">13<\/span><\/a>tekur leigu af l\u00e1nsf\u00e9, gj\u00f6rir ofkr\u00f6fu: skyldi hann lifa? nei, s\u00e1 skal ekki lifa, sem fremur sl\u00edkar sv\u00edvir\u00f0ingar, deyja skal hann, hans bl\u00f3\u00f0sekt skal hv\u00edla yfir honum.<a name=\"14\"><span class=\"versanumer\">14<\/span><\/a>S\u00e1 sonur \u00fear \u00e1 m\u00f3ti, sem s\u00e9r allar \u00fe\u00e6r syndir, sem fa\u00f0ir hans dr\u00fdg\u00f0i, en breytir \u00fe\u00f3 ekki eins og hann s\u00e9r fyrir s\u00e9r haft:<a name=\"15\"><span class=\"versanumer\">15<\/span><\/a>etur ekki \u00e1 fj\u00f6llum uppi, upphefur ekki s\u00edn augu til skur\u00f0go\u00f0a \u00cdsraels manna, flekkar ekki eiginkonu n\u00e1unga s\u00edns,<a name=\"16\"><span class=\"versanumer\">16<\/span><\/a>k\u00fagar \u00f6ngvan, heldur ekki inni ve\u00f0i, tekur ekkert fr\u00e1 \u00f6\u00f0rum, b\u00fdtir brau\u00f0i \u00feeim hungra\u00f0a, sk\u00fdlir kl\u00e6\u00f0um \u00feann nakta,<a name=\"17\"><span class=\"versanumer\">17<\/span><\/a>leggst ekki \u00e1 aumingjann, tekur ekki leigu, n\u00e9 gj\u00f6rir ofkr\u00f6fu, heldur m\u00edn bo\u00f0or\u00f0 og lifir eftir m\u00ednum skipunum\u2014s\u00e1 skal ekki deyja sakir misgj\u00f6r\u00f0a f\u00f6\u00f0ur s\u00edns; nei, hann skal lifa.<a name=\"18\"><span class=\"versanumer\">18<\/span><\/a>En fa\u00f0ir hans, sem framdi ofr\u00edki og r\u00e1n gegn br\u00f3\u00f0ur s\u00ednum, og gj\u00f6r\u00f0i hva\u00f0 ei var gott me\u00f0al s\u00edns f\u00f3lks, hann d\u00f3 fyrir sinna misgj\u00f6r\u00f0a sakir.<a name=\"19\"><span class=\"versanumer\">19<\/span><\/a>Hv\u00ed skal sonurinn ekki gjalda misgj\u00f6r\u00f0a f\u00f6\u00f0ursins? spyrji\u00f0 \u00fe\u00e9r. Sonurinn skal lifa, af \u00fev\u00ed hann breytti r\u00e9tt og r\u00e1\u00f0vandlega, g\u00e6tti allra minna bo\u00f0or\u00f0a og h\u00e9lt \u00feau.<a name=\"20\"><span class=\"versanumer\">20<\/span><\/a>Hv\u00f6r s\u00e1 ma\u00f0ur, sem syndgar, hann skal deyja. Sonurinn skal ekki gjalda f\u00f6\u00f0ursins, og fa\u00f0irinn ekki sonarins; r\u00e1\u00f0vendnin skal \u00f6ngvum tilreiknast, nema \u00feeim r\u00e1\u00f0vanda, og \u00f3gu\u00f0leikinn \u00f6ngvum nema \u00feeim \u00f3gu\u00f0lega.<a name=\"21\"><span class=\"versanumer\">21<\/span><\/a>En hverfi hinn \u00f3gu\u00f0legi fr\u00e1 \u00f6llum s\u00ednum syndum, sem hann hefir gj\u00f6rt, og haldi \u00f6ll m\u00edn bo\u00f0or\u00f0, og breyti r\u00e9tt og r\u00e1\u00f0vandlega, \u00fe\u00e1 skal hann lifa og ekki deyja.<a name=\"22\"><span class=\"versanumer\">22<\/span><\/a>\u00d6ll hans afbrot, sem hann hefir dr\u00fdgt, skulu honum \u00fe\u00e1 ei tilreiknu\u00f0 ver\u00f0a; fyrir sakir \u00feeirrar r\u00e1\u00f0vendni, sem hann framdi, skal hann lifa.<a name=\"23\"><span class=\"versanumer\">23<\/span><\/a>Hugsar \u00fe\u00fa, a\u00f0 eg hafi \u00fe\u00f3knun \u00e1 dau\u00f0a hins \u00f3gu\u00f0lega, segir Drottinn alvaldur; nei, heldur \u00fear \u00e1, a\u00f0 hann b\u00e6ti r\u00e1\u00f0 sitt, og lifi.<a name=\"24\"><span class=\"versanumer\">24<\/span><\/a>En v\u00edki s\u00e1 r\u00e1\u00f0vandi fr\u00e1 sinni r\u00e1\u00f0vendni og gj\u00f6ri \u00f3r\u00e9tt, og breyti eftir \u00f6llum \u00feeim sv\u00edvir\u00f0ingum, sem hinn \u00f3gu\u00f0legi dr\u00fdgir, skyldi hann \u00fe\u00e1 lifa? Nei, \u00f6ll s\u00fa r\u00e1\u00f0vendni, sem hann hefir frami\u00f0, skal ei til \u00e1lits koma; fyrir \u00fe\u00e1 \u00f3hollustu, sem hann hefir s\u00fdnt, og \u00fe\u00e1 synd, sem hann hefir dr\u00fdgt, skal hann deyja.<a name=\"25\"><span class=\"versanumer\">25<\/span><\/a>Og \u00fe\u00f3 segi\u00f0 \u00fe\u00e9r: vegur hins alvalda er ekki r\u00e9ttur? Heyri\u00f0 \u00fe\u00e1, \u00cdsraels menn! Skyldi minn vegur ekki vera r\u00e9ttur? munu y\u00f0ar vegir ekki vera rangir?<a name=\"26\"><span class=\"versanumer\">26<\/span><\/a>\u00deegar s\u00e1 r\u00e1\u00f0vandi v\u00edkur fr\u00e1 sinni r\u00e1\u00f0vendni og gj\u00f6rir rangt og deyr fyrir \u00fe\u00e1 skuld, \u00fe\u00e1 deyr hann fyrir sakir \u00feeirra ranginda, sem hann gj\u00f6r\u00f0i;<a name=\"27\"><span class=\"versanumer\">27<\/span><\/a>og \u00feegar s\u00e1 \u00f3gu\u00f0legi hverfur fr\u00e1 s\u00ednu rangl\u00e6ti, sem hann gj\u00f6r\u00f0i, og dr\u00fdgir dygg\u00f0 og d\u00e1\u00f0, \u00fe\u00e1 frelsar hann l\u00edf sitt;<a name=\"28\"><span class=\"versanumer\">28<\/span><\/a>af \u00fev\u00ed hann s\u00e9r a\u00f0 s\u00e9r, og l\u00e6tur af \u00f6llum \u00feeim illgj\u00f6r\u00f0um, sem hann hefir frami\u00f0, fyrir \u00fe\u00e1 skuld skal hann lifa og ekki deyja.<a name=\"29\"><span class=\"versanumer\">29<\/span><\/a>Og \u00fe\u00f3 segja \u00cdsraelsmenn: vegur hins alvalda er ekki r\u00e9ttur! M\u00ednir vegir, skyldu \u00feeir ekki r\u00e9ttir vera? Munu ekki y\u00f0ar vegir, \u00cdsraelsmanna, vera rangir?<a name=\"30\"><span class=\"versanumer\">30<\/span><\/a>Eg vil \u00fe\u00e1 d\u00e6ma s\u00e9rhv\u00f6rn y\u00f0ar \u00cdsraelsmanna eftir sinni heg\u00f0un, segir Drottinn alvaldur. Sn\u00fai\u00f0 y\u00f0ur \u00fev\u00ed einl\u00e6glega fr\u00e1 \u00f6llu y\u00f0ar syndsamlega ath\u00e6fi, svo y\u00f0ar misgj\u00f6r\u00f0ir ver\u00f0i y\u00f0ur eigi til tj\u00f3ns;<a name=\"31\"><span class=\"versanumer\">31<\/span><\/a>varpi\u00f0 fr\u00e1 y\u00f0ur \u00f6llum y\u00f0ar syndum, sem \u00fe\u00e9r dr\u00fdgt hafi\u00f0, og efni\u00f0 y\u00f0ur upp \u00e1 n\u00fdtt hjartalag og n\u00fdtt hugarfar! \u00fev\u00ed hvar fyrir vilji\u00f0 \u00fe\u00e9r deyja, \u00cdsraelsmenn? eg hefi \u00f6ngva vild \u00e1 \u00fev\u00ed, a\u00f0 nokkur ma\u00f0ur deyi; b\u00e6ti\u00f0 \u00fev\u00ed r\u00e1\u00f0 y\u00f0vart, og lifi\u00f0!<\/p>\n<div class=\"footnoteVidey\"><\/div>\n","protected":false},"excerpt":{"rendered":"<p>Esek\u00edel rekur \u00fe\u00e1 meiningu Gy\u00f0inga, a\u00f0 \u00feeir yr\u00f0u saklausir a\u00f0 gjalda synda forfe\u00f0ra sinna: \u00fev\u00ed Gu\u00f0 hegnir ei nema \u00feeim seka, og er miskunnsamur vi\u00f0 \u00feann \u00f3gu\u00f0lega, ef hann l\u00e6tur af illu. Sbr. 33,10\u201320. 1Drottinn tala\u00f0i til m\u00edn svol\u00e1tandi or\u00f0um:2hva\u00f0 \u00e1 s\u00e1 m\u00e1lsh\u00e1ttur a\u00f0 \u00fe\u00fd\u00f0a, sem \u00fe\u00e9r hafi\u00f0 um \u00cdsraelsland, ef \u00fe\u00e9r segi\u00f0: fe\u00f0urnir eta s\u00faru v\u00ednberin, en b\u00f6rnin f\u00e1 tannverkinn? (Jer. 31,29\u201330).3Svo sannarlega sem eg lifi, segir Drottinn alvaldur, \u00fe\u00e1 skulu\u00f0 \u00fe\u00e9r ekki framar hafa sl\u00edkt or\u00f0tak \u00ed \u00cdsrael.4Sj\u00e1i\u00f0! allir menn eru m\u00ednir, sonurinn allteins og fa\u00f0irinn. Hv\u00f6r s\u00e1 ma\u00f0ur, sem syndgar, hann skal deyja.5Hv\u00f6r s\u00e1 ma\u00f0ur, sem er <a href=\"https:\/\/biblian.is\/videy\/esekiel-18-kafli\/\"> [&#8230;]<\/a><\/p>\n","protected":false},"author":1,"featured_media":0,"parent":0,"menu_order":0,"comment_status":"open","ping_status":"open","template":"bibliukaflar.php","meta":{"footnotes":""},"class_list":["post-21669","page","type-page","status-publish","hentry"],"_links":{"self":[{"href":"https:\/\/biblian.is\/videy\/wp-json\/wp\/v2\/pages\/21669","targetHints":{"allow":["GET"]}}],"collection":[{"href":"https:\/\/biblian.is\/videy\/wp-json\/wp\/v2\/pages"}],"about":[{"href":"https:\/\/biblian.is\/videy\/wp-json\/wp\/v2\/types\/page"}],"author":[{"embeddable":true,"href":"https:\/\/biblian.is\/videy\/wp-json\/wp\/v2\/users\/1"}],"replies":[{"embeddable":true,"href":"https:\/\/biblian.is\/videy\/wp-json\/wp\/v2\/comments?post=21669"}],"version-history":[{"count":0,"href":"https:\/\/biblian.is\/videy\/wp-json\/wp\/v2\/pages\/21669\/revisions"}],"wp:attachment":[{"href":"https:\/\/biblian.is\/videy\/wp-json\/wp\/v2\/media?parent=21669"}],"curies":[{"name":"wp","href":"https:\/\/api.w.org\/{rel}","templated":true}]}}