{"id":21668,"date":"2018-01-02T01:03:15","date_gmt":"2018-01-02T01:03:15","guid":{"rendered":"http:\/\/biblian.is\/videy\/esekiel-17-kafli\/"},"modified":"2018-01-02T01:03:15","modified_gmt":"2018-01-02T01:03:15","slug":"esekiel-17-kafli","status":"publish","type":"page","link":"https:\/\/biblian.is\/videy\/esekiel-17-kafli\/","title":{"rendered":"Esek\u00edel 17. kafli"},"content":{"rendered":"<div class=\"fyrirsognVidey\">Esek\u00edel s\u00fdnir, me\u00f0 d\u00e6mis\u00f6gu um eitt v\u00edntr\u00e9, a\u00f0 s\u00e6ttarof Sedek\u00edass J\u00fadakonungs mundi ver\u00f0a honum til \u00f3g\u00e6fu, 1\u201321; Gu\u00f0 gefur fyrirheit um mikinn og d\u00fdr\u00f0legan konung, sem \u00e1 s\u00ednum t\u00edma skyldi uppr\u00edsa af Dav\u00ed\u00f0s\u00e6tt, 22\u201324.<\/div>\n<p><a name=\"1\"><span class=\"versanumer\">1<\/span><\/a>Drottinn tala\u00f0i til m\u00edn svol\u00e1tandi or\u00f0um:<a name=\"2\"><span class=\"versanumer\">2<\/span><\/a>\u00fe\u00fa mannsins son, ber upp g\u00e1tu, og seg \u00cdsraelsm\u00f6nnum eina eftirl\u00edking,<a name=\"3\"><span class=\"versanumer\">3<\/span><\/a>og seg: Svo segir Drottinn alvaldur: \u00f6rnin s\u00fa hin mikla me\u00f0 \u00fe\u00e1 st\u00f3ru v\u00e6ngina og l\u00f6ngu flugfja\u00f0rirnar, s\u00fa sem \u00e1 \u00feykkva og allavega lita fi\u00f0urhaminn, f\u00f3r eitt sinn upp \u00e1 L\u00edbanonsfjall til a\u00f0 n\u00e1 s\u00e9r laufgrein af sedrustr\u00e9nu.<a name=\"4\"><span class=\"versanumer\">4<\/span><\/a>H\u00fan braut af v\u00e6nsta kvistinn, flutti hann til verslunarlandsins, og setti hann \u00ed borg kaupmannanna.<a name=\"5\"><span class=\"versanumer\">5<\/span><\/a>S\u00ed\u00f0an valdi h\u00fan einn gr\u00f3\u00f0urkvist landsins, til \u00feess a\u00f0 setja hann \u00ed s\u00e1\u00f0land: h\u00fan t\u00f3k hann, og gr\u00f3\u00f0ursetti hann \u00e1 sl\u00e9ttlendi nokkuru, \u00fear sem m\u00f6rg v\u00f6tn voru.<a name=\"6\"><span class=\"versanumer\">6<\/span><\/a>Kvisturinn \u00f3x, og var\u00f0 af honum grein\u00f3ttur v\u00ednvi\u00f0ur, en \u00fe\u00f3 l\u00e1gvaxinn, til \u00feess hann skyldi beygja anga s\u00edna a\u00f0 \u00f6rninni, svo r\u00e6turnar h\u00e9ldist undir honum; en \u00fe\u00f3 var\u00f0 \u00far honum v\u00ednvi\u00f0artr\u00e9, sem f\u00e9kk kvistu og skaut laufhr\u00edslum.<a name=\"7\"><span class=\"versanumer\">7<\/span><\/a>En \u00fear var \u00f6nnur mikil \u00f6rn, me\u00f0 st\u00f3rum v\u00e6ngjum og miklu fi\u00f0ri; og sj\u00e1, \u00feetta sama v\u00ednvi\u00f0artr\u00e9 teyg\u00f0i r\u00e6tur s\u00ednar a\u00f0 henni, og r\u00e9tti \u00fat angana til hennar, til \u00feess h\u00fan skyldi v\u00f6kva \u00fea\u00f0 betur, en \u00fe\u00e6r uppsprettur g\u00e1tu gj\u00f6rt, sem voru \u00fear sem \u00fea\u00f0 var gr\u00f3\u00f0ursett;<a name=\"8\"><span class=\"versanumer\">8<\/span><\/a>og \u00fe\u00f3 var \u00fea\u00f0 gr\u00f3\u00f0ursett \u00ed g\u00f3\u00f0ri j\u00f6r\u00f0, \u00fear sem n\u00f3g vatn var, svo \u00fea\u00f0 hef\u00f0i vel m\u00e1tt f\u00e1 kvistu, og bera \u00e1v\u00f6xt, og ver\u00f0a a\u00f0 margkv\u00edsl\u00f3ttu v\u00ednvi\u00f0artr\u00e9.<a name=\"9\"><span class=\"versanumer\">9<\/span><\/a>Seg: Svo segir Drottinn alvaldur: hv\u00f6rt mun \u00feessi v\u00ednvi\u00f0ur n\u00e1 a\u00f0 dafna? mun hin \u00f6rnin ekki sl\u00edta upp r\u00e6tur hans og afsn\u00ed\u00f0a \u00e1v\u00f6xtinn, svo vi\u00f0urinn \u00feorni upp, og \u00f6ll bl\u00f6\u00f0 \u00e1 \u00f6ngum hans visni? h\u00fan mun ei \u00feurfa mikilla krafta a\u00f0 neyta e\u00f0a mannafla vi\u00f0 a\u00f0 hafa, til \u00feess a\u00f0 sl\u00edta hann upp me\u00f0 r\u00f3tum.<a name=\"10\"><span class=\"versanumer\">10<\/span><\/a>Hann er a\u00f0 s\u00f6nnu gr\u00f3\u00f0ursettur, en mun hann n\u00e1 a\u00f0 dafna? mun hann ekki skr\u00e6lna, \u00feegar austr\u00e6ningurinn fer a\u00f0 leika um hann? mun hann ekki upp \u00feorna hj\u00e1 \u00feeim uppsprettum, hvar hann v\u00f3x?<a name=\"11\"><span class=\"versanumer\">11<\/span><\/a>\u00dev\u00ed n\u00e6st m\u00e6lti Drottinn \u00feannig til m\u00edn:<a name=\"12\"><span class=\"versanumer\">12<\/span><\/a>Seg til hinnar \u00feverm\u00f3\u00f0skufullu kynsl\u00f3\u00f0ar: skilji\u00f0 \u00fe\u00e9r ei, hva\u00f0 \u00feetta \u00e1 a\u00f0 \u00fe\u00fd\u00f0a? Sj\u00e1, skaltu segja; Babelskonungur <span class='VideyAth'>a)<\/span> kom til Jer\u00fasalemsborgar, handt\u00f3k hennar konung <span class='VideyAth'>b)<\/span> og h\u00f6f\u00f0ingjana, og flutti \u00fe\u00e1 heim til s\u00edn til Babels.<a name=\"13\"><span class=\"versanumer\">13<\/span><\/a>Hann t\u00f3k n\u00fa einn af konungs\u00e6ttinni <span class='VideyAth'>c)<\/span>, gj\u00f6r\u00f0i s\u00e1ttm\u00e1la vi\u00f0 hann og t\u00f3k ei\u00f0 af honum, en flutti \u00e1 burt valdamenn landsins,<a name=\"14\"><span class=\"versanumer\">14<\/span><\/a>til \u00feess a\u00f0 ni\u00f0url\u00e6gja r\u00edki\u00f0, svo a\u00f0 \u00fea\u00f0 skyldi ekki gj\u00f6ra uppreisn, heldur halda s\u00e1ttm\u00e1lann a\u00f0 sta\u00f0aldri.<a name=\"15\"><span class=\"versanumer\">15<\/span><\/a>En hann <span class='VideyAth'>c)<\/span> h\u00f3f uppreisn gegn honum, og gj\u00f6r\u00f0i sendimenn til Egyptalands eftir hestali\u00f0i og mannafla. Mundi honum heppnast \u00feetta? mun s\u00e1, er sl\u00edkt gj\u00f6rir, undan sleppa? mun s\u00e1, sem r\u00fdfur s\u00e1ttm\u00e1la, klaklaust afkomast?<a name=\"16\"><span class=\"versanumer\">16<\/span><\/a>Svo sannarlega sem eg lifi, segir Drottinn alvaldur, skal hann deyja \u00ed borg \u00feess konungs, sem h\u00f3f hann til r\u00edkis, hv\u00f6rs s\u00e1ttm\u00e1la hann hefir rofi\u00f0, og a\u00f0 engu haft \u00feann ei\u00f0, er hann vann honum\u2014\u00ed Babel skal hann deyja.<a name=\"17\"><span class=\"versanumer\">17<\/span><\/a>Ekki skal fara\u00f3 me\u00f0 miklum styrk og li\u00f0sfj\u00f6lda mega ver\u00f0a honum a\u00f0 li\u00f0i \u00ed \u00f3fri\u00f0inum, \u00feegar \u00feeim jar\u00f0hryggnum ver\u00f0ur upp hleypt, og hla\u00f0inn s\u00e1 v\u00edggar\u00f0urinn, sem m\u00f6rgum manni mun a\u00f0 bana ver\u00f0a.<a name=\"18\"><span class=\"versanumer\">18<\/span><\/a>Hann hefir ei\u00f0inn a\u00f0 engu haft og rofi\u00f0 s\u00e1ttm\u00e1lann, j\u00e1, hann seldi til \u00feess h\u00f6nd s\u00edna, og gj\u00f6r\u00f0i \u00fe\u00f3 allt \u00feetta; hann skal ekki \u00f3hegndur sleppa.<a name=\"19\"><span class=\"versanumer\">19<\/span><\/a>\u00dear fyrir segir Drottinn alvaldur: svo sannarlega sem eg lifi, skal eg l\u00e1ta \u00fea\u00f0 koma yfir hans h\u00f6fu\u00f0; \u00fev\u00ed\u2014\u00fea\u00f0 er minn ei\u00f0ur, sem hann hefir a\u00f0 engu haft, og minn s\u00e1ttm\u00e1li, sem hann hefir rofi\u00f0.<a name=\"20\"><span class=\"versanumer\">20<\/span><\/a>Eg skal leggja net mitt fyrir hann, og hann skal veiddur ver\u00f0a \u00ed m\u00ednu vei\u00f0arf\u00e6ri; eg skal flytja hann til Babels, og ganga \u00fear \u00ed lagad\u00f3m vi\u00f0 hann um \u00fe\u00e1 \u00f3hollustu, sem hann hefir s\u00fdnt m\u00e9r;<a name=\"21\"><span class=\"versanumer\">21<\/span><\/a>allir hans fl\u00f3ttamenn og gj\u00f6rvallur hans her skal fyrir sver\u00f0i falla, en \u00feeir sem eftir uppi standa, skulu tv\u00edstrast \u00ed allar \u00e1ttir, svo a\u00f0 \u00fe\u00e9r skulu\u00f0 vi\u00f0urkenna, a\u00f0 eg em Drottinn.<br \/><a name=\"22\"><span class=\"versanumer\">22<\/span><\/a>Svo segir Drottinn alvaldur: eg vil sj\u00e1lfur taka eina laufgrein af \u00fev\u00ed h\u00e1vaxna sedrustr\u00e9, og setja hana; eg vil brj\u00f3ta grannan kvist af topplimum \u00feess, og gr\u00f3\u00f0ursetja hann \u00e1 h\u00e1vum fjallshrygg:<a name=\"23\"><span class=\"versanumer\">23<\/span><\/a>eg vil gr\u00f3\u00f0ursetja hann \u00e1 \u00cdsraels h\u00e1va fjalli, og hann skal f\u00e1 limar og bera \u00e1v\u00f6xt, og ver\u00f0a veglegur sedrusvi\u00f0ur; undir honum skulu alls konar fuglar b\u00faa, alls konar v\u00e6ngju\u00f0 d\u00fdr skulu b\u00faa undir skugganum hans greina.<a name=\"24\"><span class=\"versanumer\">24<\/span><\/a>Og \u00f6ll tr\u00e9n \u00ed sk\u00f3ginum skulu finna, a\u00f0 eg Drottinn ni\u00f0url\u00e6gi \u00fea\u00f0 h\u00e1va tr\u00e9 og upphef \u00fea\u00f0 l\u00e1ga, l\u00e6t \u00fea\u00f0 gr\u00e6na tr\u00e9 \u00feorna, og hi\u00f0 \u00feurra gr\u00e6nka. Eg Drottinn tala og framkv\u00e6mi.<\/p>\n<div class=\"footnoteVidey\">V. 12. Neb\u00fakadnesar. b. Jekon\u00edas.  V. 13 og 15. c. Sedek\u00edas.<\/div>\n","protected":false},"excerpt":{"rendered":"<p>Esek\u00edel s\u00fdnir, me\u00f0 d\u00e6mis\u00f6gu um eitt v\u00edntr\u00e9, a\u00f0 s\u00e6ttarof Sedek\u00edass J\u00fadakonungs mundi ver\u00f0a honum til \u00f3g\u00e6fu, 1\u201321; Gu\u00f0 gefur fyrirheit um mikinn og d\u00fdr\u00f0legan konung, sem \u00e1 s\u00ednum t\u00edma skyldi uppr\u00edsa af Dav\u00ed\u00f0s\u00e6tt, 22\u201324. 1Drottinn tala\u00f0i til m\u00edn svol\u00e1tandi or\u00f0um:2\u00fe\u00fa mannsins son, ber upp g\u00e1tu, og seg \u00cdsraelsm\u00f6nnum eina eftirl\u00edking,3og seg: Svo segir Drottinn alvaldur: \u00f6rnin s\u00fa hin mikla me\u00f0 \u00fe\u00e1 st\u00f3ru v\u00e6ngina og l\u00f6ngu flugfja\u00f0rirnar, s\u00fa sem \u00e1 \u00feykkva og allavega lita fi\u00f0urhaminn, f\u00f3r eitt sinn upp \u00e1 L\u00edbanonsfjall til a\u00f0 n\u00e1 s\u00e9r laufgrein af sedrustr\u00e9nu.4H\u00fan braut af v\u00e6nsta kvistinn, flutti hann til verslunarlandsins, og setti hann \u00ed borg <a href=\"https:\/\/biblian.is\/videy\/esekiel-17-kafli\/\"> [&#8230;]<\/a><\/p>\n","protected":false},"author":1,"featured_media":0,"parent":0,"menu_order":0,"comment_status":"open","ping_status":"open","template":"bibliukaflar.php","meta":{"footnotes":""},"class_list":["post-21668","page","type-page","status-publish","hentry"],"_links":{"self":[{"href":"https:\/\/biblian.is\/videy\/wp-json\/wp\/v2\/pages\/21668","targetHints":{"allow":["GET"]}}],"collection":[{"href":"https:\/\/biblian.is\/videy\/wp-json\/wp\/v2\/pages"}],"about":[{"href":"https:\/\/biblian.is\/videy\/wp-json\/wp\/v2\/types\/page"}],"author":[{"embeddable":true,"href":"https:\/\/biblian.is\/videy\/wp-json\/wp\/v2\/users\/1"}],"replies":[{"embeddable":true,"href":"https:\/\/biblian.is\/videy\/wp-json\/wp\/v2\/comments?post=21668"}],"version-history":[{"count":0,"href":"https:\/\/biblian.is\/videy\/wp-json\/wp\/v2\/pages\/21668\/revisions"}],"wp:attachment":[{"href":"https:\/\/biblian.is\/videy\/wp-json\/wp\/v2\/media?parent=21668"}],"curies":[{"name":"wp","href":"https:\/\/api.w.org\/{rel}","templated":true}]}}