{"id":21664,"date":"2018-01-02T01:03:15","date_gmt":"2018-01-02T01:03:15","guid":{"rendered":"http:\/\/biblian.is\/videy\/esekiel-13-kafli\/"},"modified":"2018-01-02T01:03:15","modified_gmt":"2018-01-02T01:03:15","slug":"esekiel-13-kafli","status":"publish","type":"page","link":"https:\/\/biblian.is\/videy\/esekiel-13-kafli\/","title":{"rendered":"Esek\u00edel 13. kafli"},"content":{"rendered":"<div class=\"fyrirsognVidey\">Esek\u00edel bo\u00f0ar lygisp\u00e1m\u00f6nnum (1\u201316), og lygisp\u00e1konum (17\u201323) rei\u00f0i Gu\u00f0s.<\/div>\n<p><a name=\"1\"><span class=\"versanumer\">1<\/span><\/a>Drottinn tala\u00f0i til m\u00edn, og sag\u00f0i:<a name=\"2\"><span class=\"versanumer\">2<\/span><\/a>\u00fe\u00fa mannsins son, sp\u00e1 \u00fe\u00fa gegn sp\u00e1m\u00f6nnum \u00cdsraels, sem fara me\u00f0 sp\u00e1r; seg til \u00feeirra, sem sp\u00e1 af sj\u00e1lfum s\u00e9r: heyri\u00f0 or\u00f0 Drottins:<a name=\"3\"><span class=\"versanumer\">3<\/span><\/a>Svo segir Drottinn alvaldur: vei \u00feeim heimskulegu sp\u00e1m\u00f6nnum, sem fara eftir sj\u00e1lfs s\u00edns hugarbur\u00f0i, \u00e1n \u00feess \u00feeir f\u00e1i nokkura vitran.<a name=\"4\"><span class=\"versanumer\">4<\/span><\/a>\u00de\u00ednir sp\u00e1menn, \u00cdsrael, eru sem refar \u00ed r\u00fastabrotum;<a name=\"5\"><span class=\"versanumer\">5<\/span><\/a>\u00fe\u00e9r gangi\u00f0 ekki fram \u00ed v\u00edgsk\u00f6r\u00f0in, og hla\u00f0i\u00f0 \u00f6ngvan virkisgar\u00f0 \u00ed kring um \u00cdsraels h\u00fas, til \u00feess a\u00f0 standast \u00ed str\u00ed\u00f0inu \u00e1 degi Drottins;<a name=\"6\"><span class=\"versanumer\">6<\/span><\/a>\u00feeir fara me\u00f0 h\u00e9g\u00f3masj\u00f3nir og lygisp\u00e1d\u00f3ma, og segja: \u201e\u00feetta segir Drottinn\u201c, en \u00fe\u00f3tt Drottinn ekki hafi sent \u00fe\u00e1, og telja svo f\u00f3lki tr\u00fa um, a\u00f0 or\u00f0 \u00feeirra muni r\u00e6tast.<a name=\"7\"><span class=\"versanumer\">7<\/span><\/a>Eru \u00fea\u00f0 ekki h\u00e9g\u00f3masj\u00f3nir, sem \u00fe\u00e9r sj\u00e1i\u00f0, og lygisp\u00e1d\u00f3mar sem \u00fe\u00e9r fari\u00f0 me\u00f0? og \u00fe\u00f3 segi\u00f0 \u00fe\u00e9r, \u201e\u00feetta segir Drottinn\u201c, en \u00fe\u00f3tt eg hafi ekki sagt \u00fea\u00f0.<a name=\"8\"><span class=\"versanumer\">8<\/span><\/a>\u00dear fyrir segir Drottinn alvaldur svo: me\u00f0 \u00fev\u00ed \u00fe\u00e9r tali\u00f0 h\u00e9g\u00f3ma og sp\u00e1i\u00f0 lygum, \u00fe\u00e1 skal eg r\u00edsa \u00e1 m\u00f3ti y\u00f0ur, segir Drottinn alvaldur.<a name=\"9\"><span class=\"versanumer\">9<\/span><\/a>M\u00edn h\u00f6nd skal vera upp \u00ed m\u00f3ti \u00feeim sp\u00e1m\u00f6nnum, sem fara me\u00f0 h\u00e9g\u00f3masj\u00f3nir og lygisp\u00e1d\u00f3ma: \u00feeir skulu ekki vera \u00ed samkundu m\u00edns f\u00f3lks, \u00feeir skulu ekki vera skr\u00e1\u00f0ir \u00ed manntal \u00cdsraelsl\u00fd\u00f0s, og ekki koma inn \u00ed \u00cdsraelsland; \u00feeir skulu f\u00e1 a\u00f0 sanna, a\u00f0 eg em Drottinn alvaldur:<a name=\"10\"><span class=\"versanumer\">10<\/span><\/a>og \u00fea\u00f0 \u00feess vegna, a\u00f0 \u00feeir lei\u00f0a mitt f\u00f3lk \u00ed villu, er \u00feeir segja, a\u00f0 \u00f6llu s\u00e9 \u00f3h\u00e6tt, enn \u00fe\u00f3tt ekki s\u00e9 svo; og \u00feegar f\u00f3lki\u00f0 hle\u00f0ur upp einhv\u00f6rn m\u00farvegginn, \u00fe\u00e1 eru \u00feessir til sta\u00f0ar, og r\u00ed\u00f0a kalki \u00e1 hann.<a name=\"11\"><span class=\"versanumer\">11<\/span><\/a>Seg \u00fe\u00fa k\u00f6lkurum \u00feessum: m\u00farinn mun hrapa, \u00fev\u00ed steypiregn mun koma: \u00fe\u00e9r, haglsteinar, skulu\u00f0 ni\u00f0ur hrynja, og stormbylur skal \u00e1 detta <span class='VideyAth'>a)<\/span>;<a name=\"12\"><span class=\"versanumer\">12<\/span><\/a>og \u00feegar veggurinn svo hrynur ni\u00f0ur, mun \u00fe\u00e1 ekki ver\u00f0a til y\u00f0ar sagt: hvar er n\u00fa kalki\u00f0, sem \u00fe\u00e9r ri\u00f0u\u00f0 \u00e1 vegginn?<a name=\"13\"><span class=\"versanumer\">13<\/span><\/a>\u00deess vegna segir Drottinn alvaldur svo: \u00ed minni heift skal eg l\u00e1ta stormbyl \u00e1 detta, \u00ed minni br\u00e6\u00f0i skal steypiregn \u00e1 koma, haglsteinar ni\u00f0ur hrynja \u00ed minni rei\u00f0i, til algj\u00f6rrar umturnunar.<a name=\"14\"><span class=\"versanumer\">14<\/span><\/a>Eg skal ni\u00f0urbrj\u00f3ta \u00feann vegginn, sem \u00fe\u00e9r hafi\u00f0 kalka\u00f0, bylta honum til jar\u00f0ar, svo a\u00f0 undirsta\u00f0a hans skal koma \u00ed lj\u00f3s; og \u00feegar hann hrynur, skulu\u00f0 \u00fe\u00e9r ver\u00f0a \u00e1 milli og tort\u00fdnast, og reyna svo, a\u00f0 eg em Drottinn.<a name=\"15\"><span class=\"versanumer\">15<\/span><\/a>Eg skal l\u00e1ta m\u00edna gj\u00f6rvalla heift ni\u00f0urkoma \u00e1 m\u00farveggnum, og \u00e1 \u00feeim, sem ri\u00f0u kalki \u00e1 hann; og \u00fe\u00e1 mun ver\u00f0a sagt um y\u00f0ur: m\u00farinn er horfinn, og horfnir \u00feeir sem k\u00f6lku\u00f0u hann.<a name=\"16\"><span class=\"versanumer\">16<\/span><\/a>\u00deannig skal fara fyrir \u00cdsraels sp\u00e1m\u00f6nnum, sem sp\u00e1 fyrir Jer\u00fasalem, og \u00feykjast f\u00e1 vitranir, a\u00f0 borginni s\u00e9 \u00f3h\u00e6tt, en \u00fe\u00f3tt ekki s\u00e9 svo, segir Drottinn alvaldur. <br \/><a name=\"17\"><span class=\"versanumer\">17<\/span><\/a>\u00de\u00fa mannsins son, sn\u00fa n\u00fa \u00fe\u00ednu andliti \u00ed gegn d\u00e6trum \u00fe\u00edns f\u00f3lks, sem sp\u00e1 eftir eigin hugbo\u00f0i, og sp\u00e1 \u00fe\u00fa m\u00f3ti \u00feeim.<a name=\"18\"><span class=\"versanumer\">18<\/span><\/a>Seg: Svo segir Drottinn alvaldur: vei \u00feeim, sem sauma h\u00e6gindi undir her\u00f0ar hv\u00f6rs manns, og b\u00faa til h\u00f6fu\u00f0sv\u00e6fla, b\u00e6\u00f0i sm\u00e1a og st\u00f3ra, til \u00feess a\u00f0 vei\u00f0a s\u00e1lir manna <span class='VideyAth'>b)<\/span>! Eigi\u00f0 \u00fe\u00e9r a\u00f0 vei\u00f0a s\u00e1lir m\u00edns f\u00f3lks, en frelsa y\u00f0varra s\u00e1lir?<a name=\"19\"><span class=\"versanumer\">19<\/span><\/a>\u00de\u00e9r vanhelgi\u00f0 mig \u00e1 me\u00f0al m\u00edns f\u00f3lks fyrir hnefa byggs og stykki brau\u00f0s, me\u00f0 \u00fev\u00ed \u00fe\u00e9r sp\u00e1i\u00f0 \u00feeim feig\u00f0, sem ekki eru feigir, og l\u00edfi \u00feeim, sem ekki eiga a\u00f0 lifa, og lj\u00fagi\u00f0 svo a\u00f0 \u00feeim me\u00f0al m\u00edns f\u00f3lks, sem f\u00fasir eru a\u00f0 lj\u00e1 eyrum lyginni.<a name=\"20\"><span class=\"versanumer\">20<\/span><\/a>\u00dear fyrir segir Drottinn alvaldur svo: eg skal hafa hendur \u00e1 y\u00f0ar sv\u00e6flum, \u00e1 hv\u00f6rjum \u00fe\u00e9r vei\u00f0i\u00f0 s\u00e1lir manna, eins og fugla; eg skal sl\u00edta \u00fe\u00e1 \u00far h\u00f6ndum y\u00f0ar, og sleppa lausum s\u00e1lum manna, \u00feeim s\u00e1lum, sem \u00fe\u00e9r vei\u00f0i\u00f0, svo \u00fe\u00e6r geti \u00ed burtu flogi\u00f0;<a name=\"21\"><span class=\"versanumer\">21<\/span><\/a>eg skal sundursl\u00edta y\u00f0ar sv\u00e6fla, og frelsa minn l\u00fd\u00f0 \u00far y\u00f0ar h\u00f6ndum; hann skal ekki lengur vera \u00ed y\u00f0ar h\u00f6ndum, sem herfang, og \u00fe\u00e9r skulu\u00f0 sanna, a\u00f0 eg em Drottinn.<a name=\"22\"><span class=\"versanumer\">22<\/span><\/a>Vegna \u00feess a\u00f0 \u00fe\u00e9r me\u00f0 y\u00f0ar lygum hrelli\u00f0 hjarta \u00feess r\u00e1\u00f0vanda, hv\u00f6rn eg vil ekki hrella l\u00e1ta, en st\u00e6li\u00f0 upp hinn \u00f3gu\u00f0lega, svo a\u00f0 hann ekki sn\u00fdr af \u00feeim vonda vegi til \u00feess a\u00f0 frelsa l\u00edf sitt:<a name=\"23\"><span class=\"versanumer\">23<\/span><\/a>\u00feess vegna skulu\u00f0 \u00fe\u00e9r ekki framar sj\u00e1 lygisj\u00f3nir, og ekki framar fara me\u00f0 sp\u00e1d\u00f3ma. Eg vil frelsa mitt f\u00f3lk af y\u00f0ar h\u00f6ndum, og \u00fe\u00e9r skulu\u00f0 vi\u00f0urkenna, a\u00f0 eg em Drottinn.<\/p>\n<div class=\"footnoteVidey\">V. 11. a. A\u00f0 rei\u00f0a sig \u00ed m\u00f3tgangi \u00e1 h\u00e9g\u00f3mlegt mannvit, \u00ed sta\u00f0inn fyrir a\u00f0 treysta or\u00f0um Gu\u00f0s, er hi\u00f0 sama sem a\u00f0 hla\u00f0a vegg af \u00f3n\u00fdtu efni, og \u00e6tlast til a\u00f0 hann standist hregg og \u00f3ve\u00f0ur.  V. 18. b. \u00de. e. Vei \u00feeim, sem sv\u00e6fa samviskur manna, me\u00f0 \u00fev\u00ed a\u00f0 hr\u00e6sna eftir hv\u00f6rs manns ge\u00f0i. Talsh\u00e1tturinn er dreginn af \u00feeirri si\u00f0venju Austurlendinga, a\u00f0 liggja \u00e1 berri j\u00f6r\u00f0 upp vi\u00f0 dogg, me\u00f0 kodda undir h\u00f6f\u00f0i.<\/div>\n","protected":false},"excerpt":{"rendered":"<p>Esek\u00edel bo\u00f0ar lygisp\u00e1m\u00f6nnum (1\u201316), og lygisp\u00e1konum (17\u201323) rei\u00f0i Gu\u00f0s. 1Drottinn tala\u00f0i til m\u00edn, og sag\u00f0i:2\u00fe\u00fa mannsins son, sp\u00e1 \u00fe\u00fa gegn sp\u00e1m\u00f6nnum \u00cdsraels, sem fara me\u00f0 sp\u00e1r; seg til \u00feeirra, sem sp\u00e1 af sj\u00e1lfum s\u00e9r: heyri\u00f0 or\u00f0 Drottins:3Svo segir Drottinn alvaldur: vei \u00feeim heimskulegu sp\u00e1m\u00f6nnum, sem fara eftir sj\u00e1lfs s\u00edns hugarbur\u00f0i, \u00e1n \u00feess \u00feeir f\u00e1i nokkura vitran.4\u00de\u00ednir sp\u00e1menn, \u00cdsrael, eru sem refar \u00ed r\u00fastabrotum;5\u00fe\u00e9r gangi\u00f0 ekki fram \u00ed v\u00edgsk\u00f6r\u00f0in, og hla\u00f0i\u00f0 \u00f6ngvan virkisgar\u00f0 \u00ed kring um \u00cdsraels h\u00fas, til \u00feess a\u00f0 standast \u00ed str\u00ed\u00f0inu \u00e1 degi Drottins;6\u00feeir fara me\u00f0 h\u00e9g\u00f3masj\u00f3nir og lygisp\u00e1d\u00f3ma, og segja: \u201e\u00feetta segir Drottinn\u201c, en \u00fe\u00f3tt Drottinn ekki <a href=\"https:\/\/biblian.is\/videy\/esekiel-13-kafli\/\"> [&#8230;]<\/a><\/p>\n","protected":false},"author":1,"featured_media":0,"parent":0,"menu_order":0,"comment_status":"open","ping_status":"open","template":"bibliukaflar.php","meta":{"footnotes":""},"class_list":["post-21664","page","type-page","status-publish","hentry"],"_links":{"self":[{"href":"https:\/\/biblian.is\/videy\/wp-json\/wp\/v2\/pages\/21664","targetHints":{"allow":["GET"]}}],"collection":[{"href":"https:\/\/biblian.is\/videy\/wp-json\/wp\/v2\/pages"}],"about":[{"href":"https:\/\/biblian.is\/videy\/wp-json\/wp\/v2\/types\/page"}],"author":[{"embeddable":true,"href":"https:\/\/biblian.is\/videy\/wp-json\/wp\/v2\/users\/1"}],"replies":[{"embeddable":true,"href":"https:\/\/biblian.is\/videy\/wp-json\/wp\/v2\/comments?post=21664"}],"version-history":[{"count":0,"href":"https:\/\/biblian.is\/videy\/wp-json\/wp\/v2\/pages\/21664\/revisions"}],"wp:attachment":[{"href":"https:\/\/biblian.is\/videy\/wp-json\/wp\/v2\/media?parent=21664"}],"curies":[{"name":"wp","href":"https:\/\/api.w.org\/{rel}","templated":true}]}}