{"id":21662,"date":"2018-01-02T01:03:15","date_gmt":"2018-01-02T01:03:15","guid":{"rendered":"http:\/\/biblian.is\/videy\/esekiel-11-kafli\/"},"modified":"2018-01-02T01:03:15","modified_gmt":"2018-01-02T01:03:15","slug":"esekiel-11-kafli","status":"publish","type":"page","link":"https:\/\/biblian.is\/videy\/esekiel-11-kafli\/","title":{"rendered":"Esek\u00edel 11. kafli"},"content":{"rendered":"<div class=\"fyrirsognVidey\">Esek\u00edel er bo\u00f0i\u00f0 a\u00f0 kunngj\u00f6ra \u00feeim \u00f3gu\u00f0legu J\u00fadah\u00f6f\u00f0ingjum hegningard\u00f3m Gu\u00f0s, 1\u201312; Gu\u00f0 heitir \u00feeim herleiddu l\u00edkn, ef \u00feeir l\u00e1ti betrast vi\u00f0 m\u00f3tl\u00e6ti\u00f0, 13\u201321; d\u00fdr\u00f0arsj\u00f3nin l\u00ed\u00f0ur burt fr\u00e1 augum Esek\u00edels, og hann ver\u00f0ur aftur burtfluttur til Kaldealands, 22\u201325.<\/div>\n<p><a name=\"1\"><span class=\"versanumer\">1<\/span><\/a>N\u00fa h\u00f3f andinn mig upp, og flutti mig til eystra musterishli\u00f0sins, sem horfir m\u00f3ti s\u00f3laruppkomusta\u00f0; \u00fear st\u00f3\u00f0u fyrir dyrum hli\u00f0sins 25 menn, og \u00e1 me\u00f0al \u00feeirra s\u00e1 eg Jasan\u00eda Ass\u00farsson og Plat\u00eda Benajason, h\u00f6f\u00f0ingja f\u00f3lksins.<a name=\"2\"><span class=\"versanumer\">2<\/span><\/a>\u00de\u00e1 sag\u00f0i Drottinn til m\u00edn: \u00fe\u00fa mannsins son, \u00fea\u00f0 eru \u00feessir menn, sem hafa illt \u00ed huga og r\u00e1\u00f0a m\u00f6nnum \u00f3heilt \u00ed \u00feessari borg;<a name=\"3\"><span class=\"versanumer\">3<\/span><\/a>\u00feeir segja: enn \u00fe\u00e1 er ekki svo n\u00e6rri st\u00fdrt; spari\u00f0 ei a\u00f0 reisa h\u00fasabyggingar: borgin er ketillinn, en v\u00e9r erum sl\u00e1tri\u00f0 <span class='VideyAth'>b)<\/span>.<a name=\"4\"><span class=\"versanumer\">4<\/span><\/a>Sp\u00e1 \u00fe\u00fa \u00feess vegna m\u00f3ti \u00feeim, sp\u00e1 \u00fe\u00fa, mannsins son!<a name=\"5\"><span class=\"versanumer\">5<\/span><\/a>Og andi Drottins kom yfir mig, og hann sag\u00f0i til m\u00edn: seg \u00fe\u00fa: Svo segir Drottinn: \u00fe\u00e9r segi\u00f0 satt <span class='VideyAth'>c)<\/span>, \u00cdsraelsmenn! Eg \u00feekki y\u00f0ar hugrenningar;<a name=\"6\"><span class=\"versanumer\">6<\/span><\/a>\u00fe\u00e9r auki\u00f0 manndr\u00e1pin \u00ed \u00feessari borg, \u00fe\u00e9r fylli\u00f0 str\u00e6ti hennar me\u00f0 vegnum m\u00f6nnum.<a name=\"7\"><span class=\"versanumer\">7<\/span><\/a>\u00dear fyrir segir Drottinn alvaldur svo: \u00feeir sem \u00fe\u00e9r hafi\u00f0 \u00ed hel slegi\u00f0 og l\u00e1ti\u00f0 liggja \u00ed borginni, \u00feeir eru sl\u00e1tri\u00f0, og h\u00fan er ketillinn; en y\u00f0ur skal eg f\u00e6ra \u00fat \u00far henni.<a name=\"8\"><span class=\"versanumer\">8<\/span><\/a>Vi\u00f0 sver\u00f0i\u00f0 eru \u00fe\u00e9r hr\u00e6ddir, og sver\u00f0i\u00f0 skal eg l\u00e1ta yfir y\u00f0ur koma, segir Drottinn alvaldur.<a name=\"9\"><span class=\"versanumer\">9<\/span><\/a>Eg skal f\u00e6ra y\u00f0ur \u00fat af borginni, selja y\u00f0ur \u00fatlendum m\u00f6nnum \u00ed hendur, og l\u00e1ta fram \u00e1 y\u00f0ur koma hva\u00f0 r\u00e9tt er.<a name=\"10\"><span class=\"versanumer\">10<\/span><\/a>Fyrir sver\u00f0i skulu\u00f0 \u00fe\u00e9r falla, \u00e1 landamerkjum \u00cdsraels skal eg d\u00e6ma y\u00f0ur, og \u00fe\u00e9r skulu\u00f0 vi\u00f0urkenna a\u00f0 eg em Drottinn.<a name=\"11\"><span class=\"versanumer\">11<\/span><\/a>Borgin skal ekki ver\u00f0a y\u00f0ur a\u00f0 katli, og \u00fe\u00e9r ekki honum a\u00f0 sl\u00e1tri; vi\u00f0 landamerki \u00cdsraels skal eg d\u00e6ma y\u00f0ur.<a name=\"12\"><span class=\"versanumer\">12<\/span><\/a>\u00de\u00e1 skulu\u00f0 \u00fe\u00e9r vi\u00f0urkenna, a\u00f0 eg em Drottinn, hv\u00f6rs l\u00f6gum \u00fe\u00e9r ekki hafi\u00f0 hl\u00fdtt, hv\u00f6rs bo\u00f0um \u00fe\u00e9r ekki hafi\u00f0 gegnt, heldur lifa\u00f0 \u00e1 hei\u00f0ingja v\u00edsu, \u00feeirra er umhverfis y\u00f0ur b\u00faa.<br \/><a name=\"13\"><span class=\"versanumer\">13<\/span><\/a>Me\u00f0an eg \u00feannig sp\u00e1\u00f0i, d\u00f3 Plat\u00eda Benajason; \u00fe\u00e1 f\u00e9ll eg fram \u00e1 m\u00edna \u00e1sj\u00f3nu, kalla\u00f0i upp h\u00e1rri r\u00f6ddu, og sag\u00f0i: \u00f3, alvaldi Drottinn, viltu \u00fe\u00e1 me\u00f0 \u00f6llu ey\u00f0a \u00f6llum eftirleifum \u00cdsraelsmanna?<a name=\"14\"><span class=\"versanumer\">14<\/span><\/a>\u00de\u00e1 kom Drottins or\u00f0 til m\u00edn svol\u00e1tandi:<a name=\"15\"><span class=\"versanumer\">15<\/span><\/a>\u00dea\u00f0 eru \u00fe\u00ednir br\u00e6\u00f0ur, \u00e6ttmenn \u00fe\u00ednir og n\u00e1fr\u00e6ndur, j\u00e1, gj\u00f6rvallur \u00cdsraels l\u00fd\u00f0ur, eins og hann er sig til, um hv\u00f6rja innbyggjendur Jer\u00fasalemsborgar segja: burt me\u00f0 ykkur fr\u00e1 Drottni! landi\u00f0 er okkur gefi\u00f0 til eignar.<a name=\"16\"><span class=\"versanumer\">16<\/span><\/a>\u00dear fyrir seg \u00fe\u00fa: Svo segir Drottinn alvaldur: \u00fe\u00f3 eg hafi reki\u00f0 \u00fe\u00e1 burt til hei\u00f0ingjanna, \u00fe\u00f3 eg hafi dreift \u00feeim \u00fat um l\u00f6ndin, \u00fe\u00e1 skal eg \u00fe\u00f3 vera \u00feeim helgid\u00f3mssta\u00f0ur um stundar sakir \u00ed \u00feeim l\u00f6ndum, sem \u00feeir eru komnir til.<a name=\"17\"><span class=\"versanumer\">17<\/span><\/a>\u00deess vegna skaltu segja: Svo segir Drottinn alvaldur: eg vil safna y\u00f0ur saman fr\u00e1 \u00fej\u00f3\u00f0unum, og samansafna y\u00f0ur af \u00feeim l\u00f6ndunum, sem \u00fe\u00e9r eru\u00f0 burtdreif\u00f0ir \u00ed, og gefa y\u00f0ur \u00cdsraelsland.<a name=\"18\"><span class=\"versanumer\">18<\/span><\/a>\u00deanga\u00f0 skulu \u00feeir komast, og \u00fatr\u00fdma \u00fea\u00f0an \u00f6llum sv\u00edvir\u00f0ingum og vi\u00f0urstygg\u00f0um.<a name=\"19\"><span class=\"versanumer\">19<\/span><\/a>Eg vil gefa \u00feeim eindr\u00e6gt hjarta, og koma n\u00fdjum anda \u00ed \u00feeirra hjartans grunn; steinhjarta\u00f0 mun eg burttaka \u00far brj\u00f3sti \u00feeirra, og gefa \u00feeim aftur anna\u00f0 af holdi <span class='VideyAth'>a)<\/span>,<a name=\"20\"><span class=\"versanumer\">20<\/span><\/a>svo a\u00f0 \u00feeir breyti eftir m\u00ednu l\u00f6gm\u00e1li, og haldi m\u00edn bo\u00f0or\u00f0 og lifi eftir \u00feeim; \u00fe\u00e1 skulu \u00feeir vera mitt f\u00f3lk, og eg skal vera \u00feeirra Gu\u00f0.<a name=\"21\"><span class=\"versanumer\">21<\/span><\/a>En \u00feeir sem hneigjast til sv\u00edvir\u00f0inga og sn\u00faa hj\u00f6rtum s\u00ednum til andstyggilegra skur\u00f0go\u00f0a, \u00feeim skal eg l\u00e1ta ath\u00e6fi sitt \u00ed koll koma, segir Drottinn alvaldur. <br \/><a name=\"22\"><span class=\"versanumer\">22<\/span><\/a>N\u00fa h\u00f3fu ker\u00fabarnir v\u00e6ngi s\u00edna, og hj\u00f3lin fylgdu \u00feeim, og d\u00fdr\u00f0 \u00cdsraels Gu\u00f0s var uppi yfir \u00feeim.<a name=\"23\"><span class=\"versanumer\">23<\/span><\/a>\u00de\u00e1 h\u00f3f d\u00fdr\u00f0in Drottins sig upp fr\u00e1 borginni, og sta\u00f0n\u00e6mdist \u00e1 \u00fev\u00ed fjalli, sem er fyrir austan borgina <span class='VideyAth'>b)<\/span>.<a name=\"24\"><span class=\"versanumer\">24<\/span><\/a>En andinn h\u00f3f mig upp, og flutti mig \u00ed s\u00fdninni, \u00ed anda Gu\u00f0s, til enna herleiddu \u00ed Kaldealandi; og s\u00fa s\u00fdn, sem eg s\u00e1, lei\u00f0 upp fr\u00e1 m\u00e9r;<a name=\"25\"><span class=\"versanumer\">25<\/span><\/a>og eg sag\u00f0i \u00feeim herleiddu fr\u00e1 \u00f6llu \u00fev\u00ed, sem Drottinn haf\u00f0i opinbera\u00f0 m\u00e9r.<\/p>\n<div class=\"footnoteVidey\">V. 3. b. \u00de. e. \u00f6llu er enn \u00f3h\u00e6tt fyrir \u00f3vinunum, v\u00e9r skulum vera h\u00e9r kyrrir \u00ed borginni, eins og sl\u00e1tur \u00ed katli, v\u00e9r skulum lifa h\u00e9r og deyja.  V. 5. c. Nefnil: \u00feau or\u00f0: \u201eborgin er ketillinn, en v\u00e9r erum sl\u00e1tri\u00f0\u201c, en \u00fe\u00f3 \u00ed \u00f6\u00f0rum skilningi, en \u00fe\u00e9r hugsi\u00f0.  V. 19. a. Anna\u00f0 m\u00fdkra og au\u00f0sveig\u00f0ara til \u00feess sem gott er.  V. 23. \u00c1 Vi\u00f0smj\u00f6rsvi\u00f0arfjallinu.<\/div>\n","protected":false},"excerpt":{"rendered":"<p>Esek\u00edel er bo\u00f0i\u00f0 a\u00f0 kunngj\u00f6ra \u00feeim \u00f3gu\u00f0legu J\u00fadah\u00f6f\u00f0ingjum hegningard\u00f3m Gu\u00f0s, 1\u201312; Gu\u00f0 heitir \u00feeim herleiddu l\u00edkn, ef \u00feeir l\u00e1ti betrast vi\u00f0 m\u00f3tl\u00e6ti\u00f0, 13\u201321; d\u00fdr\u00f0arsj\u00f3nin l\u00ed\u00f0ur burt fr\u00e1 augum Esek\u00edels, og hann ver\u00f0ur aftur burtfluttur til Kaldealands, 22\u201325. 1N\u00fa h\u00f3f andinn mig upp, og flutti mig til eystra musterishli\u00f0sins, sem horfir m\u00f3ti s\u00f3laruppkomusta\u00f0; \u00fear st\u00f3\u00f0u fyrir dyrum hli\u00f0sins 25 menn, og \u00e1 me\u00f0al \u00feeirra s\u00e1 eg Jasan\u00eda Ass\u00farsson og Plat\u00eda Benajason, h\u00f6f\u00f0ingja f\u00f3lksins.2\u00de\u00e1 sag\u00f0i Drottinn til m\u00edn: \u00fe\u00fa mannsins son, \u00fea\u00f0 eru \u00feessir menn, sem hafa illt \u00ed huga og r\u00e1\u00f0a m\u00f6nnum \u00f3heilt \u00ed \u00feessari borg;3\u00feeir segja: enn \u00fe\u00e1 er ekki <a href=\"https:\/\/biblian.is\/videy\/esekiel-11-kafli\/\"> [&#8230;]<\/a><\/p>\n","protected":false},"author":1,"featured_media":0,"parent":0,"menu_order":0,"comment_status":"open","ping_status":"open","template":"bibliukaflar.php","meta":{"footnotes":""},"class_list":["post-21662","page","type-page","status-publish","hentry"],"_links":{"self":[{"href":"https:\/\/biblian.is\/videy\/wp-json\/wp\/v2\/pages\/21662","targetHints":{"allow":["GET"]}}],"collection":[{"href":"https:\/\/biblian.is\/videy\/wp-json\/wp\/v2\/pages"}],"about":[{"href":"https:\/\/biblian.is\/videy\/wp-json\/wp\/v2\/types\/page"}],"author":[{"embeddable":true,"href":"https:\/\/biblian.is\/videy\/wp-json\/wp\/v2\/users\/1"}],"replies":[{"embeddable":true,"href":"https:\/\/biblian.is\/videy\/wp-json\/wp\/v2\/comments?post=21662"}],"version-history":[{"count":0,"href":"https:\/\/biblian.is\/videy\/wp-json\/wp\/v2\/pages\/21662\/revisions"}],"wp:attachment":[{"href":"https:\/\/biblian.is\/videy\/wp-json\/wp\/v2\/media?parent=21662"}],"curies":[{"name":"wp","href":"https:\/\/api.w.org\/{rel}","templated":true}]}}