{"id":21661,"date":"2018-01-02T01:03:15","date_gmt":"2018-01-02T01:03:15","guid":{"rendered":"http:\/\/biblian.is\/videy\/esekiel-10-kafli\/"},"modified":"2018-01-02T01:03:15","modified_gmt":"2018-01-02T01:03:15","slug":"esekiel-10-kafli","status":"publish","type":"page","link":"https:\/\/biblian.is\/videy\/esekiel-10-kafli\/","title":{"rendered":"Esek\u00edel 10. kafli"},"content":{"rendered":"<div class=\"fyrirsognVidey\">Gu\u00f0 b\u00fd\u00f0ur a\u00f0 ey\u00f0ileggja Jer\u00fasalemsborg me\u00f0 eldi, 1\u20138; d\u00fdr\u00f0 Drottins flytur sig algj\u00f6rlega \u00fat af musterinu, 9\u201322.<\/div>\n<p><a name=\"1\"><span class=\"versanumer\">1<\/span><\/a>Eg s\u00e1, og sj\u00e1! \u00e1 himni \u00feeim, er var yfir h\u00f6f\u00f0um ker\u00fabanna, var \u00fev\u00ed l\u00edkast sem saff\u00edrsteinn v\u00e6ri, tils\u00fdndar sem veldisst\u00f3ll, sem var a\u00f0 sj\u00e1 uppi yfir \u00feeim.<a name=\"2\"><span class=\"versanumer\">2<\/span><\/a>N\u00fa sag\u00f0i hann til hins l\u00ednkl\u00e6dda manns: gakk inn \u00e1 millum hj\u00f3lanna undir ker\u00fabunum, og tak fullar l\u00fakur \u00fe\u00ednar af gl\u00e6\u00f0um milli ker\u00fabanna, og dreif \u00feeim \u00fat yfir borgina. Og hann gekk \u00fear inn, a\u00f0 m\u00e9r \u00e1sj\u00e1anda.<a name=\"3\"><span class=\"versanumer\">3<\/span><\/a>En ker\u00fabarnir st\u00f3\u00f0u h\u00e6gra megin vi\u00f0 musteri\u00f0, \u00feegar ma\u00f0urinn gekk inn, og haf\u00f0i sk\u00fdmokkur uppfyllt innra forgar\u00f0inn;<a name=\"4\"><span class=\"versanumer\">4<\/span><\/a>n\u00fa var d\u00fdr\u00f0 Drottins hafin af ker\u00fabunum upp yfir \u00fer\u00f6skuld h\u00fassins, var\u00f0 h\u00fasi\u00f0 \u00fe\u00e1 fullt af sk\u00fdmokk, en forgar\u00f0urinn fylltist lj\u00f3ma af d\u00fdr\u00f0 Drottins,<a name=\"5\"><span class=\"versanumer\">5<\/span><\/a>og v\u00e6ngja\u00feytur ker\u00fabanna heyr\u00f0ist allt til hins ytra forgar\u00f0s, eins og raust Gu\u00f0s alm\u00e1ttugs, \u00fe\u00e1 hann talar.<a name=\"6\"><span class=\"versanumer\">6<\/span><\/a>N\u00fa sem hann haf\u00f0i bo\u00f0i\u00f0 \u00feeim l\u00ednkl\u00e6dda manni, og sagt: tak eld \u00fat \u00e1 me\u00f0al hj\u00f3lanna og \u00ed milli ker\u00fabanna, \u00fe\u00e1 gekk hann til, og sta\u00f0n\u00e6mdist hj\u00e1 einu hj\u00f3linu.<a name=\"7\"><span class=\"versanumer\">7<\/span><\/a>\u00de\u00e1 r\u00e9tti einn ker\u00fabanna h\u00f6nd s\u00edna a\u00f0 \u00feeim eldi, sem \u00ed me\u00f0al var ker\u00fabanna, t\u00f3k \u00fear af, og f\u00e9kk \u00ed hendur enum l\u00ednkl\u00e6dda manni. Hann t\u00f3k vi\u00f0, og gekk burt;<a name=\"8\"><span class=\"versanumer\">8<\/span><\/a>en hj\u00e1 ker\u00fabunum, undir v\u00e6ngjum \u00feeirra, s\u00e1st eitthva\u00f0 sem l\u00edktist mannshendi.<br \/><a name=\"9\"><span class=\"versanumer\">9<\/span><\/a>Eg leit til, og var\u00f0 fj\u00f6gra hj\u00f3la var hj\u00e1 ker\u00fabunum, sitt hj\u00f3l hj\u00e1 hv\u00f6rjum ker\u00fab; hj\u00f3lin voru tils\u00fdndar sem t\u00f3pasgimsteinn,<a name=\"10\"><span class=\"versanumer\">10<\/span><\/a>\u00f6ll fj\u00f6gur voru eins \u00e1 a\u00f0 sj\u00e1, og var sem eitt hj\u00f3l gengi mitt \u00ed gegnum anna\u00f0 hj\u00f3l;<a name=\"11\"><span class=\"versanumer\">11<\/span><\/a>\u00feegar \u00feau gengu, g\u00e1tu \u00feau gengi\u00f0 til allra fj\u00f6gra hli\u00f0a, \u00e1n \u00feess a\u00f0 sn\u00faast vi\u00f0 \u00e1 ganginum; \u00fev\u00ed \u00feau gengu \u00ed \u00fe\u00e1 \u00e1tt, sem h\u00f6fu\u00f0 ker\u00fabsins horf\u00f0i, og fylgdu honum, en snerust ekki vi\u00f0 \u00e1 ganginum.<a name=\"12\"><span class=\"versanumer\">12<\/span><\/a>Allur l\u00edkami ker\u00fabanna, b\u00f6k \u00feeirra, hendur og v\u00e6ngir, og svo hj\u00f3lin, allra fj\u00f6gra hv\u00f6rs fyrir sig, voru alsett augum umhverfis;<a name=\"13\"><span class=\"versanumer\">13<\/span><\/a>hj\u00f3lin voru k\u00f6llu\u00f0 m\u00e9r \u00e1heyranda Galgal <span class='VideyAth'>a)<\/span>.<a name=\"14\"><span class=\"versanumer\">14<\/span><\/a>Hv\u00f6r ker\u00fabanna haf\u00f0i fj\u00f6gur andlit, \u00fea\u00f0 fyrsta var ker\u00fabsandlit, anna\u00f0 mannsandlit, \u00feri\u00f0ja lj\u00f3ns, fj\u00f3r\u00f0a arnar.<a name=\"15\"><span class=\"versanumer\">15<\/span><\/a>Ker\u00fabarnir h\u00f3fu sig upp: \u00fea\u00f0 voru s\u00f6mu lifandi skepnur, sem eg haf\u00f0i s\u00e9\u00f0 vi\u00f0 \u00e1na Kabor;<a name=\"16\"><span class=\"versanumer\">16<\/span><\/a>\u00feegar ker\u00fabarnir gengu, \u00fe\u00e1 gengu og hj\u00f3lin hj\u00e1 \u00feeim, og \u00feegar ker\u00fabarnir h\u00f3fu upp v\u00e6ngi s\u00edna, til \u00feess a\u00f0 lyfta s\u00e9r fr\u00e1 j\u00f6r\u00f0unni, \u00fe\u00e1 snerust ekki hj\u00f3lin vi\u00f0, heldur voru kyrr hj\u00e1 \u00feeim;<a name=\"17\"><span class=\"versanumer\">17<\/span><\/a>st\u00e6\u00f0i \u00feeir kyrrir, st\u00f3\u00f0u \u00feau einnig; h\u00e6fi \u00feeir sig upp, h\u00f3fu \u00feau sig og upp \u00e1samt \u00feeim, \u00fev\u00ed andi enna lifandi skepna var \u00ed \u00feeim.<a name=\"18\"><span class=\"versanumer\">18<\/span><\/a>D\u00fdr\u00f0in Drottins haf\u00f0i sig n\u00fa burt af \u00fer\u00f6skuldi h\u00fassins, standandi uppi yfir ker\u00fabunum;<a name=\"19\"><span class=\"versanumer\">19<\/span><\/a>en ker\u00fabarnir lyftu upp v\u00e6ngjum s\u00ednum, h\u00f3fu sig fr\u00e1 j\u00f6r\u00f0unni, a\u00f0 m\u00e9r \u00e1sj\u00e1anda, og f\u00f3ru \u00fat, og hj\u00f3lin hj\u00e1 \u00feeim; \u00feeir numu sta\u00f0ar vi\u00f0 eystra hli\u00f0 musterisins, og d\u00fdr\u00f0 \u00cdsraels Gu\u00f0s uppi yfir \u00feeim.<a name=\"20\"><span class=\"versanumer\">20<\/span><\/a>\u00dea\u00f0 voru \u00fe\u00e6r s\u00f6mu lifandi skepnur, sem eg haf\u00f0i s\u00e9\u00f0 undir \u00cdsraels Gu\u00f0i vi\u00f0 \u00e1na Kabor; og eg \u00feekti, a\u00f0 \u00fea\u00f0 voru ker\u00fabar:<a name=\"21\"><span class=\"versanumer\">21<\/span><\/a>\u00fev\u00ed \u00feeir h\u00f6f\u00f0u fj\u00f6gur andlit og fj\u00f3ra v\u00e6ngi hv\u00f6r, og undir v\u00e6ngjum s\u00e9r, eitthva\u00f0 sem l\u00edktist mannsh\u00f6ndum;<a name=\"22\"><span class=\"versanumer\">22<\/span><\/a>og hva\u00f0 andlits skapna\u00f0inum vi\u00f0v\u00e9k, \u00fe\u00e1 voru \u00feau \u00e1s\u00fdnis eins og hin s\u00f6mu og \u00feau andlit, er eg haf\u00f0i s\u00e9\u00f0 vi\u00f0 \u00e1na Kabor; hv\u00f6r \u00feeirra gekk beint af augum fram.<\/p>\n<div class=\"footnoteVidey\">V. 13. a. \u00de. e. skj\u00f3t sem vindur e\u00f0a hvirfilbylur.<\/div>\n","protected":false},"excerpt":{"rendered":"<p>Gu\u00f0 b\u00fd\u00f0ur a\u00f0 ey\u00f0ileggja Jer\u00fasalemsborg me\u00f0 eldi, 1\u20138; d\u00fdr\u00f0 Drottins flytur sig algj\u00f6rlega \u00fat af musterinu, 9\u201322. 1Eg s\u00e1, og sj\u00e1! \u00e1 himni \u00feeim, er var yfir h\u00f6f\u00f0um ker\u00fabanna, var \u00fev\u00ed l\u00edkast sem saff\u00edrsteinn v\u00e6ri, tils\u00fdndar sem veldisst\u00f3ll, sem var a\u00f0 sj\u00e1 uppi yfir \u00feeim.2N\u00fa sag\u00f0i hann til hins l\u00ednkl\u00e6dda manns: gakk inn \u00e1 millum hj\u00f3lanna undir ker\u00fabunum, og tak fullar l\u00fakur \u00fe\u00ednar af gl\u00e6\u00f0um milli ker\u00fabanna, og dreif \u00feeim \u00fat yfir borgina. Og hann gekk \u00fear inn, a\u00f0 m\u00e9r \u00e1sj\u00e1anda.3En ker\u00fabarnir st\u00f3\u00f0u h\u00e6gra megin vi\u00f0 musteri\u00f0, \u00feegar ma\u00f0urinn gekk inn, og haf\u00f0i sk\u00fdmokkur uppfyllt innra forgar\u00f0inn;4n\u00fa var d\u00fdr\u00f0 Drottins <a href=\"https:\/\/biblian.is\/videy\/esekiel-10-kafli\/\"> [&#8230;]<\/a><\/p>\n","protected":false},"author":1,"featured_media":0,"parent":0,"menu_order":0,"comment_status":"open","ping_status":"open","template":"bibliukaflar.php","meta":{"footnotes":""},"class_list":["post-21661","page","type-page","status-publish","hentry"],"_links":{"self":[{"href":"https:\/\/biblian.is\/videy\/wp-json\/wp\/v2\/pages\/21661","targetHints":{"allow":["GET"]}}],"collection":[{"href":"https:\/\/biblian.is\/videy\/wp-json\/wp\/v2\/pages"}],"about":[{"href":"https:\/\/biblian.is\/videy\/wp-json\/wp\/v2\/types\/page"}],"author":[{"embeddable":true,"href":"https:\/\/biblian.is\/videy\/wp-json\/wp\/v2\/users\/1"}],"replies":[{"embeddable":true,"href":"https:\/\/biblian.is\/videy\/wp-json\/wp\/v2\/comments?post=21661"}],"version-history":[{"count":0,"href":"https:\/\/biblian.is\/videy\/wp-json\/wp\/v2\/pages\/21661\/revisions"}],"wp:attachment":[{"href":"https:\/\/biblian.is\/videy\/wp-json\/wp\/v2\/media?parent=21661"}],"curies":[{"name":"wp","href":"https:\/\/api.w.org\/{rel}","templated":true}]}}