{"id":21659,"date":"2018-01-02T01:03:15","date_gmt":"2018-01-02T01:03:15","guid":{"rendered":"http:\/\/biblian.is\/videy\/esekiel-8-kafli\/"},"modified":"2018-01-02T01:03:15","modified_gmt":"2018-01-02T01:03:15","slug":"esekiel-8-kafli","status":"publish","type":"page","link":"https:\/\/biblian.is\/videy\/esekiel-8-kafli\/","title":{"rendered":"Esek\u00edel 8. kafli"},"content":{"rendered":"<div class=\"fyrirsognVidey\">Esek\u00edel er burtfluttur fr\u00e1 Bab\u00fdlon til Jer\u00fasalems, 1\u20133; s\u00e9r margs konar lj\u00f3tustu afgu\u00f0ad\u00fdrkun, sem vi\u00f0gekkst \u00ed forgar\u00f0i musterisins, 4\u201316; Gu\u00f0 h\u00f3tar Gy\u00f0ingum hegningu \u00fear fyrir, 17\u201318.<\/div>\n<p><a name=\"1\"><span class=\"versanumer\">1<\/span><\/a>\u00dea\u00f0 var \u00e1 sj\u00f6tta \u00e1ri, \u00feann fimmta dag hins sj\u00f6tta m\u00e1na\u00f0ar, \u00fe\u00e1 eg sat \u00ed h\u00fasi m\u00ednu og forstj\u00f3rar J\u00fada s\u00e1tu frammi fyrir m\u00e9r, a\u00f0 h\u00f6nd Drottins hins alvalda kom \u00fear yfir mig.<a name=\"2\"><span class=\"versanumer\">2<\/span><\/a>Og sj\u00e1, eg s\u00e1 mannsmynd, tils\u00fdndar sem eld; \u00fear \u00ed fr\u00e1, sem m\u00e9r \u00fe\u00f3ttu lendar hans vera, og ni\u00f0ur eftir, var eins og eldur; en fr\u00e1 lendum hans og upp eftir s\u00e1st bjarmi, eins og lj\u00f3mandi af l\u00fdsigulli.<a name=\"3\"><span class=\"versanumer\">3<\/span><\/a>Hann \u00fatr\u00e9tti l\u00edkast sem h\u00f6nd v\u00e6ri, og t\u00f3k \u00ed h\u00f6fu\u00f0h\u00e1r mitt, h\u00f3f andinn mig \u00fe\u00e1 upp, og flutti mig milli himins og jar\u00f0ar, \u00ed gu\u00f0legum sj\u00f3num, til Jer\u00fasalemsborgar a\u00f0 nor\u00f0urhli\u00f0i innra forgar\u00f0sins, hvar e\u00f0 skapraunar-storkunar-m\u00f3\u00f0gunar l\u00edkneskjan <span class='VideyAth'>a)<\/span> st\u00f3\u00f0, s\u00fa er uppvakti Drottins vandl\u00e6tingu.<br \/><a name=\"4\"><span class=\"versanumer\">4<\/span><\/a>Og sj\u00e1! h\u00e9r birtist hin sama d\u00fdr\u00f0arsj\u00f3n \u00cdsraels Gu\u00f0s, eins og eg haf\u00f0i s\u00e9\u00f0 \u00ed dalnum.<a name=\"5\"><span class=\"versanumer\">5<\/span><\/a>Hann sag\u00f0i til m\u00edn: \u00fe\u00fa mannsins son, hef upp \u00fe\u00edn augu, og l\u00edt til nor\u00f0urs. Eg h\u00f3f upp m\u00edn augu og leit til nor\u00f0urs, og s\u00e1, a\u00f0 storkunarl\u00edkneski\u00f0 st\u00f3\u00f0 nor\u00f0anmegin vi\u00f0 altarishli\u00f0i\u00f0, r\u00e9tt \u00fear sem inn er gengi\u00f0.<a name=\"6\"><span class=\"versanumer\">6<\/span><\/a>Hann sag\u00f0i \u00fe\u00e1 til m\u00edn: \u00fe\u00fa mannsins son, s\u00e9r \u00fe\u00fa hva\u00f0 \u00feessir gj\u00f6ra? s\u00e9r \u00fe\u00fa \u00fe\u00e6r st\u00f3ru sv\u00edvir\u00f0ingar, sem \u00cdsraelsmenn hafa h\u00e9r \u00ed frammi, til \u00feess a\u00f0 byggja m\u00e9r \u00fat \u00far m\u00ednum helgid\u00f3mi? En \u00fe\u00fa skalt enn f\u00e1 a\u00f0 sj\u00e1 st\u00e6rri sv\u00edvir\u00f0ingar.<a name=\"7\"><span class=\"versanumer\">7<\/span><\/a>N\u00fa leiddi hann mig a\u00f0 forgar\u00f0shli\u00f0inu, og \u00fe\u00e1 s\u00e1 eg, a\u00f0 \u00fear var smuga nokkur inn \u00ed vegginn.<a name=\"8\"><span class=\"versanumer\">8<\/span><\/a>Hann sag\u00f0i til m\u00edn: \u00fe\u00fa mannsins son, graf \u00fe\u00fa \u00ed gegnum vegginn. Eg gr\u00f3f \u00ed gegnum vegginn, og sj\u00e1! \u00fear voru dyr \u00e1.<a name=\"9\"><span class=\"versanumer\">9<\/span><\/a>Hann sag\u00f0i \u00fe\u00e1 til m\u00edn: gakk inn, og sj\u00e1 \u00fe\u00e6r vondu sv\u00edvir\u00f0ingar, sem \u00feeir hafa h\u00e9r \u00ed frammi.<a name=\"10\"><span class=\"versanumer\">10<\/span><\/a>Eg gekk inn og lita\u00f0ist um, og s\u00e1, a\u00f0 \u00fear voru ristnar allt umhverfis \u00e1 vegginn \u00fdmsar myndir orma, vi\u00f0bj\u00f3\u00f0slegra kvikinda og \u00fdmsra skur\u00f0go\u00f0a, sem \u00cdsraelsmenn bl\u00f3tu\u00f0u;<a name=\"11\"><span class=\"versanumer\">11<\/span><\/a>frammi fyrir \u00feeim st\u00f3\u00f0u 70 menn af forstj\u00f3rum \u00cdsraelsmanna, \u00fear \u00e1 me\u00f0al Jasan\u00eda Saffansson, og h\u00e9lt hv\u00f6r \u00feeirra \u00e1 reykelsiskeri \u00ed hendi s\u00e9r, og st\u00e9 \u00fear upp af ilmandi reykelsismokkur.<a name=\"12\"><span class=\"versanumer\">12<\/span><\/a>Hann sag\u00f0i \u00fe\u00e1 til m\u00edn: \u00fe\u00fa mannsins son, s\u00e9r \u00fe\u00fa hva\u00f0 forstj\u00f3rar \u00cdsraelsmanna hafast a\u00f0 \u00ed myrkrinu, hv\u00f6r \u00ed s\u00ednu myndum pr\u00fddda herbergi? \u00feeir segja: Drottinn s\u00e9r oss ekki, Drottinn hefir yfirgefi\u00f0 landi\u00f0.<a name=\"13\"><span class=\"versanumer\">13<\/span><\/a>Og enn sag\u00f0i hann til m\u00edn: \u00fe\u00fa skalt enn sj\u00e1 st\u00e6rri sv\u00edvir\u00f0ingar, sem \u00feeir hafa \u00ed frammi.<a name=\"14\"><span class=\"versanumer\">14<\/span><\/a>Hann leiddi mig \u00fe\u00e1 a\u00f0 hinu nyr\u00f0ra hli\u00f0i Drottinsh\u00fass, og sj\u00e1! \u00fear s\u00e1tu konur, sem gr\u00e9tu yfir Tam\u00fas <span class='VideyAth'>b)<\/span>.<a name=\"15\"><span class=\"versanumer\">15<\/span><\/a>\u00de\u00e1 sag\u00f0i hann til m\u00edn: s\u00e9r \u00fe\u00fa \u00feetta, mannsins son? \u00fe\u00fa skalt enn f\u00e1 a\u00f0 sj\u00e1 st\u00e6rri sv\u00edvir\u00f0ingar, en \u00feessar.<a name=\"16\"><span class=\"versanumer\">16<\/span><\/a>Hann leiddi mig \u00fe\u00e1 inn \u00ed innra forgar\u00f0 Drottinsh\u00fass; og sj\u00e1! fyrir musteris dyrum Drottins, milli forh\u00fassins og altarisins, st\u00f3\u00f0u 25 menn, sem sneru b\u00f6kum vi\u00f0 musteri Drottins, og horf\u00f0u \u00e1 m\u00f3ti austri, og tilb\u00e1\u00f0u \u00fe\u00e1 upprennandi s\u00f3l.<br \/><a name=\"17\"><span class=\"versanumer\">17<\/span><\/a>\u00de\u00e1 sag\u00f0i hann til m\u00edn: s\u00e9r \u00fe\u00fa \u00feetta, mannsins son? er \u00fea\u00f0 ekki n\u00f3g, a\u00f0 J\u00fadamenn hafi \u00ed frammi allar \u00fe\u00e6r sv\u00edvir\u00f0ingar, sem \u00feeir h\u00e9r fremja, \u00fe\u00f3 \u00feeir ekki \u00fear \u00e1 ofan fylli landi\u00f0 me\u00f0 rangindum, og l\u00e1ti ekki af a\u00f0 reita mig til rei\u00f0i? En, \u00feeir reka kvistinn upp \u00ed nasir s\u00e9r.<a name=\"18\"><span class=\"versanumer\">18<\/span><\/a>Eg skal l\u00edka l\u00e1ta m\u00edna rei\u00f0i koma ni\u00f0ur \u00e1 \u00feeim; eg skal ekki v\u00e6gja, og \u00f6ngva me\u00f0aumkun hafa; \u00fe\u00f3 \u00feeir kalli me\u00f0 h\u00e1rri raust fyrir m\u00ednum eyrum, \u00fe\u00e1 skal eg \u00fe\u00f3 ekki heyra til \u00feeirra.<\/p>\n<div class=\"footnoteVidey\">V. 3. a. L\u00edkneski Baals, 2 K\u00f3ng. 21,3. e\u00f0a M\u00f3loks.  V. 14. Tam\u00fas, \u00e1stargo\u00f0.  V. 17. M\u00e1lsh\u00e1ttur! \u00feeir baka s\u00e9r sj\u00e1lfir hegningu.<\/div>\n","protected":false},"excerpt":{"rendered":"<p>Esek\u00edel er burtfluttur fr\u00e1 Bab\u00fdlon til Jer\u00fasalems, 1\u20133; s\u00e9r margs konar lj\u00f3tustu afgu\u00f0ad\u00fdrkun, sem vi\u00f0gekkst \u00ed forgar\u00f0i musterisins, 4\u201316; Gu\u00f0 h\u00f3tar Gy\u00f0ingum hegningu \u00fear fyrir, 17\u201318. 1\u00dea\u00f0 var \u00e1 sj\u00f6tta \u00e1ri, \u00feann fimmta dag hins sj\u00f6tta m\u00e1na\u00f0ar, \u00fe\u00e1 eg sat \u00ed h\u00fasi m\u00ednu og forstj\u00f3rar J\u00fada s\u00e1tu frammi fyrir m\u00e9r, a\u00f0 h\u00f6nd Drottins hins alvalda kom \u00fear yfir mig.2Og sj\u00e1, eg s\u00e1 mannsmynd, tils\u00fdndar sem eld; \u00fear \u00ed fr\u00e1, sem m\u00e9r \u00fe\u00f3ttu lendar hans vera, og ni\u00f0ur eftir, var eins og eldur; en fr\u00e1 lendum hans og upp eftir s\u00e1st bjarmi, eins og lj\u00f3mandi af l\u00fdsigulli.3Hann \u00fatr\u00e9tti l\u00edkast sem h\u00f6nd <a href=\"https:\/\/biblian.is\/videy\/esekiel-8-kafli\/\"> [&#8230;]<\/a><\/p>\n","protected":false},"author":1,"featured_media":0,"parent":0,"menu_order":0,"comment_status":"open","ping_status":"open","template":"bibliukaflar.php","meta":{"footnotes":""},"class_list":["post-21659","page","type-page","status-publish","hentry"],"_links":{"self":[{"href":"https:\/\/biblian.is\/videy\/wp-json\/wp\/v2\/pages\/21659","targetHints":{"allow":["GET"]}}],"collection":[{"href":"https:\/\/biblian.is\/videy\/wp-json\/wp\/v2\/pages"}],"about":[{"href":"https:\/\/biblian.is\/videy\/wp-json\/wp\/v2\/types\/page"}],"author":[{"embeddable":true,"href":"https:\/\/biblian.is\/videy\/wp-json\/wp\/v2\/users\/1"}],"replies":[{"embeddable":true,"href":"https:\/\/biblian.is\/videy\/wp-json\/wp\/v2\/comments?post=21659"}],"version-history":[{"count":0,"href":"https:\/\/biblian.is\/videy\/wp-json\/wp\/v2\/pages\/21659\/revisions"}],"wp:attachment":[{"href":"https:\/\/biblian.is\/videy\/wp-json\/wp\/v2\/media?parent=21659"}],"curies":[{"name":"wp","href":"https:\/\/api.w.org\/{rel}","templated":true}]}}