{"id":21658,"date":"2018-01-02T01:03:15","date_gmt":"2018-01-02T01:03:15","guid":{"rendered":"http:\/\/biblian.is\/videy\/esekiel-7-kafli\/"},"modified":"2018-01-02T01:03:15","modified_gmt":"2018-01-02T01:03:15","slug":"esekiel-7-kafli","status":"publish","type":"page","link":"https:\/\/biblian.is\/videy\/esekiel-7-kafli\/","title":{"rendered":"Esek\u00edel 7. kafli"},"content":{"rendered":"<div class=\"fyrirsognVidey\">Esek\u00edel bo\u00f0ar Gy\u00f0ingum, a\u00f0 s\u00e1 dagur s\u00e9 fyrir hendi, a\u00f0 Gu\u00f0 muni v\u00e6g\u00f0arlaust refsa \u00feeim \u00fever\u00fa\u00f0arfulla l\u00fd\u00f0, me\u00f0 \u00fev\u00ed a\u00f0 l\u00e1ta Kaldea inntaka Jer\u00fasalem, 1\u201311; l\u00fdsir r\u00e1\u00f0leysu, angist og hugleysi f\u00f3lksins, me\u00f0an \u00f3vinirnir ums\u00e1tu borgina, 12\u201318; allar gersemar skyldu ver\u00f0a \u00f3vinunum a\u00f0 herfangi, 19\u201322; og f\u00f3lki\u00f0 \u00ed J\u00fadalandi flytjast burt \u00ed fj\u00f6trum, 23\u201327.<\/div>\n<p><a name=\"1\"><span class=\"versanumer\">1<\/span><\/a>Or\u00f0 Drottins kom til m\u00edn svo m\u00e6landi:<a name=\"2\"><span class=\"versanumer\">2<\/span><\/a>\u00fe\u00fa mannsins son, svo segir Drottinn alvaldur um \u00cdsraelsland: endirinn kemur, j\u00e1, kemur yfir fj\u00f3rar \u00e1lfur landsins;<a name=\"3\"><span class=\"versanumer\">3<\/span><\/a>n\u00fa eru \u00feau endalokin komin yfir \u00feig, a\u00f0 eg sendi m\u00edna rei\u00f0i m\u00f3ti \u00fe\u00e9r, d\u00e6mi \u00feig eftir \u00feinni heg\u00f0un, og l\u00e6t allar \u00fe\u00ednar sv\u00edvir\u00f0ingar ni\u00f0ur \u00e1 \u00fe\u00e9r koma.<a name=\"4\"><span class=\"versanumer\">4<\/span><\/a>Eg skal ekki v\u00e6gja \u00fe\u00e9r, og \u00f6ngva me\u00f0aumkvun hafa, heldur l\u00e1ta \u00fe\u00edna heg\u00f0un ni\u00f0ur \u00e1 \u00fe\u00e9r koma, og allar \u00fe\u00ednar sv\u00edvir\u00f0ingar skulu \u00e1 \u00fe\u00e9r bitna, svo a\u00f0 \u00fe\u00e9r skulu\u00f0 vi\u00f0urkenna a\u00f0 eg em Drottinn.<a name=\"5\"><span class=\"versanumer\">5<\/span><\/a>Svo segir Drottinn alvaldur: \u00f3g\u00e6fan kemur, j\u00e1, d\u00e6malaus \u00f3g\u00e6fa!<a name=\"6\"><span class=\"versanumer\">6<\/span><\/a>endirinn kemur, endirinn kemur, hann er vakna\u00f0ur uppi yfir \u00fe\u00e9r, l\u00edttu \u00e1, hvar hann kemur;<a name=\"7\"><span class=\"versanumer\">7<\/span><\/a>\u00fea\u00f0 tekur til a\u00f0 birta af degi yfir \u00fe\u00e9r, \u00fe\u00fa innb\u00fai landsins, t\u00edminn kemur, s\u00e1 dagur er \u00ed n\u00e1nd, sem f\u00e6rir me\u00f0 s\u00e9r \u00f3fri\u00f0, en engin gle\u00f0il\u00e6ti \u00e1 fj\u00f6llunum.<a name=\"8\"><span class=\"versanumer\">8<\/span><\/a>N\u00fa mun eg br\u00e1\u00f0um \u00fathella minni heift yfir \u00feig, og l\u00e1ta m\u00edna gj\u00f6rvalla rei\u00f0i yfir \u00feig dynja; eg skal d\u00e6ma \u00feig eftir \u00feinni heg\u00f0un, og l\u00e1ta allar \u00fe\u00ednar sv\u00edvir\u00f0ingar \u00e1 \u00fe\u00e9r lenda.<a name=\"9\"><span class=\"versanumer\">9<\/span><\/a>Eg skal ekki v\u00e6gja, og enga me\u00f0aumkvun hafa; eg skal gjalda \u00fe\u00e9r eftir breytni \u00feinni, og \u00fe\u00ednar sv\u00edvir\u00f0ingar skulu ni\u00f0ur \u00e1 \u00fe\u00e9r koma, svo a\u00f0 \u00fe\u00e9r skulu\u00f0 vi\u00f0urkenna, a\u00f0 eg Drottinn er s\u00e1 sem tyftir.<a name=\"10\"><span class=\"versanumer\">10<\/span><\/a>L\u00edttu \u00e1 dagsbr\u00fanina, horf\u00f0u \u00e1, hvar h\u00fan kemur! morgunro\u00f0inn gengur upp! V\u00f6ndurinn <span class='VideyAth'>a)<\/span> bl\u00f3mgast, drambsemin \u00fer\u00f3ast;<a name=\"11\"><span class=\"versanumer\">11<\/span><\/a>ofr\u00edkisma\u00f0urinn er or\u00f0inn svo magna\u00f0ur, a\u00f0 hann getur veri\u00f0 v\u00f6ndur \u00e1 \u00fe\u00e1 \u00f3gu\u00f0legu: \u00f6ngvum \u00feeirra skal v\u00e6gt ver\u00f0a, \u00f6ngvum m\u00fagamanni, \u00f6ngvum h\u00f6f\u00f0ingja, ekkert skal eftir ver\u00f0a af yfirl\u00e6ti \u00feeirra.<br \/><a name=\"12\"><span class=\"versanumer\">12<\/span><\/a>S\u00e1 t\u00edmi kemur, s\u00e1 dagur er \u00ed n\u00e1nd, a\u00f0 kaupandinn skal ekki feginn ver\u00f0a, og seljandinn ekki \u00f3gle\u00f0jast; \u00fev\u00ed rei\u00f0id\u00f3murinn gengur yfir gj\u00f6rvallan f\u00f3lksm\u00faginn.<a name=\"13\"><span class=\"versanumer\">13<\/span><\/a>Seljandinn skal ei aftur a\u00f0 seldu komast, jafnvel \u00fe\u00f3 honum entist l\u00edf til <span class='VideyAth'>b)<\/span>; \u00fev\u00ed vitranin, sem kemur fram \u00e1 gj\u00f6rv\u00f6llum l\u00fd\u00f0num, skal ekki a\u00f0 h\u00e9g\u00f3mam\u00e1li ver\u00f0a, og enginn, sem lifa\u00f0 hefir \u00f3gu\u00f0legu l\u00edfi, skal vita sig \u00f3hultan.<a name=\"14\"><span class=\"versanumer\">14<\/span><\/a>\u00de\u00f3 herbl\u00e1stur s\u00e9 bl\u00e1sinn og allavega umb\u00faist, mun samt enginn h\u00e6tta s\u00e9r \u00ed orrustuna; \u00fev\u00ed m\u00edn rei\u00f0i gengur yfir gj\u00f6rvallan m\u00faginn.<a name=\"15\"><span class=\"versanumer\">15<\/span><\/a>Sver\u00f0i\u00f0 mun geysa utanborgar, hungur og dreps\u00f3tt innanborgar; s\u00e1 sem er \u00e1 akri, skal fyrir sver\u00f0i falla, og \u00feeim, sem innan borgar er, skal hungur og dreps\u00f3tt ey\u00f0a.<a name=\"16\"><span class=\"versanumer\">16<\/span><\/a>Komist nokkurir undan, munu \u00feeir til fjalla fl\u00fdja, og vera \u00fear, allir kveinandi, hv\u00f6r yfir s\u00ednum misgj\u00f6r\u00f0um, eins og kurrandi d\u00fafur \u00ed d\u00f6lum;<a name=\"17\"><span class=\"versanumer\">17<\/span><\/a>allar hendur munu l\u00e9magna ver\u00f0a, og \u00f6ll kn\u00e9 i\u00f0a sem vatn;<a name=\"18\"><span class=\"versanumer\">18<\/span><\/a>\u00feeir munu \u00edkl\u00e6\u00f0ast h\u00e1rkl\u00e6\u00f0um, hr\u00e6\u00f0slan mun hylja \u00fe\u00e1, sk\u00f6mmin mun sitja \u00e1 hv\u00f6rju andliti, og hv\u00f6rt h\u00f6fu\u00f0 vera sk\u00f6ll\u00f3tt.<br \/><a name=\"19\"><span class=\"versanumer\">19<\/span><\/a>Silfri s\u00ednu munu \u00feeir varpa \u00fat \u00e1 str\u00e6tin, og horfa \u00e1 gull sitt me\u00f0 vi\u00f0bj\u00f3\u00f0; \u00feeirra silfur og gull mun ei f\u00e1 frelsa\u00f0 \u00e1 rei\u00f0idegi Drottins; \u00feeir munu ei geta sefa\u00f0 hungur sitt e\u00f0a fyllt kvi\u00f0 sinn me\u00f0 \u00fev\u00ed; \u00fea\u00f0 var\u00f0 \u00feeim a\u00f0 f\u00f3takefli til hr\u00f6sunar:<a name=\"20\"><span class=\"versanumer\">20<\/span><\/a>\u00fev\u00ed \u00fea\u00f0 sem \u00feeim var gefi\u00f0 til pr\u00fd\u00f0i og b\u00faningsb\u00f3tar, \u00fev\u00ed v\u00f6r\u00f0u \u00feeir til drambl\u00e6tis, og gj\u00f6r\u00f0u \u00fear af vi\u00f0urstyggilegar og sv\u00edvir\u00f0ilegar go\u00f0al\u00edkneskjur; \u00feess vegna l\u00e6t eg \u00fe\u00e1 f\u00e1 vi\u00f0bj\u00f3\u00f0 \u00e1 \u00fev\u00ed.<a name=\"21\"><span class=\"versanumer\">21<\/span><\/a>Eg skal selja \u00fea\u00f0 \u00fatlendum \u00ed hendur til herfangs, \u00feeim verstu m\u00f6nnum \u00e1 j\u00f6r\u00f0unni til hlutskiptis, og \u00feeir skulu vanhelga \u00fea\u00f0;<a name=\"22\"><span class=\"versanumer\">22<\/span><\/a>eg skal sn\u00faa m\u00ednu augliti fr\u00e1 \u00feeim, og \u00feeir skulu vanhelga minn helgid\u00f3m: r\u00e6ningjar skulu brj\u00f3tast inn \u00ed hann og vanhelga hann.<br \/><a name=\"23\"><span class=\"versanumer\">23<\/span><\/a>B\u00fa \u00fe\u00fa til fj\u00f6tur, \u00fev\u00ed landi\u00f0 er fullt af \u00f3b\u00f3taverkum, og borgin af rangindum.<a name=\"24\"><span class=\"versanumer\">24<\/span><\/a>Eg skal stefna hinga\u00f0 \u00feeirri verstu \u00fej\u00f3\u00f0 til \u00feess a\u00f0 kasta eigu sinni \u00e1 h\u00fas \u00feeirra; eg skal drepa ni\u00f0ur drambl\u00e6ti hinna sterku, og \u00feeirra helgid\u00f3mar skulu ver\u00f0a vanhelga\u00f0ir.<a name=\"25\"><span class=\"versanumer\">25<\/span><\/a>\u00deegar \u00f3g\u00e6fan a\u00f0 ste\u00f0jar, munu \u00feeir leita fri\u00f0ar, en \u00fe\u00e1 er hv\u00f6rgi fri\u00f0 a\u00f0 finna;<a name=\"26\"><span class=\"versanumer\">26<\/span><\/a>eitt \u00f3happi\u00f0 mun \u00f6\u00f0ru fylgja, og hv\u00f6r \u00f3t\u00ed\u00f0indin koma \u00e1 f\u00e6tur \u00f6\u00f0rum. \u00deeir munu leita vitrana hj\u00e1 sp\u00e1m\u00f6nnunum, en \u00fe\u00e1 mun ekkert l\u00f6gm\u00e1l til vera hj\u00e1 kennim\u00f6nnunum, og engin r\u00e1\u00f0deild hj\u00e1 forstj\u00f3runum;<a name=\"27\"><span class=\"versanumer\">27<\/span><\/a>Konungurinn mun ver\u00f0a sorgbitinn, og landsh\u00f6f\u00f0inginn sinnulaus, og landsf\u00f3lkinu munu fallast hendur. Eftir breytni \u00feeirra skal eg me\u00f0 \u00fe\u00e1 fara, og eftir \u00feeirra ver\u00f0leikum d\u00e6ma \u00fe\u00e1, svo \u00feeir kannist vi\u00f0, a\u00f0 eg em Drottinn.<\/p>\n<div class=\"footnoteVidey\">V. 10. a. Neb\u00fakadnesar, Bab\u00fdlonark\u00f3ngur.  V. 13. b. \u00de. e. \u00fe\u00f3 hann lifi til fagna\u00f0ar\u00e1rsins, \u00fe\u00e1 s\u00e9rhv\u00f6r f\u00e9kk aftur \u00feann akur, sem hann haf\u00f0i selt, 3 M\u00f3s. 25,13.<\/div>\n","protected":false},"excerpt":{"rendered":"<p>Esek\u00edel bo\u00f0ar Gy\u00f0ingum, a\u00f0 s\u00e1 dagur s\u00e9 fyrir hendi, a\u00f0 Gu\u00f0 muni v\u00e6g\u00f0arlaust refsa \u00feeim \u00fever\u00fa\u00f0arfulla l\u00fd\u00f0, me\u00f0 \u00fev\u00ed a\u00f0 l\u00e1ta Kaldea inntaka Jer\u00fasalem, 1\u201311; l\u00fdsir r\u00e1\u00f0leysu, angist og hugleysi f\u00f3lksins, me\u00f0an \u00f3vinirnir ums\u00e1tu borgina, 12\u201318; allar gersemar skyldu ver\u00f0a \u00f3vinunum a\u00f0 herfangi, 19\u201322; og f\u00f3lki\u00f0 \u00ed J\u00fadalandi flytjast burt \u00ed fj\u00f6trum, 23\u201327. 1Or\u00f0 Drottins kom til m\u00edn svo m\u00e6landi:2\u00fe\u00fa mannsins son, svo segir Drottinn alvaldur um \u00cdsraelsland: endirinn kemur, j\u00e1, kemur yfir fj\u00f3rar \u00e1lfur landsins;3n\u00fa eru \u00feau endalokin komin yfir \u00feig, a\u00f0 eg sendi m\u00edna rei\u00f0i m\u00f3ti \u00fe\u00e9r, d\u00e6mi \u00feig eftir \u00feinni heg\u00f0un, og l\u00e6t allar \u00fe\u00ednar sv\u00edvir\u00f0ingar ni\u00f0ur <a href=\"https:\/\/biblian.is\/videy\/esekiel-7-kafli\/\"> [&#8230;]<\/a><\/p>\n","protected":false},"author":1,"featured_media":0,"parent":0,"menu_order":0,"comment_status":"open","ping_status":"open","template":"bibliukaflar.php","meta":{"footnotes":""},"class_list":["post-21658","page","type-page","status-publish","hentry"],"_links":{"self":[{"href":"https:\/\/biblian.is\/videy\/wp-json\/wp\/v2\/pages\/21658","targetHints":{"allow":["GET"]}}],"collection":[{"href":"https:\/\/biblian.is\/videy\/wp-json\/wp\/v2\/pages"}],"about":[{"href":"https:\/\/biblian.is\/videy\/wp-json\/wp\/v2\/types\/page"}],"author":[{"embeddable":true,"href":"https:\/\/biblian.is\/videy\/wp-json\/wp\/v2\/users\/1"}],"replies":[{"embeddable":true,"href":"https:\/\/biblian.is\/videy\/wp-json\/wp\/v2\/comments?post=21658"}],"version-history":[{"count":0,"href":"https:\/\/biblian.is\/videy\/wp-json\/wp\/v2\/pages\/21658\/revisions"}],"wp:attachment":[{"href":"https:\/\/biblian.is\/videy\/wp-json\/wp\/v2\/media?parent=21658"}],"curies":[{"name":"wp","href":"https:\/\/api.w.org\/{rel}","templated":true}]}}