{"id":21657,"date":"2018-01-02T01:03:15","date_gmt":"2018-01-02T01:03:15","guid":{"rendered":"http:\/\/biblian.is\/videy\/esekiel-6-kafli\/"},"modified":"2018-01-02T01:03:15","modified_gmt":"2018-01-02T01:03:15","slug":"esekiel-6-kafli","status":"publish","type":"page","link":"https:\/\/biblian.is\/videy\/esekiel-6-kafli\/","title":{"rendered":"Esek\u00edel 6. kafli"},"content":{"rendered":"<div class=\"fyrirsognVidey\">H\u00f3tanir m\u00f3ti einst\u00f6kum st\u00f6\u00f0um \u00ed Gy\u00f0ingalandi, hvar afgu\u00f0ad\u00fdrkun var helst framin, 1\u20137; afturhvarf nokkura herleiddra Gy\u00f0inga, 8\u201310; sorg sp\u00e1mannsins yfir h\u00f6rmungum Gy\u00f0inga, 11\u201313.<\/div>\n<p><a name=\"1\"><span class=\"versanumer\">1<\/span><\/a>Or\u00f0 Drottins kom til m\u00edn svol\u00e1tandi:<a name=\"2\"><span class=\"versanumer\">2<\/span><\/a>\u00fe\u00fa mannsins son, sn\u00fa \u00fe\u00ednu augliti gegn \u00cdsraelsfj\u00f6llum, og sp\u00e1 \u00ed m\u00f3ti \u00feeim,<a name=\"3\"><span class=\"versanumer\">3<\/span><\/a>og seg: heyri\u00f0, \u00cdsraelsfj\u00f6ll, or\u00f0 Drottins hins alvalda! Svo talar Drottinn alvaldur til fjallanna og h\u00e6\u00f0anna, til hvammanna og dalanna: sj\u00e1! eg l\u00e6t sver\u00f0i\u00f0 koma yfir y\u00f0ur, og eg skal ey\u00f0a y\u00f0ar h\u00f6rgum;<a name=\"4\"><span class=\"versanumer\">4<\/span><\/a>y\u00f0ar \u00f6lturu skulu \u00ed ey\u00f0i l\u00f6g\u00f0 ver\u00f0a, og y\u00f0ar go\u00f0al\u00edkneskjur \u00ed sundur brotnar; eg skal sl\u00e1 y\u00f0ur \u00ed hel, og kasta \u00feeim vegnu ni\u00f0ur fyrir y\u00f0ar skur\u00f0go\u00f0:<a name=\"5\"><span class=\"versanumer\">5<\/span><\/a>j\u00e1, hr\u00e6jum \u00cdsraelsmanna skal eg varpa fyrir skur\u00f0go\u00f0 \u00feeirra; y\u00f0ar beinum skal eg dreifa umhverfis y\u00f0ar \u00f6lturu.<a name=\"6\"><span class=\"versanumer\">6<\/span><\/a>Svo langt sem y\u00f0ar bygg\u00f0 n\u00e6r, skulu borgirnar \u00ed ey\u00f0i lag\u00f0ar ver\u00f0a, og h\u00f6rgarnir gj\u00f6reyddir, svo a\u00f0\u2014\u00fe\u00e1 y\u00f0ar \u00f6lturu eru \u00ed ey\u00f0i l\u00f6g\u00f0 og umturnu\u00f0, y\u00f0ar skur\u00f0go\u00f0 sundurbrotin og a\u00f0 \u00f6ngvu gj\u00f6r\u00f0, y\u00f0ar go\u00f0al\u00edkneskjur m\u00f6lva\u00f0ar, y\u00f0ar handaverk afm\u00e1\u00f0,<a name=\"7\"><span class=\"versanumer\">7<\/span><\/a>og valk\u00f6sturinn liggur mitt \u00e1 me\u00f0al y\u00f0ar,\u2014a\u00f0 \u00fe\u00e9r \u00fe\u00e1 skulu\u00f0 vi\u00f0urkenna, a\u00f0 eg em Drottinn.<br \/><a name=\"8\"><span class=\"versanumer\">8<\/span><\/a>\u00deegar \u00fe\u00e9r ver\u00f0i\u00f0 \u00fatdreif\u00f0ir um l\u00f6ndin, skal eg samt l\u00e1ta nokkura af y\u00f0ur undan sver\u00f0inu komast, og eftir ver\u00f0a \u00e1 l\u00edfi me\u00f0al hei\u00f0ingjanna;<a name=\"9\"><span class=\"versanumer\">9<\/span><\/a>\u00feeir af y\u00f0ur, sem undan komast, skulu \u00fe\u00e1 minnast m\u00edn, \u00fear sem \u00feeir lifa \u00ed herlei\u00f0ingu me\u00f0al \u00fej\u00f3\u00f0anna, \u00feegar eg hefi beygt \u00feeirra bl\u00f3tf\u00edknu hj\u00f6rtu, sem eru or\u00f0in m\u00e9r fr\u00e1hverf, og \u00feeirra bl\u00f3tf\u00fasu augu, sem m\u00e6na eftir skur\u00f0go\u00f0unum: \u00fe\u00e1 skal \u00feeim bj\u00f3\u00f0a vi\u00f0 sj\u00e1lfum s\u00e9r, vegna \u00feeirra illverka, sem \u00feeir hafa dr\u00fdgt, og allra \u00feeirra sv\u00edvir\u00f0inga, sem \u00feeir hafa frami\u00f0:<a name=\"10\"><span class=\"versanumer\">10<\/span><\/a>\u00fe\u00e1 skulu \u00feeir vi\u00f0kannast, a\u00f0 eg em Drottinn, og a\u00f0 eg hefi ekki tala\u00f0 \u00fear um neinum h\u00e9g\u00f3maor\u00f0um, a\u00f0 l\u00e1ta \u00fe\u00e1 rata \u00ed \u00feessa \u00f3g\u00e6fu.<br \/><a name=\"11\"><span class=\"versanumer\">11<\/span><\/a>Svo segir Drottinn alvaldur: sl\u00e1 \u00fe\u00fa saman h\u00f6ndum \u00fe\u00ednum; stappa ni\u00f0ur f\u00e6ti \u00fe\u00ednum, og kalla \u201evei\u201c yfir \u00f6llum \u00feeim illu sv\u00edvir\u00f0ingum \u00cdsraelsmanna, vegna hv\u00f6rra \u00feeir hlj\u00f3ta a\u00f0 falla fyrir sver\u00f0i, hungri og dreps\u00f3tt.<a name=\"12\"><span class=\"versanumer\">12<\/span><\/a>S\u00e1 sem fj\u00e6r er, skal af dreps\u00f3tt deyja; s\u00e1 sem n\u00e6r er, fyrir sver\u00f0i falla; og s\u00e1 sem \u00fe\u00e1 ver\u00f0ur eftir og hl\u00edft hefir veri\u00f0, hann skal af hungri deyja, \u00fev\u00ed eg vil l\u00e1ta m\u00edna gj\u00f6rvalla heift koma ni\u00f0ur \u00e1 \u00feeim.<a name=\"13\"><span class=\"versanumer\">13<\/span><\/a>\u00de\u00e9r skulu\u00f0 \u00fe\u00e1 vi\u00f0urkenna, a\u00f0 eg em Drottinn, \u00feegar valkestirnir liggja mitt \u00e1 me\u00f0al skur\u00f0go\u00f0anna, umhverfis \u00f6lturun, \u00e1 hv\u00f6rri gn\u00e6fandi h\u00e6\u00f0, \u00e1 \u00f6llum fjallatindum, undir hv\u00f6rju gr\u00e6nu tr\u00e9, undir hv\u00f6rri laufga\u00f0ri eik, hvar \u00feeir h\u00f6f\u00f0u f\u00e6rt s\u00e6tan ilm \u00ed f\u00f3rn fyrir alls konar skur\u00f0go\u00f0um;<a name=\"14\"><span class=\"versanumer\">14<\/span><\/a>\u00feegar eg \u00fatr\u00e9tti m\u00edna h\u00f6nd \u00ed m\u00f3ti \u00feeim, og gj\u00f6ri landi\u00f0 a\u00f0 au\u00f0n og \u00f6r\u00e6fum, a\u00f0 enn \u00fe\u00e1 meiri ey\u00f0im\u00f6rk en D\u00edbla <span class='VideyAth'>a)<\/span> er, \u00fe\u00e1 skulu \u00feeir vi\u00f0urkenna, a\u00f0 eg em Drottinn.<\/p>\n<div class=\"footnoteVidey\">V. 14. a. \u00d3ttaleg ey\u00f0im\u00f6rk \u00ed M\u00f3abslandi.<\/div>\n","protected":false},"excerpt":{"rendered":"<p>H\u00f3tanir m\u00f3ti einst\u00f6kum st\u00f6\u00f0um \u00ed Gy\u00f0ingalandi, hvar afgu\u00f0ad\u00fdrkun var helst framin, 1\u20137; afturhvarf nokkura herleiddra Gy\u00f0inga, 8\u201310; sorg sp\u00e1mannsins yfir h\u00f6rmungum Gy\u00f0inga, 11\u201313. 1Or\u00f0 Drottins kom til m\u00edn svol\u00e1tandi:2\u00fe\u00fa mannsins son, sn\u00fa \u00fe\u00ednu augliti gegn \u00cdsraelsfj\u00f6llum, og sp\u00e1 \u00ed m\u00f3ti \u00feeim,3og seg: heyri\u00f0, \u00cdsraelsfj\u00f6ll, or\u00f0 Drottins hins alvalda! Svo talar Drottinn alvaldur til fjallanna og h\u00e6\u00f0anna, til hvammanna og dalanna: sj\u00e1! eg l\u00e6t sver\u00f0i\u00f0 koma yfir y\u00f0ur, og eg skal ey\u00f0a y\u00f0ar h\u00f6rgum;4y\u00f0ar \u00f6lturu skulu \u00ed ey\u00f0i l\u00f6g\u00f0 ver\u00f0a, og y\u00f0ar go\u00f0al\u00edkneskjur \u00ed sundur brotnar; eg skal sl\u00e1 y\u00f0ur \u00ed hel, og kasta \u00feeim vegnu ni\u00f0ur fyrir y\u00f0ar skur\u00f0go\u00f0:5j\u00e1, hr\u00e6jum <a href=\"https:\/\/biblian.is\/videy\/esekiel-6-kafli\/\"> [&#8230;]<\/a><\/p>\n","protected":false},"author":1,"featured_media":0,"parent":0,"menu_order":0,"comment_status":"open","ping_status":"open","template":"bibliukaflar.php","meta":{"footnotes":""},"class_list":["post-21657","page","type-page","status-publish","hentry"],"_links":{"self":[{"href":"https:\/\/biblian.is\/videy\/wp-json\/wp\/v2\/pages\/21657","targetHints":{"allow":["GET"]}}],"collection":[{"href":"https:\/\/biblian.is\/videy\/wp-json\/wp\/v2\/pages"}],"about":[{"href":"https:\/\/biblian.is\/videy\/wp-json\/wp\/v2\/types\/page"}],"author":[{"embeddable":true,"href":"https:\/\/biblian.is\/videy\/wp-json\/wp\/v2\/users\/1"}],"replies":[{"embeddable":true,"href":"https:\/\/biblian.is\/videy\/wp-json\/wp\/v2\/comments?post=21657"}],"version-history":[{"count":0,"href":"https:\/\/biblian.is\/videy\/wp-json\/wp\/v2\/pages\/21657\/revisions"}],"wp:attachment":[{"href":"https:\/\/biblian.is\/videy\/wp-json\/wp\/v2\/media?parent=21657"}],"curies":[{"name":"wp","href":"https:\/\/api.w.org\/{rel}","templated":true}]}}