{"id":21656,"date":"2018-01-02T01:03:15","date_gmt":"2018-01-02T01:03:15","guid":{"rendered":"http:\/\/biblian.is\/videy\/esekiel-5-kafli\/"},"modified":"2018-01-02T01:03:15","modified_gmt":"2018-01-02T01:03:15","slug":"esekiel-5-kafli","status":"publish","type":"page","link":"https:\/\/biblian.is\/videy\/esekiel-5-kafli\/","title":{"rendered":"Esek\u00edel 5. kafli"},"content":{"rendered":"<div class=\"fyrirsognVidey\">Esek\u00edel bendir me\u00f0 h\u00e1rskur\u00f0i s\u00ednum til \u00fdmsra h\u00f6rmunga, sem yfir Gy\u00f0inga mundu koma, 1\u20134; sk\u00fdrir me\u00f0 berum or\u00f0um, \u00fea\u00f0 sem \u00e1\u00f0ur var sagt undir r\u00f3s, 5\u201317.<\/div>\n<p><a name=\"1\"><span class=\"versanumer\">1<\/span><\/a>\u00de\u00fa mannsins son, tak hvassan kn\u00edf, svo beittan sem j\u00e1rnkn\u00edf, og l\u00e1t hann ganga um \u00feitt h\u00f6fu\u00f0 og vanga; tak s\u00ed\u00f0an metask\u00e1l og skipt h\u00e1rinu \u00ed sundur:<a name=\"2\"><span class=\"versanumer\">2<\/span><\/a>einn \u00feri\u00f0junginn skaltu \u00ed eldi brenna \u00ed mi\u00f0ri borginni, a\u00f0 li\u00f0num ums\u00e1tursd\u00f6gunum; annan \u00feri\u00f0junginn skaltu saxa \u00ed sm\u00e1tt me\u00f0 kn\u00edfnum; en dreif seinasta \u00feri\u00f0junginum \u00fat \u00ed ve\u00f0ri\u00f0, og enn vil eg ofs\u00e6kja \u00fe\u00e1 me\u00f0 brug\u00f0nu sver\u00f0i.<a name=\"3\"><span class=\"versanumer\">3<\/span><\/a>\u00de\u00f3 skaltu \u00fear af taka f\u00e1ein h\u00e1r, og binda \u00feau \u00ed k\u00e1pulaf \u00feitt;<a name=\"4\"><span class=\"versanumer\">4<\/span><\/a>en aftur skaltu taka nokkur af \u00feessum, og kasta \u00e1 eldinn og brenna \u00feau upp; og skal \u00fea\u00f0an eldur koma yfir allt \u00cdsraels h\u00fas.<br \/><a name=\"5\"><span class=\"versanumer\">5<\/span><\/a>\u00deannig skal fara fyrir Jer\u00fasalem, segir Drottinn alvaldur; eg hefi sett hana me\u00f0al hei\u00f0ingjanna, og \u00fdmiss l\u00f6nd \u00ed kringum hana,<a name=\"6\"><span class=\"versanumer\">6<\/span><\/a>en h\u00fan hefir sett sig upp \u00e1 m\u00f3ti m\u00ednum skipunum me\u00f0 meira gu\u00f0leysi en hei\u00f0ingjarnir, og m\u00f3ti m\u00ednum bo\u00f0or\u00f0um meir en l\u00f6ndin, sem umhverfis hana eru; \u00fev\u00ed \u00feeir <span class='VideyAth'>(Jer\u00fasalemsmenn)<\/span> hafa hafna\u00f0 m\u00ednum skipunum, og ekki breytt eftir m\u00ednum bo\u00f0or\u00f0um.<a name=\"7\"><span class=\"versanumer\">7<\/span><\/a>\u00deess vegna, svo segir Drottinn alvaldur, fyrst a\u00f0 \u00fe\u00e9r hafi\u00f0 veri\u00f0 \u00f3st\u00fdril\u00e1tari en hei\u00f0ingjarnir, sem b\u00faa umhverfis \u00ed kring um y\u00f0ur, og eigi haldi\u00f0 m\u00edn bo\u00f0or\u00f0, n\u00e9 lifa\u00f0 eftir m\u00ednu l\u00f6gm\u00e1li, og jafnvel ekki fylgt \u00feeim l\u00f6gum <span class='VideyAth'>a)<\/span>, sem hei\u00f0ingjarnir umhverfis y\u00f0ur hafa:<a name=\"8\"><span class=\"versanumer\">8<\/span><\/a>\u00fe\u00e1 skal eg l\u00edka, segir Drottinn alvaldur, r\u00edsa \u00ed m\u00f3ti \u00fe\u00e9r, og l\u00e1ta r\u00e9ttl\u00e6tisd\u00f3minn yfir \u00feig ganga \u00ed augs\u00fdn hei\u00f0ingjanna,<a name=\"9\"><span class=\"versanumer\">9<\/span><\/a>og gj\u00f6ra \u00fe\u00e9r \u00fea\u00f0, sem eg aldrei hefi \u00e1\u00f0ur gj\u00f6rt, og mun ekki h\u00e9r eftir gj\u00f6ra, s\u00f6kum \u00fe\u00edns sv\u00edvir\u00f0ilega ath\u00e6fis.<a name=\"10\"><span class=\"versanumer\">10<\/span><\/a>\u00deess vegna skulu \u00ed \u00fe\u00e9r fe\u00f0urnir eta s\u00edn b\u00f6rn, og b\u00f6rnin fe\u00f0ur s\u00edna; eg skal l\u00e1ta r\u00e9ttl\u00e6tisd\u00f3minn yfir \u00feig ganga, og dreifa leifum \u00fe\u00ednum \u00ed allar \u00e1ttir.<a name=\"11\"><span class=\"versanumer\">11<\/span><\/a>Svo sannarlega sem eg lifi, segir Drottinn alvaldur, fyrir \u00fea\u00f0 a\u00f0 \u00fe\u00fa hefir saurga\u00f0 minn helgid\u00f3m me\u00f0 \u00f6llum \u00fe\u00ednum \u00f3d\u00e6mum og \u00f6llum \u00fe\u00ednum sv\u00edvir\u00f0ingum, \u00fe\u00e1 vil eg einnig venda burt augum m\u00ednum, ekki aumkva \u00feig og ekki v\u00e6gja \u00fe\u00e9r.<a name=\"12\"><span class=\"versanumer\">12<\/span><\/a>\u00deri\u00f0jungurinn af \u00fe\u00e9r skal deyja af dreps\u00f3tt og ver\u00f0a hungurmor\u00f0a \u00ed \u00fe\u00e9r mi\u00f0ri, annar \u00feri\u00f0jungurinn skal fyrir sver\u00f0i falla umhverfis \u00feig, og s\u00ed\u00f0asta \u00feri\u00f0junginum skal eg st\u00f6kkva \u00ed allar \u00e1ttir, og ofs\u00e6kja hann me\u00f0 brug\u00f0nu sver\u00f0i.<a name=\"13\"><span class=\"versanumer\">13<\/span><\/a>M\u00edn rei\u00f0i skal koma ni\u00f0ur \u00e1 \u00feeim, eg skal l\u00e1ta m\u00edna heift hv\u00edla yfir \u00feeim, og eg skal leita m\u00e9r \u00fear \u00ed hugsv\u00f6lunar; \u00feeir skulu \u00fe\u00e1 sanna, a\u00f0 eg Drottinn hefi tala\u00f0 \u00feetta \u00ed minni vandl\u00e6tingu, \u00feegar eg n\u00e6 a\u00f0 svala minni heift \u00e1 \u00feeim.<a name=\"14\"><span class=\"versanumer\">14<\/span><\/a>Eg skal gj\u00f6ra \u00feig a\u00f0 au\u00f0n, a\u00f0 athl\u00e6gi \u00fej\u00f3\u00f0anna, sem b\u00faa \u00ed kring um \u00feig, \u00ed augum allra sem ganga framhj\u00e1 \u00fe\u00e9r.<a name=\"15\"><span class=\"versanumer\">15<\/span><\/a>\u00de\u00fa skalt ver\u00f0a a\u00f0 athl\u00e6gi og h\u00e1\u00f0ung, a\u00f0 vi\u00f0bj\u00f3\u00f0 og skelfingu \u00feeim \u00fej\u00f3\u00f0um, sem umhverfis \u00feig b\u00faa, \u00feegar eg \u00ed rei\u00f0i og heift l\u00e6t r\u00e9ttl\u00e6tisd\u00f3minn yfir \u00feig ganga me\u00f0 heiftarinnar \u00feungu refsingu, <span class='VideyAth'>(eg Drottinn hefi tala\u00f0 \u00fea\u00f0)<\/span>,<a name=\"16\"><span class=\"versanumer\">16<\/span><\/a>\u00feegar eg hleypi \u00e1 y\u00f0ur hungursins sk\u00e6\u00f0u og ey\u00f0ileggjandi \u00f6rvum, og sendi \u00fe\u00e6r y\u00f0ur til tj\u00f3ns, \u00feegar eg magna hungri\u00f0 me\u00f0al y\u00f0ar og l\u00e6t ver\u00f0a matarlaust hj\u00e1 y\u00f0ur;<a name=\"17\"><span class=\"versanumer\">17<\/span><\/a>j\u00e1, hungursney\u00f0 og sk\u00e6\u00f0a varga skal eg senda \u00ed m\u00f3ti y\u00f0ur, til a\u00f0 gj\u00f6ra y\u00f0ur barnlausa; dreps\u00f3tt og bl\u00f3\u00f0s\u00fathelling skal \u00ed \u00fe\u00e9r geysa; og eg skal hafa sver\u00f0i\u00f0 \u00e1 lofti yfir \u00fe\u00e9r. Eg Drottinn hefi tala\u00f0 \u00fea\u00f0.<\/p>\n<div class=\"footnoteVidey\">V. 7. a. N\u00e1tt\u00farul\u00f6gm\u00e1linu.<\/div>\n","protected":false},"excerpt":{"rendered":"<p>Esek\u00edel bendir me\u00f0 h\u00e1rskur\u00f0i s\u00ednum til \u00fdmsra h\u00f6rmunga, sem yfir Gy\u00f0inga mundu koma, 1\u20134; sk\u00fdrir me\u00f0 berum or\u00f0um, \u00fea\u00f0 sem \u00e1\u00f0ur var sagt undir r\u00f3s, 5\u201317. 1\u00de\u00fa mannsins son, tak hvassan kn\u00edf, svo beittan sem j\u00e1rnkn\u00edf, og l\u00e1t hann ganga um \u00feitt h\u00f6fu\u00f0 og vanga; tak s\u00ed\u00f0an metask\u00e1l og skipt h\u00e1rinu \u00ed sundur:2einn \u00feri\u00f0junginn skaltu \u00ed eldi brenna \u00ed mi\u00f0ri borginni, a\u00f0 li\u00f0num ums\u00e1tursd\u00f6gunum; annan \u00feri\u00f0junginn skaltu saxa \u00ed sm\u00e1tt me\u00f0 kn\u00edfnum; en dreif seinasta \u00feri\u00f0junginum \u00fat \u00ed ve\u00f0ri\u00f0, og enn vil eg ofs\u00e6kja \u00fe\u00e1 me\u00f0 brug\u00f0nu sver\u00f0i.3\u00de\u00f3 skaltu \u00fear af taka f\u00e1ein h\u00e1r, og binda \u00feau \u00ed k\u00e1pulaf \u00feitt;4en <a href=\"https:\/\/biblian.is\/videy\/esekiel-5-kafli\/\"> [&#8230;]<\/a><\/p>\n","protected":false},"author":1,"featured_media":0,"parent":0,"menu_order":0,"comment_status":"open","ping_status":"open","template":"bibliukaflar.php","meta":{"footnotes":""},"class_list":["post-21656","page","type-page","status-publish","hentry"],"_links":{"self":[{"href":"https:\/\/biblian.is\/videy\/wp-json\/wp\/v2\/pages\/21656","targetHints":{"allow":["GET"]}}],"collection":[{"href":"https:\/\/biblian.is\/videy\/wp-json\/wp\/v2\/pages"}],"about":[{"href":"https:\/\/biblian.is\/videy\/wp-json\/wp\/v2\/types\/page"}],"author":[{"embeddable":true,"href":"https:\/\/biblian.is\/videy\/wp-json\/wp\/v2\/users\/1"}],"replies":[{"embeddable":true,"href":"https:\/\/biblian.is\/videy\/wp-json\/wp\/v2\/comments?post=21656"}],"version-history":[{"count":0,"href":"https:\/\/biblian.is\/videy\/wp-json\/wp\/v2\/pages\/21656\/revisions"}],"wp:attachment":[{"href":"https:\/\/biblian.is\/videy\/wp-json\/wp\/v2\/media?parent=21656"}],"curies":[{"name":"wp","href":"https:\/\/api.w.org\/{rel}","templated":true}]}}