{"id":21655,"date":"2018-01-02T01:03:15","date_gmt":"2018-01-02T01:03:15","guid":{"rendered":"http:\/\/biblian.is\/videy\/esekiel-4-kafli\/"},"modified":"2018-01-02T01:03:15","modified_gmt":"2018-01-02T01:03:15","slug":"esekiel-4-kafli","status":"publish","type":"page","link":"https:\/\/biblian.is\/videy\/esekiel-4-kafli\/","title":{"rendered":"Esek\u00edel 4. kafli"},"content":{"rendered":"<div class=\"fyrirsognVidey\">Esek\u00edel afm\u00e1lar \u00fe\u00e6r \u00f3farir, sem fyrir Jer\u00fasalem l\u00e1gu, ums\u00e1tur borgarinnar, 1\u20133; sekt og hegningu \u00cdsraelsmanna og J\u00fadaf\u00f3lks, 4\u20138; hungursney\u00f0 \u00fe\u00e1, er ver\u00f0a mundi \u00ed Jer\u00fasalem, 9\u201317.<\/div>\n<p><a name=\"1\"><span class=\"versanumer\">1<\/span><\/a>\u00de\u00fa mannsins son, tak \u00fe\u00e9r einn t\u00edgulstein, legg hann fyrir \u00feig, og m\u00e1la \u00fear \u00e1 borgina Jer\u00fasalem;<a name=\"2\"><span class=\"versanumer\">2<\/span><\/a>gj\u00f6r s\u00ed\u00f0an hersetu m\u00f3ti henni, hla\u00f0 v\u00edngar\u00f0, hleyp upp jar\u00f0hrygg gegn henni, sl\u00e1 herb\u00fa\u00f0um, og set v\u00edghr\u00fata <span class='VideyAth'>a)<\/span> umhverfis hana.<a name=\"3\"><span class=\"versanumer\">3<\/span><\/a>Tak \u00fe\u00e9r \u00fev\u00ed n\u00e6st eina j\u00e1rnsl\u00e1, og set hana sem annan j\u00e1rnm\u00far milli \u00fe\u00edn og borgarinnar; sn\u00fa svo andliti \u00fe\u00ednu gegn henni, svo h\u00fan komi undir hersetu og ver\u00f0i af \u00fe\u00e9r umsetin. \u00deetta skal vera jarteikn fyrir \u00cdsraelsmenn.<br \/><a name=\"4\"><span class=\"versanumer\">4<\/span><\/a>\u00c1 me\u00f0an skaltu liggja \u00e1 \u00fe\u00edna vinstri hli\u00f0, og bera \u00e1 henni syndir \u00cdsraelsmanna; syndir \u00feeirra ber \u00fe\u00fa \u00ed eins marga daga, og \u00fe\u00fa liggur \u00e1 hli\u00f0inni,<a name=\"5\"><span class=\"versanumer\">5<\/span><\/a>og tel eg \u00fe\u00e9r synda\u00e1r \u00feeirra til jafnmargra daga, \u00fea\u00f0 ver\u00f0a 390 dagar, \u00e1 hv\u00f6rjum \u00fe\u00fa skalt bera syndir \u00cdsraelsmanna.<a name=\"6\"><span class=\"versanumer\">6<\/span><\/a>\u00deegar \u00fe\u00fa hefir fullenda\u00f0 \u00feessa daga, skaltu aftur leggja \u00feig \u00e1 \u00fe\u00edna h\u00e6gri hli\u00f0, og bera syndir J\u00fadaf\u00f3lks \u00ed 40 daga, tel eg \u00fe\u00e9r dag fyrir \u00e1r hv\u00f6rt.<a name=\"7\"><span class=\"versanumer\">7<\/span><\/a>\u00de\u00fa skalt \u00f6ndver\u00f0ur standa og me\u00f0 \u00fatr\u00e9ttum armlegg til a\u00f0 umsitja Jer\u00fasalem, og \u00fe\u00fa skalt sp\u00e1 \u00ed gegn henni.<a name=\"8\"><span class=\"versanumer\">8<\/span><\/a>Og sj\u00e1! eg legg h\u00f6nd \u00e1 \u00feig, svo \u00fe\u00fa skalt ei n\u00e1 a\u00f0 sn\u00faa \u00fe\u00e9r af einni hli\u00f0 \u00e1 a\u00f0ra, uns \u00fe\u00fa hefir afloki\u00f0 \u00fe\u00ednum ums\u00e1tursd\u00f6gum.<br \/><a name=\"9\"><span class=\"versanumer\">9<\/span><\/a>Tak \u00fe\u00e9r enn fremur hveiti, bygg, baunir, ertur, hirsa og r\u00fag, kom \u00fev\u00ed \u00f6llu \u00ed eitt ker, og gj\u00f6r \u00fe\u00e9r brau\u00f0 \u00fear af; skaltu hafa \u00feau til matar \u00ed eins marga daga, og \u00fe\u00fa liggur \u00e1 annarri hli\u00f0 \u00feinni, \u00ed 390 daga;<a name=\"10\"><span class=\"versanumer\">10<\/span><\/a>vega skal \u00fe\u00e9r mat \u00feann, er \u00fe\u00fa neytir, 20 sikla l\u00f3\u00f0 \u00e1 dag, \u00fea\u00f0 skal vera f\u00e6\u00f0a \u00fe\u00edn allan \u00feann t\u00edma.<a name=\"11\"><span class=\"versanumer\">11<\/span><\/a>M\u00e6la skal \u00fe\u00e9r og vatn a\u00f0 drekka, og skaltu hafa til drykkjar sj\u00f6ttung h\u00ednar \u00e1 dag, allan \u00feann t\u00edma.<a name=\"12\"><span class=\"versanumer\">12<\/span><\/a>Byggk\u00f6kur skaltu eta, og \u00fe\u00e6r skaltu baka fyrir augum \u00feeirra vi\u00f0 manna\u00ferekk.<a name=\"13\"><span class=\"versanumer\">13<\/span><\/a>\u00deannig skulu \u00cdsraelsmenn, sag\u00f0i Drottinn, eta sitt \u00f3hreint brau\u00f0 hj\u00e1 \u00feeim \u00fej\u00f3\u00f0um, me\u00f0al hv\u00f6rra eg tv\u00edstra \u00feeim.<a name=\"14\"><span class=\"versanumer\">14<\/span><\/a>\u00de\u00e1 m\u00e6lti eg: \u00f3 Drottinn alvaldur! eg hefi aldrei saurga\u00f0 mig; allt \u00ed fr\u00e1 barn\u00e6sku minni og til \u00feessa dags hefi eg aldrei eti\u00f0 \u00fea\u00f0, sem sj\u00e1lfdautt e\u00f0a sundurrifi\u00f0 v\u00e6ri, og \u00f3hreint kj\u00f6t hef eg aldrei lagt m\u00e9r til munns.<a name=\"15\"><span class=\"versanumer\">15<\/span><\/a>\u00de\u00e1 sag\u00f0i hann til m\u00edn: eg vil \u00fe\u00e1 leyfa \u00fe\u00e9r a\u00f0 baka brau\u00f0 \u00feitt vi\u00f0 nauta ta\u00f0 \u00ed sta\u00f0 manna\u00ferekks.<a name=\"16\"><span class=\"versanumer\">16<\/span><\/a>En fremur sag\u00f0i hann til m\u00edn: \u00fe\u00fa mannsins son, sj\u00e1! eg mun l\u00e1ta ver\u00f0a matarskort \u00ed Jer\u00fasalem: \u00feeir skulu eta brau\u00f0i\u00f0 eftir skammti me\u00f0 hugarangri, og drekka vatni\u00f0 eftir m\u00e6lir me\u00f0 hryllingi;<a name=\"17\"><span class=\"versanumer\">17<\/span><\/a>svo a\u00f0 \u00fe\u00e1 brau\u00f0 og vatn er \u00e1 \u00ferotum, skal hv\u00f6r upp \u00e1 annan l\u00edta me\u00f0 skelfingu, og horfalla fyrir sinna synda sakir.<\/p>\n<div class=\"footnoteVidey\">V. 2. a. E\u00f0a m\u00farbrj\u00f3ta, \u00fea\u00f0 eru hersetuverkf\u00e6ri til a\u00f0 brj\u00f3ta me\u00f0 m\u00farveggi.<\/div>\n","protected":false},"excerpt":{"rendered":"<p>Esek\u00edel afm\u00e1lar \u00fe\u00e6r \u00f3farir, sem fyrir Jer\u00fasalem l\u00e1gu, ums\u00e1tur borgarinnar, 1\u20133; sekt og hegningu \u00cdsraelsmanna og J\u00fadaf\u00f3lks, 4\u20138; hungursney\u00f0 \u00fe\u00e1, er ver\u00f0a mundi \u00ed Jer\u00fasalem, 9\u201317. 1\u00de\u00fa mannsins son, tak \u00fe\u00e9r einn t\u00edgulstein, legg hann fyrir \u00feig, og m\u00e1la \u00fear \u00e1 borgina Jer\u00fasalem;2gj\u00f6r s\u00ed\u00f0an hersetu m\u00f3ti henni, hla\u00f0 v\u00edngar\u00f0, hleyp upp jar\u00f0hrygg gegn henni, sl\u00e1 herb\u00fa\u00f0um, og set v\u00edghr\u00fata a) umhverfis hana.3Tak \u00fe\u00e9r \u00fev\u00ed n\u00e6st eina j\u00e1rnsl\u00e1, og set hana sem annan j\u00e1rnm\u00far milli \u00fe\u00edn og borgarinnar; sn\u00fa svo andliti \u00fe\u00ednu gegn henni, svo h\u00fan komi undir hersetu og ver\u00f0i af \u00fe\u00e9r umsetin. \u00deetta skal vera jarteikn fyrir \u00cdsraelsmenn.4\u00c1 me\u00f0an <a href=\"https:\/\/biblian.is\/videy\/esekiel-4-kafli\/\"> [&#8230;]<\/a><\/p>\n","protected":false},"author":1,"featured_media":0,"parent":0,"menu_order":0,"comment_status":"open","ping_status":"open","template":"bibliukaflar.php","meta":{"footnotes":""},"class_list":["post-21655","page","type-page","status-publish","hentry"],"_links":{"self":[{"href":"https:\/\/biblian.is\/videy\/wp-json\/wp\/v2\/pages\/21655","targetHints":{"allow":["GET"]}}],"collection":[{"href":"https:\/\/biblian.is\/videy\/wp-json\/wp\/v2\/pages"}],"about":[{"href":"https:\/\/biblian.is\/videy\/wp-json\/wp\/v2\/types\/page"}],"author":[{"embeddable":true,"href":"https:\/\/biblian.is\/videy\/wp-json\/wp\/v2\/users\/1"}],"replies":[{"embeddable":true,"href":"https:\/\/biblian.is\/videy\/wp-json\/wp\/v2\/comments?post=21655"}],"version-history":[{"count":0,"href":"https:\/\/biblian.is\/videy\/wp-json\/wp\/v2\/pages\/21655\/revisions"}],"wp:attachment":[{"href":"https:\/\/biblian.is\/videy\/wp-json\/wp\/v2\/media?parent=21655"}],"curies":[{"name":"wp","href":"https:\/\/api.w.org\/{rel}","templated":true}]}}