{"id":21654,"date":"2018-01-02T01:03:15","date_gmt":"2018-01-02T01:03:15","guid":{"rendered":"http:\/\/biblian.is\/videy\/esekiel-3-kafli\/"},"modified":"2018-01-02T01:03:15","modified_gmt":"2018-01-02T01:03:15","slug":"esekiel-3-kafli","status":"publish","type":"page","link":"https:\/\/biblian.is\/videy\/esekiel-3-kafli\/","title":{"rendered":"Esek\u00edel 3. kafli"},"content":{"rendered":"<div class=\"fyrirsognVidey\">Esek\u00edel er bent til, a\u00f0 huglei\u00f0a vel Gu\u00f0s or\u00f0; Gu\u00f0 heitir honum s\u00ednum styrk, 1\u201311; minnir hann \u00e1, hva\u00f0 sp\u00e1mannsemb\u00e6tti\u00f0 s\u00e9 mikilv\u00e6gt og \u00e1byrg\u00f0arfullt, 12\u201321; a\u00f0 hann, sem vottur sannleikans, eigi von \u00e1 ofs\u00f3knum, og segir, hv\u00f6rninn hann skuli \u00fe\u00e1 heg\u00f0a s\u00e9r, 22\u201327.<\/div>\n<p><a name=\"1\"><span class=\"versanumer\">1<\/span><\/a>\u00de\u00e1 sag\u00f0i Drottinn til m\u00edn: \u00fe\u00fa mannsins son, et \u00fea\u00f0 sem a\u00f0 \u00fe\u00e9r er r\u00e9tt! et \u00feetta b\u00f3kfell <span class='VideyAth'>b)<\/span>, gakk s\u00ed\u00f0an og tala til \u00cdsraelsmanna!<a name=\"2\"><span class=\"versanumer\">2<\/span><\/a>Eg upplauk \u00fe\u00e1 m\u00ednum munni, en hann f\u00e9kk m\u00e9r b\u00f3kfelli\u00f0 a\u00f0 eta,<a name=\"3\"><span class=\"versanumer\">3<\/span><\/a>og sag\u00f0i til m\u00edn: \u00fe\u00fa mannsins son, \u00fe\u00fa skalt renna \u00fev\u00ed ni\u00f0ur \u00ed maga \u00feinn, og fylla \u00feinn kvi\u00f0 me\u00f0 \u00fev\u00ed b\u00f3kfelli, sem eg f\u00e6 \u00fe\u00e9r. \u00de\u00e1 \u00e1t eg \u00fea\u00f0, og var \u00fea\u00f0 \u00ed munni m\u00e9r s\u00e6tt sem hunang <span class='VideyAth'>a)<\/span>.<a name=\"4\"><span class=\"versanumer\">4<\/span><\/a>\u00de\u00e1 sag\u00f0i hann til m\u00edn: \u00fe\u00fa mannsins son, far n\u00fa til \u00cdsraelsmanna, og tala m\u00edn or\u00f0 til \u00feeirra;<a name=\"5\"><span class=\"versanumer\">5<\/span><\/a>\u00fe\u00fa ert ekki sendur til \u00feess f\u00f3lks, sem hafi \u00f3lj\u00f3st tungum\u00e1l og torvelt or\u00f0tak; til \u00cdsraelsmanna ertu sendur,<a name=\"6\"><span class=\"versanumer\">6<\/span><\/a>en ekki til margv\u00edslegra l\u00fd\u00f0a, er \u00f3lj\u00f3st m\u00e1l og torvelt or\u00f0tak hafi, hv\u00f6rra or\u00f0 \u00fe\u00fa ei mundir skilja; \u00ed sannleika, ef eg sendi \u00feig til sl\u00edkra, mundu \u00feeir veita \u00fe\u00e9r \u00e1heyrslu.<a name=\"7\"><span class=\"versanumer\">7<\/span><\/a>En \u00cdsraelsmenn munu ei vilja heyra \u00feig, \u00fev\u00ed \u00feeir mundu jafnvel ekki veita m\u00e9r \u00e1heyrn; nei, allir \u00cdsraelsmenn hafa h\u00f6r\u00f0 enni og h\u00f6r\u00f0 hj\u00f6rtu.<a name=\"8\"><span class=\"versanumer\">8<\/span><\/a>Sj\u00e1, eg skal her\u00f0a \u00feitt andlit \u00ed gegn \u00feeirra andlitum, og \u00feitt enni gegn \u00feeirra ennum;<a name=\"9\"><span class=\"versanumer\">9<\/span><\/a>enni \u00feitt skal eg gj\u00f6ra sem demant, har\u00f0ara en klettinn; \u00f3ttast \u00fev\u00ed eigi, og skj\u00e1lf ei fyrir \u00feeirra augliti, hv\u00f6rsu \u00feverm\u00f3\u00f0skufull kynsl\u00f3\u00f0 sem \u00feeir eru.<a name=\"10\"><span class=\"versanumer\">10<\/span><\/a>Ennfremur sag\u00f0i hann til m\u00edn: \u00fe\u00fa mannsins son, me\u00f0tak \u00ed \u00feitt hjarta \u00f6ll \u00feau or\u00f0, sem eg tala vi\u00f0 \u00feig, og l\u00e1t \u00feau \u00fe\u00e9r \u00ed eyrum lo\u00f0a;<a name=\"11\"><span class=\"versanumer\">11<\/span><\/a>far s\u00ed\u00f0an til \u00feeirra herteknu, til landsmanna \u00feinna, sona \u00fe\u00edns f\u00f3lks, og tala til \u00feeirra \u00feeim or\u00f0um: \u201esvo segir Drottinn alvaldur!\u201c hv\u00f6rt sem \u00feeir svo vilja heyra \u00feig e\u00f0a ekki.<br \/><a name=\"12\"><span class=\"versanumer\">12<\/span><\/a>N\u00fa h\u00f3f andinn mig upp, en \u00e1 bak m\u00e9r aftur heyr\u00f0i eg h\u00e1tt hlj\u00f3mandi r\u00f6ddu, sem kom einhv\u00f6rs sta\u00f0ar fr\u00e1: \u201elofu\u00f0 s\u00e9 d\u00fdr\u00f0in Drottins!\u201c<a name=\"13\"><span class=\"versanumer\">13<\/span><\/a>L\u00edka heyr\u00f0i eg \u00feyt af v\u00e6ngjum enna lifandi skepna, er \u00feeir snertu hv\u00f6r annan og gang hj\u00f3lanna hj\u00e1 \u00feeim, var \u00fea\u00f0 mikill gn\u00fdr.<a name=\"14\"><span class=\"versanumer\">14<\/span><\/a>En andinn h\u00f3f mig upp og hreif mig burt, og f\u00f3r eg hryggur og angurv\u00e6r innvortis, \u00fev\u00ed h\u00f6nd Drottins l\u00e1 \u00feungt \u00e1 m\u00e9r.<a name=\"15\"><span class=\"versanumer\">15<\/span><\/a>Eg kom til enna herteknu, er bjuggu \u00ed Tel-Ab\u00edb vi\u00f0 \u00e1na Kabor, og til innb\u00faanna \u00fear, og var \u00fear \u00e1 me\u00f0al \u00feeirra \u00ed 7 daga, svo sem utan vi\u00f0 mig.<a name=\"16\"><span class=\"versanumer\">16<\/span><\/a>En a\u00f0 li\u00f0num \u00feeim 7 d\u00f6gum, tala\u00f0i Drottinn til m\u00edn, og sag\u00f0i:<a name=\"17\"><span class=\"versanumer\">17<\/span><\/a>\u00fe\u00fa mannsins son, eg hefi sett \u00feig sem var\u00f0haldsmann yfir \u00cdsrael; \u00fe\u00fa skalt heyra or\u00f0i\u00f0 af m\u00ednum munni, og vara \u00fe\u00e1 vi\u00f0 \u00ed m\u00ednu nafni.<a name=\"18\"><span class=\"versanumer\">18<\/span><\/a>\u00deegar eg segi til hins \u00f3gu\u00f0lega: \u201e\u00fe\u00fa skalt deyja,\u201c ef \u00fe\u00fa \u00fe\u00e1 varar hann ekki vi\u00f0, og talar ekki, til \u00feess a\u00f0 draga hinn \u00f3gu\u00f0lega me\u00f0 \u00feinni a\u00f0v\u00f6run fr\u00e1 hans vondu breytni, a\u00f0 hann megi lifa: \u00fe\u00e1 skal s\u00e1 \u00f3gu\u00f0legi a\u00f0 v\u00edsu deyja fyrir sinna synda sakir, en hans bl\u00f3\u00f0s mun eg krefja af \u00feinni hendi.<a name=\"19\"><span class=\"versanumer\">19<\/span><\/a>Varir \u00fe\u00fa hinn \u00f3gu\u00f0lega vi\u00f0, og sn\u00fai hann s\u00e9r \u00fe\u00f3 ekki fr\u00e1 s\u00ednu vonda hugarfari og fr\u00e1 sinni vondu breytni, \u00fe\u00e1 skal hann deyja fyrir sinna synda sakir, en \u00fe\u00e1 hefir \u00fe\u00fa frelsa\u00f0 \u00fe\u00edna s\u00e1l.<a name=\"20\"><span class=\"versanumer\">20<\/span><\/a>Sn\u00fai s\u00e1 r\u00e1\u00f0vandi s\u00e9r burt fr\u00e1 sinni r\u00e1\u00f0vendni, og gj\u00f6ri \u00f3r\u00e9tt, \u00fe\u00e1 mun eg leggja f\u00f3takefli fyrir hann: deyja skal hann. Hafir \u00fe\u00fa \u00fe\u00e1 eigi vara\u00f0 hann vi\u00f0, \u00fe\u00e1 skal hann a\u00f0 v\u00edsu deyja fyrir sinna synda skuld, \u00e1n \u00feess s\u00fa r\u00e1\u00f0vendni, sem hann \u00e1\u00f0ur s\u00fdndi, skuli til \u00e1lita koma; en bl\u00f3\u00f0 hans mun eg heimta af \u00feinni hendi.<a name=\"21\"><span class=\"versanumer\">21<\/span><\/a>En varir \u00fe\u00fa hinn r\u00e1\u00f0vanda vi\u00f0 syndinni, og syndgi hann \u00fe\u00e1 ekki, \u00fe\u00e1 skal hann lifa, af \u00fev\u00ed hann t\u00f3k a\u00f0v\u00f6run; og hefir \u00fe\u00fa \u00fe\u00e1 frelsa\u00f0 \u00fe\u00edna s\u00e1l. <br \/><a name=\"22\"><span class=\"versanumer\">22<\/span><\/a>H\u00e9r kom h\u00f6nd Drottins yfir mig, og hann sag\u00f0i til m\u00edn: statt upp, gakk ofan \u00ed dalinn, \u00fear vil eg tala vi\u00f0 \u00feig.<a name=\"23\"><span class=\"versanumer\">23<\/span><\/a>Eg st\u00f3\u00f0 upp og gekk ni\u00f0ur \u00ed dalinn, og sj\u00e1! \u00fear st\u00f3\u00f0 d\u00fdr\u00f0in Drottins; \u00fea\u00f0 var hin sama d\u00fdr\u00f0arsj\u00f3n, sem eg haf\u00f0i s\u00e9\u00f0 vi\u00f0 \u00e1na Kabor, og eg f\u00e9ll fram \u00e1 m\u00edna \u00e1sj\u00f3nu.<a name=\"24\"><span class=\"versanumer\">24<\/span><\/a>En \u00fe\u00e1 kom andi \u00ed mig, sem reisti mig \u00e1 f\u00e6tur. Hann tala\u00f0i \u00fe\u00e1 til m\u00edn, og sag\u00f0i: gakk, lyk \u00feig inn \u00ed \u00fe\u00ednu h\u00fasi;<a name=\"25\"><span class=\"versanumer\">25<\/span><\/a>vita skaltu, mannsins son, a\u00f0 \u00feeir munu leggja b\u00f6nd \u00e1 \u00feig, og binda \u00feig me\u00f0 \u00feeim, svo a\u00f0 \u00fe\u00fa skulir ei n\u00e1 a\u00f0 ganga um me\u00f0al \u00feeirra;<a name=\"26\"><span class=\"versanumer\">26<\/span><\/a>og tungu \u00fe\u00edna vil eg l\u00e1ta tolla vi\u00f0 g\u00f3m \u00fe\u00e9r, svo \u00fe\u00fa skalt or\u00f0laus ver\u00f0a og ekki n\u00e1 a\u00f0 hirta \u00fe\u00e1 me\u00f0 a\u00f0finningum, \u00fev\u00ed \u00feessi kynsl\u00f3\u00f0 er \u00fever\u00fa\u00f0arfull.<a name=\"27\"><span class=\"versanumer\">27<\/span><\/a>En \u00fe\u00e1 eg tala til \u00fe\u00edn, mun eg opna \u00feinn munn, og \u00fe\u00e1 skaltu segja til \u00feeirra, \u201esvo segir Drottinn alvaldur\u201c. Hv\u00f6r sem heyra vill, hann heyri, og hv\u00f6r sem ekki vill, s\u00e1 l\u00e1ti \u00fea\u00f0 vera; \u00fev\u00ed \u00fea\u00f0 er \u00fever\u00fa\u00f0arfull kynsl\u00f3\u00f0.<\/p>\n<div class=\"footnoteVidey\">V. 1. b. \u00de. e. les me\u00f0 athygli \u00fea\u00f0 sem \u00e1 b\u00f3kfellinu stendur, og innr\u00e6t \u00fe\u00e9r \u00fea\u00f0, v. 10.  V. 3. a. Honum var lj\u00faft a\u00f0 vera erindreki Gu\u00f0s.<\/div>\n","protected":false},"excerpt":{"rendered":"<p>Esek\u00edel er bent til, a\u00f0 huglei\u00f0a vel Gu\u00f0s or\u00f0; Gu\u00f0 heitir honum s\u00ednum styrk, 1\u201311; minnir hann \u00e1, hva\u00f0 sp\u00e1mannsemb\u00e6tti\u00f0 s\u00e9 mikilv\u00e6gt og \u00e1byrg\u00f0arfullt, 12\u201321; a\u00f0 hann, sem vottur sannleikans, eigi von \u00e1 ofs\u00f3knum, og segir, hv\u00f6rninn hann skuli \u00fe\u00e1 heg\u00f0a s\u00e9r, 22\u201327. 1\u00de\u00e1 sag\u00f0i Drottinn til m\u00edn: \u00fe\u00fa mannsins son, et \u00fea\u00f0 sem a\u00f0 \u00fe\u00e9r er r\u00e9tt! et \u00feetta b\u00f3kfell b), gakk s\u00ed\u00f0an og tala til \u00cdsraelsmanna!2Eg upplauk \u00fe\u00e1 m\u00ednum munni, en hann f\u00e9kk m\u00e9r b\u00f3kfelli\u00f0 a\u00f0 eta,3og sag\u00f0i til m\u00edn: \u00fe\u00fa mannsins son, \u00fe\u00fa skalt renna \u00fev\u00ed ni\u00f0ur \u00ed maga \u00feinn, og fylla \u00feinn kvi\u00f0 me\u00f0 \u00fev\u00ed b\u00f3kfelli, <a href=\"https:\/\/biblian.is\/videy\/esekiel-3-kafli\/\"> [&#8230;]<\/a><\/p>\n","protected":false},"author":1,"featured_media":0,"parent":0,"menu_order":0,"comment_status":"open","ping_status":"open","template":"bibliukaflar.php","meta":{"footnotes":""},"class_list":["post-21654","page","type-page","status-publish","hentry"],"_links":{"self":[{"href":"https:\/\/biblian.is\/videy\/wp-json\/wp\/v2\/pages\/21654","targetHints":{"allow":["GET"]}}],"collection":[{"href":"https:\/\/biblian.is\/videy\/wp-json\/wp\/v2\/pages"}],"about":[{"href":"https:\/\/biblian.is\/videy\/wp-json\/wp\/v2\/types\/page"}],"author":[{"embeddable":true,"href":"https:\/\/biblian.is\/videy\/wp-json\/wp\/v2\/users\/1"}],"replies":[{"embeddable":true,"href":"https:\/\/biblian.is\/videy\/wp-json\/wp\/v2\/comments?post=21654"}],"version-history":[{"count":0,"href":"https:\/\/biblian.is\/videy\/wp-json\/wp\/v2\/pages\/21654\/revisions"}],"wp:attachment":[{"href":"https:\/\/biblian.is\/videy\/wp-json\/wp\/v2\/media?parent=21654"}],"curies":[{"name":"wp","href":"https:\/\/api.w.org\/{rel}","templated":true}]}}