{"id":21653,"date":"2018-01-02T01:03:15","date_gmt":"2018-01-02T01:03:15","guid":{"rendered":"http:\/\/biblian.is\/videy\/esekiel-2-kafli\/"},"modified":"2018-01-02T01:03:15","modified_gmt":"2018-01-02T01:03:15","slug":"esekiel-2-kafli","status":"publish","type":"page","link":"https:\/\/biblian.is\/videy\/esekiel-2-kafli\/","title":{"rendered":"Esek\u00edel 2. kafli"},"content":{"rendered":"<div class=\"fyrirsognVidey\">Esek\u00edel er sendur af Gu\u00f0i til hinna fr\u00e1f\u00f6llnu og \u00feverbrotnu Gy\u00f0inga, til a\u00f0 bo\u00f0a \u00feeim or\u00f0 Drottins, 1\u20137. Sama er framsett undir r\u00f3s, 8\u201310.<\/div>\n<p><a name=\"1\"><span class=\"versanumer\">1<\/span><\/a>R\u00f6ddin sag\u00f0i til m\u00edn: \u00fe\u00fa mannsins son, statt \u00e1 f\u00e6tur, eg vil tala vi\u00f0 \u00feig.<a name=\"2\"><span class=\"versanumer\">2<\/span><\/a>\u00cd \u00fev\u00ed hann <span class='VideyAth'>(Drottinn)<\/span> tala\u00f0i til m\u00edn, kom \u00ed mig andi <span class='VideyAth'>a)<\/span>, sem reisti mig \u00e1 f\u00e6tur; og heyr\u00f0i eg hann m\u00e6la til m\u00edn.<a name=\"3\"><span class=\"versanumer\">3<\/span><\/a>Hann sag\u00f0i vi\u00f0 mig: \u00fe\u00fa mannsins son, eg sendi \u00feig til \u00cdsraelsbarna, \u00feessa uppreistarsama l\u00fd\u00f0s, sem risi\u00f0 hefir upp \u00e1 m\u00f3ti m\u00e9r; \u00feeir og forfe\u00f0ur \u00feeirra hafa veri\u00f0 m\u00e9r m\u00f3tsn\u00fanir allt til \u00feessa dags.<a name=\"4\"><span class=\"versanumer\">4<\/span><\/a>Har\u00f0sv\u00edru\u00f0 og har\u00f0hj\u00f6rtu\u00f0 eru \u00feessi b\u00f6rn, sem eg sendi \u00feig til; \u00fe\u00fa skalt segja til \u00feeirra: svo segir Drottinn alvaldur;<a name=\"5\"><span class=\"versanumer\">5<\/span><\/a>hv\u00f6rt sem \u00feeir vilja heyra \u00feig e\u00f0a ekki <span class='VideyAth'>(\u00fev\u00ed \u00fever\u00fa\u00f0ug kynsl\u00f3\u00f0 er \u00fea\u00f0)<\/span>, \u00fe\u00e1 skulu \u00feeir \u00fe\u00f3 vita, a\u00f0 sp\u00e1ma\u00f0ur er \u00e1 me\u00f0al \u00feeirra.<a name=\"6\"><span class=\"versanumer\">6<\/span><\/a>En \u00fe\u00fa, mannsins son, skalt ekki hr\u00e6\u00f0ast \u00fe\u00e1, og ekki \u00f3ttast or\u00f0 \u00feeirra, \u00fe\u00f3 a\u00f0 \u00feeir s\u00e9u \u00fe\u00e9r andv\u00edgir og sem hvassir \u00feyrnar, og \u00fe\u00f3 \u00fe\u00fa b\u00fair eins og \u00e1 me\u00f0al spor\u00f0dreka; \u00fe\u00fa skalt samt ei \u00f3ttast or\u00f0 \u00feeirra, og eigi skelfast fyrir augliti \u00feeirra, hv\u00f6rsu \u00fever\u00fa\u00f0ug kynsl\u00f3\u00f0 sem \u00feeir eru;<a name=\"7\"><span class=\"versanumer\">7<\/span><\/a>heldur tala m\u00edn or\u00f0 til \u00feeirra, hv\u00f6rt sem \u00feeir vilja heyra e\u00f0a ekki; \u00fev\u00ed \u00fever\u00fa\u00f0arfullir eru \u00feeir.<br \/><a name=\"8\"><span class=\"versanumer\">8<\/span><\/a>\u00de\u00fa mannsins son, heyr hva\u00f0 eg segi \u00fe\u00e9r! vert ekki \u00fever\u00fa\u00f0ugur, eins og s\u00fa \u00feverlynda kynsl\u00f3\u00f0; l\u00fak upp munni \u00fe\u00ednum, og et \u00fea\u00f0 sem eg f\u00e6 \u00fe\u00e9r!<a name=\"9\"><span class=\"versanumer\">9<\/span><\/a>Eg leit \u00fe\u00e1 til, og s\u00e1, a\u00f0 h\u00f6nd var \u00fatr\u00e9tt m\u00f3ti m\u00e9r; \u00ed henni var samanvafi\u00f0 b\u00f3kfell;<a name=\"10\"><span class=\"versanumer\">10<\/span><\/a>h\u00f6ndin rakti \u00fea\u00f0 sundur fyrir m\u00e9r, og var \u00fea\u00f0 skrifa\u00f0 b\u00e6\u00f0i utan og innan, voru \u00fear \u00e1 rita\u00f0ir harmas\u00f6ngvar, andv\u00f6rp og kveinstafir.<\/p>\n<div class=\"footnoteVidey\">V. 2. a. Kraftur fr\u00e1 Gu\u00f0i.<\/div>\n","protected":false},"excerpt":{"rendered":"<p>Esek\u00edel er sendur af Gu\u00f0i til hinna fr\u00e1f\u00f6llnu og \u00feverbrotnu Gy\u00f0inga, til a\u00f0 bo\u00f0a \u00feeim or\u00f0 Drottins, 1\u20137. Sama er framsett undir r\u00f3s, 8\u201310. 1R\u00f6ddin sag\u00f0i til m\u00edn: \u00fe\u00fa mannsins son, statt \u00e1 f\u00e6tur, eg vil tala vi\u00f0 \u00feig.2\u00cd \u00fev\u00ed hann (Drottinn) tala\u00f0i til m\u00edn, kom \u00ed mig andi a), sem reisti mig \u00e1 f\u00e6tur; og heyr\u00f0i eg hann m\u00e6la til m\u00edn.3Hann sag\u00f0i vi\u00f0 mig: \u00fe\u00fa mannsins son, eg sendi \u00feig til \u00cdsraelsbarna, \u00feessa uppreistarsama l\u00fd\u00f0s, sem risi\u00f0 hefir upp \u00e1 m\u00f3ti m\u00e9r; \u00feeir og forfe\u00f0ur \u00feeirra hafa veri\u00f0 m\u00e9r m\u00f3tsn\u00fanir allt til \u00feessa dags.4Har\u00f0sv\u00edru\u00f0 og har\u00f0hj\u00f6rtu\u00f0 eru \u00feessi b\u00f6rn, <a href=\"https:\/\/biblian.is\/videy\/esekiel-2-kafli\/\"> [&#8230;]<\/a><\/p>\n","protected":false},"author":1,"featured_media":0,"parent":0,"menu_order":0,"comment_status":"open","ping_status":"open","template":"bibliukaflar.php","meta":{"footnotes":""},"class_list":["post-21653","page","type-page","status-publish","hentry"],"_links":{"self":[{"href":"https:\/\/biblian.is\/videy\/wp-json\/wp\/v2\/pages\/21653","targetHints":{"allow":["GET"]}}],"collection":[{"href":"https:\/\/biblian.is\/videy\/wp-json\/wp\/v2\/pages"}],"about":[{"href":"https:\/\/biblian.is\/videy\/wp-json\/wp\/v2\/types\/page"}],"author":[{"embeddable":true,"href":"https:\/\/biblian.is\/videy\/wp-json\/wp\/v2\/users\/1"}],"replies":[{"embeddable":true,"href":"https:\/\/biblian.is\/videy\/wp-json\/wp\/v2\/comments?post=21653"}],"version-history":[{"count":0,"href":"https:\/\/biblian.is\/videy\/wp-json\/wp\/v2\/pages\/21653\/revisions"}],"wp:attachment":[{"href":"https:\/\/biblian.is\/videy\/wp-json\/wp\/v2\/media?parent=21653"}],"curies":[{"name":"wp","href":"https:\/\/api.w.org\/{rel}","templated":true}]}}