{"id":21652,"date":"2018-01-02T01:03:15","date_gmt":"2018-01-02T01:03:15","guid":{"rendered":"http:\/\/biblian.is\/videy\/esekiel-1-kafli\/"},"modified":"2018-01-02T01:03:15","modified_gmt":"2018-01-02T01:03:15","slug":"esekiel-1-kafli","status":"publish","type":"page","link":"https:\/\/biblian.is\/videy\/esekiel-1-kafli\/","title":{"rendered":"Esek\u00edel 1. kafli"},"content":{"rendered":"<div class=\"fyrirsognVidey\">Esek\u00edel er veglega innv\u00edg\u00f0ur til hins sp\u00e1mannlega emb\u00e6ttis. Gu\u00f0 vitrast honum \u00ed d\u00fdr\u00f0legri s\u00fdn; hann s\u00e9r fj\u00f3rar fur\u00f0ulegar skepnur, sem voru ker\u00fabar, (kap. 10,20), vagn me\u00f0 undarlega tilb\u00fanum hj\u00f3lum, og uppi \u00e1 honum Gu\u00f0 \u00ed h\u00e1s\u00e6ti s\u00ednu.<\/div>\n<p><a name=\"1\"><span class=\"versanumer\">1<\/span><\/a>\u00c1 \u00fer\u00edtugasta \u00e1rinu, \u00feann fimmta dag hins fj\u00f3r\u00f0a m\u00e1na\u00f0ar, \u00fe\u00e1 eg var \u00e1 me\u00f0al enna herteknu vi\u00f0 flj\u00f3ti\u00f0 Kabor, opna\u00f0ist himinninn, og eg s\u00e1 gu\u00f0legar sj\u00f3nir.<a name=\"2\"><span class=\"versanumer\">2<\/span><\/a>\u00deann fimmta dag \u00feessa m\u00e1na\u00f0ar <span class='VideyAth'>(\u00fea\u00f0 var \u00e1 fimmta \u00e1ri, eftir \u00fea\u00f0 a\u00f0 J\u00f3jak\u00edn konungur var \u00ed herlei\u00f0ingu burtfluttur)<\/span>,<a name=\"3\"><span class=\"versanumer\">3<\/span><\/a>\u00fe\u00e1 kom or\u00f0 Drottins til Esek\u00edels, sonar B\u00fasa kennimanns, hj\u00e1 \u00e1nni Kabor \u00ed Kaldealandi; og h\u00f6nd Drottins kom \u00fear yfir hann.<a name=\"4\"><span class=\"versanumer\">4<\/span><\/a>Eg s\u00e1, og sj\u00e1! stormvindur kom fr\u00e1 nor\u00f0ri, og sk\u00fd miki\u00f0, \u00fea\u00f0 var einl\u00e6gur eldhn\u00f6ttur, og st\u00f3\u00f0 ofan af \u00fev\u00ed bjarmi umhverfis, og mitt \u00fat af eldinum s\u00e1st eitthva\u00f0, sem leit \u00fat eins og l\u00fdsigull.<a name=\"5\"><span class=\"versanumer\">5<\/span><\/a>\u00dat af honum mi\u00f0jum s\u00fdndist mynd fj\u00f6gra lifandi skepna, sem tils\u00fdndar l\u00edktust manni.<a name=\"6\"><span class=\"versanumer\">6<\/span><\/a>Hv\u00f6r \u00feeirra haf\u00f0i fj\u00f3rar \u00e1sj\u00f3nur og fj\u00f3ra v\u00e6ngi;<a name=\"7\"><span class=\"versanumer\">7<\/span><\/a>f\u00e6tur \u00feeirra voru keipr\u00e9ttir, og ilvegur \u00feeirra, sem uxans, \u00feeir voru gl\u00e6fagrir, sem skygg\u00f0ur eirm\u00e1lmur.<a name=\"8\"><span class=\"versanumer\">8<\/span><\/a>Undir v\u00e6ngjum \u00feeirra voru mannshendur fj\u00f6gra vegna, og hv\u00f6r af \u00feeim fj\u00f3rum skepnum haf\u00f0i s\u00ednar \u00e1sj\u00f3nur og s\u00edna v\u00e6ngi.<a name=\"9\"><span class=\"versanumer\">9<\/span><\/a>V\u00e6ngir \u00feeirra n\u00e1\u00f0u saman; \u00fe\u00e6r sneru s\u00e9r ekki vi\u00f0 \u00e1 ganginum, heldur gekk hv\u00f6r beint af augum fram.<a name=\"10\"><span class=\"versanumer\">10<\/span><\/a>\u00c1sj\u00f3nur hv\u00f6rra fj\u00f6gra fyrir sig voru tils\u00fdndar <span class='VideyAth'>(\u00ed fyrir)<\/span> sem mannsandlit, h\u00e6gramegin sem lj\u00f3ns, vinstramegin sem uxa, og <span class='VideyAth'>(\u00e1 bak)<\/span> sem arnar.<a name=\"11\"><span class=\"versanumer\">11<\/span><\/a>\u00deannig voru \u00e1sj\u00f3nur \u00feeirra; en v\u00e6ngir \u00feeirra voru ofan til \u00fat\u00feandir, svo a\u00f0 v\u00e6ngur einnar snart v\u00e6ng annarrar; me\u00f0 hinum tveimur v\u00e6ngjunum huldu \u00fe\u00e6r l\u00edkami s\u00edna.<a name=\"12\"><span class=\"versanumer\">12<\/span><\/a>\u00de\u00e6r gengu hv\u00f6r fyrir sig beint af augum fram; \u00fe\u00e6r gengu \u00feanga\u00f0 sem andinn la\u00f0a\u00f0i \u00fe\u00e6r, \u00e1n \u00feess a\u00f0 sn\u00faast vi\u00f0 \u00ed g\u00f6ngunni.<a name=\"13\"><span class=\"versanumer\">13<\/span><\/a>\u00de\u00e6r lifandi skepnur voru tils\u00fdndar sem eldsgl\u00e6\u00f0ur, og logu\u00f0u sem eldssk\u00ed\u00f0i; eldurinn glossa\u00f0i me\u00f0al \u00feeirra, og skaut fr\u00e1 s\u00e9r bjarma, \u00fev\u00ed leiftur gekk \u00fat af eldinum,<a name=\"14\"><span class=\"versanumer\">14<\/span><\/a>og \u00fe\u00e6r lifandi skepnur hlupu fram og aftur, eins og lofteldur. <br \/><a name=\"15\"><span class=\"versanumer\">15<\/span><\/a>\u00de\u00e1 eg virti \u00fe\u00e6r lifandi skepnur betur fyrir m\u00e9r, \u00fe\u00e1 t\u00f3k eg eftir, a\u00f0 eitt hj\u00f3l st\u00f3\u00f0 \u00e1 j\u00f6r\u00f0unni hj\u00e1 \u00feeim lifandi skepnum, og var \u00fe\u00f3 sem fj\u00f6gur hj\u00f3l v\u00e6ri.<a name=\"16\"><span class=\"versanumer\">16<\/span><\/a>Hva\u00f0 vi\u00f0v\u00edkur \u00fatliti og tilb\u00faningi hj\u00f3lanna, \u00fe\u00e1 voru \u00feau sem t\u00f3pasgimsteinn \u00e1 a\u00f0 sj\u00e1, og \u00f6ll fj\u00f6gur saml\u00edk, og s\u00fdndust vera svo tilb\u00fain, eins og eitt hj\u00f3l st\u00e6\u00f0i mitt \u00ed \u00f6\u00f0ru hj\u00f3li.<a name=\"17\"><span class=\"versanumer\">17<\/span><\/a>\u00deegar \u00feau gengu, \u00fe\u00e1 gengu \u00feau til allra fj\u00f6gra hli\u00f0a, \u00e1n \u00feess a\u00f0 sn\u00faast vi\u00f0 \u00e1 ganginum.<a name=\"18\"><span class=\"versanumer\">18<\/span><\/a>Hj\u00f3lbaugarnir voru \u00f3gurlega h\u00e1vir, og rendur allra fj\u00f6gra hj\u00f3lanna umhverfis fullar af augum.<a name=\"19\"><span class=\"versanumer\">19<\/span><\/a>\u00deegar hinar lifandi skepnur gengu, \u00fe\u00e1 gengu og hj\u00f3lin hj\u00e1 \u00feeim; og \u00feegar \u00fe\u00e6r lifandi h\u00f3fu sig fr\u00e1 j\u00f6r\u00f0unni, h\u00f3fu einnig hj\u00f3lin sig;<a name=\"20\"><span class=\"versanumer\">20<\/span><\/a>\u00feanga\u00f0 sem andinn la\u00f0a\u00f0i \u00fe\u00e6r, \u00feanga\u00f0 gengu \u00fe\u00e6r eftir la\u00f0an andans, og hj\u00f3lin h\u00f3fust upp \u00e1samt me\u00f0 \u00feeim, \u00fev\u00ed andi hinna lifandi skepna var \u00ed hj\u00f3lunum;<a name=\"21\"><span class=\"versanumer\">21<\/span><\/a>\u00feegar \u00fe\u00e6r gengu, gengu \u00feau einnig: \u00feegar \u00fe\u00e6r st\u00f3\u00f0u, st\u00f3\u00f0u \u00feau: \u00feegar \u00fe\u00e6r h\u00f3fu sig fr\u00e1 j\u00f6r\u00f0unni, h\u00f3fu og hj\u00f3lin sig: \u00fev\u00ed andi enna lifandi skepna var \u00ed hj\u00f3lunum.<br \/><a name=\"22\"><span class=\"versanumer\">22<\/span><\/a>Uppi yfir h\u00f6f\u00f0um enna lifandi skepna var \u00fev\u00ed l\u00edkast, sem himinhvelfing v\u00e6ri, blikandi sem krystall, \u00f3gurlegur tils\u00fdndar; hann \u00feandist  \u00fat uppi yfir h\u00f6f\u00f0um \u00feeirra.<a name=\"23\"><span class=\"versanumer\">23<\/span><\/a>Undir \u00feessum himni st\u00f3\u00f0u v\u00e6ngir \u00feeirra uppr\u00e9ttir, og t\u00f3k hv\u00f6r v\u00e6ngurinn annan; \u00fear a\u00f0 auki h\u00f6f\u00f0u \u00fe\u00e6r tvo v\u00e6ngi hv\u00f6r, er \u00fe\u00e6r huldu me\u00f0 l\u00edkami s\u00edna til beggja hli\u00f0a.<a name=\"24\"><span class=\"versanumer\">24<\/span><\/a>Eg heyr\u00f0i \u00feeirra v\u00e6ngja\u00feyt, hann var sem ni\u00f0ur st\u00f3rra vatnsfalla, sem raust hins alm\u00e1ttuga; \u00feegar \u00fe\u00e6r gengu, \u00fe\u00e1 var \u00fea\u00f0 sem dynur af mannfj\u00f6lda, sem gn\u00fdr \u00ed herb\u00fa\u00f0um. \u00deegar \u00fe\u00e6r st\u00f3\u00f0u kyrrar, l\u00e9tu \u00fe\u00e6r v\u00e6ngina s\u00edga;<a name=\"25\"><span class=\"versanumer\">25<\/span><\/a>og \u00ed hv\u00f6rt sinn sem raust heyr\u00f0ist uppi \u00e1 \u00feeim himni, sem var yfir h\u00f6f\u00f0um \u00feeirra, \u00fe\u00e1 st\u00f3\u00f0u \u00fe\u00e6r kyrrar og l\u00e9tu ni\u00f0ur v\u00e6ngi s\u00edna.<a name=\"26\"><span class=\"versanumer\">26<\/span><\/a>uppi \u00e1 himninum yfir h\u00f6f\u00f0um \u00feeirra var a\u00f0 sj\u00e1 sem saff\u00edrsteinn v\u00e6ri, \u00ed l\u00f6gun sem veldisst\u00f3ll, og \u00fear uppi \u00e1 veldisst\u00f3lnum, sem svo s\u00fdndist, var mynd nokkur \u00ed mannsl\u00edki.<a name=\"27\"><span class=\"versanumer\">27<\/span><\/a>S\u00fa mynd virtist m\u00e9r \u00fev\u00ed l\u00edkust, sem gl\u00f3andi l\u00fdsigull v\u00e6ri, innanvert og umhverfis, \u00fear ne\u00f0an fr\u00e1, sem m\u00e9r \u00fe\u00f3tti mitti\u00f0 vera, og upp eftir; en ofan fr\u00e1 \u00fev\u00ed, sem m\u00e9r \u00fe\u00f3tti mitti\u00f0 vera, og ni\u00f0ur eftir, \u00fe\u00f3tti m\u00e9r h\u00fan \u00e1lits sem eldur, og bjarmi allt umhverfis.<a name=\"28\"><span class=\"versanumer\">28<\/span><\/a>Bjarminn umhverfis var tils\u00fdndar l\u00edkur boga \u00feeim, sem \u00ed sk\u00fdinu stendur, \u00fe\u00e1 regn er. \u00deessi s\u00fdn var \u00edmynd Drottins d\u00fdr\u00f0ar, og \u00fe\u00e1 eg haf\u00f0i s\u00e9\u00f0 s\u00fdnina, f\u00e9ll eg fram \u00e1 m\u00edna \u00e1sj\u00f3nu, og heyr\u00f0i eina raust m\u00e6la.<\/p>\n<div class=\"footnoteVidey\"><\/div>\n","protected":false},"excerpt":{"rendered":"<p>Esek\u00edel er veglega innv\u00edg\u00f0ur til hins sp\u00e1mannlega emb\u00e6ttis. Gu\u00f0 vitrast honum \u00ed d\u00fdr\u00f0legri s\u00fdn; hann s\u00e9r fj\u00f3rar fur\u00f0ulegar skepnur, sem voru ker\u00fabar, (kap. 10,20), vagn me\u00f0 undarlega tilb\u00fanum hj\u00f3lum, og uppi \u00e1 honum Gu\u00f0 \u00ed h\u00e1s\u00e6ti s\u00ednu. 1\u00c1 \u00fer\u00edtugasta \u00e1rinu, \u00feann fimmta dag hins fj\u00f3r\u00f0a m\u00e1na\u00f0ar, \u00fe\u00e1 eg var \u00e1 me\u00f0al enna herteknu vi\u00f0 flj\u00f3ti\u00f0 Kabor, opna\u00f0ist himinninn, og eg s\u00e1 gu\u00f0legar sj\u00f3nir.2\u00deann fimmta dag \u00feessa m\u00e1na\u00f0ar (\u00fea\u00f0 var \u00e1 fimmta \u00e1ri, eftir \u00fea\u00f0 a\u00f0 J\u00f3jak\u00edn konungur var \u00ed herlei\u00f0ingu burtfluttur),3\u00fe\u00e1 kom or\u00f0 Drottins til Esek\u00edels, sonar B\u00fasa kennimanns, hj\u00e1 \u00e1nni Kabor \u00ed Kaldealandi; og h\u00f6nd Drottins kom \u00fear yfir <a href=\"https:\/\/biblian.is\/videy\/esekiel-1-kafli\/\"> [&#8230;]<\/a><\/p>\n","protected":false},"author":1,"featured_media":0,"parent":0,"menu_order":0,"comment_status":"open","ping_status":"open","template":"bibliukaflar.php","meta":{"footnotes":""},"class_list":["post-21652","page","type-page","status-publish","hentry"],"_links":{"self":[{"href":"https:\/\/biblian.is\/videy\/wp-json\/wp\/v2\/pages\/21652","targetHints":{"allow":["GET"]}}],"collection":[{"href":"https:\/\/biblian.is\/videy\/wp-json\/wp\/v2\/pages"}],"about":[{"href":"https:\/\/biblian.is\/videy\/wp-json\/wp\/v2\/types\/page"}],"author":[{"embeddable":true,"href":"https:\/\/biblian.is\/videy\/wp-json\/wp\/v2\/users\/1"}],"replies":[{"embeddable":true,"href":"https:\/\/biblian.is\/videy\/wp-json\/wp\/v2\/comments?post=21652"}],"version-history":[{"count":0,"href":"https:\/\/biblian.is\/videy\/wp-json\/wp\/v2\/pages\/21652\/revisions"}],"wp:attachment":[{"href":"https:\/\/biblian.is\/videy\/wp-json\/wp\/v2\/media?parent=21652"}],"curies":[{"name":"wp","href":"https:\/\/api.w.org\/{rel}","templated":true}]}}