{"id":21649,"date":"2018-01-02T01:03:08","date_gmt":"2018-01-02T01:03:08","guid":{"rendered":"http:\/\/biblian.is\/videy\/harmljodin-3-kafli\/"},"modified":"2018-01-02T01:03:08","modified_gmt":"2018-01-02T01:03:08","slug":"harmljodin-3-kafli","status":"publish","type":"page","link":"https:\/\/biblian.is\/videy\/harmljodin-3-kafli\/","title":{"rendered":"Harmlj\u00f3\u00f0in 3. kafli"},"content":{"rendered":"<div class=\"fyrirsognVidey\">Harmakvein \u00feess gu\u00f0hr\u00e6dda sem l\u00ed\u00f0ur.<\/div>\n<p><a name=\"1\"><span class=\"versanumer\">1<\/span><\/a>Eg em s\u00e1 ma\u00f0ur, sem s\u00e1 eymdina <span class='VideyAth'>(hlaut a\u00f0 kenna \u00e1 eymdinni)<\/span> af hans grimmdarsvipu.<a name=\"2\"><span class=\"versanumer\">2<\/span><\/a>Hann rak mig, svo eg gekk \u00ed myrkri <span class='VideyAth'>(hrygg\u00f0)<\/span> en ekki lj\u00f3si <span class='VideyAth'>(gle\u00f0i)<\/span>.<a name=\"3\"><span class=\"versanumer\">3<\/span><\/a>J\u00e1, hann beitir hendi sinni hva\u00f0 eftir anna\u00f0 m\u00f3ti m\u00e9r daglega.<a name=\"4\"><span class=\"versanumer\">4<\/span><\/a>Hann l\u00e9t af m\u00e9r t\u00e1lgast hold og h\u00fa\u00f0, og muldi bein m\u00edn.<a name=\"5\"><span class=\"versanumer\">5<\/span><\/a>Hann kr\u00f3a\u00f0i mig inni, og umkringdi mig me\u00f0 beiskju og m\u00e6\u00f0u.<a name=\"6\"><span class=\"versanumer\">6<\/span><\/a>Hann l\u00e9t mig gista \u00ed myrkrab\u00e6lum, eins og \u00fe\u00e1, sem d\u00e1nir eru fyrir l\u00f6ngu.<a name=\"7\"><span class=\"versanumer\">7<\/span><\/a>Hann hl\u00f3\u00f0 gir\u00f0ing kringum mig, svo eg gat ekki komist \u00fat, hann lag\u00f0i \u00e1 mig \u00feungar koparvi\u00f0jur.<a name=\"8\"><span class=\"versanumer\">8<\/span><\/a>Jafnvel \u00fe\u00f3 eg hr\u00f3pa\u00f0i og \u00e6pti um hj\u00e1lp, \u00fe\u00e1 loka\u00f0i hann fyrir b\u00e6n minni.<a name=\"9\"><span class=\"versanumer\">9<\/span><\/a>Hann girti fyrir vegi m\u00edna me\u00f0 h\u00f6ggnum steinum, og umhverf\u00f0i sporum m\u00ednum.<a name=\"10\"><span class=\"versanumer\">10<\/span><\/a>Hann var m\u00e9r eins og bj\u00f6rn, sem liggur \u00ed launs\u00e1tri, eins og lj\u00f3n \u00ed leynib\u00e6li.<a name=\"11\"><span class=\"versanumer\">11<\/span><\/a>Hann l\u00e9t lei\u00f0ir m\u00ednar liggja afvega, hann sleit mig \u00ed sundur, og gj\u00f6r\u00f0i \u00fat af vi\u00f0 mig.<a name=\"12\"><span class=\"versanumer\">12<\/span><\/a>Hann spennti boga sinn, og setti mig eins og skotm\u00e1l fyrir \u00f6rina.<a name=\"13\"><span class=\"versanumer\">13<\/span><\/a>Hann h\u00e6f\u00f0i n\u00fdru m\u00edn me\u00f0 sonum s\u00edns \u00f6rvam\u00e6lis <span class='VideyAth'>(\u00f6rvunum)<\/span>.<a name=\"14\"><span class=\"versanumer\">14<\/span><\/a>Eg er or\u00f0inn a\u00f0 athl\u00e6gisefni allri minni \u00fej\u00f3\u00f0, a\u00f0 daglegri h\u00e1\u00f0v\u00edsu \u00feeirra.<a name=\"15\"><span class=\"versanumer\">15<\/span><\/a>Hann saddi mig \u00e1 bitrum urtum, og gj\u00f6r\u00f0i mig drukkinn af malurt.<a name=\"16\"><span class=\"versanumer\">16<\/span><\/a>Hann l\u00e9t mig mylja tennur m\u00ednar \u00e1 sandsteinum <span class='VideyAth'>(sendnu brau\u00f0i)<\/span>, og k\u00e6f\u00f0i mig me\u00f0 \u00f6sku.<a name=\"17\"><span class=\"versanumer\">17<\/span><\/a>\u00de\u00fa hefir svipt s\u00e1l m\u00edna fri\u00f0i, eg hefi gleymt \u00fev\u00ed g\u00f3\u00f0a.<a name=\"18\"><span class=\"versanumer\">18<\/span><\/a>Eg segi: horfi\u00f0 er traust mitt og von fr\u00e1 Drottni <span class='VideyAth'>(Drottinn hefir svipt mig trausti og von)<\/span>.<a name=\"19\"><span class=\"versanumer\">19<\/span><\/a>Minnst\u00fa eymdar minnar, og ofs\u00f3kna <span class='VideyAth'>(sem eg l\u00ed\u00f0)<\/span>, malurtarinnar og eiturjurtarinnar! <br \/><a name=\"20\"><span class=\"versanumer\">20<\/span><\/a>S\u00e1l m\u00edn hugsar i\u00f0uglega um \u00feetta, og er ni\u00f0urbeyg\u00f0 <span class='VideyAth'>(m\u00e6dd)<\/span> \u00ed m\u00e9r.<a name=\"21\"><span class=\"versanumer\">21<\/span><\/a>Eg svara hjarta m\u00ednu <span class='VideyAth'>(sj\u00e1lfum m\u00e9r)<\/span> aftur \u00feessu, og \u00feess vegna \u00fereyi eg vong\u00f3\u00f0ur:<a name=\"22\"><span class=\"versanumer\">22<\/span><\/a>\u00dea\u00f0 er n\u00e1\u00f0 Drottins, a\u00f0 v\u00e9r erum ekki afm\u00e1\u00f0ir, \u00fev\u00ed hans miskunnsemi \u00fer\u00fdtur aldrei;<a name=\"23\"><span class=\"versanumer\">23<\/span><\/a>h\u00fan er n\u00fd \u00e1 hv\u00f6rjum morgni; mikil er \u00fe\u00edn tr\u00fafesti.<a name=\"24\"><span class=\"versanumer\">24<\/span><\/a>Drottinn er m\u00edn hlutdeild, segir s\u00e1l m\u00edn, \u00fear fyrir skal eg vona \u00e1 hann.<a name=\"25\"><span class=\"versanumer\">25<\/span><\/a>Drottinn er g\u00f3\u00f0ur \u00feeim sem b\u00ed\u00f0a hans <span class='VideyAth'>(treysta honum)<\/span> og \u00feeirri s\u00e1l <span class='VideyAth'>(\u00feeim manni)<\/span> sem leitar hans.<a name=\"26\"><span class=\"versanumer\">26<\/span><\/a>S\u00e6ll er s\u00e1, sem \u00feolg\u00f3\u00f0ur b\u00ed\u00f0ur eftir li\u00f0veislu Drottins.<a name=\"27\"><span class=\"versanumer\">27<\/span><\/a>\u00dea\u00f0 er manninum hollt, a\u00f0 bera oki\u00f0 \u00ed \u00e6sku sinni.<a name=\"28\"><span class=\"versanumer\">28<\/span><\/a>Hann sitji einmana og \u00feegjandi, \u00feegar hann <span class='VideyAth'>(Drottinn)<\/span> leggur \u00fea\u00f0 \u00e1 hann.<a name=\"29\"><span class=\"versanumer\">29<\/span><\/a>Hann stingi munni s\u00ednum \u00ed dufti\u00f0 <span class='VideyAth'>(au\u00f0m\u00fdki sig)<\/span>, <span class='VideyAth'>(og hugsi)<\/span>: \u201ekannske enn s\u00e9 einhv\u00f6r von\u201c.<a name=\"30\"><span class=\"versanumer\">30<\/span><\/a>Hann bj\u00f3\u00f0i \u00feeim vangann, sem sl\u00e6r hann, og mettist af vanvir\u00f0u.<br \/><a name=\"31\"><span class=\"versanumer\">31<\/span><\/a>\u00dev\u00ed ekki \u00fatsk\u00fafar Drottinn \u00e6vinlega;<a name=\"32\"><span class=\"versanumer\">32<\/span><\/a>\u00fev\u00ed \u00fe\u00f3 hann hrelli, \u00fe\u00e1 miskunnar hann aftur eftir sinni miklu n\u00e1\u00f0;<a name=\"33\"><span class=\"versanumer\">33<\/span><\/a>\u00fev\u00ed ekki hefir hann yndi af, a\u00f0 \u00fej\u00e1 og hrella mannanna b\u00f6rn.<a name=\"34\"><span class=\"versanumer\">34<\/span><\/a>Ef einhv\u00f6r f\u00f3tum tr\u00e6\u00f0i alla fanga \u00e1 j\u00f6r\u00f0unni;<a name=\"35\"><span class=\"versanumer\">35<\/span><\/a>ef einhv\u00f6r halla\u00f0i r\u00e9tti manns fyrir augliti hins h\u00e6sta;<a name=\"36\"><span class=\"versanumer\">36<\/span><\/a>ef einhv\u00f6r rangf\u00e6r\u00f0i annars manns r\u00e9ttarm\u00e1l\u2014s\u00e6i \u00fe\u00e1 Drottinn \u00fea\u00f0 ekki?<a name=\"37\"><span class=\"versanumer\">37<\/span><\/a>Hv\u00f6r er s\u00e1 sem segi: \u00feetta ske\u00f0i, Drottinn haf\u00f0i \u00fe\u00f3 ekki skipa\u00f0 \u00fea\u00f0? <span class='VideyAth'>a)<\/span><a name=\"38\"><span class=\"versanumer\">38<\/span><\/a>\u00datgengur ekki af munni <span class='VideyAth'>(ske\u00f0ur ekki a\u00f0 bo\u00f0i)<\/span> hins h\u00e6sta b\u00e6\u00f0i illt og gott?<br \/><a name=\"39\"><span class=\"versanumer\">39<\/span><\/a>Yfir hv\u00f6rju andvarpar ma\u00f0urinn me\u00f0an hann lifir? s\u00e9rhv\u00f6r yfir s\u00ednu syndastraffi.<a name=\"40\"><span class=\"versanumer\">40<\/span><\/a>L\u00e1tum oss kanna og rannsaka breytni vora, og sn\u00faa oss til Drottins!<a name=\"41\"><span class=\"versanumer\">41<\/span><\/a>L\u00e1tum oss hefja hj\u00f6rtu vor, auk handanna, til Gu\u00f0s \u00e1 himnum!<a name=\"42\"><span class=\"versanumer\">42<\/span><\/a>V\u00e9r h\u00f6fum syndgast, og veri\u00f0 \u00feverbrotnir; \u00fe\u00fa fyrirgafst ekki.<a name=\"43\"><span class=\"versanumer\">43<\/span><\/a>\u00de\u00fa f\u00f3lst \u00feig \u00ed rei\u00f0i, og ofs\u00f3ttir oss; \u00fe\u00fa deyddir og \u00feyrmdir ekki.<a name=\"44\"><span class=\"versanumer\">44<\/span><\/a>\u00de\u00fa byrg\u00f0ir \u00feig \u00ed sk\u00fdi, sem b\u00e6nin komst ekki \u00ed gegnum.<a name=\"45\"><span class=\"versanumer\">45<\/span><\/a>\u00de\u00fa gj\u00f6r\u00f0ir oss a\u00f0 afhraki og vi\u00f0bj\u00f3\u00f0 me\u00f0al \u00fej\u00f3\u00f0anna.<a name=\"46\"><span class=\"versanumer\">46<\/span><\/a>Allir vorir \u00f3vinir glenna upp gini\u00f0 yfir oss.<a name=\"47\"><span class=\"versanumer\">47<\/span><\/a>Skelfing og gr\u00f6f <span class='VideyAth'>(dau\u00f0ans h\u00e6tta)<\/span> kom yfir oss, ey\u00f0ilegging og \u00f3farir.<br \/><a name=\"48\"><span class=\"versanumer\">48<\/span><\/a>Vatns<span class='VideyAth'>(t\u00e1ra)<\/span>l\u00e6kir streyma af augum m\u00e9r, \u00fat af \u00f3f\u00f6rum \u00fej\u00f3\u00f0ar minnar <span class='VideyAth'>b)<\/span>.<a name=\"49\"><span class=\"versanumer\">49<\/span><\/a>Augu m\u00edn flj\u00f3ta <span class='VideyAth'>(\u00ed t\u00e1rum)<\/span> og hv\u00edlast ekki, \u00fev\u00ed ekkert hl\u00e9 er \u00e1;<a name=\"50\"><span class=\"versanumer\">50<\/span><\/a>\u00feanga\u00f0 til Drottinn l\u00edtur ofan af himnum, og sko\u00f0ar.<a name=\"51\"><span class=\"versanumer\">51<\/span><\/a>Auga mitt kvelur <span class='VideyAth'>(me\u00f0 gr\u00e1tinum)<\/span> s\u00e1l m\u00edna <span class='VideyAth'>(mig)<\/span> vegna allra d\u00e6tra borgar minnar.<a name=\"52\"><span class=\"versanumer\">52<\/span><\/a>\u00d3vinir m\u00ednir elta mig \u00e1kaflega, eins og fugl, \u00e1n saka.<a name=\"53\"><span class=\"versanumer\">53<\/span><\/a>\u00deeir \u00e6tlu\u00f0u a\u00f0 gj\u00f6ra \u00fat af vi\u00f0 mig \u00ed gryfju, og k\u00f6stu\u00f0u steini ofan \u00e1 mig.<a name=\"54\"><span class=\"versanumer\">54<\/span><\/a>Vatni\u00f0 gekk yfir h\u00f6fu\u00f0i\u00f0 \u00e1 m\u00e9r, eg sag\u00f0i <span class='VideyAth'>(hugsa\u00f0i)<\/span>: n\u00fa er \u00fatgj\u00f6rt um mig!<a name=\"55\"><span class=\"versanumer\">55<\/span><\/a>\u00de\u00e1 \u00e1kalla\u00f0i eg nafn Drottins! \u00far enni dj\u00fapu gryfju.<a name=\"56\"><span class=\"versanumer\">56<\/span><\/a>\u00de\u00fa heyr\u00f0ir raust m\u00edna; byrg\u00f0u n\u00fa ekki eyru \u00fe\u00edn fyrir b\u00e6na hr\u00f3pi m\u00ednu um v\u00e6g\u00f0.<a name=\"57\"><span class=\"versanumer\">57<\/span><\/a>\u00de\u00fa varst n\u00e1l\u00e6gur \u00e1 \u00feeim degi, er eg \u00e1kalla\u00f0i \u00feig, \u00fe\u00fa sag\u00f0ir: \u00f3ttastu ekki!<a name=\"58\"><span class=\"versanumer\">58<\/span><\/a>\u00de\u00fa var\u00f0ir, Drottinn! m\u00e1l mitt, og bjarga\u00f0ir l\u00edfi m\u00ednu.<a name=\"59\"><span class=\"versanumer\">59<\/span><\/a>\u00de\u00fa s\u00e9r <span class='VideyAth'>(n\u00fa einnin)<\/span> Drottinn! undirokunina sem eg l\u00ed\u00f0, d\u00e6m \u00fe\u00fa m\u00e9r r\u00e9tt minn!<a name=\"60\"><span class=\"versanumer\">60<\/span><\/a>\u00de\u00fa s\u00e9r alla \u00feeirra hefndargirni, og allt r\u00e1\u00f0abrugg \u00feeirra gegn m\u00e9r.<a name=\"61\"><span class=\"versanumer\">61<\/span><\/a>\u00de\u00fa heyrir, Drottinn! h\u00e1\u00f0ungar \u00feeirra yfir m\u00e9r;<a name=\"62\"><span class=\"versanumer\">62<\/span><\/a>umr\u00e6\u00f0ur \u00f3vina minna, og daglegar r\u00e1\u00f0agj\u00f6r\u00f0ir \u00feeirra, vi\u00f0v\u00edkjandi m\u00e9r.<a name=\"63\"><span class=\"versanumer\">63<\/span><\/a>Hv\u00f6rt sem \u00feeir sitja e\u00f0ur standa\u2014gef \u00fe\u00fa \u00fev\u00ed gaum!\u2014\u00fe\u00e1 er eg h\u00e1\u00f0v\u00edsa \u00feeirra.<a name=\"64\"><span class=\"versanumer\">64<\/span><\/a>Endurgjald \u00fe\u00fa \u00feeim, Drottinn! samkv\u00e6mt handaverkum \u00feeirra <span class='VideyAth'>(eftir \u00fev\u00ed sem \u00feeir hafa unni\u00f0 til)<\/span>.<a name=\"65\"><span class=\"versanumer\">65<\/span><\/a>Veittu \u00feeim hjartans forher\u00f0ingu! b\u00f6lvan \u00fe\u00edn hv\u00edli yfir \u00feeim!<a name=\"66\"><span class=\"versanumer\">66<\/span><\/a>Ofs\u00e6ktu \u00fe\u00e1 \u00ed br\u00e6\u00f0i, og afm\u00e1 \u00fe\u00fa \u00fe\u00e1, svo \u00feeir s\u00e9u ekki til undir himni Drottins!<\/p>\n<div class=\"footnoteVidey\">V. 37. a. A\u00f0rir: hv\u00f6r er s\u00e1, sem tala\u00f0i, og \u00fea\u00f0 ske\u00f0i (r\u00e6ttist) ef Drottinn skipa\u00f0i ekki?  V. 48. b. \u00c1 hebr. \u201ed\u00f3ttur m\u00edns f\u00f3lks\u201c.<\/div>\n","protected":false},"excerpt":{"rendered":"<p>Harmakvein \u00feess gu\u00f0hr\u00e6dda sem l\u00ed\u00f0ur. 1Eg em s\u00e1 ma\u00f0ur, sem s\u00e1 eymdina (hlaut a\u00f0 kenna \u00e1 eymdinni) af hans grimmdarsvipu.2Hann rak mig, svo eg gekk \u00ed myrkri (hrygg\u00f0) en ekki lj\u00f3si (gle\u00f0i).3J\u00e1, hann beitir hendi sinni hva\u00f0 eftir anna\u00f0 m\u00f3ti m\u00e9r daglega.4Hann l\u00e9t af m\u00e9r t\u00e1lgast hold og h\u00fa\u00f0, og muldi bein m\u00edn.5Hann kr\u00f3a\u00f0i mig inni, og umkringdi mig me\u00f0 beiskju og m\u00e6\u00f0u.6Hann l\u00e9t mig gista \u00ed myrkrab\u00e6lum, eins og \u00fe\u00e1, sem d\u00e1nir eru fyrir l\u00f6ngu.7Hann hl\u00f3\u00f0 gir\u00f0ing kringum mig, svo eg gat ekki komist \u00fat, hann lag\u00f0i \u00e1 mig \u00feungar koparvi\u00f0jur.8Jafnvel \u00fe\u00f3 eg hr\u00f3pa\u00f0i og \u00e6pti um hj\u00e1lp, \u00fe\u00e1 <a href=\"https:\/\/biblian.is\/videy\/harmljodin-3-kafli\/\"> [&#8230;]<\/a><\/p>\n","protected":false},"author":1,"featured_media":0,"parent":0,"menu_order":0,"comment_status":"open","ping_status":"open","template":"bibliukaflar.php","meta":{"footnotes":""},"class_list":["post-21649","page","type-page","status-publish","hentry"],"_links":{"self":[{"href":"https:\/\/biblian.is\/videy\/wp-json\/wp\/v2\/pages\/21649","targetHints":{"allow":["GET"]}}],"collection":[{"href":"https:\/\/biblian.is\/videy\/wp-json\/wp\/v2\/pages"}],"about":[{"href":"https:\/\/biblian.is\/videy\/wp-json\/wp\/v2\/types\/page"}],"author":[{"embeddable":true,"href":"https:\/\/biblian.is\/videy\/wp-json\/wp\/v2\/users\/1"}],"replies":[{"embeddable":true,"href":"https:\/\/biblian.is\/videy\/wp-json\/wp\/v2\/comments?post=21649"}],"version-history":[{"count":0,"href":"https:\/\/biblian.is\/videy\/wp-json\/wp\/v2\/pages\/21649\/revisions"}],"wp:attachment":[{"href":"https:\/\/biblian.is\/videy\/wp-json\/wp\/v2\/media?parent=21649"}],"curies":[{"name":"wp","href":"https:\/\/api.w.org\/{rel}","templated":true}]}}