{"id":21646,"date":"2018-01-02T01:03:08","date_gmt":"2018-01-02T01:03:08","guid":{"rendered":"http:\/\/biblian.is\/videy\/jeremia-52-kafli\/"},"modified":"2018-01-02T01:03:08","modified_gmt":"2018-01-02T01:03:08","slug":"jeremia-52-kafli","status":"publish","type":"page","link":"https:\/\/biblian.is\/videy\/jeremia-52-kafli\/","title":{"rendered":"Jerem\u00eda 52. kafli"},"content":{"rendered":"<div class=\"fyrirsognVidey\">Saga um Jer\u00fasalems ey\u00f0ilegging. (Sbr. 2 Kb. 24 og 25 Kap.)<\/div>\n<p><a name=\"1\"><span class=\"versanumer\">1<\/span><\/a>Sedek\u00edas haf\u00f0i einn um tv\u00edtugt \u00fe\u00e1 hann var\u00f0 k\u00f3ngur og 11u \u00e1r r\u00edkti hann \u00ed Jer\u00fasalem; en m\u00f3\u00f0ir hans h\u00e9t Hamital, Jerem\u00eda d\u00f3ttir, fr\u00e1 Libna.<a name=\"2\"><span class=\"versanumer\">2<\/span><\/a>Og hann gj\u00f6r\u00f0i \u00fea\u00f0 sem illt var \u00ed augs\u00fdn Drottins, allt eins og J\u00f3jakim haf\u00f0i gj\u00f6rt.<a name=\"3\"><span class=\"versanumer\">3<\/span><\/a>\u00dev\u00ed s\u00f6kum rei\u00f0i Drottins f\u00f3r \u00fea\u00f0 svo fyrir Jer\u00fasalem og J\u00fada, \u00feanga\u00f0 til hann burtkasta\u00f0i \u00feeim fr\u00e1 s\u00ednu augliti. Og Sedek\u00edas f\u00e9ll fr\u00e1 k\u00f3nginum af Babel. <br \/><a name=\"4\"><span class=\"versanumer\">4<\/span><\/a>Og \u00fea\u00f0 ske\u00f0i \u00e1 9da \u00e1ri hans r\u00edkisstj\u00f3rnar, \u00ed 10da m\u00e1nu\u00f0i, \u00e1 10da <span class='VideyAth'>(degi)<\/span> m\u00e1na\u00f0arins, a\u00f0 Neb\u00fakadnesar, Babelsk\u00f3ngur, kom, hann og allur hans her, m\u00f3ti Jer\u00fasalem, og \u00feeir settust um hana og bygg\u00f0u hervirki allt \u00ed kringum hana.<a name=\"5\"><span class=\"versanumer\">5<\/span><\/a>Og sta\u00f0urinn var umsetinn allt fram \u00e1 11ta \u00e1r Sedek\u00eda k\u00f3ngs.<a name=\"6\"><span class=\"versanumer\">6<\/span><\/a>\u00cd fj\u00f3r\u00f0a m\u00e1nu\u00f0i \u00e1 9da <span class='VideyAth'>(degi)<\/span> m\u00e1na\u00f0arins, t\u00f3k hungri\u00f0 mj\u00f6g a\u00f0 vaxa \u00ed sta\u00f0num, og \u00fe\u00e1 var ekkert brau\u00f0 fyrir landsf\u00f3lki\u00f0.<a name=\"7\"><span class=\"versanumer\">7<\/span><\/a>Og menn brutust inn \u00ed sta\u00f0inn, og str\u00ed\u00f0sf\u00f3lki\u00f0 fl\u00fa\u00f0i \u00far sta\u00f0num um n\u00f3ttina \u00fat um hli\u00f0i\u00f0 milli \u00feeirra tveggja veggja \u00e1 k\u00f3ngsins aldingar\u00f0i, <span class='VideyAth'>(en Kaldeumenn voru \u00ed kringum allan sta\u00f0inn)<\/span>, og f\u00f3ru veginn \u00fat a\u00f0 ey\u00f0im\u00f6rkinni.<a name=\"8\"><span class=\"versanumer\">8<\/span><\/a>En Kaldeumanna her elti k\u00f3nginn, og \u00feeir n\u00e1\u00f0u Sedek\u00edas \u00e1 Jer\u00edk\u00f3sv\u00f6llum, og allur hans her tv\u00edstra\u00f0ist fr\u00e1 honum.<a name=\"9\"><span class=\"versanumer\">9<\/span><\/a>Og \u00feeir handt\u00f3ku k\u00f3nginn og f\u00f3ru me\u00f0 hann til k\u00f3ngsins af Babel <span class='VideyAth'>(sem \u00fe\u00e1 var)<\/span> \u00ed Ribla, \u00ed landinu Hemat, og hann lag\u00f0i \u00e1 hann d\u00f3m.<a name=\"10\"><span class=\"versanumer\">10<\/span><\/a>Og k\u00f3ngurinn af Babel sl\u00e1tra\u00f0i Sedek\u00edasonum, fyrir hans augum, og l\u00edka sl\u00e1tra\u00f0i hann \u00ed Ribla \u00f6llum J\u00fadah\u00f6f\u00f0ingjum.<a name=\"11\"><span class=\"versanumer\">11<\/span><\/a>Og Sedek\u00eda blinda\u00f0i hann \u00e1 augunum, og batt hann fj\u00f6trum; og k\u00f3ngurinn af Babel flutti hann til Babel og setti hann \u00ed fangelsi, \u00feanga\u00f0 til hann anda\u00f0ist. <br \/><a name=\"12\"><span class=\"versanumer\">12<\/span><\/a>Og \u00ed fimmta m\u00e1nu\u00f0i, 10da daginn, \u00fea\u00f0 var 19da \u00e1r k\u00f3ngs Neb\u00fakadnesars, k\u00f3ngs \u00ed Babel, kom Neb\u00fasaradan, yfirma\u00f0ur l\u00edfvaktarinnar, sem \u00fej\u00f3na\u00f0i k\u00f3nginum af Babel, til Jer\u00fasalem,<a name=\"13\"><span class=\"versanumer\">13<\/span><\/a>og brenndi upp Drottins h\u00fas og k\u00f3ngsins h\u00fas, og \u00f6ll h\u00fasin \u00ed Jer\u00fasalem, \u00f6ll st\u00f3r h\u00fas brenndi hann upp me\u00f0 eldi.<a name=\"14\"><span class=\"versanumer\">14<\/span><\/a>Og alla Jer\u00fasalems m\u00fara allt um kring reif allur her Kaldeumanna, sem var me\u00f0 yfirmanni l\u00edfvaktarinnar, ni\u00f0ur.<a name=\"15\"><span class=\"versanumer\">15<\/span><\/a>Og Neb\u00fasaradan, yfirma\u00f0ur l\u00edfvaktarinnar, flutti burt til Babel <span class='VideyAth'>(marga)<\/span> af \u00fev\u00ed \u00f3\u00e6\u00f0ra f\u00f3lki og leifar f\u00f3lksins, \u00fe\u00e1 eftir or\u00f0nu \u00ed sta\u00f0num, og \u00fe\u00e1 stroknu, sem gengi\u00f0 h\u00f6f\u00f0u yfir til k\u00f3ngsins af Babel, afgang f\u00f3lksfj\u00f6ldans.<a name=\"16\"><span class=\"versanumer\">16<\/span><\/a>En af \u00feeim l\u00edtilm\u00f3tlegu l\u00e9t Neb\u00fasaradan, yfirma\u00f0ur l\u00edfvaktarinnar, eftir ver\u00f0a v\u00ednyrkju og akuryrkjumenn.<a name=\"17\"><span class=\"versanumer\">17<\/span><\/a>Og eirst\u00f3lpana \u00ed h\u00fasi Drottins og bor\u00f0st\u00f3lana og eirhafi\u00f0 \u00ed h\u00fasi Drottins, brutu Kaldeumenn, og fluttu allt \u00fea\u00f0 eir til Babel.<a name=\"18\"><span class=\"versanumer\">18<\/span><\/a>Og pottana og sleifarnar og hn\u00edfana og sk\u00e1larnar og bikarana og \u00f6ll eir\u00e1h\u00f6ld sem br\u00faku\u00f0 voru vi\u00f0 \u00fej\u00f3nustugj\u00f6r\u00f0ina, t\u00f3ku \u00feeir;<a name=\"19\"><span class=\"versanumer\">19<\/span><\/a>og mundlaugarnar og gl\u00f3\u00f0arkerin og sk\u00e1larnar og lj\u00f3sastjakana og pottana og bikarana og k\u00f6nnurnar, hva\u00f0 sem var af gulli, gull, og hva\u00f0 sem var af silfri, silfur, \u00fea\u00f0 t\u00f3k yfirma\u00f0ur l\u00edfvaktarinnar.<a name=\"20\"><span class=\"versanumer\">20<\/span><\/a>\u00de\u00e1 tvo st\u00f3lpa, \u00fea\u00f0 eina haf, og \u00feau t\u00f3lf naut af eiri <span class='VideyAth'>a)<\/span> undir bor\u00f0st\u00f3lunum, sem Sal\u00f3mon k\u00f3ngur l\u00e9t gj\u00f6ra fyrir Drottins h\u00fas; eiri\u00f0 \u00ed \u00f6llum \u00feessum \u00e1h\u00f6ldum var\u00f0 ekki vegi\u00f0.<a name=\"21\"><span class=\"versanumer\">21<\/span><\/a>Og st\u00f3lparnir\u201418 \u00e1lnir var h\u00e6\u00f0 \u00feess eina, og 12 \u00e1lna <span class='VideyAth'>(langt)<\/span> band n\u00e1\u00f0i utanum \u00fe\u00e1, og \u00feeirra \u00feykkt var fj\u00f6gra fingra, \u00fev\u00ed \u00feeir voru holir;<a name=\"22\"><span class=\"versanumer\">22<\/span><\/a>og eirhn\u00fa\u00f0ur efst, og h\u00e6\u00f0 hn\u00fa\u00f0sins var 5 \u00e1lnir, og netverk og kjarnepli voru \u00ed kringum hn\u00fa\u00f0ana, allt af eiri, og eins var \u00e1 hinum st\u00f3lpanum og kjarnepli.<a name=\"23\"><span class=\"versanumer\">23<\/span><\/a>Og kjarneplin voru 96 \u00ed fr\u00edu lofti, og \u00f6ll kjarneplin voru hundra\u00f0, og netverk allt \u00ed kring. <br \/><a name=\"24\"><span class=\"versanumer\">24<\/span><\/a>Og yfirma\u00f0ur l\u00edfvaktarinnar t\u00f3k Seraja, h\u00f6fu\u00f0prest, og Sefan\u00eda prest af annarri <span class='VideyAth'>(r\u00f6\u00f0)<\/span>, og \u00ferj\u00e1 dyraver\u00f0ina,<a name=\"25\"><span class=\"versanumer\">25<\/span><\/a>og \u00far sta\u00f0num t\u00f3k hann hir\u00f0mann, sem settur var yfir str\u00ed\u00f0sf\u00f3lki\u00f0, og 7 menn af \u00feeim sem st\u00f3\u00f0u fyrir k\u00f3nginum, sem fundust \u00ed sta\u00f0num, og skrifarann, herforingjann, sem t\u00f3k landsf\u00f3lki\u00f0 til str\u00ed\u00f0s\u00fej\u00f3nustu, og 60 menn af landsf\u00f3lkinu, sem fundust \u00ed sta\u00f0num,<a name=\"26\"><span class=\"versanumer\">26<\/span><\/a>\u00feessa t\u00f3k Neb\u00fasaradan, yfirma\u00f0ur l\u00edfvaktarinnar, og f\u00f3r me\u00f0 \u00fe\u00e1 til k\u00f3ngsins af Babel til Ribla.<a name=\"27\"><span class=\"versanumer\">27<\/span><\/a>Og k\u00f3ngurinn af Babel vann \u00e1 \u00feeim og deyddi \u00fe\u00e1 \u00ed Ribla \u00ed landinu Hemat. Og \u00feannig var\u00f0 J\u00fadaf\u00f3lk burtflutt \u00far s\u00ednu landi. <br \/><a name=\"28\"><span class=\"versanumer\">28<\/span><\/a>\u00deetta er \u00fea\u00f0 f\u00f3lk sem Neb\u00fakadnesar flutti burt: \u00e1 sj\u00f6unda \u00e1ri, 3023 J\u00fa\u00f0a.<a name=\"29\"><span class=\"versanumer\">29<\/span><\/a>\u00c1 18da \u00e1ri Neb\u00fakadnesars \u00far Jer\u00fasalem: 832 s\u00e1lir;<a name=\"30\"><span class=\"versanumer\">30<\/span><\/a>\u00e1 23ja \u00e1ri Neb\u00fakadnesars, flutti Neb\u00fasaradan, yfirma\u00f0ur hir\u00f0mannanna, burt 745 J\u00fa\u00f0a: allar s\u00e1lir til samans 4600. <br \/><a name=\"31\"><span class=\"versanumer\">31<\/span><\/a>Og \u00fea\u00f0 ske\u00f0i \u00e1 37da \u00e1ri eftir burtflutning J\u00f3jakims, J\u00fadak\u00f3ngs, \u00ed 12ta m\u00e1nu\u00f0i, \u00e1 25ta <span class='VideyAth'>(degi)<\/span> m\u00e1na\u00f0arins, \u00fe\u00e1 upph\u00f3f Mero-Dak, Babelsk\u00f3ngur, \u00e1 \u00fev\u00ed \u00e1ri, sem hann var\u00f0 k\u00f3ngur, h\u00f6fu\u00f0 J\u00f3jakims, J\u00fadak\u00f3ngs, og t\u00f3k hann \u00far fangelsinu;<a name=\"32\"><span class=\"versanumer\">32<\/span><\/a>og tala\u00f0i g\u00f3\u00f0samlega vi\u00f0 hann, og setti hans st\u00f3l uppfyrir st\u00f3la \u00feeirra k\u00f3nga, sem hj\u00e1 honum v\u00f3ru \u00ed Babel;<a name=\"33\"><span class=\"versanumer\">33<\/span><\/a>og l\u00e9t hann fara \u00far myrkvastofub\u00faninginum; og hann \u00e1t vi\u00f0 hans bor\u00f0 \u00e6t\u00ed\u00f0, alla s\u00edna \u00e6vi.<a name=\"34\"><span class=\"versanumer\">34<\/span><\/a>Og hans uppheldi, \u00fea\u00f0 st\u00f6\u00f0uga uppheldi, var honum gefi\u00f0 af k\u00f3nginum \u00ed Babel, \u00fea\u00f0 dagsdaglega, allt a\u00f0 hans dau\u00f0adegi, svo lengi sem hann lif\u00f0i.<\/p>\n<div class=\"footnoteVidey\">V. 20. a. Nautin voru undir eirhafinu, 1 Kgb. 7,25.<\/div>\n","protected":false},"excerpt":{"rendered":"<p>Saga um Jer\u00fasalems ey\u00f0ilegging. (Sbr. 2 Kb. 24 og 25 Kap.) 1Sedek\u00edas haf\u00f0i einn um tv\u00edtugt \u00fe\u00e1 hann var\u00f0 k\u00f3ngur og 11u \u00e1r r\u00edkti hann \u00ed Jer\u00fasalem; en m\u00f3\u00f0ir hans h\u00e9t Hamital, Jerem\u00eda d\u00f3ttir, fr\u00e1 Libna.2Og hann gj\u00f6r\u00f0i \u00fea\u00f0 sem illt var \u00ed augs\u00fdn Drottins, allt eins og J\u00f3jakim haf\u00f0i gj\u00f6rt.3\u00dev\u00ed s\u00f6kum rei\u00f0i Drottins f\u00f3r \u00fea\u00f0 svo fyrir Jer\u00fasalem og J\u00fada, \u00feanga\u00f0 til hann burtkasta\u00f0i \u00feeim fr\u00e1 s\u00ednu augliti. Og Sedek\u00edas f\u00e9ll fr\u00e1 k\u00f3nginum af Babel. 4Og \u00fea\u00f0 ske\u00f0i \u00e1 9da \u00e1ri hans r\u00edkisstj\u00f3rnar, \u00ed 10da m\u00e1nu\u00f0i, \u00e1 10da (degi) m\u00e1na\u00f0arins, a\u00f0 Neb\u00fakadnesar, Babelsk\u00f3ngur, kom, hann og allur hans her, <a href=\"https:\/\/biblian.is\/videy\/jeremia-52-kafli\/\"> [&#8230;]<\/a><\/p>\n","protected":false},"author":1,"featured_media":0,"parent":0,"menu_order":0,"comment_status":"open","ping_status":"open","template":"bibliukaflar.php","meta":{"footnotes":""},"class_list":["post-21646","page","type-page","status-publish","hentry"],"_links":{"self":[{"href":"https:\/\/biblian.is\/videy\/wp-json\/wp\/v2\/pages\/21646","targetHints":{"allow":["GET"]}}],"collection":[{"href":"https:\/\/biblian.is\/videy\/wp-json\/wp\/v2\/pages"}],"about":[{"href":"https:\/\/biblian.is\/videy\/wp-json\/wp\/v2\/types\/page"}],"author":[{"embeddable":true,"href":"https:\/\/biblian.is\/videy\/wp-json\/wp\/v2\/users\/1"}],"replies":[{"embeddable":true,"href":"https:\/\/biblian.is\/videy\/wp-json\/wp\/v2\/comments?post=21646"}],"version-history":[{"count":0,"href":"https:\/\/biblian.is\/videy\/wp-json\/wp\/v2\/pages\/21646\/revisions"}],"wp:attachment":[{"href":"https:\/\/biblian.is\/videy\/wp-json\/wp\/v2\/media?parent=21646"}],"curies":[{"name":"wp","href":"https:\/\/api.w.org\/{rel}","templated":true}]}}