{"id":21645,"date":"2018-01-02T01:03:08","date_gmt":"2018-01-02T01:03:08","guid":{"rendered":"http:\/\/biblian.is\/videy\/jeremia-51-kafli\/"},"modified":"2018-01-02T01:03:08","modified_gmt":"2018-01-02T01:03:08","slug":"jeremia-51-kafli","status":"publish","type":"page","link":"https:\/\/biblian.is\/videy\/jeremia-51-kafli\/","title":{"rendered":"Jerem\u00eda 51. kafli"},"content":{"rendered":"<div class=\"fyrirsognVidey\">Sama efni.<\/div>\n<p><a name=\"1\"><span class=\"versanumer\">1<\/span><\/a>Svo segir Drottinn: sj\u00e1! eg vek m\u00f3ti Babel, og \u00e1 m\u00f3ti \u00feeim sem b\u00faa mitt \u00e1 me\u00f0al minna m\u00f3tstandara, ey\u00f0ileggjandi storm;<a name=\"2\"><span class=\"versanumer\">2<\/span><\/a>og eg sendi \u00fatlenda m\u00f3t Babel, \u00feeir skulu vinsa \u00fe\u00e1 og t\u00e6ma \u00feeirra land, \u00fev\u00ed \u00feeir yfirfalla \u00fe\u00e1 fr\u00e1 \u00f6llum hli\u00f0um, \u00e1 \u00f3g\u00e6funnar degi.<a name=\"3\"><span class=\"versanumer\">3<\/span><\/a>M\u00f3ti \u00feeim sem spennir, spenni bogma\u00f0urinn sinn boga, og m\u00f3ti \u00feeim, sem reisir sig \u00ed sinni brynju! hl\u00edfi\u00f0 ekki hennar \u00e6skum\u00f6nnum, drepi\u00f0 ni\u00f0ur \u00ed str\u00e1 allan hennar her!<a name=\"4\"><span class=\"versanumer\">4<\/span><\/a>Vegnir menn skulu falla \u00ed Kaldeumannalandi, og \u00feeir \u00ed gegnum l\u00f6g\u00f0u \u00e1 \u00feeirra str\u00e6tum.<br \/><a name=\"5\"><span class=\"versanumer\">5<\/span><\/a>\u00dev\u00ed \u00cdsraels\u00fej\u00f3\u00f0 er engin ekkja, J\u00fada er ei yfirgefin af s\u00ednum Gu\u00f0i, af Drottni herskaranna; \u00fev\u00ed hennar <span class='VideyAth'>(Babels)<\/span> land, hefir \u00e1 s\u00e9r mikla s\u00f6k vi\u00f0 \u00cdsraels heilaga <span class='VideyAth'>(Gu\u00f0)<\/span>.<a name=\"6\"><span class=\"versanumer\">6<\/span><\/a>Fl\u00fdi\u00f0 \u00far Babel, og hv\u00f6r og einn bjargi s\u00ednu l\u00edfi, a\u00f0 \u00fe\u00e9r ei fyrirfarist sakir hennar synda sektar! \u00fev\u00ed \u00feetta er t\u00edmi Drottins hefndar; hann geldur henni eftir maklegleikum.<a name=\"7\"><span class=\"versanumer\">7<\/span><\/a>Gullbikar var Babel \u00ed Drottins hendi, sem gj\u00f6r\u00f0i alla j\u00f6r\u00f0ina drukkna; \u00fej\u00f3\u00f0irnar drukku af hennar v\u00edni, \u00fev\u00ed \u00f3lmu\u00f0ust \u00fej\u00f3\u00f0irnar;<a name=\"8\"><span class=\"versanumer\">8<\/span><\/a>sviplega fellur Babel og ver\u00f0ur sundurmolu\u00f0, \u201e\u00e6pi\u00f0 yfir henni, komi\u00f0 me\u00f0 smyrsli vi\u00f0 hennar s\u00e1r, l\u00edklega ver\u00f0ur h\u00fan gr\u00e6dd!\u201c<a name=\"9\"><span class=\"versanumer\">9<\/span><\/a>\u201eV\u00e9r viljum gr\u00e6\u00f0a Babel, en h\u00fan er ekki or\u00f0in heil; yfirgefi\u00f0 hana, og l\u00e1tum oss fara, hv\u00f6rn \u00ed sitt land! \u00fev\u00ed hennar refsing n\u00e6r til himins og lyftir s\u00e9r upp til sk\u00fdjanna\u201c.<a name=\"10\"><span class=\"versanumer\">10<\/span><\/a>\u201eDrottinn hefir leitt \u00ed lj\u00f3s vort g\u00f3\u00f0a m\u00e1lefni: komi\u00f0, v\u00e9r skulum kunngj\u00f6ra \u00ed S\u00edon verk Drottins, vors Gu\u00f0s!\u201c<br \/><a name=\"11\"><span class=\"versanumer\">11<\/span><\/a>Skerpi\u00f0 \u00f6rvarnar, smyrji\u00f0 skildina! Drottinn hefir vaki\u00f0 anda Med\u00eduk\u00f3ngs; \u00fev\u00ed m\u00f3ti Babel <span class='VideyAth'>(mi\u00f0ar)<\/span> hans r\u00e1\u00f0agj\u00f6r\u00f0, til a\u00f0 ey\u00f0ileggja hana; \u00fea\u00f0 er hefnd Drottins, hefnd fyrir hans musteri.<a name=\"12\"><span class=\"versanumer\">12<\/span><\/a>Reisi\u00f0 upp merki gagnvart Babelsm\u00farum, auki\u00f0 var\u00f0h\u00f6ldin, ni\u00f0urskipi\u00f0 var\u00f0m\u00f6nnum, setji\u00f0 launs\u00e1tur! \u00fev\u00ed Drottinn hugsar eitthva\u00f0, og framkv\u00e6mir l\u00edka \u00fea\u00f0 sem hann hefir tala\u00f0 m\u00f3ti Babels innb\u00faum.<a name=\"13\"><span class=\"versanumer\">13<\/span><\/a>\u00de\u00fa sem b\u00fdr vi\u00f0 \u00fea\u00f0 mikla vatnsfall, r\u00edk af fj\u00e1rsj\u00f3\u00f0um, \u00feinn endi kemur, m\u00e6lir \u00fe\u00edns r\u00e1ns <span class='VideyAth'>(er fylltur)<\/span>.<a name=\"14\"><span class=\"versanumer\">14<\/span><\/a>Drottinn herskaranna hefir svari\u00f0 vi\u00f0 sitt l\u00edf: eg fylli \u00feig m\u00f6nnum, eins <span class='VideyAth'>(m\u00f6rgum)<\/span> og engisprettur <span class='VideyAth'>(eru \u00ed h\u00f3p)<\/span>, \u00feeir \u00e6pa her\u00f3p m\u00f3ti \u00fe\u00e9r.<br \/><a name=\"15\"><span class=\"versanumer\">15<\/span><\/a>Hann gj\u00f6r\u00f0i j\u00f6r\u00f0ina me\u00f0 s\u00ednum m\u00e6tti, tilbj\u00f3 heiminn me\u00f0 s\u00ednum v\u00edsd\u00f3mi og \u00feandi \u00fat himininn me\u00f0 s\u00ednum skilningi.<a name=\"16\"><span class=\"versanumer\">16<\/span><\/a>\u00deegar hann \u00ferumar, \u00fe\u00e1 er vatnsmegn \u00ed himninum, og hann dregur sk\u00fd saman fr\u00e1 jar\u00f0arinnar endum, eldingar tilrei\u00f0ir hann til regns, og tekur vindinn \u00far s\u00ednum hirslum.<a name=\"17\"><span class=\"versanumer\">17<\/span><\/a>F\u00e1v\u00eds er hv\u00f6r ma\u00f0ur \u00e1n <span class='VideyAth'>(\u00feessarar)<\/span> \u00feekkingar; til skammar ver\u00f0ur hv\u00f6r smi\u00f0ur fyrir s\u00ednar l\u00edkneskjur; \u00fev\u00ed t\u00e1l er hans steypuverk, og engin andi \u00ed \u00fev\u00ed.<a name=\"18\"><span class=\"versanumer\">18<\/span><\/a>Ekkert eru \u00fe\u00e6r <span class='VideyAth'>(l\u00edkneskjur)<\/span>, t\u00e1lverk, \u00e1 \u00feeirra hegningart\u00edma munu \u00fe\u00e6r hverfa.<a name=\"19\"><span class=\"versanumer\">19<\/span><\/a>Ekki, eins og \u00fe\u00e6r, er s\u00e1 sem var\u00f0 Jakobs hlutdeild; heldur hefir hann allt mynda\u00f0, og \u00cdsrael er hans eignarstofn, Drottinn herskaranna heitir hann. <br \/><a name=\"20\"><span class=\"versanumer\">20<\/span><\/a>Hamar varstu m\u00e9r, str\u00ed\u00f0svopn, og eg sundurmola\u00f0i me\u00f0 \u00fe\u00e9r \u00fej\u00f3\u00f0irnar, og ey\u00f0ilag\u00f0i k\u00f3ngsr\u00edkin.<a name=\"21\"><span class=\"versanumer\">21<\/span><\/a>Eg sundurlamdi me\u00f0 \u00fe\u00e9r hesta og rei\u00f0menn, og sundurmola\u00f0i me\u00f0 \u00fe\u00e9r vagna og \u00fe\u00e1 sem \u00feeim st\u00fdr\u00f0u.<a name=\"22\"><span class=\"versanumer\">22<\/span><\/a>Eg sundurlamdi me\u00f0 \u00fe\u00e9r mann og konu, sundurmola\u00f0i me\u00f0 \u00fe\u00e9r ungan og gamlan, og sundurlamdi \u00e6skumenn og meyjar.<a name=\"23\"><span class=\"versanumer\">23<\/span><\/a>Eg sundurmola\u00f0i me\u00f0 \u00fe\u00e9r hir\u00f0ir og hj\u00f6r\u00f0, og sundurlamdi akuryrkjumann og akneyti, og sundurbraut me\u00f0 \u00fe\u00e9r h\u00f6f\u00f0ingja og landstj\u00f3rnendur.<a name=\"24\"><span class=\"versanumer\">24<\/span><\/a>En eg endurgeld Babel og \u00f6llum Kaldeu innb\u00faum allt \u00fea\u00f0 illt sem \u00feeir gj\u00f6rt hafa S\u00edon, fyrir y\u00f0ar augum, segir Drottinn.<br \/><a name=\"25\"><span class=\"versanumer\">25<\/span><\/a>Sj\u00e1, eg vil a\u00f0 \u00fe\u00e9r, \u00fe\u00fa ey\u00f0ileggjandi fjall, segir Drottinn, \u00fe\u00fa sem ey\u00f0ilag\u00f0ir allan heiminn! eg \u00fatr\u00e9tti m\u00edna h\u00f6nd m\u00f3ti \u00fe\u00e9r, og velti \u00fe\u00e9r ni\u00f0ur af klettinum, og eg skal gj\u00f6ra \u00feig a\u00f0 brenndu fjalli,<a name=\"26\"><span class=\"versanumer\">26<\/span><\/a>svo menn geti ekki s\u00f3tt \u00far \u00fe\u00e9r hornsteina n\u00e9 undirst\u00f6\u00f0usteina, heldur skaltu vera eil\u00edf ey\u00f0im\u00f6rk, segir Drottinn.<br \/><a name=\"27\"><span class=\"versanumer\">27<\/span><\/a>Setji\u00f0 upp merki \u00ed landinu, bl\u00e1si\u00f0 \u00ed herl\u00fa\u00f0ra me\u00f0al \u00fej\u00f3\u00f0anna, \u00fatb\u00fai\u00f0 \u00fej\u00f3\u00f0irnar m\u00f3ti Babel, kalli\u00f0 m\u00f3ti henni k\u00f3ngsr\u00edkin Arat, Minni og Askenas, setji\u00f0 m\u00f3ti henni herforingja, l\u00e1ti\u00f0 hesta hinga\u00f0 koma, l\u00edkt str\u00fdh\u00e6r\u00f0um engisprettum!<a name=\"28\"><span class=\"versanumer\">28<\/span><\/a>V\u00edgi\u00f0 <span class='VideyAth'>(\u00fatb\u00fai\u00f0)<\/span> m\u00f3ti \u00feeim \u00fej\u00f3\u00f0irnar, Med\u00eduk\u00f3nga, \u00feeirra jarla og h\u00f6fu\u00f0smenn og \u00f6ll l\u00f6nd \u00feeirra herrad\u00e6mis.<a name=\"29\"><span class=\"versanumer\">29<\/span><\/a>J\u00f6r\u00f0in n\u00f6trar og hristist, \u00fev\u00ed n\u00fa koma fram m\u00f3ti Babel, Drottins r\u00e1\u00f0agj\u00f6r\u00f0ir, a\u00f0 gj\u00f6ra Babelsland a\u00f0 au\u00f0n, innb\u00faalausri.<a name=\"30\"><span class=\"versanumer\">30<\/span><\/a>Babels kappar h\u00e6tta a\u00f0 berjast, \u00feeir halda kyrru fyrir \u00ed k\u00f6stulunum, \u00feeirra hreysti er farin, \u00feeir eru or\u00f0nir konur; menn hafa kveikt \u00ed \u00feeirra h\u00fdb\u00fdlum, slagbrandar \u00feeirra eru brotnir.<a name=\"31\"><span class=\"versanumer\">31<\/span><\/a>Hlaupasveinn hleypur m\u00f3ti hlaupasveini, sendibo\u00f0i m\u00f3ti sendibo\u00f0a, til a\u00f0 f\u00e6ra bo\u00f0skap k\u00f3nginum af Babel, a\u00f0 hans sta\u00f0ur s\u00e9 unninn enda \u00e1 milli;<a name=\"32\"><span class=\"versanumer\">32<\/span><\/a>ferjusta\u00f0irnir eru teknir, seftjarnirnar uppbrenndar me\u00f0 eldi, og allur hugur er horfinn str\u00ed\u00f0sm\u00f6nnunum.<br \/><a name=\"33\"><span class=\"versanumer\">33<\/span><\/a>\u00dev\u00ed svo segir Drottinn herskaranna, \u00cdsraels Gu\u00f0: Babelsd\u00f3ttir er l\u00edk kornhl\u00f6\u00f0ug\u00f3lfi, \u00e1 \u00feeim t\u00edma er korn skal \u00fereskja; innan skamms kemur uppskerut\u00edmi fyrir hann.<a name=\"34\"><span class=\"versanumer\">34<\/span><\/a>Oss \u00e1t og eyddi Neb\u00fakadnesar, Babelsk\u00f3ngur, eftirskildi oss sem t\u00f3mt \u00edl\u00e1t, svalg oss sem dreki, fyllti sinn belg me\u00f0 voru s\u00e6lg\u00e6ti, fl\u00e6mdi oss burt.<a name=\"35\"><span class=\"versanumer\">35<\/span><\/a>\u00dea\u00f0 ofbeldi sem eg og mitt hold hefir or\u00f0i\u00f0 fyrir, komi yfir Babel, segir s\u00fa sem b\u00fdr \u00ed S\u00edon, og mitt bl\u00f3\u00f0 yfir Kaldeu innb\u00faa, segir Jer\u00fasalem.<a name=\"36\"><span class=\"versanumer\">36<\/span><\/a>\u00dev\u00ed segir Drottinn svo: eg skal taka a\u00f0 m\u00e9r \u00feitt m\u00e1lefni, og hefna fyrir \u00feig, og upp\u00feurrka hennar <span class='VideyAth'>(Babels)<\/span> haf, og l\u00e1ta hennar uppsprettur \u00feorna.<a name=\"37\"><span class=\"versanumer\">37<\/span><\/a>Og Babel skal ver\u00f0a a\u00f0 grj\u00f3thr\u00fagu, \u00falfab\u00e6li, vi\u00f0bj\u00f3\u00f0 og athl\u00e1tri, enginn skal \u00fear b\u00faa.<a name=\"38\"><span class=\"versanumer\">38<\/span><\/a>\u00cd einu lagi grenja \u00feeir allir sem lj\u00f3n og orga sem lj\u00f3nshvolpar.<a name=\"39\"><span class=\"versanumer\">39<\/span><\/a>\u00deegar \u00feeir eru heitir or\u00f0nir, skal eg byrla \u00feeim drykk, og gj\u00f6ra \u00fe\u00e1 drukkna, svo \u00feeir galsist, og sofni svo eil\u00edfum svefni, og vakni ekki oftar, segir Drottinn:<a name=\"40\"><span class=\"versanumer\">40<\/span><\/a>eins og sau\u00f0um l\u00e6t eg \u00feeim sl\u00e1tra, eins og hr\u00fatum og kjarnh\u00f6frum.<a name=\"41\"><span class=\"versanumer\">41<\/span><\/a>Hv\u00f6rsu er Sesak <span class='VideyAth'>(Babel)<\/span> unnin og tekin, fr\u00e6g\u00f0 allrar jar\u00f0arinnar! hv\u00f6rsu er Babel or\u00f0in a\u00f0 vi\u00f0bj\u00f3\u00f0 me\u00f0al \u00fej\u00f3\u00f0anna!<a name=\"42\"><span class=\"versanumer\">42<\/span><\/a>Sj\u00f3rinn hefir gengi\u00f0 yfir Babel, af l\u00f6\u00f0ri hans bylgna, er h\u00fan hulin.<a name=\"43\"><span class=\"versanumer\">43<\/span><\/a>Hennar sta\u00f0ir eru or\u00f0nir a\u00f0 au\u00f0n, \u00feurru landi og hei\u00f0i, a\u00f0 landi, hvar enginn ma\u00f0ur b\u00fdr, yfir hv\u00f6rt ekkert manns barn fer.<a name=\"44\"><span class=\"versanumer\">44<\/span><\/a>Og eg finn Bel \u00ed Babel, og tek \u00fat \u00far hans munni \u00fea\u00f0 sem hann svelgdi; ekki skulu \u00fej\u00f3\u00f0ir h\u00e9r eftir til hans streyma; Babelsm\u00farar skulu l\u00edka hrynja. <br \/><a name=\"45\"><span class=\"versanumer\">45<\/span><\/a>Fari\u00f0 \u00far henni, mitt f\u00f3lk, og bjargi hv\u00f6r s\u00ednu l\u00edfi, undan <span class='VideyAth'>(fyrir)<\/span> rei\u00f0igl\u00f3\u00f0 Drottins!<a name=\"46\"><span class=\"versanumer\">46<\/span><\/a>Og svo y\u00f0ar hjarta ekki veiklist, og \u00fe\u00e9r ver\u00f0i\u00f0 ekki hr\u00e6ddir vi\u00f0 t\u00ed\u00f0indi, sem heyrast \u00ed landinu, \u00feegar \u00feessi t\u00ed\u00f0indi, sem heyrast \u00ed landinu, \u00feegar \u00feessi t\u00ed\u00f0indi koma \u00ed \u00e1r, og s\u00ed\u00f0an n\u00e6sta \u00e1r, hin t\u00ed\u00f0indin, og ofbeldi vi\u00f0gengst \u00ed landinu, h\u00f6f\u00f0ingi <span class='VideyAth'>(r\u00eds)<\/span> m\u00f3ti h\u00f6f\u00f0ingja.<a name=\"47\"><span class=\"versanumer\">47<\/span><\/a>\u00de\u00e1 sj\u00e1! dagar koma a\u00f0 eg straffa Babels hj\u00e1gu\u00f0i, og land hennar ver\u00f0ur til skammar, og allir hans drepnu <span class='VideyAth'>(menn)<\/span> falla mitt \u00ed henni.<a name=\"48\"><span class=\"versanumer\">48<\/span><\/a>Og himinn og j\u00f6r\u00f0, og allt sem \u00fear er inni, hlakkar yfir Babel; \u00fev\u00ed nor\u00f0an a\u00f0 koma yfir hana ey\u00f0ileggjararnir, segir Drottinn.<a name=\"49\"><span class=\"versanumer\">49<\/span><\/a>Eins og Babel l\u00e9t \u00cdsraels vegna menn falla, svo skulu og menn vegna Babels falla, svo skulu og menn vegna Babels falla \u00ed \u00f6llu landinu.<a name=\"50\"><span class=\"versanumer\">50<\/span><\/a>\u00de\u00e9r sem sluppu\u00f0 undan sver\u00f0inu! fari\u00f0, tefji\u00f0 ekki! hugsi\u00f0 \u00e1lengdar til Drottins, og hafi\u00f0 Jer\u00fasalem \u00ed huga. <br \/><a name=\"51\"><span class=\"versanumer\">51<\/span><\/a>V\u00e9r vorum sv\u00edvirtir; v\u00e9r ur\u00f0um varir vi\u00f0 fyrirlitningu og sneypa huldi vor andlit; \u00fev\u00ed \u00fatlendir voru innkomnir \u00ed helgid\u00f3ma Drottins h\u00fass.<a name=\"52\"><span class=\"versanumer\">52<\/span><\/a>\u00dear fyrir, sj\u00e1! dagar koma, segir Drottinn, a\u00f0 eg finn hennar go\u00f0, og vegnir menn sn\u00f6rla \u00ed \u00f6llu landinu.<a name=\"53\"><span class=\"versanumer\">53<\/span><\/a>\u00de\u00f3 Babel lyfti s\u00e9r upp til himna, og gj\u00f6ri h\u00e6\u00f0 sinna gir\u00f0inga \u00f3yfirfaranlega, fr\u00e1 m\u00e9r <span class='VideyAth'>(sendir)<\/span> skulu ey\u00f0ileggjararnir yfir hana komast, segir Drottinn.<a name=\"54\"><span class=\"versanumer\">54<\/span><\/a>Hlj\u00f3mur harmakveins fr\u00e1 Babel og mikil eymd <span class='VideyAth'>(heyrist)<\/span> \u00far Kaldeumannalandi.<a name=\"55\"><span class=\"versanumer\">55<\/span><\/a>\u00dev\u00ed Drottinn ey\u00f0ileggur Babel, og uppr\u00e6tir \u00far henni \u00feann mikla h\u00e1va\u00f0a; hennar bylgjur br\u00fasa, sem <span class='VideyAth'>(bylgjur)<\/span> mikils vatns, hennar gjallandi hlj\u00f3mur kve\u00f0ur vi\u00f0.<a name=\"56\"><span class=\"versanumer\">56<\/span><\/a>\u00dev\u00ed yfir hana, yfir Babel, kemur ey\u00f0ileggjarinn, og hennar hetjur ver\u00f0a teknir til fanga, \u00feeirra bogi brotinn; \u00fev\u00ed Drottinn er hegnandi Gu\u00f0, hann mun endurgjalda.<a name=\"57\"><span class=\"versanumer\">57<\/span><\/a>Eg gj\u00f6ri drukkna hennar h\u00f6f\u00f0ingja, hennar vitringa, hennar landstj\u00f3rnara, hennar h\u00f6fu\u00f0smenn, hennar kappa, svo a\u00f0 \u00feeir sofni eil\u00edfum svefni, og vakni ei aftur, segir konungurinn, hann heitir Drottinn herskaranna.<a name=\"58\"><span class=\"versanumer\">58<\/span><\/a>Svo segir Drottinn herskaranna: Babelsm\u00farar, \u00feeir brei\u00f0u, skulu ni\u00f0urr\u00edfast, og hennar port, \u00feau h\u00e1u, skulu \u00ed eldi ey\u00f0ast, svo f\u00f3lki\u00f0 hefir unni\u00f0 fyrir ekki, og \u00fej\u00f3\u00f0irnar lagt \u00e1 sig erfi\u00f0i fyrir eldinn.<br \/><a name=\"59\"><span class=\"versanumer\">59<\/span><\/a>\u00dea\u00f0 or\u00f0, sem Jerem\u00edas sp\u00e1ma\u00f0ur, bau\u00f0 Seraja syni Ner\u00eda, sonar Maesa, \u00fe\u00e1 hann f\u00f3r me\u00f0 Sedek\u00eda, J\u00fadak\u00f3ngi, til Babel, \u00e1 fj\u00f3r\u00f0a \u00e1ri hans r\u00edkisstj\u00f3rnar. En Seraja var fri\u00f0samur h\u00f6f\u00f0ingi.<a name=\"60\"><span class=\"versanumer\">60<\/span><\/a>Og Jerem\u00edas skrifa\u00f0i alla \u00fe\u00e1 \u00f3g\u00e6fu, sem koma skyldi yfir Babel, \u00ed eina b\u00f3k, \u00f6ll \u00feessi or\u00f0, sem skrifu\u00f0 eru m\u00f3ti Babel.<a name=\"61\"><span class=\"versanumer\">61<\/span><\/a>Og Jerem\u00edas sag\u00f0i vi\u00f0 Seraja: \u00feegar \u00fe\u00fa kemur til Babel, \u00fe\u00e1 sj\u00e1 svo til, a\u00f0 \u00fe\u00fa lesir \u00f6ll \u00feessi or\u00f0,<a name=\"62\"><span class=\"versanumer\">62<\/span><\/a>og seg: Drottinn! \u00fe\u00fa hefir tala\u00f0 gegn \u00feessum sta\u00f0, a\u00f0 \u00fe\u00fa vildir afm\u00e1 hann, svo enginn innb\u00fai v\u00e6ri \u00fear framar, hv\u00f6rki menn n\u00e9 f\u00e9na\u00f0ur, heldur skyldi hann ver\u00f0a a\u00f0 eil\u00edfri au\u00f0n.<a name=\"63\"><span class=\"versanumer\">63<\/span><\/a>Og \u00feegar \u00fe\u00fa hefir lesi\u00f0 b\u00f3kina \u00fat, svo bind \u00fe\u00fa vi\u00f0 hana stein, og kasta \u00fe\u00fa henni \u00ed Frat,<a name=\"64\"><span class=\"versanumer\">64<\/span><\/a>og seg: svona skal Babel s\u00f6kkva og ekki aftur uppkoma, sakir \u00feeirrar \u00f3g\u00e6fu sem eg lei\u00f0i yfir hana, og \u00feeir skulu \u00fear liggja magnlausir.<\/p>\n<p>Hinga\u00f0 n\u00e1 Jerem\u00eda or\u00f0.<\/p>\n<div class=\"footnoteVidey\">V. 11. Smyrji\u00f0 \u00fe. e. hebr. metti\u00f0 skildina.  V. 13. M\u00e6lir \u00fe. e. \u00fe\u00fa r\u00e6nir ekki h\u00e9r eftir. V. 59. Fri\u00f0samur o. s. fr. a\u00f0r: h\u00f6f\u00f0ingi yfir herbergjunum.<\/div>\n","protected":false},"excerpt":{"rendered":"<p>Sama efni. 1Svo segir Drottinn: sj\u00e1! eg vek m\u00f3ti Babel, og \u00e1 m\u00f3ti \u00feeim sem b\u00faa mitt \u00e1 me\u00f0al minna m\u00f3tstandara, ey\u00f0ileggjandi storm;2og eg sendi \u00fatlenda m\u00f3t Babel, \u00feeir skulu vinsa \u00fe\u00e1 og t\u00e6ma \u00feeirra land, \u00fev\u00ed \u00feeir yfirfalla \u00fe\u00e1 fr\u00e1 \u00f6llum hli\u00f0um, \u00e1 \u00f3g\u00e6funnar degi.3M\u00f3ti \u00feeim sem spennir, spenni bogma\u00f0urinn sinn boga, og m\u00f3ti \u00feeim, sem reisir sig \u00ed sinni brynju! hl\u00edfi\u00f0 ekki hennar \u00e6skum\u00f6nnum, drepi\u00f0 ni\u00f0ur \u00ed str\u00e1 allan hennar her!4Vegnir menn skulu falla \u00ed Kaldeumannalandi, og \u00feeir \u00ed gegnum l\u00f6g\u00f0u \u00e1 \u00feeirra str\u00e6tum.5\u00dev\u00ed \u00cdsraels\u00fej\u00f3\u00f0 er engin ekkja, J\u00fada er ei yfirgefin af s\u00ednum Gu\u00f0i, af Drottni herskaranna; <a href=\"https:\/\/biblian.is\/videy\/jeremia-51-kafli\/\"> [&#8230;]<\/a><\/p>\n","protected":false},"author":1,"featured_media":0,"parent":0,"menu_order":0,"comment_status":"open","ping_status":"open","template":"bibliukaflar.php","meta":{"footnotes":""},"class_list":["post-21645","page","type-page","status-publish","hentry"],"_links":{"self":[{"href":"https:\/\/biblian.is\/videy\/wp-json\/wp\/v2\/pages\/21645","targetHints":{"allow":["GET"]}}],"collection":[{"href":"https:\/\/biblian.is\/videy\/wp-json\/wp\/v2\/pages"}],"about":[{"href":"https:\/\/biblian.is\/videy\/wp-json\/wp\/v2\/types\/page"}],"author":[{"embeddable":true,"href":"https:\/\/biblian.is\/videy\/wp-json\/wp\/v2\/users\/1"}],"replies":[{"embeddable":true,"href":"https:\/\/biblian.is\/videy\/wp-json\/wp\/v2\/comments?post=21645"}],"version-history":[{"count":0,"href":"https:\/\/biblian.is\/videy\/wp-json\/wp\/v2\/pages\/21645\/revisions"}],"wp:attachment":[{"href":"https:\/\/biblian.is\/videy\/wp-json\/wp\/v2\/media?parent=21645"}],"curies":[{"name":"wp","href":"https:\/\/api.w.org\/{rel}","templated":true}]}}