{"id":21641,"date":"2018-01-02T01:03:08","date_gmt":"2018-01-02T01:03:08","guid":{"rendered":"http:\/\/biblian.is\/videy\/jeremia-47-kafli\/"},"modified":"2018-01-02T01:03:08","modified_gmt":"2018-01-02T01:03:08","slug":"jeremia-47-kafli","status":"publish","type":"page","link":"https:\/\/biblian.is\/videy\/jeremia-47-kafli\/","title":{"rendered":"Jerem\u00eda 47. kafli"},"content":{"rendered":"<div class=\"fyrirsognVidey\">Sigur Kaldeumanna \u00e1 Filisteum.<\/div>\n<p><a name=\"1\"><span class=\"versanumer\">1<\/span><\/a>Or\u00f0 Drottins, sem kom til Jerem\u00eda sp\u00e1mann, vi\u00f0v\u00edkjandi Filisteum, \u00e1\u00f0ur en fara\u00f3 vann Gasa.<a name=\"2\"><span class=\"versanumer\">2<\/span><\/a>Svo segir Drottinn: sj\u00e1! vatn belgir upp \u00ed nor\u00f0rinu og ver\u00f0ur a\u00f0 vatnsfalli og fl\u00f3ir yfir landi\u00f0 og \u00fea\u00f0 sem \u00ed landinu er, sta\u00f0i og \u00feeirra innb\u00faa. Menn hlj\u00f3\u00f0a og allir landsins innb\u00faar \u00e6pa.<a name=\"3\"><span class=\"versanumer\">3<\/span><\/a>Af dunum h\u00f3fatrampsins \u00feeirra \u00f6flgu hesta, af gn\u00fd \u00feeirra vagna og af glamri hj\u00f3lanna, sn\u00faa fe\u00f0urnir s\u00e9r ekki til sonanna, sakir magnleysis handanna,<a name=\"4\"><span class=\"versanumer\">4<\/span><\/a>vegna dagsins, sem kemur, a\u00f0 afm\u00e1 alla Filistea, a\u00f0 uppr\u00e6ta T\u00fdrus og S\u00eddon, alla a\u00f0ra li\u00f0smenn, \u00fev\u00ed Drottinn afm\u00e1ir Filistea, leifar eyjarinnar Kastor.<a name=\"5\"><span class=\"versanumer\">5<\/span><\/a>Gasa ver\u00f0ur sk\u00f6ll\u00f3tt, Askalon er ni\u00f0urrifin, <span class='VideyAth'>(og)<\/span> hennar anna\u00f0 l\u00e1glendi. Hva\u00f0 lengi viltu \u00feig <span class='VideyAth'>a)<\/span> spyrja?<a name=\"6\"><span class=\"versanumer\">6<\/span><\/a>\u00d3 vei! sver\u00f0 Drottins! hva\u00f0 lengi viltu ei hv\u00edld taka? drag \u00feig til baka \u00ed \u00fe\u00ednar skei\u00f0ar, vertu r\u00f3legt og kyrrt!<a name=\"7\"><span class=\"versanumer\">7<\/span><\/a>En hv\u00f6rnig getur \u00fe\u00fa hv\u00edld teki\u00f0, \u00feegar Drottinn hefir \u00fe\u00e9r skipan gefi\u00f0? Hann hefir sent \u00fea\u00f0 \u00e1 m\u00f3ti Askalon og m\u00f3ti sj\u00e1varstr\u00f6ndinni.<\/p>\n<div class=\"footnoteVidey\"><\/div>\n","protected":false},"excerpt":{"rendered":"<p>Sigur Kaldeumanna \u00e1 Filisteum. 1Or\u00f0 Drottins, sem kom til Jerem\u00eda sp\u00e1mann, vi\u00f0v\u00edkjandi Filisteum, \u00e1\u00f0ur en fara\u00f3 vann Gasa.2Svo segir Drottinn: sj\u00e1! vatn belgir upp \u00ed nor\u00f0rinu og ver\u00f0ur a\u00f0 vatnsfalli og fl\u00f3ir yfir landi\u00f0 og \u00fea\u00f0 sem \u00ed landinu er, sta\u00f0i og \u00feeirra innb\u00faa. Menn hlj\u00f3\u00f0a og allir landsins innb\u00faar \u00e6pa.3Af dunum h\u00f3fatrampsins \u00feeirra \u00f6flgu hesta, af gn\u00fd \u00feeirra vagna og af glamri hj\u00f3lanna, sn\u00faa fe\u00f0urnir s\u00e9r ekki til sonanna, sakir magnleysis handanna,4vegna dagsins, sem kemur, a\u00f0 afm\u00e1 alla Filistea, a\u00f0 uppr\u00e6ta T\u00fdrus og S\u00eddon, alla a\u00f0ra li\u00f0smenn, \u00fev\u00ed Drottinn afm\u00e1ir Filistea, leifar eyjarinnar Kastor.5Gasa ver\u00f0ur sk\u00f6ll\u00f3tt, Askalon er ni\u00f0urrifin, <a href=\"https:\/\/biblian.is\/videy\/jeremia-47-kafli\/\"> [&#8230;]<\/a><\/p>\n","protected":false},"author":1,"featured_media":0,"parent":0,"menu_order":0,"comment_status":"open","ping_status":"open","template":"bibliukaflar.php","meta":{"footnotes":""},"class_list":["post-21641","page","type-page","status-publish","hentry"],"_links":{"self":[{"href":"https:\/\/biblian.is\/videy\/wp-json\/wp\/v2\/pages\/21641","targetHints":{"allow":["GET"]}}],"collection":[{"href":"https:\/\/biblian.is\/videy\/wp-json\/wp\/v2\/pages"}],"about":[{"href":"https:\/\/biblian.is\/videy\/wp-json\/wp\/v2\/types\/page"}],"author":[{"embeddable":true,"href":"https:\/\/biblian.is\/videy\/wp-json\/wp\/v2\/users\/1"}],"replies":[{"embeddable":true,"href":"https:\/\/biblian.is\/videy\/wp-json\/wp\/v2\/comments?post=21641"}],"version-history":[{"count":0,"href":"https:\/\/biblian.is\/videy\/wp-json\/wp\/v2\/pages\/21641\/revisions"}],"wp:attachment":[{"href":"https:\/\/biblian.is\/videy\/wp-json\/wp\/v2\/media?parent=21641"}],"curies":[{"name":"wp","href":"https:\/\/api.w.org\/{rel}","templated":true}]}}