{"id":21640,"date":"2018-01-02T01:03:08","date_gmt":"2018-01-02T01:03:08","guid":{"rendered":"http:\/\/biblian.is\/videy\/jeremia-46-kafli\/"},"modified":"2018-01-02T01:03:08","modified_gmt":"2018-01-02T01:03:08","slug":"jeremia-46-kafli","status":"publish","type":"page","link":"https:\/\/biblian.is\/videy\/jeremia-46-kafli\/","title":{"rendered":"Jerem\u00eda 46. kafli"},"content":{"rendered":"<div class=\"fyrirsognVidey\">Sp\u00e1d\u00f3mar Jerem\u00eda, vi\u00f0v\u00edkjandi \u00fatlendum \u00fej\u00f3\u00f0um, 46\u201351. kap\u00edtula.<br \/>Neb\u00fakadnesar vinnur fara\u00f3 Nek\u00f3. Kemur me\u00f0 her \u00ed Egyptaland.<\/div>\n<p><a name=\"1\"><span class=\"versanumer\">1<\/span><\/a>\u00dea\u00f0 or\u00f0 Drottins sem kom til Jerem\u00eda sp\u00e1manns vi\u00f0v\u00edkjandi \u00fej\u00f3\u00f0unum,<a name=\"2\"><span class=\"versanumer\">2<\/span><\/a>vi\u00f0v\u00edkjandi Egyptalandi, herli\u00f0i fara\u00f3s Nek\u00f3s, k\u00f3ngs af Egyptalandi, sem st\u00f3\u00f0 vi\u00f0 \u00e1na Frat, hj\u00e1 Karkemis, sem Neb\u00fakadnesar, k\u00f3ngur \u00ed Babel, sigra\u00f0i, \u00e1 4\u00f0a \u00e1ri J\u00f3jakims J\u00f3s\u00eda sonar, J\u00fadak\u00f3ngs.<br \/><a name=\"3\"><span class=\"versanumer\">3<\/span><\/a>Tilrei\u00f0i\u00f0 buklara og skildi og fari\u00f0 \u00ed str\u00ed\u00f0!<a name=\"4\"><span class=\"versanumer\">4<\/span><\/a>Spenni\u00f0 hestana fyrir og setjist upp <span class='VideyAth'>a)<\/span>, rei\u00f0menn! Skipist ni\u00f0ur me\u00f0 hj\u00e1lmum, hvessi\u00f0 spj\u00f3tin, fari\u00f0 \u00ed brynjurnar.<a name=\"5\"><span class=\"versanumer\">5<\/span><\/a>Hv\u00ed s\u00e9 eg \u00fe\u00e1 huglausa hopa, og \u00feeirra kappar eru sundurmar\u00f0ir, og sn\u00faast \u00e1 fl\u00f3tta og l\u00edta ekki vi\u00f0? skelfing allt um kring, segir Drottinn.<a name=\"6\"><span class=\"versanumer\">6<\/span><\/a>Ekki kemst s\u00e1 flj\u00f3ti undan, og ekki getur s\u00e1 sterki for\u00f0a\u00f0 s\u00e9r; nor\u00f0ur fr\u00e1, \u00e1 b\u00f6kkum \u00e1rinnar steypast \u00feeir og falla.<a name=\"7\"><span class=\"versanumer\">7<\/span><\/a>Hv\u00f6r er s\u00e1 sem kemur \u00fear, eins og \u00e1in N\u00edl; eins og r\u00f6st s\u00e9, fer hennar vatn \u00ed bylgjum?<a name=\"8\"><span class=\"versanumer\">8<\/span><\/a>S\u00e1 egypski kemur eins og \u00e1in N\u00edl og l\u00edkt straumi belgir vatni\u00f0, og segir: eg vil \u00e1fram, hylja landi\u00f0, vinna tj\u00f3n st\u00f6\u00f0unum og \u00feeirra innb\u00faum!<a name=\"9\"><span class=\"versanumer\">9<\/span><\/a>Komi\u00f0 hestar, og \u00e6\u00f0i\u00f0 vagnar, og \u00e1fram fari kapparnir, m\u00f3rlenskir og \u00feeir af P\u00fat, sem bera skildi, og Lyd\u00edumenn fara me\u00f0 boga og spenna <span class='VideyAth'>(\u00fe\u00e1)<\/span>!<a name=\"10\"><span class=\"versanumer\">10<\/span><\/a>En hinn sami dagur er Drottni herskaranna, <span class='VideyAth'>(\u00feeim alvalda)<\/span> hefndardagur, a\u00f0 hann hefni s\u00edn \u00e1 s\u00ednum \u00f3vinum; og sver\u00f0i\u00f0 svelgir og mettar sig, og ver\u00f0ur drukki\u00f0 af \u00feeirra bl\u00f3\u00f0i; \u00feetta er \u00feess alvalda Drottins herskaranna sl\u00e1trunarf\u00f3rn \u00ed nor\u00f0ursins landi, hj\u00e1 \u00e1nni Frat.<a name=\"11\"><span class=\"versanumer\">11<\/span><\/a>Far til Gilea\u00f0, \u00fe\u00fa jungfr\u00fa, Egyptalandsd\u00f3ttir, og s\u00e6k smyrsli! forgefins safnar \u00fe\u00fa l\u00e6knisme\u00f0\u00f6lum, engin l\u00e6kning hj\u00e1lpar \u00fe\u00e9r!<a name=\"12\"><span class=\"versanumer\">12<\/span><\/a>\u00fej\u00f3\u00f0irnar heyra \u00fe\u00edna sk\u00f6mm, og j\u00f6r\u00f0in er full af \u00fe\u00ednu \u00f3pi, \u00fev\u00ed kappi steypist ofan \u00e1 kappa, og b\u00e1\u00f0ir falla \u00ed einu lagi.<br \/><a name=\"13\"><span class=\"versanumer\">13<\/span><\/a>\u00dea\u00f0 or\u00f0 sem Drottinn tala\u00f0i vi\u00f0 Jerem\u00eda sp\u00e1mann, a\u00f0 Neb\u00fakadnesar, Babelsk\u00f3ngur skyldi koma, til a\u00f0 herja \u00e1 Egyptaland.<a name=\"14\"><span class=\"versanumer\">14<\/span><\/a>Kunngj\u00f6ri\u00f0 \u00ed Egyptalandi og kunngj\u00f6ri\u00f0 \u00ed Migdol, og kalli\u00f0 \u00ed Nof og Takfanes! segi\u00f0: set \u00feig \u00ed stand, \u00fatb\u00fa \u00feig, \u00fev\u00ed sver\u00f0i\u00f0 etur allt, \u00ed kringum \u00feig!<a name=\"15\"><span class=\"versanumer\">15<\/span><\/a>\u00dev\u00ed eru \u00fe\u00ednir foringjar dottnir? \u00feeir g\u00e1tu ei sta\u00f0i\u00f0, \u00fev\u00ed Drottinn lag\u00f0i \u00fe\u00e1 vi\u00f0 velli.<a name=\"16\"><span class=\"versanumer\">16<\/span><\/a>Hann l\u00e6tur marga steypast, s\u00e1 eini fellur yfir annan, og \u00feeir segja: upp! l\u00e1tum oss hverfa til vors f\u00f3lks; heim \u00ed vort land, undan \u00fev\u00ed ofbeldissama sver\u00f0i!<a name=\"17\"><span class=\"versanumer\">17<\/span><\/a>\u00deeir kalla \u00fear: fara\u00f3, Egyptalandsk\u00f3ngur, er farinn, hann hefir sleppt t\u00e6kif\u00e6rinu.<a name=\"18\"><span class=\"versanumer\">18<\/span><\/a>Svo sannarlega sem eg lifi, segir konungurinn, herskaranna Drottinn, er hans nafn: l\u00edkur Taber me\u00f0al fjallanna, og l\u00edkur Karmel vi\u00f0 sj\u00f3inn kemur hann.<a name=\"19\"><span class=\"versanumer\">19<\/span><\/a>\u00de\u00fa sem b\u00fdr h\u00e9r, Egyptalandsd\u00f3ttir, gj\u00f6r \u00fe\u00e9r fer\u00f0atygi, \u00fev\u00ed Nof ver\u00f0ur eydd og brennd, og enginn b\u00fdr \u00fear.<br \/><a name=\"20\"><span class=\"versanumer\">20<\/span><\/a>Egyptaland er r\u00e9tt v\u00e6nn k\u00e1lfur; sl\u00e1trarinn kemur; a\u00f0 nor\u00f0an kemur hann.<a name=\"21\"><span class=\"versanumer\">21<\/span><\/a>Str\u00ed\u00f0sm\u00e1lamenn \u00feessa <span class='VideyAth'>(lands)<\/span>, mitt \u00ed \u00fev\u00ed \u00feeir eru sem alik\u00e1lfar; j\u00e1, l\u00edka sn\u00faa \u00feeir baki vi\u00f0, fl\u00fdja \u00ed einu lagi, standa ekki vi\u00f0; \u00fev\u00ed \u00feeirra \u00f3l\u00e1nsdagur kemur yfir \u00fe\u00e1, \u00feeirra refsingardagur.<a name=\"22\"><span class=\"versanumer\">22<\/span><\/a>Raust \u00feeirra fer \u00e1fram sem h\u00f6ggormur, \u00feegar \u00feeir brj\u00f3tast fram me\u00f0 makt og koma me\u00f0 axir yfir landi\u00f0, eins og \u00feeir sem h\u00f6ggva vi\u00f0.<a name=\"23\"><span class=\"versanumer\">23<\/span><\/a>\u00deeir h\u00f6ggva upp \u00feess sk\u00f3g, segir Drottinn, \u00fev\u00ed um hann ver\u00f0ur ekki fari\u00f0; \u00fev\u00ed \u00feeir eru fleiri en engisprettur, og \u00feeirra er ekkert tal.<a name=\"24\"><span class=\"versanumer\">24<\/span><\/a>Til skammar ver\u00f0ur Egyptalandsd\u00f3ttir, gefin \u00ed h\u00f6nd \u00fej\u00f3\u00f0inni a\u00f0 nor\u00f0an.<a name=\"25\"><span class=\"versanumer\">25<\/span><\/a>Drottinn herskaranna \u00cdsraels Gu\u00f0, segir \u00fea\u00f0: sj\u00e1, eg refsa Ammon <span class='VideyAth'>a)<\/span> af Ro, og fara\u00f3 og Egyptalandi og \u00feess Gu\u00f0i og \u00feess k\u00f3ngi, fara\u00f3 og \u00feeim sem honum treysta.<a name=\"26\"><span class=\"versanumer\">26<\/span><\/a>Og eg gef \u00fe\u00e1 \u00feeim \u00ed h\u00f6nd, sem eftir \u00feeirra l\u00edfi s\u00e6kjast, og \u00ed h\u00f6nd Neb\u00fakadnesars, k\u00f3ngs af Babel, og \u00ed h\u00f6nd hans \u00fej\u00f3na; en \u00fear eftir skal Egyptaland byggt vera eins og \u00e1 fyrri t\u00ed\u00f0um, segir Drottinn.<\/p>\n<div class=\"footnoteVidey\">V. 3. a. \u00cd vagnana e\u00f0a \u00e1 hestana.  V. 25. a. \u00c6\u00f0sti gu\u00f0 egypskra.<\/div>\n","protected":false},"excerpt":{"rendered":"<p>Sp\u00e1d\u00f3mar Jerem\u00eda, vi\u00f0v\u00edkjandi \u00fatlendum \u00fej\u00f3\u00f0um, 46\u201351. kap\u00edtula.Neb\u00fakadnesar vinnur fara\u00f3 Nek\u00f3. Kemur me\u00f0 her \u00ed Egyptaland. 1\u00dea\u00f0 or\u00f0 Drottins sem kom til Jerem\u00eda sp\u00e1manns vi\u00f0v\u00edkjandi \u00fej\u00f3\u00f0unum,2vi\u00f0v\u00edkjandi Egyptalandi, herli\u00f0i fara\u00f3s Nek\u00f3s, k\u00f3ngs af Egyptalandi, sem st\u00f3\u00f0 vi\u00f0 \u00e1na Frat, hj\u00e1 Karkemis, sem Neb\u00fakadnesar, k\u00f3ngur \u00ed Babel, sigra\u00f0i, \u00e1 4\u00f0a \u00e1ri J\u00f3jakims J\u00f3s\u00eda sonar, J\u00fadak\u00f3ngs.3Tilrei\u00f0i\u00f0 buklara og skildi og fari\u00f0 \u00ed str\u00ed\u00f0!4Spenni\u00f0 hestana fyrir og setjist upp a), rei\u00f0menn! Skipist ni\u00f0ur me\u00f0 hj\u00e1lmum, hvessi\u00f0 spj\u00f3tin, fari\u00f0 \u00ed brynjurnar.5Hv\u00ed s\u00e9 eg \u00fe\u00e1 huglausa hopa, og \u00feeirra kappar eru sundurmar\u00f0ir, og sn\u00faast \u00e1 fl\u00f3tta og l\u00edta ekki vi\u00f0? skelfing allt um kring, segir Drottinn.6Ekki kemst <a href=\"https:\/\/biblian.is\/videy\/jeremia-46-kafli\/\"> [&#8230;]<\/a><\/p>\n","protected":false},"author":1,"featured_media":0,"parent":0,"menu_order":0,"comment_status":"open","ping_status":"open","template":"bibliukaflar.php","meta":{"footnotes":""},"class_list":["post-21640","page","type-page","status-publish","hentry"],"_links":{"self":[{"href":"https:\/\/biblian.is\/videy\/wp-json\/wp\/v2\/pages\/21640","targetHints":{"allow":["GET"]}}],"collection":[{"href":"https:\/\/biblian.is\/videy\/wp-json\/wp\/v2\/pages"}],"about":[{"href":"https:\/\/biblian.is\/videy\/wp-json\/wp\/v2\/types\/page"}],"author":[{"embeddable":true,"href":"https:\/\/biblian.is\/videy\/wp-json\/wp\/v2\/users\/1"}],"replies":[{"embeddable":true,"href":"https:\/\/biblian.is\/videy\/wp-json\/wp\/v2\/comments?post=21640"}],"version-history":[{"count":0,"href":"https:\/\/biblian.is\/videy\/wp-json\/wp\/v2\/pages\/21640\/revisions"}],"wp:attachment":[{"href":"https:\/\/biblian.is\/videy\/wp-json\/wp\/v2\/media?parent=21640"}],"curies":[{"name":"wp","href":"https:\/\/api.w.org\/{rel}","templated":true}]}}