{"id":21639,"date":"2018-01-02T01:03:08","date_gmt":"2018-01-02T01:03:08","guid":{"rendered":"http:\/\/biblian.is\/videy\/jeremia-45-kafli\/"},"modified":"2018-01-02T01:03:08","modified_gmt":"2018-01-02T01:03:08","slug":"jeremia-45-kafli","status":"publish","type":"page","link":"https:\/\/biblian.is\/videy\/jeremia-45-kafli\/","title":{"rendered":"Jerem\u00eda 45. kafli"},"content":{"rendered":"<div class=\"fyrirsognVidey\">Fyrirheit til Bar\u00faks.<\/div>\n<p><a name=\"1\"><span class=\"versanumer\">1<\/span><\/a>\u00dea\u00f0 or\u00f0, sem Jerem\u00edas sp\u00e1ma\u00f0ur tala\u00f0i til Bar\u00faks Ner\u00edasonar, \u00feegar hann skrifa\u00f0i \u00f6ll \u00feessi or\u00f0 \u00ed eina b\u00f3k, af Jerem\u00eda munni, \u00e1 fj\u00f3r\u00f0a \u00e1ri J\u00f3jak\u00edms J\u00f3s\u00edasonar, J\u00fadak\u00f3ngs, er hann sag\u00f0i:<a name=\"2\"><span class=\"versanumer\">2<\/span><\/a>Svo segir Drottinn, \u00cdsraels Gu\u00f0, til \u00fe\u00edn, Bar\u00fak!<a name=\"3\"><span class=\"versanumer\">3<\/span><\/a>\u00de\u00fa segir: \u201evei m\u00e9r! a\u00f0 Drottinn hefur b\u00e6tt \u00e1 mig sorg ofan \u00e1 \u00fej\u00e1ning, eg styn mig m\u00f3\u00f0an og r\u00f3 finn eg ekki.\u201c<a name=\"4\"><span class=\"versanumer\">4<\/span><\/a>Svo seg til hans: svo segir Drottinn: sj\u00e1! \u00fea\u00f0 sem eg hefi byggt, \u00fea\u00f0 r\u00edf eg sj\u00e1lfur ni\u00f0ur, og \u00fea\u00f0 sem eg hefi gr\u00f3\u00f0ursett, \u00fea\u00f0 uppr\u00e6ti eg sj\u00e1lfur, \u00fea\u00f0 er allt landi\u00f0.<a name=\"5\"><span class=\"versanumer\">5<\/span><\/a>En \u00fe\u00fa girnist miki\u00f0 fyrir \u00feig, \u00f3ska \u00feess ekki! \u00fev\u00ed sj\u00e1! eg lei\u00f0i \u00f3g\u00e6fu yfir allt hold; en \u00fe\u00e9r gef eg \u00fe\u00edna s\u00e1l a\u00f0 herfangi allsta\u00f0ar, hv\u00f6rt sem \u00fe\u00fa fer.<\/p>\n<div class=\"footnoteVidey\"><\/div>\n","protected":false},"excerpt":{"rendered":"<p>Fyrirheit til Bar\u00faks. 1\u00dea\u00f0 or\u00f0, sem Jerem\u00edas sp\u00e1ma\u00f0ur tala\u00f0i til Bar\u00faks Ner\u00edasonar, \u00feegar hann skrifa\u00f0i \u00f6ll \u00feessi or\u00f0 \u00ed eina b\u00f3k, af Jerem\u00eda munni, \u00e1 fj\u00f3r\u00f0a \u00e1ri J\u00f3jak\u00edms J\u00f3s\u00edasonar, J\u00fadak\u00f3ngs, er hann sag\u00f0i:2Svo segir Drottinn, \u00cdsraels Gu\u00f0, til \u00fe\u00edn, Bar\u00fak!3\u00de\u00fa segir: \u201evei m\u00e9r! a\u00f0 Drottinn hefur b\u00e6tt \u00e1 mig sorg ofan \u00e1 \u00fej\u00e1ning, eg styn mig m\u00f3\u00f0an og r\u00f3 finn eg ekki.\u201c4Svo seg til hans: svo segir Drottinn: sj\u00e1! \u00fea\u00f0 sem eg hefi byggt, \u00fea\u00f0 r\u00edf eg sj\u00e1lfur ni\u00f0ur, og \u00fea\u00f0 sem eg hefi gr\u00f3\u00f0ursett, \u00fea\u00f0 uppr\u00e6ti eg sj\u00e1lfur, \u00fea\u00f0 er allt landi\u00f0.5En \u00fe\u00fa girnist miki\u00f0 fyrir \u00feig, \u00f3ska \u00feess <a href=\"https:\/\/biblian.is\/videy\/jeremia-45-kafli\/\"> [&#8230;]<\/a><\/p>\n","protected":false},"author":1,"featured_media":0,"parent":0,"menu_order":0,"comment_status":"open","ping_status":"open","template":"bibliukaflar.php","meta":{"footnotes":""},"class_list":["post-21639","page","type-page","status-publish","hentry"],"_links":{"self":[{"href":"https:\/\/biblian.is\/videy\/wp-json\/wp\/v2\/pages\/21639","targetHints":{"allow":["GET"]}}],"collection":[{"href":"https:\/\/biblian.is\/videy\/wp-json\/wp\/v2\/pages"}],"about":[{"href":"https:\/\/biblian.is\/videy\/wp-json\/wp\/v2\/types\/page"}],"author":[{"embeddable":true,"href":"https:\/\/biblian.is\/videy\/wp-json\/wp\/v2\/users\/1"}],"replies":[{"embeddable":true,"href":"https:\/\/biblian.is\/videy\/wp-json\/wp\/v2\/comments?post=21639"}],"version-history":[{"count":0,"href":"https:\/\/biblian.is\/videy\/wp-json\/wp\/v2\/pages\/21639\/revisions"}],"wp:attachment":[{"href":"https:\/\/biblian.is\/videy\/wp-json\/wp\/v2\/media?parent=21639"}],"curies":[{"name":"wp","href":"https:\/\/api.w.org\/{rel}","templated":true}]}}