{"id":21638,"date":"2018-01-02T01:03:08","date_gmt":"2018-01-02T01:03:08","guid":{"rendered":"http:\/\/biblian.is\/videy\/jeremia-44-kafli\/"},"modified":"2018-01-02T01:03:08","modified_gmt":"2018-01-02T01:03:08","slug":"jeremia-44-kafli","status":"publish","type":"page","link":"https:\/\/biblian.is\/videy\/jeremia-44-kafli\/","title":{"rendered":"Jerem\u00eda 44. kafli"},"content":{"rendered":"<div class=\"fyrirsognVidey\">H\u00f3tunarr\u00e6\u00f0a, st\u00edlu\u00f0 til J\u00fa\u00f0anna \u00ed Egyptalandi.<\/div>\n<p><a name=\"1\"><span class=\"versanumer\">1<\/span><\/a>\u00dea\u00f0 or\u00f0 sem kom til Jerem\u00eda, vi\u00f0v\u00edkjandi \u00f6lum J\u00fa\u00f0um er bjuggu \u00ed Egyptalandi, sem \u00fe\u00e1 bjuggu \u00ed Migdol og Takfanes, og \u00ed Rof, og \u00ed landinu Patros, \u00fe\u00e1 er hann sag\u00f0i: <br \/><a name=\"2\"><span class=\"versanumer\">2<\/span><\/a>Svo segir Drottinn herskaranna, \u00cdsraels Gu\u00f0: \u00fe\u00e9r hafi\u00f0 s\u00e9\u00f0 alla \u00fe\u00e1 \u00f3hamingju sem eg leiddi yfir Jer\u00fasalem og yfir alla J\u00fada sta\u00f0i, og sj\u00e1! \u00feeir eru r\u00fastir enn n\u00fa, og engin b\u00fdr \u00ed \u00feeim:<a name=\"3\"><span class=\"versanumer\">3<\/span><\/a>s\u00f6kum vonsku, sem \u00feeir a\u00f0h\u00f6f\u00f0ust, til a\u00f0 m\u00f3\u00f0ga mig, a\u00f0 \u00feeir gengu og gj\u00f6r\u00f0u reyk fyrir \u00f6\u00f0rum gu\u00f0um, og \u00fej\u00f3nu\u00f0u \u00feeim, sem \u00fe\u00e9r ekki \u00feekktu, hv\u00f6rki \u00feeir, n\u00e9 \u00fe\u00e9r, n\u00e9 y\u00f0ar fe\u00f0ur.<a name=\"4\"><span class=\"versanumer\">4<\/span><\/a>Og eg sendi til y\u00f0ar alla m\u00edna \u00fej\u00f3na, sp\u00e1mennina, fr\u00e1 \u00fev\u00ed snemma dags, og sag\u00f0i: gj\u00f6ri\u00f0 ei sl\u00edka vi\u00f0urstygg\u00f0, sem eg hata;<a name=\"5\"><span class=\"versanumer\">5<\/span><\/a>en \u00feeir hl\u00fdddu ekki, og l\u00f6g\u00f0u ekki vi\u00f0 eyrun, a\u00f0 \u00feeir hvyrfu aftur fr\u00e1 sinni vonsku, og gj\u00f6r\u00f0u ei reyk fyrir \u00f6\u00f0rum gu\u00f0um.<a name=\"6\"><span class=\"versanumer\">6<\/span><\/a>\u00de\u00e1 \u00fathellti s\u00e9r m\u00edn grimmd og m\u00edn rei\u00f0i, og brann \u00ed J\u00fada st\u00f6\u00f0um og \u00e1 Jer\u00fasalems str\u00e6tum, svo \u00feeir ur\u00f0u a\u00f0 r\u00fastum og au\u00f0n, eins og \u00e1 \u00feessum t\u00edma <span class='VideyAth'>(er ske\u00f0)<\/span>.<a name=\"7\"><span class=\"versanumer\">7<\/span><\/a>Og n\u00fa segir Drottinn herskaranna, \u00cdsraels Gu\u00f0, svo: \u00fev\u00ed a\u00f0hafist \u00fe\u00e9r svo miki\u00f0 illt y\u00f0ur til tj\u00f3ns, a\u00f0 \u00fe\u00e9r uppr\u00e6ti\u00f0 fr\u00e1 y\u00f0ur \u00far J\u00fada, mann og konu, barn og brj\u00f3stmylking, svo \u00fe\u00e9r l\u00e1ti\u00f0 engar leifar af y\u00f0ur eftir ver\u00f0a,<a name=\"8\"><span class=\"versanumer\">8<\/span><\/a>a\u00f0 \u00fe\u00e9r m\u00f3\u00f0gi\u00f0 mig me\u00f0 verkum y\u00f0ar handa; a\u00f0 \u00fe\u00e9r gj\u00f6ri\u00f0 reyk \u00f6\u00f0rum gu\u00f0um \u00ed Egyptalandi, hv\u00f6rt \u00fe\u00e9r eru\u00f0 komnir, svo \u00fe\u00e9r fr\u00e1 y\u00f0ur uppr\u00e6ti\u00f0 <span class='VideyAth'>(allt)<\/span>, og a\u00f0 \u00fe\u00e9r ver\u00f0i\u00f0 a\u00f0 b\u00f6lvan og sm\u00e1n me\u00f0al allra jar\u00f0arinnar \u00fej\u00f3\u00f0a?<a name=\"9\"><span class=\"versanumer\">9<\/span><\/a>Hafi\u00f0 \u00fe\u00e9r gleymt illgj\u00f6r\u00f0um y\u00f0ar fe\u00f0ra, og illgj\u00f6r\u00f0um J\u00fadak\u00f3nga, og illgj\u00f6r\u00f0um \u00feeirra kvenna, og y\u00f0ar illgj\u00f6r\u00f0um og illgj\u00f6r\u00f0um y\u00f0ar kvenna, sem \u00feeir a\u00f0h\u00f6f\u00f0ust \u00ed J\u00fadalandi, og \u00e1 Jer\u00fasalems str\u00e6tum?<a name=\"10\"><span class=\"versanumer\">10<\/span><\/a>Ekki hafa \u00feeir au\u00f0m\u00fdkt sig allt til \u00feessa dags, og ugga ei um sig, og ganga ei \u00ed m\u00ednu l\u00f6gm\u00e1li og \u00ed m\u00ednum setningum, sem eg hefi gefi\u00f0 \u00feeim og \u00feeirra fe\u00f0rum.<br \/><a name=\"11\"><span class=\"versanumer\">11<\/span><\/a>\u00dev\u00ed segir Drottinn herskaranna, \u00cdsraels Gu\u00f0, svo: sj\u00e1! eg sn\u00fd m\u00ednu andliti m\u00f3ti y\u00f0ur, til \u00f3g\u00e6fu og uppr\u00e6tingar alls J\u00fada<span class='VideyAth'>(l\u00fd\u00f0s)<\/span>.<a name=\"12\"><span class=\"versanumer\">12<\/span><\/a>Og eg skal burtsvipta leifunum af J\u00fada, sem sneru s\u00ednu andliti \u00e1 \u00fe\u00e1 lei\u00f0, a\u00f0 fara til Egyptalands, til \u00feess a\u00f0 sta\u00f0n\u00e6mast \u00fear, og \u00fear skulu allir afm\u00e1\u00f0ir ver\u00f0a; \u00ed Egyptalandi skulu \u00feeir falla, fyrir sver\u00f0i og hungri farast, sm\u00e1r sem st\u00f3r; fyrir sver\u00f0i og hungri skulu \u00feeir tort\u00ednast, og skulu ver\u00f0a a\u00f0 b\u00f6lvan, a\u00f0 vi\u00f0bj\u00f3\u00f0 og form\u00e6lingu og sm\u00e1n.<a name=\"13\"><span class=\"versanumer\">13<\/span><\/a>Og eg straffa \u00fe\u00e1 sem b\u00faa \u00ed Egyptalandi, eins og eg straffa\u00f0i Jer\u00fasalem, me\u00f0 sver\u00f0i, me\u00f0 hungri og me\u00f0 dreps\u00f3tt.<a name=\"14\"><span class=\"versanumer\">14<\/span><\/a>Og enginn mun undan komast og eftir ver\u00f0a af J\u00fadaleifum, sem komu \u00ed Egyptaland, til a\u00f0 sta\u00f0n\u00e6mast \u00fear og hverfa <span class='VideyAth'>(svo)<\/span> aftur \u00ed J\u00fadaland, hvar \u00feeirra hjarta langar til aftur a\u00f0 koma, til \u00feess \u00fear a\u00f0 b\u00faa, \u00fev\u00ed \u00feeir munu ekki aftur koma, nema \u00fea\u00f0 skyldu vera <span class='VideyAth'>(einstakir)<\/span> fl\u00f3ttamenn.<br \/><a name=\"15\"><span class=\"versanumer\">15<\/span><\/a>Og allir mennirnir sv\u00f6ru\u00f0u Jerem\u00eda, \u00feeir sem vel vissu a\u00f0 \u00feeirra konur gj\u00f6r\u00f0u reyk fyrir \u00f6\u00f0rum gu\u00f0um, og allar konur sem \u00fear st\u00f3\u00f0u \u00ed miklum h\u00f3p, allt f\u00f3lki\u00f0, sem bj\u00f3 \u00ed Egyptalandi og \u00ed Patros og s\u00f6g\u00f0u:<a name=\"16\"><span class=\"versanumer\">16<\/span><\/a>\u00fea\u00f0 sem \u00fe\u00fa hefir tala\u00f0 vi\u00f0 oss \u00ed nafni Drottins, \u00fear \u00ed gegnum v\u00e9r \u00fe\u00e9r ekki;<a name=\"17\"><span class=\"versanumer\">17<\/span><\/a>heldur munum v\u00e9r gj\u00f6ra allt sem vor munnur hefir tala\u00f0, a\u00f0 gj\u00f6ra reyk himinsins drottningu <span class='VideyAth'>a)<\/span>, og f\u00e6ra dreypif\u00f3rnir, eins og v\u00e9r h\u00f6fum gj\u00f6rt, v\u00e9r og vorir fe\u00f0ur, vorir konungar og vorir h\u00f6f\u00f0ingjar \u00ed J\u00fadast\u00f6\u00f0um og \u00e1 Jer\u00fasalems str\u00e6tum, \u00fe\u00e1 v\u00e9r h\u00f6f\u00f0um n\u00e6gt brau\u00f0s, og oss gekk vel, og v\u00e9r s\u00e1um enga \u00f3hamingju.<a name=\"18\"><span class=\"versanumer\">18<\/span><\/a>En s\u00ed\u00f0an v\u00e9r l\u00e9tum af a\u00f0 gj\u00f6ra reyk fyrir himinsins drottningu og f\u00e6ra henni dreypif\u00f3rnir, skortir oss allt og v\u00e9r f\u00f6rumst fyrir sver\u00f0i og hungri.<a name=\"19\"><span class=\"versanumer\">19<\/span><\/a>Og \u00fe\u00f3 a\u00f0 v\u00e9r <span class='VideyAth'>(s\u00f6g\u00f0u konurnar)<\/span> gj\u00f6rum reyk fyrir himinsins drottningu og f\u00e6rum henni dreypif\u00f3rn, \u00e6tla v\u00e9r, \u00e1 laun vi\u00f0 menn vora, tilrei\u00f0um henni k\u00f6kur, henni til d\u00fdrkunar, og f\u00e6rum henni dreypif\u00f3rn? <br \/><a name=\"20\"><span class=\"versanumer\">20<\/span><\/a>\u00de\u00e1 m\u00e6lti Jerem\u00edas til alls f\u00f3lksins, til manna og kvenna, og til alls f\u00f3lksins sem honum haf\u00f0i svara\u00f0, og sag\u00f0i:<a name=\"21\"><span class=\"versanumer\">21<\/span><\/a>Mun Drottinn ei hafa hugsa\u00f0 til og lagt upp \u00e1 hjarta\u00f0, reykgj\u00f6r\u00f0 y\u00f0ar, sem \u00fe\u00e9r h\u00f6f\u00f0u\u00f0 \u00ed frammi \u00ed J\u00fadast\u00f6\u00f0um og \u00e1 Jer\u00fasalems str\u00e6tum; \u00fe\u00e9r og y\u00f0ar fe\u00f0ur, y\u00f0ar konungar og y\u00f0ar h\u00f6f\u00f0ingjar og al\u00fe\u00fd\u00f0uf\u00f3lk?<a name=\"22\"><span class=\"versanumer\">22<\/span><\/a>Og Drottinn gat ekki lengur \u00feola\u00f0 \u00fea\u00f0 vegna vonsku y\u00f0ar ath\u00e6fis, vegna \u00feess vi\u00f0bj\u00f3\u00f0s sem \u00fe\u00e9r i\u00f0ku\u00f0u\u00f0; og svo var\u00f0 y\u00f0ar land a\u00f0 au\u00f0n og vi\u00f0bj\u00f3\u00f0 og b\u00f6lvun, og enginn b\u00fdr \u00fear eins og n\u00fa <span class='VideyAth'>(stendur)<\/span>,<a name=\"23\"><span class=\"versanumer\">23<\/span><\/a>sakir \u00feess \u00fe\u00e9r gj\u00f6r\u00f0u\u00f0 reyk <span class='VideyAth'>(fyrir hj\u00e1gu\u00f0um)<\/span>, og syndgu\u00f0u\u00f0 m\u00f3ti Drottni, og hl\u00fdddu\u00f0 ekki raust Drottins og gengu\u00f0 ekki \u00ed hans l\u00f6gm\u00e1li og \u00ed hans setningum og \u00ed hans vitnisbur\u00f0um, \u00fev\u00ed hitti y\u00f0ur \u00feessi \u00f3g\u00e6fa, eins og \u00e1 \u00feessum t\u00edma er ske\u00f0.<br \/><a name=\"24\"><span class=\"versanumer\">24<\/span><\/a>Og Jerem\u00edas m\u00e6lti til alls f\u00f3lksins og til allra kvennanna: heyri\u00f0 or\u00f0 Drottins, \u00fe\u00e9r allir af J\u00fada, \u00fe\u00e9r sem eru\u00f0 \u00ed Egyptalandi!<a name=\"25\"><span class=\"versanumer\">25<\/span><\/a>Svo segir Drottinn herskaranna, \u00cdsraels Gu\u00f0: \u00fe\u00e9r og y\u00f0ar konur, \u00fe\u00e9r tali\u00f0 me\u00f0 y\u00f0ar munni, og me\u00f0 y\u00f0ar h\u00f6ndum framkv\u00e6mi\u00f0 \u00fe\u00e9r \u00fea\u00f0 <span class='VideyAth'>(sem \u00fe\u00e9r tali\u00f0)<\/span>; \u00fe\u00e9r segi\u00f0: halda viljum v\u00e9r vor heit, sem v\u00e9r gj\u00f6r\u00f0um, a\u00f0 reykja fyrir himinsins drottningu og f\u00e6ra henni dreypif\u00f3rnir: j\u00e1, haldi\u00f0 a\u00f0eins y\u00f0ar heit, og efni\u00f0 a\u00f0eins y\u00f0ar heit!<a name=\"26\"><span class=\"versanumer\">26<\/span><\/a>Heyri\u00f0 \u00fe\u00e1 or\u00f0 Drottins, \u00fe\u00e9r allir af J\u00fada, \u00fe\u00e9r sem b\u00fai\u00f0 \u00ed Egyptalandi! sj\u00e1, eg sver vi\u00f0 mitt nafn hi\u00f0 mikla, segir Drottinn: mitt nafn skal ekki nefnt ver\u00f0a \u00ed munni eins manns af J\u00fada \u00ed \u00f6llu Egyptalandi, er svo segir: svo sannarlega sem Drottinn lifir!<a name=\"27\"><span class=\"versanumer\">27<\/span><\/a>sj\u00e1! eg vaki yfir \u00feeim, til ills og ekki til g\u00f3\u00f0s, og allir af J\u00fada sem \u00ed Egyptalandi eru, skulu farast fyrir sver\u00f0i og hungri, \u00feanga\u00f0 til \u00feeir eru afm\u00e1\u00f0ir.<a name=\"28\"><span class=\"versanumer\">28<\/span><\/a>Og \u00feeir, sem sloppnir undan sver\u00f0inu, komast burt aftur \u00far Egyptalandi, f\u00e1ir a\u00f0 t\u00f6lu, inn \u00ed J\u00fadaland, og allar leifar af J\u00fada, sem komi\u00f0 hafa til Egyptalands til a\u00f0 dvelja \u00fear, \u00feeir skulu f\u00e1 a\u00f0 reyna hv\u00f6rs or\u00f0 r\u00e6tast, m\u00edn e\u00f0a y\u00f0ar.<a name=\"29\"><span class=\"versanumer\">29<\/span><\/a>Og \u00fea\u00f0 s\u00e9 y\u00f0ur til marks, segir Drottinn, a\u00f0 eg refsa y\u00f0ur \u00e1 \u00feessum sta\u00f0, svo \u00fe\u00e9r viti\u00f0 a\u00f0 m\u00edn or\u00f0 m\u00f3ti y\u00f0ur r\u00e6tast y\u00f0ur til \u00f3g\u00e6fu.<a name=\"30\"><span class=\"versanumer\">30<\/span><\/a>Svo segir Drottinn: sj\u00e1! eg gef fara\u00f3 Hofra, k\u00f3nginn af Egyptalandi, \u00ed h\u00f6nd hans \u00f3vinar, og \u00ed h\u00f6nd \u00feeirra sem s\u00e6kjast eftir hans l\u00edfi, eins og eg gaf Sedek\u00eda, J\u00fadak\u00f3ng, \u00ed h\u00f6nd Neb\u00fakadnesars, k\u00f3ngs af Babel, sem s\u00f3ttist eftir hans l\u00edfi.<\/p>\n<div class=\"footnoteVidey\">V. 17. a. Tungli\u00f0 e\u00f0a kv\u00f6ldstjarnan.<\/div>\n","protected":false},"excerpt":{"rendered":"<p>H\u00f3tunarr\u00e6\u00f0a, st\u00edlu\u00f0 til J\u00fa\u00f0anna \u00ed Egyptalandi. 1\u00dea\u00f0 or\u00f0 sem kom til Jerem\u00eda, vi\u00f0v\u00edkjandi \u00f6lum J\u00fa\u00f0um er bjuggu \u00ed Egyptalandi, sem \u00fe\u00e1 bjuggu \u00ed Migdol og Takfanes, og \u00ed Rof, og \u00ed landinu Patros, \u00fe\u00e1 er hann sag\u00f0i: 2Svo segir Drottinn herskaranna, \u00cdsraels Gu\u00f0: \u00fe\u00e9r hafi\u00f0 s\u00e9\u00f0 alla \u00fe\u00e1 \u00f3hamingju sem eg leiddi yfir Jer\u00fasalem og yfir alla J\u00fada sta\u00f0i, og sj\u00e1! \u00feeir eru r\u00fastir enn n\u00fa, og engin b\u00fdr \u00ed \u00feeim:3s\u00f6kum vonsku, sem \u00feeir a\u00f0h\u00f6f\u00f0ust, til a\u00f0 m\u00f3\u00f0ga mig, a\u00f0 \u00feeir gengu og gj\u00f6r\u00f0u reyk fyrir \u00f6\u00f0rum gu\u00f0um, og \u00fej\u00f3nu\u00f0u \u00feeim, sem \u00fe\u00e9r ekki \u00feekktu, hv\u00f6rki \u00feeir, n\u00e9 \u00fe\u00e9r, n\u00e9 <a href=\"https:\/\/biblian.is\/videy\/jeremia-44-kafli\/\"> [&#8230;]<\/a><\/p>\n","protected":false},"author":1,"featured_media":0,"parent":0,"menu_order":0,"comment_status":"open","ping_status":"open","template":"bibliukaflar.php","meta":{"footnotes":""},"class_list":["post-21638","page","type-page","status-publish","hentry"],"_links":{"self":[{"href":"https:\/\/biblian.is\/videy\/wp-json\/wp\/v2\/pages\/21638","targetHints":{"allow":["GET"]}}],"collection":[{"href":"https:\/\/biblian.is\/videy\/wp-json\/wp\/v2\/pages"}],"about":[{"href":"https:\/\/biblian.is\/videy\/wp-json\/wp\/v2\/types\/page"}],"author":[{"embeddable":true,"href":"https:\/\/biblian.is\/videy\/wp-json\/wp\/v2\/users\/1"}],"replies":[{"embeddable":true,"href":"https:\/\/biblian.is\/videy\/wp-json\/wp\/v2\/comments?post=21638"}],"version-history":[{"count":0,"href":"https:\/\/biblian.is\/videy\/wp-json\/wp\/v2\/pages\/21638\/revisions"}],"wp:attachment":[{"href":"https:\/\/biblian.is\/videy\/wp-json\/wp\/v2\/media?parent=21638"}],"curies":[{"name":"wp","href":"https:\/\/api.w.org\/{rel}","templated":true}]}}