{"id":21637,"date":"2018-01-02T01:03:08","date_gmt":"2018-01-02T01:03:08","guid":{"rendered":"http:\/\/biblian.is\/videy\/jeremia-43-kafli\/"},"modified":"2018-01-02T01:03:08","modified_gmt":"2018-01-02T01:03:08","slug":"jeremia-43-kafli","status":"publish","type":"page","link":"https:\/\/biblian.is\/videy\/jeremia-43-kafli\/","title":{"rendered":"Jerem\u00eda 43. kafli"},"content":{"rendered":"<div class=\"fyrirsognVidey\">J\u00fa\u00f0ar fara til Egyptalands. Sp\u00e1d\u00f3mur um \u00fea\u00f0, a\u00f0 Egyptaland muni ver\u00f0a unni\u00f0.<\/div>\n<p><a name=\"1\"><span class=\"versanumer\">1<\/span><\/a>Og \u00fea\u00f0 ske\u00f0i, \u00fe\u00e1 Jerem\u00edas haf\u00f0i \u00fattala\u00f0 vi\u00f0 allt f\u00f3lki\u00f0, \u00f6ll or\u00f0 Drottins, \u00feeirra Gu\u00f0s, sem Drottinn \u00feeirra Gu\u00f0 haf\u00f0i bo\u00f0i\u00f0, \u00feeim vi\u00f0v\u00edkjandi, \u00f6ll \u00feessi or\u00f0:<a name=\"2\"><span class=\"versanumer\">2<\/span><\/a>\u00fe\u00e1 m\u00e6lti Asar\u00eda sonur H\u00f3asaja, og J\u00f3hanan sonur Kareas, og allir frekjufullir menn, \u00feeir s\u00f6g\u00f0u vi\u00f0 Jerem\u00eda: \u00fe\u00fa talar lygi; Drottinn, vor Gu\u00f0, hefir ei bo\u00f0i\u00f0 \u00fe\u00e9r og sagt: fari\u00f0 ekki til Egyptalands til a\u00f0 sta\u00f0n\u00e6mast \u00fear;<a name=\"3\"><span class=\"versanumer\">3<\/span><\/a>heldur \u00e6sir Bar\u00fak, Nerejason, \u00feig m\u00f3ti oss, til \u00feess a\u00f0 gefa oss \u00ed h\u00f6nd Kaldeumanna, svo \u00feeir dey\u00f0i oss, og flyti oss til Babel.<a name=\"4\"><span class=\"versanumer\">4<\/span><\/a>Og ekki hl\u00fdddi J\u00f3hanan, Kareasson, og allir herforingjarnir, og allt f\u00f3lki\u00f0, Drottins raust, a\u00f0 vera \u00ed J\u00fadalandi.<a name=\"5\"><span class=\"versanumer\">5<\/span><\/a>Og J\u00f3hanan, sonur Kareas, og allir herforingjarnir t\u00f3ku allar J\u00fadaleifar, sem aftur voru komnar fr\u00e1 \u00f6llum \u00fej\u00f3\u00f0um, hv\u00f6rt \u00feeir h\u00f6f\u00f0u hrakist, til a\u00f0 sta\u00f0n\u00e6mast \u00ed J\u00fadalandi:<a name=\"6\"><span class=\"versanumer\">6<\/span><\/a>menn og konur og b\u00f6rn, og k\u00f3ngsd\u00e6turnar, og allar \u00fe\u00e6r s\u00e1lir, sem Neb\u00fasaradan foringi hersins, haf\u00f0i eftirskili\u00f0 hj\u00e1 Gedal\u00eda, syni Ahikams, sonar Safans, og l\u00edka Jerem\u00eda sp\u00e1mann, og Bar\u00fak, son Ner\u00eda,<a name=\"7\"><span class=\"versanumer\">7<\/span><\/a>og komu \u00ed Egyptaland, \u00fev\u00ed \u00feeir hl\u00fdddu ekki raust Drottins, og komu til <span class='VideyAth'>a)<\/span> Takfanes.<br \/><a name=\"8\"><span class=\"versanumer\">8<\/span><\/a>Og or\u00f0 Drottins kom til Jerem\u00eda \u00ed Takfanes, og sag\u00f0i:<a name=\"9\"><span class=\"versanumer\">9<\/span><\/a>tak \u00fe\u00e9r \u00ed h\u00f6nd st\u00f3ra steina, og fel \u00fe\u00e1 \u00ed leirnum \u00ed t\u00edgulofninum, sem er vi\u00f0 dyr fara\u00f3s h\u00fass \u00ed Takfanes, fyrir J\u00fa\u00f0anna augum,<a name=\"10\"><span class=\"versanumer\">10<\/span><\/a>og seg til \u00feeirra: svo segir Drottinn herskaranna, \u00cdsraels Gu\u00f0: sj\u00e1! eg sendi og s\u00e6ki Neb\u00fakadnesar, k\u00f3nginn af Babel, minn \u00fej\u00f3n, og set hans h\u00e1s\u00e6ti yfir \u00feessa steina, sem eg hefi fali\u00f0, og yfir \u00fe\u00e1 mun hann \u00fatbrei\u00f0a sinn <span class='VideyAth'>(d\u00fdra)<\/span> h\u00e1s\u00e6tisd\u00fak:<a name=\"11\"><span class=\"versanumer\">11<\/span><\/a>og hann mun hinga\u00f0 koma og sl\u00e1 Egyptaland; dey\u00f0a \u00fe\u00e1 sem dau\u00f0i er \u00e6tla\u00f0ur; hertaka \u00fe\u00e1, sem hertakast eiga, fyrirfara me\u00f0 sver\u00f0i, \u00feeim sem \u00fea\u00f0 er \u00e6tla\u00f0.<a name=\"12\"><span class=\"versanumer\">12<\/span><\/a>Og eg mun kveikja eld \u00ed h\u00fasum Egyptalands gu\u00f0a, og hann mun brenna \u00fe\u00e1 og burtflytja, og hann mun vefja um sig Egyptalandi, eins og hir\u00f0ir vefur um sig s\u00ednum m\u00f6ttli, og fara \u00fea\u00f0an me\u00f0 fri\u00f0i.<a name=\"13\"><span class=\"versanumer\">13<\/span><\/a>Og myndast\u00f3lpana \u00ed Bet-Semes \u00ed Egyptalandi, mun hann sundurbrj\u00f3ta, og brenna me\u00f0 eldi h\u00fas Egyptalands gu\u00f0a.<\/p>\n<div class=\"footnoteVidey\">V. 7. a. Sta\u00f0ur, annars nefndur Dafne, vi\u00f0 N\u00edl.<\/div>\n","protected":false},"excerpt":{"rendered":"<p>J\u00fa\u00f0ar fara til Egyptalands. Sp\u00e1d\u00f3mur um \u00fea\u00f0, a\u00f0 Egyptaland muni ver\u00f0a unni\u00f0. 1Og \u00fea\u00f0 ske\u00f0i, \u00fe\u00e1 Jerem\u00edas haf\u00f0i \u00fattala\u00f0 vi\u00f0 allt f\u00f3lki\u00f0, \u00f6ll or\u00f0 Drottins, \u00feeirra Gu\u00f0s, sem Drottinn \u00feeirra Gu\u00f0 haf\u00f0i bo\u00f0i\u00f0, \u00feeim vi\u00f0v\u00edkjandi, \u00f6ll \u00feessi or\u00f0:2\u00fe\u00e1 m\u00e6lti Asar\u00eda sonur H\u00f3asaja, og J\u00f3hanan sonur Kareas, og allir frekjufullir menn, \u00feeir s\u00f6g\u00f0u vi\u00f0 Jerem\u00eda: \u00fe\u00fa talar lygi; Drottinn, vor Gu\u00f0, hefir ei bo\u00f0i\u00f0 \u00fe\u00e9r og sagt: fari\u00f0 ekki til Egyptalands til a\u00f0 sta\u00f0n\u00e6mast \u00fear;3heldur \u00e6sir Bar\u00fak, Nerejason, \u00feig m\u00f3ti oss, til \u00feess a\u00f0 gefa oss \u00ed h\u00f6nd Kaldeumanna, svo \u00feeir dey\u00f0i oss, og flyti oss til Babel.4Og ekki hl\u00fdddi J\u00f3hanan, <a href=\"https:\/\/biblian.is\/videy\/jeremia-43-kafli\/\"> [&#8230;]<\/a><\/p>\n","protected":false},"author":1,"featured_media":0,"parent":0,"menu_order":0,"comment_status":"open","ping_status":"open","template":"bibliukaflar.php","meta":{"footnotes":""},"class_list":["post-21637","page","type-page","status-publish","hentry"],"_links":{"self":[{"href":"https:\/\/biblian.is\/videy\/wp-json\/wp\/v2\/pages\/21637","targetHints":{"allow":["GET"]}}],"collection":[{"href":"https:\/\/biblian.is\/videy\/wp-json\/wp\/v2\/pages"}],"about":[{"href":"https:\/\/biblian.is\/videy\/wp-json\/wp\/v2\/types\/page"}],"author":[{"embeddable":true,"href":"https:\/\/biblian.is\/videy\/wp-json\/wp\/v2\/users\/1"}],"replies":[{"embeddable":true,"href":"https:\/\/biblian.is\/videy\/wp-json\/wp\/v2\/comments?post=21637"}],"version-history":[{"count":0,"href":"https:\/\/biblian.is\/videy\/wp-json\/wp\/v2\/pages\/21637\/revisions"}],"wp:attachment":[{"href":"https:\/\/biblian.is\/videy\/wp-json\/wp\/v2\/media?parent=21637"}],"curies":[{"name":"wp","href":"https:\/\/api.w.org\/{rel}","templated":true}]}}