{"id":21636,"date":"2018-01-02T01:03:08","date_gmt":"2018-01-02T01:03:08","guid":{"rendered":"http:\/\/biblian.is\/videy\/jeremia-42-kafli\/"},"modified":"2018-01-02T01:03:08","modified_gmt":"2018-01-02T01:03:08","slug":"jeremia-42-kafli","status":"publish","type":"page","link":"https:\/\/biblian.is\/videy\/jeremia-42-kafli\/","title":{"rendered":"Jerem\u00eda 42. kafli"},"content":{"rendered":"<div class=\"fyrirsognVidey\">Jerem\u00edas r\u00e6\u00f0ur fr\u00e1 f\u00f6rinni til Egyptalands.<\/div>\n<p><a name=\"1\"><span class=\"versanumer\">1<\/span><\/a>Og allir herforingjarnir og J\u00f3hanan, sonur Kareas, og Jesan\u00eda, sonur Hosaja, og allt f\u00f3lki\u00f0, svo sm\u00e1r sem st\u00f3r, gengu fram,<a name=\"2\"><span class=\"versanumer\">2<\/span><\/a>og s\u00f6g\u00f0u vi\u00f0 Jerem\u00eda sp\u00e1mann: Leyf oss au\u00f0mj\u00faklega a\u00f0 gr\u00e1tb\u00e6na frammi fyrir \u00fe\u00e9r, og bi\u00f0 Drottin \u00feinn Gu\u00f0 fyrir oss, fyrir allar \u00feessar leifar; \u00fev\u00ed f\u00e1ir erum v\u00e9r eftir or\u00f0nir af m\u00f6rgum, eins og \u00fe\u00edn augu sj\u00e1 oss:<a name=\"3\"><span class=\"versanumer\">3<\/span><\/a>a\u00f0 Drottinn \u00feinn Gu\u00f0 opinberi oss, hv\u00f6rn veg v\u00e9r skulum fara, og hva\u00f0 v\u00e9r eigum a\u00f0 gj\u00f6ra.<a name=\"4\"><span class=\"versanumer\">4<\/span><\/a>Og Jerem\u00eda sp\u00e1ma\u00f0ur sag\u00f0i til \u00feeirra: gott og vel! eg skal gj\u00f6ra \u00fea\u00f0, eg skal bi\u00f0ja Drottin y\u00f0ar Gu\u00f0, eins og \u00fe\u00e9r \u00f3ski\u00f0, og eg skal opinbera y\u00f0ur allt sem Drottinn svarar y\u00f0ur, og \u00f6ngvu fyrir y\u00f0ur leyna.<a name=\"5\"><span class=\"versanumer\">5<\/span><\/a>Og \u00feeir s\u00f6g\u00f0u vi\u00f0 Jerem\u00eda: Drottinn s\u00e9 m\u00f3ti oss sannur og \u00e1rei\u00f0anlegur vottur, ef v\u00e9r ei gj\u00f6rum \u00f6ldungis eins og Drottinn \u00feinn Gu\u00f0 b\u00fd\u00f0ur \u00fe\u00e9r, oss vi\u00f0v\u00edkjandi!<a name=\"6\"><span class=\"versanumer\">6<\/span><\/a>\u00dea\u00f0 veri gott e\u00f0a illt, raustinni Drottins vors Gu\u00f0s, sem v\u00e9r sendum \u00feig til, viljum v\u00e9r hl\u00fd\u00f0a, svo a\u00f0 oss vel vegni, \u00feegar v\u00e9r hl\u00fd\u00f0numst raustinni vors Gu\u00f0s. <br \/><a name=\"7\"><span class=\"versanumer\">7<\/span><\/a>Og eftir t\u00edu daga kom or\u00f0 Drottins til Jerem\u00eda.<a name=\"8\"><span class=\"versanumer\">8<\/span><\/a>Og hann kalla\u00f0i J\u00f3hanan, son Kareas, og alla herforingjana, sem me\u00f0 honum voru, og allt f\u00f3lki\u00f0, sm\u00e1an sem st\u00f3ran,<a name=\"9\"><span class=\"versanumer\">9<\/span><\/a>og m\u00e6lti til \u00feeirra: svo segir Drottinn, \u00cdsraels Gu\u00f0, s\u00e1 sem \u00fe\u00e9r sendu\u00f0 mig til, a\u00f0 eg b\u00e6ri fyrir y\u00f0ur au\u00f0mj\u00faka gr\u00e1tbei\u00f0ni:<a name=\"10\"><span class=\"versanumer\">10<\/span><\/a>ef \u00fe\u00e9r b\u00fai\u00f0 kyrrir \u00ed \u00feessu landi, svo vil eg y\u00f0ur uppbyggja, og ekki ni\u00f0urr\u00edfa, og eg vil y\u00f0ur gr\u00f3\u00f0ursetja og ekki uppr\u00e6ta, \u00fev\u00ed eg i\u00f0rast \u00feess illa sem eg hefi gj\u00f6rt y\u00f0ur.<a name=\"11\"><span class=\"versanumer\">11<\/span><\/a>Veri\u00f0 \u00f3hr\u00e6ddir vi\u00f0 k\u00f3nginn af Babel, sem \u00fe\u00e9r eru\u00f0 hr\u00e6ddir vi\u00f0; veri\u00f0 ekki hr\u00e6ddir um y\u00f0ur fyrir honum! segir Drottinn, \u00fev\u00ed eg er hj\u00e1 y\u00f0ur til a\u00f0 hj\u00e1lpa y\u00f0ur, og frelsa y\u00f0ur af hans hendi.<a name=\"12\"><span class=\"versanumer\">12<\/span><\/a>Og eg skal \u00fatvega y\u00f0ur miskunn, a\u00f0 hann aumkist yfir y\u00f0ur og l\u00e1ti y\u00f0ur koma til baka \u00ed y\u00f0vart land.<a name=\"13\"><span class=\"versanumer\">13<\/span><\/a>En ef \u00fe\u00e9r segi\u00f0: v\u00e9r viljum ekki vera \u00ed \u00feessu landi, svo a\u00f0 \u00fe\u00e9r ekki hl\u00fd\u00f0i\u00f0 raust Drottins y\u00f0ar Gu\u00f0s,<a name=\"14\"><span class=\"versanumer\">14<\/span><\/a>og segi\u00f0: nei, v\u00e9r viljum heldur fara til Egyptalands, svo v\u00e9r sj\u00e1um ekkert str\u00ed\u00f0, og heyrum ekki l\u00fa\u00f0ra\u00feyt, og sveltum ekki af brau\u00f0 <span class='VideyAth'>(skorti)<\/span>, og \u00fear viljum v\u00e9r vera.<a name=\"15\"><span class=\"versanumer\">15<\/span><\/a>N\u00fa \u00fe\u00e1, heyri\u00f0 \u00fev\u00ed or\u00f0 Drottins, \u00fe\u00e9r J\u00fadaleifar! svo segir Drottinn herskaranna, \u00cdsraels Gu\u00f0: ef a\u00f0 \u00fe\u00e9r sn\u00fai\u00f0 y\u00f0ar andliti \u00fe\u00e1 lei\u00f0, a\u00f0 fara til Egyptalands, og komi\u00f0 \u00feanga\u00f0 til a\u00f0 sta\u00f0n\u00e6mast \u00fear:<a name=\"16\"><span class=\"versanumer\">16<\/span><\/a>svo mun sver\u00f0i\u00f0 sem \u00fe\u00e9r eru\u00f0 hr\u00e6ddir vi\u00f0, n\u00e1 y\u00f0ur \u00fear \u00ed Egyptalandi; og \u00fea\u00f0 hungur, sem \u00fe\u00e9r hafi\u00f0 beyg af, skal vera \u00e1 h\u00e6lum y\u00f0ar til Egyptalands, og \u00fear munu\u00f0 \u00fe\u00e9r deyja.<a name=\"17\"><span class=\"versanumer\">17<\/span><\/a>Allir \u00feeir sem sn\u00faa s\u00ednu andliti \u00e1 \u00fe\u00e1 lei\u00f0, a\u00f0 fara til Egyptalands, til a\u00f0 sta\u00f0n\u00e6mast \u00fear, \u00feeir munu deyja fyrir sver\u00f0i, hungri og dreps\u00f3tt; og enginn \u00feeirra mun eftir ver\u00f0a, og sleppa undan \u00f3g\u00e6funni, sem eg yfir \u00fe\u00e1 lei\u00f0i.<a name=\"18\"><span class=\"versanumer\">18<\/span><\/a>\u00dev\u00ed svo segir Drottinn herskaranna, \u00cdsraels Gu\u00f0: eins og m\u00edn rei\u00f0i og m\u00edn grimmd hefir \u00fathellt s\u00e9r yfir Jer\u00fasalems innb\u00faa, svo skal m\u00edn grimmd \u00fathellast yfir y\u00f0ur, ef \u00fe\u00e9r fari\u00f0 til Egyptalands; og \u00fe\u00e9r skulu\u00f0 ver\u00f0a a\u00f0 b\u00f6lvun, <span class='VideyAth'>(eiginl: a\u00f0 ey\u00f0i)<\/span>, og a\u00f0 vi\u00f0bj\u00f3\u00f0, og a\u00f0 form\u00e6lingu, og a\u00f0 sm\u00e1n, og ekki aftur sj\u00e1 \u00feennan sta\u00f0.<a name=\"19\"><span class=\"versanumer\">19<\/span><\/a>Drottinn hefir til y\u00f0ar tali\u00f0, \u00fe\u00e9r J\u00fadaleifar! fari\u00f0 ekki til Egyptalands; vita skulu\u00f0 \u00fe\u00e9r, a\u00f0 eg \u00ed dag hefi \u00fea\u00f0 vitna\u00f0 fyrir y\u00f0ur;<a name=\"20\"><span class=\"versanumer\">20<\/span><\/a>\u00fev\u00ed \u00fe\u00e9r t\u00e1ldragi\u00f0, y\u00f0ur til tj\u00f3ns, y\u00f0ar s\u00e1lir; \u00fev\u00ed \u00fe\u00e9r hafi\u00f0 sent mig til Drottins y\u00f0ar Gu\u00f0s, og sagt: bi\u00f0 Drottin, vorn Gu\u00f0, fyrir oss, og opinbera oss allt, sem Drottinn vor Gu\u00f0 segir, og v\u00e9r viljum \u00fea\u00f0 gj\u00f6ra.<a name=\"21\"><span class=\"versanumer\">21<\/span><\/a>Og n\u00fa hefi eg opinbera\u00f0 y\u00f0ur \u00fea\u00f0; en \u00fe\u00e9r hl\u00fd\u00f0i\u00f0 ekki raust Drottins y\u00f0ar Gu\u00f0s, og \u00f6llu sem hann bau\u00f0 m\u00e9r, y\u00f0ur vi\u00f0v\u00edkjandi.<a name=\"22\"><span class=\"versanumer\">22<\/span><\/a>Og n\u00fa skulu\u00f0 \u00fe\u00e9r vita, a\u00f0 \u00fe\u00e9r munu\u00f0 deyja \u00e1 \u00feeim sta\u00f0, hv\u00f6rt y\u00f0ur langar a\u00f0 fara, til \u00feess \u00fear a\u00f0 sta\u00f0n\u00e6mast, fyrir sver\u00f0i, fyrir hungri, og fyrir dreps\u00f3tt.<\/p>\n<div class=\"footnoteVidey\"><\/div>\n","protected":false},"excerpt":{"rendered":"<p>Jerem\u00edas r\u00e6\u00f0ur fr\u00e1 f\u00f6rinni til Egyptalands. 1Og allir herforingjarnir og J\u00f3hanan, sonur Kareas, og Jesan\u00eda, sonur Hosaja, og allt f\u00f3lki\u00f0, svo sm\u00e1r sem st\u00f3r, gengu fram,2og s\u00f6g\u00f0u vi\u00f0 Jerem\u00eda sp\u00e1mann: Leyf oss au\u00f0mj\u00faklega a\u00f0 gr\u00e1tb\u00e6na frammi fyrir \u00fe\u00e9r, og bi\u00f0 Drottin \u00feinn Gu\u00f0 fyrir oss, fyrir allar \u00feessar leifar; \u00fev\u00ed f\u00e1ir erum v\u00e9r eftir or\u00f0nir af m\u00f6rgum, eins og \u00fe\u00edn augu sj\u00e1 oss:3a\u00f0 Drottinn \u00feinn Gu\u00f0 opinberi oss, hv\u00f6rn veg v\u00e9r skulum fara, og hva\u00f0 v\u00e9r eigum a\u00f0 gj\u00f6ra.4Og Jerem\u00eda sp\u00e1ma\u00f0ur sag\u00f0i til \u00feeirra: gott og vel! eg skal gj\u00f6ra \u00fea\u00f0, eg skal bi\u00f0ja Drottin y\u00f0ar Gu\u00f0, eins og \u00fe\u00e9r <a href=\"https:\/\/biblian.is\/videy\/jeremia-42-kafli\/\"> [&#8230;]<\/a><\/p>\n","protected":false},"author":1,"featured_media":0,"parent":0,"menu_order":0,"comment_status":"open","ping_status":"open","template":"bibliukaflar.php","meta":{"footnotes":""},"class_list":["post-21636","page","type-page","status-publish","hentry"],"_links":{"self":[{"href":"https:\/\/biblian.is\/videy\/wp-json\/wp\/v2\/pages\/21636","targetHints":{"allow":["GET"]}}],"collection":[{"href":"https:\/\/biblian.is\/videy\/wp-json\/wp\/v2\/pages"}],"about":[{"href":"https:\/\/biblian.is\/videy\/wp-json\/wp\/v2\/types\/page"}],"author":[{"embeddable":true,"href":"https:\/\/biblian.is\/videy\/wp-json\/wp\/v2\/users\/1"}],"replies":[{"embeddable":true,"href":"https:\/\/biblian.is\/videy\/wp-json\/wp\/v2\/comments?post=21636"}],"version-history":[{"count":0,"href":"https:\/\/biblian.is\/videy\/wp-json\/wp\/v2\/pages\/21636\/revisions"}],"wp:attachment":[{"href":"https:\/\/biblian.is\/videy\/wp-json\/wp\/v2\/media?parent=21636"}],"curies":[{"name":"wp","href":"https:\/\/api.w.org\/{rel}","templated":true}]}}