{"id":21635,"date":"2018-01-02T01:03:08","date_gmt":"2018-01-02T01:03:08","guid":{"rendered":"http:\/\/biblian.is\/videy\/jeremia-41-kafli\/"},"modified":"2018-01-02T01:03:08","modified_gmt":"2018-01-02T01:03:08","slug":"jeremia-41-kafli","status":"publish","type":"page","link":"https:\/\/biblian.is\/videy\/jeremia-41-kafli\/","title":{"rendered":"Jerem\u00eda 41. kafli"},"content":{"rendered":"<div class=\"fyrirsognVidey\">Gedal\u00eda er drepinn. \u00cdsmael fl\u00fdr.<\/div>\n<p><a name=\"1\"><span class=\"versanumer\">1<\/span><\/a>Og \u00fea\u00f0 ske\u00f0i \u00e1 sj\u00f6unda m\u00e1nu\u00f0i, \u00fe\u00e1 kom \u00cdsmael sonur Netania, sonar Elisama, af konunglegri \u00e6tt, og einn af st\u00f3rmennum konungs, og 10 menn me\u00f0 honum, til Gedalia, Ahikamssonar, til Mispa, og \u00feeir neyttu matar \u00ed Mispa, hv\u00f6r me\u00f0 \u00f6\u00f0rum.<a name=\"2\"><span class=\"versanumer\">2<\/span><\/a>\u00de\u00e1 t\u00f3k \u00cdsmael sig til, sonur Netania, og \u00feeir 10 menn, sem me\u00f0 honum voru, og unnu \u00e1 Gedalia, syni Ahikams Safanssonar, me\u00f0 sver\u00f0i, og deyddu hann, \u00feann sama sem k\u00f3ngurinn af Babel haf\u00f0i sett yfir landi\u00f0;<a name=\"3\"><span class=\"versanumer\">3<\/span><\/a>og alla J\u00fa\u00f0a l\u00edka, sem hj\u00e1 honum voru, hj\u00e1 Gedalia \u00ed Mispa, og Kaldeumenn sem \u00fear voru, str\u00ed\u00f0smennina, sl\u00f3 \u00cdsmael \u00ed hel.<a name=\"4\"><span class=\"versanumer\">4<\/span><\/a>Og annars dags, eftir a\u00f0 Gedalia var deyddur \u00ed Mispa, \u00e1\u00f0ur en nokkur ma\u00f0ur vissi,<a name=\"5\"><span class=\"versanumer\">5<\/span><\/a>komu menn fr\u00e1 Sikem, fr\u00e1 S\u00edl\u00f3 og fr\u00e1 Samar\u00edu, 80 menn, me\u00f0 rispum \u00e1 l\u00edkamanum, \u00ed h\u00f6ndum \u00feeirra <span class='VideyAth'>(var)<\/span> matoffur og reykelsi, til a\u00f0 f\u00e6ra \u00fea\u00f0 til Drottins h\u00fass.<a name=\"6\"><span class=\"versanumer\">6<\/span><\/a>\u00de\u00e1 gekk \u00cdsmael, sonur Netania \u00feeim \u00e1 m\u00f3ti fr\u00e1 Mispa, og gr\u00e9t \u00fear sem hann gekk; og sem hann m\u00e6tti \u00feeim, sag\u00f0i hann vi\u00f0 \u00fe\u00e1: komi\u00f0 til Gedalia Ahikamssonar!<a name=\"7\"><span class=\"versanumer\">7<\/span><\/a>En sem \u00feeir voru komnir mitt inn \u00ed sta\u00f0inn, myrti \u00cdsmael, sonur Netania, \u00fe\u00e1 <span class='VideyAth'>(og kasta\u00f0i \u00feeim)<\/span> \u00ed gryfju, hann og \u00feeir menn, sem me\u00f0 honum voru.<a name=\"8\"><span class=\"versanumer\">8<\/span><\/a>En 10 menn voru me\u00f0al \u00feeirra, sem s\u00f6g\u00f0u vi\u00f0 \u00cdsmael: drep oss ekki! \u00fev\u00ed v\u00e9r h\u00f6fum f\u00f3lgi\u00f0 f\u00e9 \u00fat \u00e1 landinu, hveiti, bygg, vi\u00f0smj\u00f6r og hunang. \u00de\u00e1 h\u00e6tti hann og drap \u00fe\u00e1 ekki me\u00f0 \u00feeirra br\u00e6\u00f0rum.<a name=\"9\"><span class=\"versanumer\">9<\/span><\/a>En s\u00fa gryfja, \u00ed hv\u00f6rja \u00cdsmael kasta\u00f0i l\u00edk\u00f6mum \u00feeirra drepnu, \u00e1samt Gedalia, er s\u00fa sama, sem Asa k\u00f3ngur gj\u00f6r\u00f0i, sakir Baesa \u00cdsraelsk\u00f3ngs <span class='VideyAth'>(1 Kgb. 15,22)<\/span>, hana fyllti \u00cdsmael, sonur Netania, me\u00f0 \u00feeim \u00ed hel slegnu.<a name=\"10\"><span class=\"versanumer\">10<\/span><\/a>Og \u00cdsmael flutti allt anna\u00f0 f\u00f3lki\u00f0 til Mispa, k\u00f3ngsd\u00e6turnar og allt f\u00f3lki\u00f0, sem eftir var, til Mispa, \u00fea\u00f0 sem Neb\u00fasaradan fyrirli\u00f0i hersins, haf\u00f0i afhent Gedalia Ah\u00edkamssyni, \u00fea\u00f0 flutti \u00cdsmael Nethan\u00edason herteki\u00f0 burt, og f\u00f3r, til \u00feess a\u00f0 ganga yfir til Ammonssona.<br \/><a name=\"11\"><span class=\"versanumer\">11<\/span><\/a>En sem J\u00f3hanan, sonur Kareas, og allir herforingjarnir sem me\u00f0 honum voru, heyr\u00f0u \u00f6ll \u00feau illskuverk, sem \u00cdsmael, sonur Netan\u00eda, haf\u00f0i a\u00f0hafst:<a name=\"12\"><span class=\"versanumer\">12<\/span><\/a>t\u00f3ku \u00feeir alla <span class='VideyAth'>(s\u00edna)<\/span> menn, og l\u00f6g\u00f0u af sta\u00f0 til a\u00f0 berjast vi\u00f0 \u00cdsmael Nethan\u00edason; og \u00feeirra fundur var\u00f0 vi\u00f0 \u00fea\u00f0 mikla vatn, hj\u00e1 G\u00edbeon.<a name=\"13\"><span class=\"versanumer\">13<\/span><\/a>En er \u00fea\u00f0 f\u00f3lk, sem var me\u00f0 \u00cdsmael, s\u00e1 J\u00f3hanan Kareasson, og alla herforingjana sem me\u00f0 honum voru, gladdist \u00fea\u00f0;<a name=\"14\"><span class=\"versanumer\">14<\/span><\/a>og allt \u00fea\u00f0 f\u00f3lk, sem \u00cdsmael haf\u00f0i komi\u00f0 me\u00f0 fr\u00e1 Mispa, sneri fr\u00e1, og gekk \u00ed li\u00f0 me\u00f0 J\u00f3hanan Kareassyni.<a name=\"15\"><span class=\"versanumer\">15<\/span><\/a>En \u00cdsmael, sonur Nethan\u00eda, f\u00f3r undan J\u00f3hanan, me\u00f0 \u00e1tta menn, og fl\u00fa\u00f0i til Ammonssona.<a name=\"16\"><span class=\"versanumer\">16<\/span><\/a>\u00de\u00e1 t\u00f3k J\u00f3hanan, sonur Kareas, og allir herforingjarnir, sem me\u00f0 honum voru, allt \u00fea\u00f0 anna\u00f0 f\u00f3lk, sem hann haf\u00f0i n\u00e1\u00f0 af \u00cdsmael Netan\u00eda syni, fr\u00e1 Mispa, eftir a\u00f0 hann haf\u00f0i drepi\u00f0 Gedal\u00eda, Ahikamsson, menn, str\u00ed\u00f0sf\u00f3lk, konur og b\u00f6rn og hir\u00f0menn, er hann flutti aftur til G\u00edbeon.<a name=\"17\"><span class=\"versanumer\">17<\/span><\/a>Og \u00feeir f\u00f3ru og dv\u00f6ldu \u00ed herbergi Kimhams, n\u00e1l\u00e6gt Betlehem, til a\u00f0 komast til Egyptalands,<a name=\"18\"><span class=\"versanumer\">18<\/span><\/a>undan Kaldeum\u00f6nnum, \u00fev\u00ed vi\u00f0 \u00fe\u00e1 voru \u00feeir hr\u00e6ddir, af \u00fev\u00ed a\u00f0 \u00cdsmael, sonur Netan\u00eda, haf\u00f0i drepi\u00f0 Gedal\u00eda Ahikamsson, hv\u00f6rn Babelsk\u00f3ngur haf\u00f0i sett yfir landi\u00f0.<\/p>\n<div class=\"footnoteVidey\"><\/div>\n","protected":false},"excerpt":{"rendered":"<p>Gedal\u00eda er drepinn. \u00cdsmael fl\u00fdr. 1Og \u00fea\u00f0 ske\u00f0i \u00e1 sj\u00f6unda m\u00e1nu\u00f0i, \u00fe\u00e1 kom \u00cdsmael sonur Netania, sonar Elisama, af konunglegri \u00e6tt, og einn af st\u00f3rmennum konungs, og 10 menn me\u00f0 honum, til Gedalia, Ahikamssonar, til Mispa, og \u00feeir neyttu matar \u00ed Mispa, hv\u00f6r me\u00f0 \u00f6\u00f0rum.2\u00de\u00e1 t\u00f3k \u00cdsmael sig til, sonur Netania, og \u00feeir 10 menn, sem me\u00f0 honum voru, og unnu \u00e1 Gedalia, syni Ahikams Safanssonar, me\u00f0 sver\u00f0i, og deyddu hann, \u00feann sama sem k\u00f3ngurinn af Babel haf\u00f0i sett yfir landi\u00f0;3og alla J\u00fa\u00f0a l\u00edka, sem hj\u00e1 honum voru, hj\u00e1 Gedalia \u00ed Mispa, og Kaldeumenn sem \u00fear voru, str\u00ed\u00f0smennina, sl\u00f3 \u00cdsmael <a href=\"https:\/\/biblian.is\/videy\/jeremia-41-kafli\/\"> [&#8230;]<\/a><\/p>\n","protected":false},"author":1,"featured_media":0,"parent":0,"menu_order":0,"comment_status":"open","ping_status":"open","template":"bibliukaflar.php","meta":{"footnotes":""},"class_list":["post-21635","page","type-page","status-publish","hentry"],"_links":{"self":[{"href":"https:\/\/biblian.is\/videy\/wp-json\/wp\/v2\/pages\/21635","targetHints":{"allow":["GET"]}}],"collection":[{"href":"https:\/\/biblian.is\/videy\/wp-json\/wp\/v2\/pages"}],"about":[{"href":"https:\/\/biblian.is\/videy\/wp-json\/wp\/v2\/types\/page"}],"author":[{"embeddable":true,"href":"https:\/\/biblian.is\/videy\/wp-json\/wp\/v2\/users\/1"}],"replies":[{"embeddable":true,"href":"https:\/\/biblian.is\/videy\/wp-json\/wp\/v2\/comments?post=21635"}],"version-history":[{"count":0,"href":"https:\/\/biblian.is\/videy\/wp-json\/wp\/v2\/pages\/21635\/revisions"}],"wp:attachment":[{"href":"https:\/\/biblian.is\/videy\/wp-json\/wp\/v2\/media?parent=21635"}],"curies":[{"name":"wp","href":"https:\/\/api.w.org\/{rel}","templated":true}]}}