{"id":21634,"date":"2018-01-02T01:03:08","date_gmt":"2018-01-02T01:03:08","guid":{"rendered":"http:\/\/biblian.is\/videy\/jeremia-40-kafli\/"},"modified":"2018-01-02T01:03:08","modified_gmt":"2018-01-02T01:03:08","slug":"jeremia-40-kafli","status":"publish","type":"page","link":"https:\/\/biblian.is\/videy\/jeremia-40-kafli\/","title":{"rendered":"Jerem\u00eda 40. kafli"},"content":{"rendered":"<div class=\"fyrirsognVidey\">Sp\u00e1d\u00f3mar og Saga Jerem\u00eda, eftir Jer\u00fasalems ey\u00f0ileggingu Kap. 40\u201345<br \/>Jerem\u00edas f\u00e6r lausn. Um Gedal\u00eda.<\/div>\n<p><a name=\"1\"><span class=\"versanumer\">1<\/span><\/a>\u00dea\u00f0 or\u00f0 sem kom til Jerem\u00eda fr\u00e1 Drottni, eftir a\u00f0 Neb\u00fasaradan, s\u00e1 efsti hersh\u00f6f\u00f0ingi, haf\u00f0i gefi\u00f0 hann lausan \u00ed Rama. \u00deegar hann l\u00e9t s\u00e6kja hann, var hann bundinn fj\u00f6trum, me\u00f0 \u00f6llum herteknum fr\u00e1 Jer\u00fasalem og J\u00fada, sem fluttir voru til Babel.<a name=\"2\"><span class=\"versanumer\">2<\/span><\/a>Og s\u00e1 efsti hersh\u00f6f\u00f0ingi l\u00e9t s\u00e6kja Jerem\u00eda og sag\u00f0i vi\u00f0 hann: Drottinn \u00feinn Gu\u00f0 hefir \u00f3g\u00e6fu tala\u00f0 m\u00f3ti \u00feessum sta\u00f0,<a name=\"3\"><span class=\"versanumer\">3<\/span><\/a>og Drottinn l\u00e9t koma, og gj\u00f6r\u00f0i, eins og hann haf\u00f0i tala\u00f0, \u00fev\u00ed \u00fe\u00e9r h\u00f6f\u00f0u\u00f0 syndga\u00f0 m\u00f3ti Drottni, og ekki hl\u00fdtt hans raust, og svo kom sl\u00edkt yfir y\u00f0ur.<br \/><a name=\"4\"><span class=\"versanumer\">4<\/span><\/a>Og sj\u00e1 n\u00fa! eg leysi n\u00fa fj\u00f6trana af \u00fe\u00ednum h\u00f6ndum. Viljir \u00fe\u00fa koma me\u00f0 m\u00e9r til Babel, svo kom, og eg skal hafa auga \u00e1 \u00fe\u00e9r; en \u00fe\u00f3knist \u00fe\u00e9r ekki a\u00f0 fara me\u00f0 m\u00e9r til Babel, svo l\u00e1t \u00fea\u00f0 vera: sj\u00e1! allt landi\u00f0 stendur \u00fe\u00e9r opi\u00f0, hv\u00f6rt sem \u00fe\u00e9r l\u00edkar a\u00f0 fara, hv\u00f6rt sem \u00fe\u00fa vilt fara, \u00feanga\u00f0 m\u00e1ttu fara.<a name=\"5\"><span class=\"versanumer\">5<\/span><\/a>En er hann hv\u00f6rgi f\u00f3r, <span class='VideyAth'>(sag\u00f0i hann)<\/span>: svo far til Gedal\u00eda, Ahikamssonar, Safanssonar, sem k\u00f3ngurinn af Babel hefir sett yfir J\u00fada sta\u00f0i, og vertu hj\u00e1 honum me\u00f0al f\u00f3lksins, e\u00f0a far, hv\u00f6rt sem \u00fe\u00fa vilt fara. Og s\u00e1 \u00e6\u00f0sti herforingi f\u00e9kk honum fararefni og g\u00e1fur og l\u00e9t hann fr\u00e1 s\u00e9r.<a name=\"6\"><span class=\"versanumer\">6<\/span><\/a>Og svo kom Jerem\u00edas til Gedal\u00eda Ahikamssonar, til Mispa, og var hj\u00e1 honum me\u00f0al f\u00f3lksins, sem eftir var \u00ed landinu.<br \/><a name=\"7\"><span class=\"versanumer\">7<\/span><\/a>Og \u00feegar herforingjarnir, sem \u00fat \u00e1 landinu voru, \u00feeir og \u00feeirra menn, heyr\u00f0u, a\u00f0 k\u00f3ngurinn af Babel, haf\u00f0i sett Gedalia Ahikamsson yfir landi\u00f0 og haf\u00f0i afhent honum menn og konur og b\u00f6rn \u00feeirra minnih\u00e1ttar manna \u00ed landinu, \u00feeirra, sem ekki voru burt fluttir til Babel:<a name=\"8\"><span class=\"versanumer\">8<\/span><\/a>\u00fe\u00e1 komu \u00feeir til Gedalia, til Mispa, nefnil. \u00cdsmael Netan\u00edason, og J\u00f3nahan J\u00f3natansson, synir Kareas, og Seraja, sonur Tanh\u00famets, og synir Esai, Nefofatita, og Jesan\u00eda, sonur Maakati, \u00feeir og \u00feeirra menn.<a name=\"9\"><span class=\"versanumer\">9<\/span><\/a>Og Gedalia, sonur Ahikams, sonar Safans, s\u00f3r \u00feeim ei\u00f0 og \u00feeirra m\u00f6nnum, og sag\u00f0i: \u00f3ttist ekki a\u00f0 vera Kaldeum\u00f6nnum undirgefnir, veri\u00f0 \u00ed landinu, og \u00fej\u00f3ni\u00f0 undir k\u00f3nginn af Babel, svo mun y\u00f0ur vel vegna.<a name=\"10\"><span class=\"versanumer\">10<\/span><\/a>Og sj\u00e1! eg ver\u00f0 \u00ed Mispa, til a\u00f0 \u00fej\u00f3na Kaldeum\u00f6nnum, sem til vor koma, en uppskeri\u00f0 \u00fe\u00e9r v\u00edn og \u00e1vexti og vi\u00f0smj\u00f6r, og l\u00e1ti\u00f0 \u00ed y\u00f0ar \u00edl\u00e1t, og b\u00fai\u00f0 \u00ed y\u00f0ar st\u00f6\u00f0um, sem \u00fe\u00e9r hafi\u00f0 fengi\u00f0.<a name=\"11\"><span class=\"versanumer\">11<\/span><\/a>Og allir J\u00fa\u00f0ar s\u00f6mulei\u00f0is, sem voru \u00ed M\u00f3abslandi og me\u00f0al Ammonssona og \u00ed Edomslandi, og sem voru \u00ed \u00f6llum l\u00f6ndunum, heyr\u00f0u, a\u00f0 k\u00f3ngurinn af Babel haf\u00f0i eftirskili\u00f0 J\u00fa\u00f0um leifar, og sett yfir \u00fe\u00e1 Gedalia Ahikamsson, sem var sonur Safans;<a name=\"12\"><span class=\"versanumer\">12<\/span><\/a>\u00fe\u00e1 komu aftur allir J\u00fa\u00f0ar \u00far \u00f6llum st\u00f6\u00f0um, hv\u00f6rt \u00feeir h\u00f6f\u00f0u hrakist, og komu \u00ed J\u00fadaland, til Gedal\u00eda \u00ed Mispa, og uppsk\u00e1ru r\u00edkuglega v\u00edn og \u00e1vexti.<br \/><a name=\"13\"><span class=\"versanumer\">13<\/span><\/a>En J\u00f3hanan, sonur Kareas, og allir herforingjar, sem voru \u00ed h\u00e9ra\u00f0inu, komu til Gedal\u00eda \u00ed Mispa,<a name=\"14\"><span class=\"versanumer\">14<\/span><\/a>og s\u00f6g\u00f0u vi\u00f0 hann: veist \u00fe\u00fa l\u00edka, a\u00f0 Baalis, k\u00f3ngur Ammonssona, hefir sent \u00cdsmael Netaniason, til a\u00f0 sl\u00e1 \u00feig \u00ed hel? En Gedalia Ahikamsson, tr\u00fa\u00f0i \u00feeim ekki.<a name=\"15\"><span class=\"versanumer\">15<\/span><\/a>Og J\u00f3hanan, sonur Kareas, tala\u00f0i vi\u00f0 Gedalia heimuglega \u00ed Mispa og sag\u00f0i: l\u00e1ttu mig fara og vinna \u00e1 \u00cdsmael, syni Netania, og enginn ma\u00f0ur skal \u00fea\u00f0 vita. Hv\u00ed skyldi hann drepa \u00feig, svo a\u00f0 \u00f6llum J\u00fa\u00f0um, sem safnast hafa til \u00fe\u00edn, ver\u00f0i tv\u00edstra\u00f0, og leifar J\u00fa\u00f0anna fyrirfarist.<a name=\"16\"><span class=\"versanumer\">16<\/span><\/a>En Gedalia, Ahikamsson, sag\u00f0i vi\u00f0 J\u00f3hanan, Kareasson: Gj\u00f6r \u00feetta ekki, \u00fev\u00ed \u00fe\u00fa talar lygi um \u00cdsmael.<\/p>\n<div class=\"footnoteVidey\"><\/div>\n","protected":false},"excerpt":{"rendered":"<p>Sp\u00e1d\u00f3mar og Saga Jerem\u00eda, eftir Jer\u00fasalems ey\u00f0ileggingu Kap. 40\u201345Jerem\u00edas f\u00e6r lausn. Um Gedal\u00eda. 1\u00dea\u00f0 or\u00f0 sem kom til Jerem\u00eda fr\u00e1 Drottni, eftir a\u00f0 Neb\u00fasaradan, s\u00e1 efsti hersh\u00f6f\u00f0ingi, haf\u00f0i gefi\u00f0 hann lausan \u00ed Rama. \u00deegar hann l\u00e9t s\u00e6kja hann, var hann bundinn fj\u00f6trum, me\u00f0 \u00f6llum herteknum fr\u00e1 Jer\u00fasalem og J\u00fada, sem fluttir voru til Babel.2Og s\u00e1 efsti hersh\u00f6f\u00f0ingi l\u00e9t s\u00e6kja Jerem\u00eda og sag\u00f0i vi\u00f0 hann: Drottinn \u00feinn Gu\u00f0 hefir \u00f3g\u00e6fu tala\u00f0 m\u00f3ti \u00feessum sta\u00f0,3og Drottinn l\u00e9t koma, og gj\u00f6r\u00f0i, eins og hann haf\u00f0i tala\u00f0, \u00fev\u00ed \u00fe\u00e9r h\u00f6f\u00f0u\u00f0 syndga\u00f0 m\u00f3ti Drottni, og ekki hl\u00fdtt hans raust, og svo kom sl\u00edkt yfir y\u00f0ur.4Og <a href=\"https:\/\/biblian.is\/videy\/jeremia-40-kafli\/\"> [&#8230;]<\/a><\/p>\n","protected":false},"author":1,"featured_media":0,"parent":0,"menu_order":0,"comment_status":"open","ping_status":"open","template":"bibliukaflar.php","meta":{"footnotes":""},"class_list":["post-21634","page","type-page","status-publish","hentry"],"_links":{"self":[{"href":"https:\/\/biblian.is\/videy\/wp-json\/wp\/v2\/pages\/21634","targetHints":{"allow":["GET"]}}],"collection":[{"href":"https:\/\/biblian.is\/videy\/wp-json\/wp\/v2\/pages"}],"about":[{"href":"https:\/\/biblian.is\/videy\/wp-json\/wp\/v2\/types\/page"}],"author":[{"embeddable":true,"href":"https:\/\/biblian.is\/videy\/wp-json\/wp\/v2\/users\/1"}],"replies":[{"embeddable":true,"href":"https:\/\/biblian.is\/videy\/wp-json\/wp\/v2\/comments?post=21634"}],"version-history":[{"count":0,"href":"https:\/\/biblian.is\/videy\/wp-json\/wp\/v2\/pages\/21634\/revisions"}],"wp:attachment":[{"href":"https:\/\/biblian.is\/videy\/wp-json\/wp\/v2\/media?parent=21634"}],"curies":[{"name":"wp","href":"https:\/\/api.w.org\/{rel}","templated":true}]}}