{"id":21633,"date":"2018-01-02T01:03:08","date_gmt":"2018-01-02T01:03:08","guid":{"rendered":"http:\/\/biblian.is\/videy\/jeremia-39-kafli\/"},"modified":"2018-01-02T01:03:08","modified_gmt":"2018-01-02T01:03:08","slug":"jeremia-39-kafli","status":"publish","type":"page","link":"https:\/\/biblian.is\/videy\/jeremia-39-kafli\/","title":{"rendered":"Jerem\u00eda 39. kafli"},"content":{"rendered":"<div class=\"fyrirsognVidey\">Jer\u00fasalem unnin, hv\u00f6rnig Jerem\u00edas reiddi af. Fyrirheit gefi\u00f0 Ebedmelek.<\/div>\n<p><a name=\"1\"><span class=\"versanumer\">1<\/span><\/a>Og \u00fea\u00f0 ske\u00f0i, \u00fe\u00e1 Jer\u00fasalem var unnin, <span class='VideyAth'>(\u00e1 n\u00edunda \u00e1ri Sedek\u00eda, J\u00fadak\u00f3ngs, \u00ed 10da m\u00e1nu\u00f0i, kom Neb\u00fakadnesar, k\u00f3ngurinn af Babel, og allur hans her fyrir Jer\u00fasalem, og settist um hana;<\/span><a name=\"2\"><span class=\"versanumer\">2<\/span><\/a><span class='VideyAth'>\u00e1 11ta \u00e1ri Sedek\u00eda, \u00ed 4\u00f0a m\u00e1nu\u00f0i, 9da dag m\u00e1na\u00f0arins, var brotist inn \u00ed sta\u00f0inn)<\/span><a name=\"3\"><span class=\"versanumer\">3<\/span><\/a>\u00fe\u00e1 komu allir fyrirli\u00f0ar k\u00f3ngsins af Babel, og t\u00f3ku s\u00e9r fasta st\u00f6\u00f0u vi\u00f0 mi\u00f0hli\u00f0i\u00f0, Nergal Sareser, Samgar-Neb\u00f3, Sarsekim, yfirbo\u00f0i hir\u00f0mannanna, Nergal Sareser, \u00e6\u00f0sti prestur, og allir hinir yfirmenn k\u00f3ngsins af Babel.<a name=\"4\"><span class=\"versanumer\">4<\/span><\/a>Og \u00fea\u00f0 ske\u00f0i, \u00fe\u00e1 Sedek\u00edas J\u00fadakonungur og allir str\u00ed\u00f0smennirnir s\u00e1u \u00fe\u00e1, svo fl\u00fa\u00f0u \u00feeir og f\u00f3ru um n\u00f3ttina \u00far borginni, \u00e1 veginn hj\u00e1 jurtag\u00f6r\u00f0um k\u00f3ngsins, um hli\u00f0i\u00f0 milli \u00feeirra tveggja m\u00fara, og stefndu \u00fat \u00e1 vellina.<a name=\"5\"><span class=\"versanumer\">5<\/span><\/a>\u00de\u00e1 elti her Kaldeumanna \u00fe\u00e1, og \u00feeir n\u00e1\u00f0u Sedek\u00eda \u00e1 v\u00f6llunum hj\u00e1 Jer\u00edk\u00f3, og t\u00f3ku hann og fluttu til Neb\u00fakadnesars, k\u00f3ngs \u00ed Babel, til Ribla \u00ed landinu Hemat, og hann sag\u00f0i upp d\u00f3m yfir honum.<a name=\"6\"><span class=\"versanumer\">6<\/span><\/a>Og k\u00f3ngurinn af Babel sl\u00e1tra\u00f0i sonum Sedek\u00eda fyrir hans augum \u00ed Ribla, og \u00f6llum J\u00fadaa\u00f0li sl\u00e1tra\u00f0i k\u00f3ngurinn af Babel l\u00edka.<a name=\"7\"><span class=\"versanumer\">7<\/span><\/a>Og Sedek\u00eda blinda\u00f0i hann \u00e1 augunum, og batt hann fj\u00f6trum, og flutti til Babel,<a name=\"8\"><span class=\"versanumer\">8<\/span><\/a>og k\u00f3ngsins h\u00fas og f\u00f3lksins h\u00fas, brenndu Kaldeumenn me\u00f0 eldi, og Jer\u00fasalems m\u00farveggi rifu \u00feeir ni\u00f0ur.<a name=\"9\"><span class=\"versanumer\">9<\/span><\/a>Og leifar f\u00f3lksins, \u00fea\u00f0 eftiror\u00f0na \u00ed sta\u00f0num, og \u00fea\u00f0 sem haf\u00f0i til \u00feeirra fl\u00fai\u00f0, leifar f\u00f3lksins, \u00fe\u00e1 eftiror\u00f0nu, flutti Neb\u00fasaradan, s\u00e1 \u00e6\u00f0sti h\u00f6f\u00f0ingi vi\u00f0 herinn, burt til Babel.<a name=\"10\"><span class=\"versanumer\">10<\/span><\/a>En \u00fe\u00e1 umkomulitlu af f\u00f3lkinu, sem ekkert h\u00f6f\u00f0u, l\u00e9t Neb\u00fasaradan, s\u00e1 efsti herforingi, eftir vera \u00ed J\u00fada landi, og gaf \u00feeim \u00e1 sama t\u00edma v\u00edngar\u00f0a og akra.<br \/><a name=\"11\"><span class=\"versanumer\">11<\/span><\/a>Og Neb\u00fakadnesar, Babelsk\u00f3ngur, bau\u00f0, vi\u00f0v\u00edkjandi Jerem\u00eda, fyrir h\u00f6nd Neb\u00fasaradans, \u00feess efsta herforingja, og sag\u00f0i:<a name=\"12\"><span class=\"versanumer\">12<\/span><\/a>tak hann og haf auga \u00e1 honum, og gj\u00f6r honum ekkert til meins, heldur far me\u00f0 hann eins og hann segir til.<a name=\"13\"><span class=\"versanumer\">13<\/span><\/a>\u00de\u00e1 sendi Neb\u00fasaradan, s\u00e1 efsti herforingi, og Neb\u00fasasban, s\u00e1 efsti hir\u00f0ma\u00f0ur, og Nergal-Sareser, s\u00e1 \u00e6\u00f0sti prestur, og allir h\u00f6f\u00f0ingjar k\u00f3ngsins af Babel,<a name=\"14\"><span class=\"versanumer\">14<\/span><\/a>\u00feeir sendu, og l\u00e9tu s\u00e6kja Jerem\u00eda \u00ed forgar\u00f0 var\u00f0haldsins, og afhentu hann Gedal\u00eda, syni Ahikams, sem var sonur Safans, til a\u00f0 flytja hann \u00ed hans h\u00fas. Og svo var hann me\u00f0al f\u00f3lksins. <br \/><a name=\"15\"><span class=\"versanumer\">15<\/span><\/a>Og or\u00f0 Drottins kom til Jerem\u00eda, \u00fe\u00e1 hann sat \u00ed forgar\u00f0i var\u00f0haldsins, og sag\u00f0i:<a name=\"16\"><span class=\"versanumer\">16<\/span><\/a>far og seg til Ebedmeleks, Bl\u00e1manns, og seg: svo segir Drottinn herskaranna, \u00cdsraels Gu\u00f0: sj\u00e1, eg l\u00e6t mitt or\u00f0 koma yfir \u00feennan sta\u00f0, til \u00f3g\u00e6fu, og ekki til g\u00f3\u00f0s, og \u00fea\u00f0 mun ske fyrir \u00fe\u00ednum augum \u00e1 sama t\u00edma,<a name=\"17\"><span class=\"versanumer\">17<\/span><\/a>en eg skal bjarga \u00fe\u00e9r \u00e1 sama t\u00edma, segir Drottinn, og \u00fe\u00fa skalt ekki komast \u00ed mannah\u00f6ndur, \u00feeirra sem \u00fe\u00fa hr\u00e6\u00f0ist;<a name=\"18\"><span class=\"versanumer\">18<\/span><\/a>\u00fev\u00ed bjarga skal eg \u00fe\u00e9r, og fyrir sver\u00f0i skalt \u00fe\u00fa ekki falla, og \u00feitt l\u00edf skal ver\u00f0a \u00fe\u00e9r herfang, fyrst \u00fe\u00fa treystir m\u00e9r, segir Drottinn.<\/p>\n<div class=\"footnoteVidey\"><\/div>\n","protected":false},"excerpt":{"rendered":"<p>Jer\u00fasalem unnin, hv\u00f6rnig Jerem\u00edas reiddi af. Fyrirheit gefi\u00f0 Ebedmelek. 1Og \u00fea\u00f0 ske\u00f0i, \u00fe\u00e1 Jer\u00fasalem var unnin, (\u00e1 n\u00edunda \u00e1ri Sedek\u00eda, J\u00fadak\u00f3ngs, \u00ed 10da m\u00e1nu\u00f0i, kom Neb\u00fakadnesar, k\u00f3ngurinn af Babel, og allur hans her fyrir Jer\u00fasalem, og settist um hana;2\u00e1 11ta \u00e1ri Sedek\u00eda, \u00ed 4\u00f0a m\u00e1nu\u00f0i, 9da dag m\u00e1na\u00f0arins, var brotist inn \u00ed sta\u00f0inn)3\u00fe\u00e1 komu allir fyrirli\u00f0ar k\u00f3ngsins af Babel, og t\u00f3ku s\u00e9r fasta st\u00f6\u00f0u vi\u00f0 mi\u00f0hli\u00f0i\u00f0, Nergal Sareser, Samgar-Neb\u00f3, Sarsekim, yfirbo\u00f0i hir\u00f0mannanna, Nergal Sareser, \u00e6\u00f0sti prestur, og allir hinir yfirmenn k\u00f3ngsins af Babel.4Og \u00fea\u00f0 ske\u00f0i, \u00fe\u00e1 Sedek\u00edas J\u00fadakonungur og allir str\u00ed\u00f0smennirnir s\u00e1u \u00fe\u00e1, svo fl\u00fa\u00f0u \u00feeir og f\u00f3ru um n\u00f3ttina <a href=\"https:\/\/biblian.is\/videy\/jeremia-39-kafli\/\"> [&#8230;]<\/a><\/p>\n","protected":false},"author":1,"featured_media":0,"parent":0,"menu_order":0,"comment_status":"open","ping_status":"open","template":"bibliukaflar.php","meta":{"footnotes":""},"class_list":["post-21633","page","type-page","status-publish","hentry"],"_links":{"self":[{"href":"https:\/\/biblian.is\/videy\/wp-json\/wp\/v2\/pages\/21633","targetHints":{"allow":["GET"]}}],"collection":[{"href":"https:\/\/biblian.is\/videy\/wp-json\/wp\/v2\/pages"}],"about":[{"href":"https:\/\/biblian.is\/videy\/wp-json\/wp\/v2\/types\/page"}],"author":[{"embeddable":true,"href":"https:\/\/biblian.is\/videy\/wp-json\/wp\/v2\/users\/1"}],"replies":[{"embeddable":true,"href":"https:\/\/biblian.is\/videy\/wp-json\/wp\/v2\/comments?post=21633"}],"version-history":[{"count":0,"href":"https:\/\/biblian.is\/videy\/wp-json\/wp\/v2\/pages\/21633\/revisions"}],"wp:attachment":[{"href":"https:\/\/biblian.is\/videy\/wp-json\/wp\/v2\/media?parent=21633"}],"curies":[{"name":"wp","href":"https:\/\/api.w.org\/{rel}","templated":true}]}}