{"id":21632,"date":"2018-01-02T01:03:08","date_gmt":"2018-01-02T01:03:08","guid":{"rendered":"http:\/\/biblian.is\/videy\/jeremia-38-kafli\/"},"modified":"2018-01-02T01:03:08","modified_gmt":"2018-01-02T01:03:08","slug":"jeremia-38-kafli","status":"publish","type":"page","link":"https:\/\/biblian.is\/videy\/jeremia-38-kafli\/","title":{"rendered":"Jerem\u00eda 38. kafli"},"content":{"rendered":"<div class=\"fyrirsognVidey\">Um hrakninga Jerem\u00eda.<\/div>\n<p><a name=\"1\"><span class=\"versanumer\">1<\/span><\/a>Og \u00feeir heyr\u00f0u, Sefatia, Mattansson, og Gedalia Pash\u00farsson, og Jukal, Selemiason, og Pash\u00far, Malkiason, \u00feau or\u00f0, sem Jerem\u00edas tala\u00f0i vi\u00f0 f\u00f3lki\u00f0, \u00fe\u00e1 hann m\u00e6lti:<a name=\"2\"><span class=\"versanumer\">2<\/span><\/a>svo segir Drottinn: hv\u00f6r sem \u00ed \u00feessum sta\u00f0 dvelur, mun deyja fyrir sver\u00f0i og hungri og dreps\u00f3tt; en hv\u00f6r sem fer \u00far sta\u00f0num, til Kaldeumanna, mun lifa, og honum mun s\u00e1l hans vera herfang, a\u00f0 hann lifi.<a name=\"3\"><span class=\"versanumer\">3<\/span><\/a>Svo segir Drottinn: \u00feessi sta\u00f0ur ver\u00f0ur gefinn \u00ed h\u00f6nd her konungsins af Babel og hann mun vinna hann.<a name=\"4\"><span class=\"versanumer\">4<\/span><\/a>\u00de\u00e1 s\u00f6g\u00f0u h\u00f6f\u00f0ingjarnir vi\u00f0 k\u00f3nginn: \u00feessi ma\u00f0ur s\u00e9 \u00fe\u00f3 deyddur! \u00fev\u00ed me\u00f0 \u00feessu gj\u00f6rir hann linar hendur str\u00ed\u00f0sf\u00f3lksins, sem eftir er or\u00f0i\u00f0 \u00ed \u00feessum sta\u00f0, og hendur alls f\u00f3lksins, \u00feegar hann talar fyrir \u00fev\u00ed sl\u00edkum or\u00f0um; \u00fev\u00ed \u00feessi ma\u00f0ur leitar ei \u00feess, sem er \u00feessu f\u00f3lki til heilla, heldur \u00feess \u00f3g\u00e6fu.<a name=\"5\"><span class=\"versanumer\">5<\/span><\/a>Og Sedek\u00edas k\u00f3ngur sag\u00f0i: sj\u00e1! hann er \u00ed y\u00f0ar h\u00f6ndum, \u00fev\u00ed ekkert megnar k\u00f3ngurinn m\u00f3ti y\u00f0ur.<a name=\"6\"><span class=\"versanumer\">6<\/span><\/a>\u00de\u00e1 t\u00f3ku \u00feeir Jerem\u00eda, og k\u00f6stu\u00f0u honum \u00ed <span class='VideyAth'>(vatns)<\/span>gryfju Malk\u00eda, sonar Hammeleks, sem var \u00ed forgar\u00f0i var\u00f0haldsins, og l\u00e9tu Jerem\u00eda ni\u00f0ur \u00ed festi, en \u00ed gryfjunni var ekki vatn, heldur a\u00f0eins bleyta, og Jerem\u00edas s\u00f6kk ni\u00f0ur \u00ed bleytuna.<br \/><a name=\"7\"><span class=\"versanumer\">7<\/span><\/a>Og Ebedmelek, s\u00e1 bl\u00e1lenski, hir\u00f0ma\u00f0ur nokkur, sem var \u00ed h\u00fasi k\u00f3ngsins, f\u00e9kk a\u00f0 heyra, a\u00f0 menn hef\u00f0u kasta\u00f0 Jerem\u00eda \u00ed gryfjuna; en k\u00f3ngur sat \u00ed Benjam\u00ednshli\u00f0i.<a name=\"8\"><span class=\"versanumer\">8<\/span><\/a>\u00de\u00e1 gekk Ebedmelek \u00far k\u00f3ngsh\u00fasinu, og tala\u00f0i vi\u00f0 konung og m\u00e6lti:<a name=\"9\"><span class=\"versanumer\">9<\/span><\/a>Minn herra konungur! illa hafa \u00feessir menn gj\u00f6rt allt, sem \u00feeir hafa gj\u00f6rt, vi\u00f0 Jerem\u00eda sp\u00e1mann, hv\u00f6rjum \u00feeir k\u00f6stu\u00f0u \u00ed gryfjuna; og snart deyr hann \u00fear af sulti, \u00fev\u00ed ekkert brau\u00f0 er framar til \u00ed sta\u00f0num.<a name=\"10\"><span class=\"versanumer\">10<\/span><\/a>Og k\u00f3ngurinn bau\u00f0 Ebedmelek bl\u00e1manni, og m\u00e6lti: taktu me\u00f0 \u00fe\u00e9r h\u00e9\u00f0an 30 menn og drag Jerem\u00edas sp\u00e1mann upp \u00far gryfjunni \u00e1\u00f0ur en hann deyr.<a name=\"11\"><span class=\"versanumer\">11<\/span><\/a>\u00de\u00e1 t\u00f3k Ebedmelek mennina me\u00f0 s\u00e9r, og gekk \u00ed k\u00f3ngsins h\u00fas, undir f\u00e9hirslurnar, og t\u00f3k \u00fea\u00f0an gamla leppa og gamlar tuskur, og l\u00e9t \u00feetta ni\u00f0ur til Jerem\u00eda \u00ed gryfjuna \u00ed festi.<a name=\"12\"><span class=\"versanumer\">12<\/span><\/a>Og Ebedmelek, bl\u00e1ma\u00f0ur, m\u00e6lti til Jerem\u00eda; legg \u00fe\u00e1 g\u00f6mlu leppa og tuskur undir li\u00f0am\u00f3t \u00feinna handa, undir festina. Og Jerem\u00edas gj\u00f6r\u00f0i svo.<a name=\"13\"><span class=\"versanumer\">13<\/span><\/a>Og \u00feeir dr\u00f3gu Jerem\u00eda \u00ed festinni upp \u00far gryfjunni, og Jerem\u00edas var \u00ed forgar\u00f0i var\u00f0haldsins.<br \/><a name=\"14\"><span class=\"versanumer\">14<\/span><\/a>\u00de\u00e1 sendi k\u00f3ngurinn Sedek\u00edas, og l\u00e9t s\u00e6kja til s\u00edn Jerem\u00eda sp\u00e1mann, \u00ed \u00feann \u00feri\u00f0ja inngang \u00ed Drottins h\u00fas, og k\u00f3ngurinn sag\u00f0i vi\u00f0 Jerem\u00eda: eg \u00e6tla a\u00f0 spyrja \u00feig nokkurs, dyl ekkert fyrir m\u00e9r!<a name=\"15\"><span class=\"versanumer\">15<\/span><\/a>Og Jerem\u00edas m\u00e6lti til Sedek\u00eda: dey\u00f0ir \u00fe\u00fa mig ekki, ef eg segi \u00fe\u00e9r \u00fea\u00f0? og \u00fe\u00f3 eg r\u00e1\u00f0leggi \u00fe\u00e9r eitthva\u00f0, gegnir \u00fe\u00fa m\u00e9r ekki.<a name=\"16\"><span class=\"versanumer\">16<\/span><\/a>\u00de\u00e1 s\u00f3r Sedek\u00eda k\u00f3ngur Jerem\u00eda heimuglega, og m\u00e6lti: svo sannarlega sem Drottinn lifir, sem \u00ed oss hefir skapa\u00f0 \u00feessa s\u00e1l! eg dey\u00f0i \u00feig ekki og gef \u00feig ekki \u00ed h\u00f6nd \u00feessara manna, sem umsitja \u00feitt l\u00edf!<a name=\"17\"><span class=\"versanumer\">17<\/span><\/a>Og Jerem\u00edas sag\u00f0i vi\u00f0 Sedek\u00eda: svo segir Drottinn, herskaranna Gu\u00f0, \u00cdsraels Gu\u00f0: ef \u00fe\u00fa gengur \u00fat til herforingja k\u00f3ngsins af Babel, svo muntu lifa, og \u00feessi sta\u00f0ur ver\u00f0ur ekki brenndur \u00ed eldi, og \u00fe\u00fa, og \u00feitt h\u00fas munt l\u00edfi halda.<a name=\"18\"><span class=\"versanumer\">18<\/span><\/a>En gangir \u00fe\u00fa ekki \u00fat til fyrirli\u00f0anna k\u00f3ngsins af Babel, svo ver\u00f0ur \u00feessi sta\u00f0ur gefinn \u00ed h\u00f6nd Kaldeum\u00f6nnum, og \u00feeir brenna hann \u00ed eldi, og \u00fe\u00fa munt ei heldur sleppa \u00feeim \u00far hendi.<a name=\"19\"><span class=\"versanumer\">19<\/span><\/a>Og Sedek\u00edas k\u00f3ngur sag\u00f0i vi\u00f0 Jerem\u00edas: eg hefi beyg af J\u00fa\u00f0um sem stroki\u00f0 hafa til Kaldeumanna, a\u00f0 eg ver\u00f0i seldur \u00feeim \u00ed h\u00f6nd og \u00feeir mis\u00feyrmi m\u00e9r.<a name=\"20\"><span class=\"versanumer\">20<\/span><\/a>Og Jerem\u00edas sag\u00f0i: menn munu ei framselja \u00feig. Hl\u00fd\u00f0 \u00fe\u00f3 raust Drottins eftir \u00fev\u00ed sem eg hefi vi\u00f0 \u00feig tala\u00f0, svo mun \u00fe\u00e9r vel vegna, og \u00fe\u00fa munt frelsa \u00feitt l\u00edf;<a name=\"21\"><span class=\"versanumer\">21<\/span><\/a>en ef \u00fe\u00fa f\u00e6rist undan a\u00f0 ganga \u00fat, svo er \u00feetta \u00fea\u00f0 or\u00f0, sem Drottinn hefir m\u00e9r opinbera\u00f0:<a name=\"22\"><span class=\"versanumer\">22<\/span><\/a>sj\u00e1, allar \u00fe\u00e6r konur, sem eftir eru or\u00f0nar \u00ed h\u00fasi J\u00fadak\u00f3ngs, munu ver\u00f0a burtfluttar, til herforingja k\u00f3ngsins af Babel, og \u00fe\u00e6r munu segja: \u201e\u00de\u00ednir vinir hafa t\u00e1ldregi\u00f0 \u00feig, og fengi\u00f0 yfirh\u00f6nd; \u00fe\u00ednir f\u00e6tur sukku \u00ed for\u00e6\u00f0i\u00f0, \u00feeir viku til baka\u201c.<a name=\"23\"><span class=\"versanumer\">23<\/span><\/a>Og allar \u00fe\u00ednar konur og \u00f6ll \u00fe\u00edn b\u00f6rn munu menn f\u00e6ra Kaldeum\u00f6nnum, og ekki munt \u00fe\u00fa heldur sleppa undan \u00feeirra hendi; heldur muntu gripinn ver\u00f0a af h\u00f6nd k\u00f3ngsins af Babel, og ver\u00f0a \u00fev\u00ed ollandi, a\u00f0 \u00feessi sta\u00f0ur ver\u00f0ur brenndur \u00ed eldi.<a name=\"24\"><span class=\"versanumer\">24<\/span><\/a>Og Sedek\u00eda sag\u00f0i vi\u00f0 Jerem\u00eda: enginn ma\u00f0ur skal vita af \u00feessu tali, svo a\u00f0 \u00fe\u00fa deyir ekki!<a name=\"25\"><span class=\"versanumer\">25<\/span><\/a>Og ef a\u00f0 h\u00f6f\u00f0ingjarnir heyra a\u00f0 eg hafi vi\u00f0 \u00feig tala\u00f0, og koma til \u00fe\u00edn og segja vi\u00f0 \u00feig: l\u00e1ttu oss vita, hva\u00f0 \u00fe\u00fa tala\u00f0ir vi\u00f0 k\u00f3nginn, dyl ekkert fyrir oss, a\u00f0 v\u00e9r ekki dey\u00f0um \u00feig, og \u00fea\u00f0 sem k\u00f3ngurinn tala\u00f0i vi\u00f0 \u00feig;<a name=\"26\"><span class=\"versanumer\">26<\/span><\/a>svo seg til \u00feeirra: eg gr\u00e1tb\u00e6ndi k\u00f3nginn au\u00f0mj\u00faklega a\u00f0 l\u00e1ta mig ekki aftur \u00ed h\u00fas J\u00f3natans, til a\u00f0 deyja \u00fear.<a name=\"27\"><span class=\"versanumer\">27<\/span><\/a>Og allir h\u00f6f\u00f0ingjarnir komu til Jerem\u00eda, og spur\u00f0u hann, og hann sag\u00f0i \u00feeim s\u00f6guna l\u00edkt \u00feeim or\u00f0um, sem k\u00f3ngurinn haf\u00f0i bo\u00f0i\u00f0 honum. \u00de\u00e1 \u00fe\u00f6g\u00f0u \u00feeir, og slepptu honum; \u00fev\u00ed ekki var \u00feetta or\u00f0i\u00f0 hlj\u00f3\u00f0b\u00e6rt.<a name=\"28\"><span class=\"versanumer\">28<\/span><\/a>Og svo var Jerem\u00edas \u00ed forgar\u00f0i var\u00f0haldsins, allt a\u00f0 \u00feeim degi \u00fe\u00e1 Jer\u00fasalem var tekin.<\/p>\n<div class=\"footnoteVidey\"><\/div>\n","protected":false},"excerpt":{"rendered":"<p>Um hrakninga Jerem\u00eda. 1Og \u00feeir heyr\u00f0u, Sefatia, Mattansson, og Gedalia Pash\u00farsson, og Jukal, Selemiason, og Pash\u00far, Malkiason, \u00feau or\u00f0, sem Jerem\u00edas tala\u00f0i vi\u00f0 f\u00f3lki\u00f0, \u00fe\u00e1 hann m\u00e6lti:2svo segir Drottinn: hv\u00f6r sem \u00ed \u00feessum sta\u00f0 dvelur, mun deyja fyrir sver\u00f0i og hungri og dreps\u00f3tt; en hv\u00f6r sem fer \u00far sta\u00f0num, til Kaldeumanna, mun lifa, og honum mun s\u00e1l hans vera herfang, a\u00f0 hann lifi.3Svo segir Drottinn: \u00feessi sta\u00f0ur ver\u00f0ur gefinn \u00ed h\u00f6nd her konungsins af Babel og hann mun vinna hann.4\u00de\u00e1 s\u00f6g\u00f0u h\u00f6f\u00f0ingjarnir vi\u00f0 k\u00f3nginn: \u00feessi ma\u00f0ur s\u00e9 \u00fe\u00f3 deyddur! \u00fev\u00ed me\u00f0 \u00feessu gj\u00f6rir hann linar hendur str\u00ed\u00f0sf\u00f3lksins, sem eftir er <a href=\"https:\/\/biblian.is\/videy\/jeremia-38-kafli\/\"> [&#8230;]<\/a><\/p>\n","protected":false},"author":1,"featured_media":0,"parent":0,"menu_order":0,"comment_status":"open","ping_status":"open","template":"bibliukaflar.php","meta":{"footnotes":""},"class_list":["post-21632","page","type-page","status-publish","hentry"],"_links":{"self":[{"href":"https:\/\/biblian.is\/videy\/wp-json\/wp\/v2\/pages\/21632","targetHints":{"allow":["GET"]}}],"collection":[{"href":"https:\/\/biblian.is\/videy\/wp-json\/wp\/v2\/pages"}],"about":[{"href":"https:\/\/biblian.is\/videy\/wp-json\/wp\/v2\/types\/page"}],"author":[{"embeddable":true,"href":"https:\/\/biblian.is\/videy\/wp-json\/wp\/v2\/users\/1"}],"replies":[{"embeddable":true,"href":"https:\/\/biblian.is\/videy\/wp-json\/wp\/v2\/comments?post=21632"}],"version-history":[{"count":0,"href":"https:\/\/biblian.is\/videy\/wp-json\/wp\/v2\/pages\/21632\/revisions"}],"wp:attachment":[{"href":"https:\/\/biblian.is\/videy\/wp-json\/wp\/v2\/media?parent=21632"}],"curies":[{"name":"wp","href":"https:\/\/api.w.org\/{rel}","templated":true}]}}