{"id":21631,"date":"2018-01-02T01:03:08","date_gmt":"2018-01-02T01:03:08","guid":{"rendered":"http:\/\/biblian.is\/videy\/jeremia-37-kafli\/"},"modified":"2018-01-02T01:03:08","modified_gmt":"2018-01-02T01:03:08","slug":"jeremia-37-kafli","status":"publish","type":"page","link":"https:\/\/biblian.is\/videy\/jeremia-37-kafli\/","title":{"rendered":"Jerem\u00eda 37. kafli"},"content":{"rendered":"<div class=\"fyrirsognVidey\">Jerem\u00edas er settur \u00ed var\u00f0hald.<\/div>\n<p><a name=\"1\"><span class=\"versanumer\">1<\/span><\/a>Og Sedek\u00edas, sonur J\u00f3sia, var\u00f0 konungur \u00ed sta\u00f0inn fyrir Jekon\u00eda J\u00f3jakimsson, hv\u00f6rn Neb\u00fakadnesar, k\u00f3ngurinn af Babel, gj\u00f6r\u00f0i a\u00f0 k\u00f3ngi \u00ed J\u00fadalandi.<a name=\"2\"><span class=\"versanumer\">2<\/span><\/a>Og hv\u00f6rki hann, n\u00e9 hans \u00fe\u00e9narar, n\u00e9 landsf\u00f3lki\u00f0, gegndi or\u00f0um Drottins, sem hann tala\u00f0i fyrir munn Jerem\u00eda sp\u00e1manns.<br \/><a name=\"3\"><span class=\"versanumer\">3<\/span><\/a>Og Sedek\u00eda k\u00f3ngur sendi J\u00fakal Selem\u00edason og Sefan\u00eda, Maase\u00edason, prestinn, til Jerem\u00eda sp\u00e1manns, og sag\u00f0i: bi\u00f0 \u00fe\u00f3 Drottin fyrir oss, vorn Gu\u00f0!<a name=\"4\"><span class=\"versanumer\">4<\/span><\/a>En Jerem\u00edas gekk <span class='VideyAth'>(fr\u00ed)<\/span> \u00fat og inn me\u00f0al f\u00f3lksins, og menn h\u00f6f\u00f0u ei sett hann \u00ed fangelsi.<a name=\"5\"><span class=\"versanumer\">5<\/span><\/a>Og fara\u00f3s her var lag\u00f0ur af sta\u00f0 \u00far Egyptalandi, og Kaldeumenn, sem s\u00e1tu um Jer\u00fasalem, h\u00f6f\u00f0u fengi\u00f0 spurn af \u00feeim, og voru farnir fr\u00e1 Jer\u00fasalem.<br \/><a name=\"6\"><span class=\"versanumer\">6<\/span><\/a>\u00de\u00e1 kom or\u00f0 Drottins til Jerem\u00eda sp\u00e1manns og sag\u00f0i:<a name=\"7\"><span class=\"versanumer\">7<\/span><\/a>svo segir Drottinn, \u00cdsraels Gu\u00f0: seg \u00fe\u00fa svo J\u00fadak\u00f3ngi, sem sendi y\u00f0ur til m\u00edn, a\u00f0 spyrja mig: sj\u00e1! herli\u00f0 fara\u00f3s, sem \u00fat er fari\u00f0 y\u00f0ur til hj\u00e1lpar, mun aftur hverfa \u00ed sitt land, Egyptaland.<a name=\"8\"><span class=\"versanumer\">8<\/span><\/a>Og Kaldeumenn munu aftur koma, og herja \u00e1 \u00feennan sta\u00f0, og vinna hann, og brenna me\u00f0 eldi.<a name=\"9\"><span class=\"versanumer\">9<\/span><\/a>Svo segir Drottinn: sv\u00edki\u00f0 ekki sj\u00e1lfa y\u00f0ur, a\u00f0 \u00fe\u00e9r \u00e6tli\u00f0, Kaldeumenn fara \u00ed burtu fr\u00e1 oss, \u00fev\u00ed \u00feeir munu ekki fara burt.<a name=\"10\"><span class=\"versanumer\">10<\/span><\/a>\u00dev\u00ed \u00fe\u00f3 \u00fe\u00e9r felldu\u00f0 allan her Kaldeumanna, sem vi\u00f0 y\u00f0ur str\u00ed\u00f0ir, og me\u00f0al \u00feeirra v\u00e6ru <span class='VideyAth'>(a\u00f0eins)<\/span> eftir \u00ed gegn lag\u00f0ir menn hv\u00f6r einn \u00ed s\u00ednu tjaldi, svo mundu \u00feeir uppr\u00edsa og brenna \u00feennan sta\u00f0 me\u00f0 eldi.<a name=\"11\"><span class=\"versanumer\">11<\/span><\/a>Og \u00fea\u00f0 ske\u00f0i, \u00fe\u00e1 Kaldeumanna her f\u00f3r fr\u00e1 Jer\u00fasalem undan her fara\u00f3s,<a name=\"12\"><span class=\"versanumer\">12<\/span><\/a>\u00fe\u00e1 gekk Jerem\u00edas burt \u00far Jer\u00fasalem, til \u00feess a\u00f0 fer\u00f0ast \u00ed Benjam\u00ednsland, og f\u00e1 \u00fea\u00f0an s\u00edna hlutdeild, me\u00f0al f\u00f3lksins.<a name=\"13\"><span class=\"versanumer\">13<\/span><\/a>Og hann var \u00ed Benjam\u00ednshli\u00f0i, og \u00fear var l\u00edka umsj\u00f3narma\u00f0ur nokkur, a\u00f0 nafni Jer\u00eda, sonur Selem\u00eda, sonar Hanan\u00eda: og hann l\u00e9t handtaka Jerem\u00eda sp\u00e1mann, og haf\u00f0i \u00feessi umm\u00e6li: \u00fe\u00fa \u00e6tlar a\u00f0 strj\u00faka til Kaldeumanna.<a name=\"14\"><span class=\"versanumer\">14<\/span><\/a>Og Jerem\u00edas svara\u00f0i: \u00fea\u00f0 er ekki satt, eg \u00e6tla ekki til Kaldeumanna; en Jer\u00eda gaf \u00fev\u00ed \u00f6ngan gaum, og l\u00e9t handtaka Jerem\u00eda og f\u00e6ra hann h\u00f6f\u00f0ingjunum.<a name=\"15\"><span class=\"versanumer\">15<\/span><\/a>Og h\u00f6f\u00f0ingjarnir ur\u00f0u gramir vi\u00f0 Jerem\u00eda, og b\u00f6r\u00f0u hann og settu hann \u00ed var\u00f0hald, \u00ed h\u00fasi J\u00f3natans, skrifarans; \u00fev\u00ed \u00feeir h\u00f6f\u00f0u gj\u00f6rt \u00fea\u00f0 a\u00f0 fangelsi. <br \/><a name=\"16\"><span class=\"versanumer\">16<\/span><\/a>En sem Jerem\u00edas var kominn \u00ed d\u00fdflissuna og \u00ed fangah\u00fasi\u00f0, og haf\u00f0i seti\u00f0 \u00fear \u00ed langan t\u00edma;<a name=\"17\"><span class=\"versanumer\">17<\/span><\/a>\u00fe\u00e1 sendi k\u00f3ngur Sedek\u00edas og l\u00e9t s\u00e6kja hann. Og k\u00f3ngurinn spur\u00f0i hann \u00ed s\u00ednu h\u00fasi heimuglega og m\u00e6lti: Er til or\u00f0 fr\u00e1 Drottni? og Jerem\u00edas sag\u00f0i: \u00fea\u00f0 er! og m\u00e6lti: \u00fe\u00fa munt gefinn ver\u00f0a \u00ed h\u00f6nd k\u00f3ngsins af Babel.<a name=\"18\"><span class=\"versanumer\">18<\/span><\/a>Og Jerem\u00edas sag\u00f0i vi\u00f0 Sedek\u00eda k\u00f3ng: hva\u00f0 hefi eg syndga\u00f0 m\u00f3ti \u00fe\u00e9r og m\u00f3ti \u00fe\u00ednum \u00fe\u00e9nurum og m\u00f3ti \u00feessu f\u00f3lki, a\u00f0 \u00fe\u00e9r hafi\u00f0 sett mig \u00ed fangelsi?<a name=\"19\"><span class=\"versanumer\">19<\/span><\/a>Og hvar eru y\u00f0ar sp\u00e1menn, sem sp\u00e1\u00f0u og s\u00f6g\u00f0u: ekki mun k\u00f3ngurinn af Babel koma m\u00f3ti y\u00f0ur, og \u00e1 m\u00f3ti \u00feessu landi?<a name=\"20\"><span class=\"versanumer\">20<\/span><\/a>Og heyr n\u00fa samt, minn herra, konungur! L\u00e1t mig au\u00f0mj\u00faklega gr\u00e1tb\u00e6na \u00feig, flyt mig ekki aftur \u00ed h\u00fas J\u00f3natans, skrifara, a\u00f0 eg ekki deyi \u00fear!<a name=\"21\"><span class=\"versanumer\">21<\/span><\/a>\u00de\u00e1 bau\u00f0 Sedek\u00edas, a\u00f0 menn skyldu l\u00e1ta Jerem\u00eda, \u00ed forgar\u00f0 var\u00f0haldsins, og \u00feeir g\u00e1fu honum daglega brau\u00f0 fr\u00e1 bakarastr\u00e6tinu, \u00feanga\u00f0 til allt brau\u00f0 var uppgengi\u00f0 \u00ed borginni. Og svo var Jerem\u00edas \u00ed forgar\u00f0i var\u00f0haldsins.<\/p>\n<div class=\"footnoteVidey\"><\/div>\n","protected":false},"excerpt":{"rendered":"<p>Jerem\u00edas er settur \u00ed var\u00f0hald. 1Og Sedek\u00edas, sonur J\u00f3sia, var\u00f0 konungur \u00ed sta\u00f0inn fyrir Jekon\u00eda J\u00f3jakimsson, hv\u00f6rn Neb\u00fakadnesar, k\u00f3ngurinn af Babel, gj\u00f6r\u00f0i a\u00f0 k\u00f3ngi \u00ed J\u00fadalandi.2Og hv\u00f6rki hann, n\u00e9 hans \u00fe\u00e9narar, n\u00e9 landsf\u00f3lki\u00f0, gegndi or\u00f0um Drottins, sem hann tala\u00f0i fyrir munn Jerem\u00eda sp\u00e1manns.3Og Sedek\u00eda k\u00f3ngur sendi J\u00fakal Selem\u00edason og Sefan\u00eda, Maase\u00edason, prestinn, til Jerem\u00eda sp\u00e1manns, og sag\u00f0i: bi\u00f0 \u00fe\u00f3 Drottin fyrir oss, vorn Gu\u00f0!4En Jerem\u00edas gekk (fr\u00ed) \u00fat og inn me\u00f0al f\u00f3lksins, og menn h\u00f6f\u00f0u ei sett hann \u00ed fangelsi.5Og fara\u00f3s her var lag\u00f0ur af sta\u00f0 \u00far Egyptalandi, og Kaldeumenn, sem s\u00e1tu um Jer\u00fasalem, h\u00f6f\u00f0u fengi\u00f0 spurn af \u00feeim, og <a href=\"https:\/\/biblian.is\/videy\/jeremia-37-kafli\/\"> [&#8230;]<\/a><\/p>\n","protected":false},"author":1,"featured_media":0,"parent":0,"menu_order":0,"comment_status":"open","ping_status":"open","template":"bibliukaflar.php","meta":{"footnotes":""},"class_list":["post-21631","page","type-page","status-publish","hentry"],"_links":{"self":[{"href":"https:\/\/biblian.is\/videy\/wp-json\/wp\/v2\/pages\/21631","targetHints":{"allow":["GET"]}}],"collection":[{"href":"https:\/\/biblian.is\/videy\/wp-json\/wp\/v2\/pages"}],"about":[{"href":"https:\/\/biblian.is\/videy\/wp-json\/wp\/v2\/types\/page"}],"author":[{"embeddable":true,"href":"https:\/\/biblian.is\/videy\/wp-json\/wp\/v2\/users\/1"}],"replies":[{"embeddable":true,"href":"https:\/\/biblian.is\/videy\/wp-json\/wp\/v2\/comments?post=21631"}],"version-history":[{"count":0,"href":"https:\/\/biblian.is\/videy\/wp-json\/wp\/v2\/pages\/21631\/revisions"}],"wp:attachment":[{"href":"https:\/\/biblian.is\/videy\/wp-json\/wp\/v2\/media?parent=21631"}],"curies":[{"name":"wp","href":"https:\/\/api.w.org\/{rel}","templated":true}]}}