{"id":21630,"date":"2018-01-02T01:03:08","date_gmt":"2018-01-02T01:03:08","guid":{"rendered":"http:\/\/biblian.is\/videy\/jeremia-36-kafli\/"},"modified":"2018-01-02T01:03:08","modified_gmt":"2018-01-02T01:03:08","slug":"jeremia-36-kafli","status":"publish","type":"page","link":"https:\/\/biblian.is\/videy\/jeremia-36-kafli\/","title":{"rendered":"Jerem\u00eda 36. kafli"},"content":{"rendered":"<div class=\"fyrirsognVidey\">Jerem\u00eda sp\u00e1d\u00f3mar uppskrifa\u00f0ir, lesnir, brenndir og aftur uppskrifa\u00f0ir.<\/div>\n<p><a name=\"1\"><span class=\"versanumer\">1<\/span><\/a>\u00c1 fj\u00f3r\u00f0a \u00e1ri J\u00f3jakims, J\u00f3siasonar, J\u00fadak\u00f3ngs, kom \u00feetta or\u00f0 til Jerem\u00eda, fr\u00e1 Drottni, er hann sag\u00f0i:<a name=\"2\"><span class=\"versanumer\">2<\/span><\/a>tak \u00fe\u00e9r b\u00f3kfell, og skrifa \u00fear \u00e1 \u00f6ll \u00feau or\u00f0 sem eg hefi vi\u00f0 \u00feig tala\u00f0, vi\u00f0v\u00edkjandi \u00cdsrael og J\u00fada og \u00f6llum \u00fej\u00f3\u00f0um, fr\u00e1 \u00feeim t\u00edma, \u00fe\u00e1 eg <span class='VideyAth'>(fyrst)<\/span> tala\u00f0i vi\u00f0 \u00feig, fr\u00e1 J\u00f3sia t\u00edma, allt til \u00feessa dags.<a name=\"3\"><span class=\"versanumer\">3<\/span><\/a>L\u00edklega mun J\u00fada h\u00fas heyra alla \u00fe\u00e1 \u00f3g\u00e6fu sem eg hef \u00ed hug a\u00f0 senda \u00feeim, svo \u00feeir sn\u00fai s\u00e9r; hv\u00f6r og einn fr\u00e1 s\u00ednum vondu vegum, svo a\u00f0 eg fyrirgefi \u00feeirra misgj\u00f6r\u00f0, og \u00feeirra synd.<br \/><a name=\"4\"><span class=\"versanumer\">4<\/span><\/a>\u00de\u00e1 kalla\u00f0i Jerem\u00eda Baruk, Ner\u00edason, og Bar\u00fak skrifa\u00f0i af munni Jerem\u00eda \u00f6ll \u00feau or\u00f0 Drottins, sem hann haf\u00f0i tala\u00f0 til hans, \u00e1 b\u00f3kfelli\u00f0.<a name=\"5\"><span class=\"versanumer\">5<\/span><\/a>Og Jerem\u00eda bau\u00f0 Baruk, og m\u00e6lti: m\u00e9r er haldi\u00f0 \u00ed h\u00fasi, eg get ekki fari\u00f0 \u00ed Drottins h\u00fas:<a name=\"6\"><span class=\"versanumer\">6<\/span><\/a>far \u00fe\u00fa og les af \u00feessu b\u00f3kfelli, \u00fea\u00f0 sem \u00fe\u00fa hefir skrifa\u00f0 af m\u00ednum munni, or\u00f0 Drottins, \u00e1 h\u00e1t\u00ed\u00f0isdeginum; og les \u00feau l\u00edka fyrir eyrum allra af J\u00fada, sem \u00far \u00feeirra st\u00f6\u00f0um koma.<a name=\"7\"><span class=\"versanumer\">7<\/span><\/a>L\u00edklega au\u00f0m\u00fdkja \u00feeir sig me\u00f0 gr\u00e1tbei\u00f0ni fyrir Drottni, og sn\u00faa s\u00e9r, hv\u00f6r og einn fr\u00e1 s\u00ednum vondu vegum; \u00fev\u00ed mikil er rei\u00f0in og grimmdin, sem Drottinn hefir h\u00f3ta\u00f0 \u00feessu f\u00f3lki.<a name=\"8\"><span class=\"versanumer\">8<\/span><\/a>Og Baruk Ner\u00edason gj\u00f6r\u00f0i, \u00f6ldungis eins og Jerem\u00edas sp\u00e1ma\u00f0ur bau\u00f0, a\u00f0 lesa \u00ed b\u00f3kinni, Drottins or\u00f0 \u00ed Drottins h\u00fasi.<br \/><a name=\"9\"><span class=\"versanumer\">9<\/span><\/a>Og \u00fea\u00f0 ske\u00f0i \u00e1 5ta \u00e1ri J\u00f3jakims J\u00f3siasonar J\u00fadak\u00f3ngs, \u00ed 9da m\u00e1nu\u00f0i, a\u00f0 \u00feeir kunngj\u00f6r\u00f0u f\u00f6stu fyrir Drottni, allt f\u00f3lki\u00f0 \u00ed Jer\u00fasalem, og allt f\u00f3lki\u00f0, sem kom til Jer\u00fasalem \u00far J\u00fada st\u00f6\u00f0um.<a name=\"10\"><span class=\"versanumer\">10<\/span><\/a>\u00de\u00e1 las Bar\u00fak \u00ed b\u00f3kinni or\u00f0 Jerem\u00eda \u00ed Drottins h\u00fasi, \u00ed st\u00faku Gemar\u00eda Safanssonar, skrifarans, \u00ed \u00feeim efra forgar\u00f0i, \u00ed inngangi \u00feeirra n\u00fdju dyra Drottins h\u00fass, fyrir eyrum alls f\u00f3lksins.<a name=\"11\"><span class=\"versanumer\">11<\/span><\/a>Og sem Mika Gemar\u00edason, Safanssonar, heyr\u00f0i \u00f6ll Drottins or\u00f0 \u00ed b\u00f3kinni:<a name=\"12\"><span class=\"versanumer\">12<\/span><\/a>svo gekk hann \u00ed k\u00f3ngsins h\u00fas, \u00ed stofu skrifarans, og sj\u00e1! \u00fear s\u00e1tu allir h\u00f6f\u00f0ingjarnir, Elisama, skrifarinn, og Delaja, sonur Semaja, og Elnatan, Akborsson, og Gemaria, Safansson, og Sedek\u00eda Hanan\u00edason, allir h\u00f6f\u00f0ingjarnir.<a name=\"13\"><span class=\"versanumer\">13<\/span><\/a>Og Mika sag\u00f0i \u00feeim \u00f6ll \u00feau or\u00f0, sem hann haf\u00f0i heyrt, eins og Bar\u00fak haf\u00f0i lesi\u00f0 \u00feau \u00ed b\u00f3kinni fyrir f\u00f3lksins eyrum.<a name=\"14\"><span class=\"versanumer\">14<\/span><\/a>\u00de\u00e1 sendu allir h\u00f6f\u00f0ingjarnir til Bar\u00faks Jehudi, sonar Nethan\u00eda, sem var son Selemaja, sonar K\u00faskis, og s\u00f6g\u00f0u: \u00fe\u00e1 b\u00f3k, \u00ed hv\u00f6rri \u00fe\u00fa last fyrir f\u00f3lksins eyrum, skaltu taka \u00fe\u00e9r \u00ed h\u00f6nd og koma! og svo t\u00f3k Bar\u00fak Ner\u00edason b\u00f3kina s\u00e9r \u00ed h\u00f6nd, og kom til \u00feeirra.<a name=\"15\"><span class=\"versanumer\">15<\/span><\/a>Og \u00feeir s\u00f6g\u00f0u vi\u00f0 hann: set \u00feig, og les fyrir vorum eyrum! Og Bar\u00fak las fyrir \u00feeirra eyrum.<a name=\"16\"><span class=\"versanumer\">16<\/span><\/a>\u00de\u00e1 ske\u00f0i \u00fea\u00f0, er \u00feeir heyr\u00f0u \u00f6ll or\u00f0in, <span class='VideyAth'>(litu \u00feeir)<\/span> skelka\u00f0ir hv\u00f6r til annars, og s\u00f6g\u00f0u vi\u00f0 Bar\u00fak: \u00feetta allt ver\u00f0um v\u00e9r a\u00f0 l\u00e1ta k\u00f3nginn vita.<a name=\"17\"><span class=\"versanumer\">17<\/span><\/a>Og Bar\u00fak spur\u00f0u \u00feeir og s\u00f6g\u00f0u: seg oss \u00fe\u00f3, hv\u00f6rnig hefir \u00fe\u00fa skrifa\u00f0 \u00f6ll \u00feessi or\u00f0 af hans munni?<a name=\"18\"><span class=\"versanumer\">18<\/span><\/a>Og Bar\u00fak sag\u00f0i til \u00feeirra: me\u00f0 s\u00ednum munni sag\u00f0i hann m\u00e9r \u00f6ll \u00feessi or\u00f0, og eg skrifa\u00f0i \u00feau \u00ed \u00feessa b\u00f3k me\u00f0 bleki.<a name=\"19\"><span class=\"versanumer\">19<\/span><\/a>\u00de\u00e1 s\u00f6g\u00f0u h\u00f6f\u00f0ingjarnir vi\u00f0 Bar\u00fak: far, og fel \u00feig, samt Jerem\u00eda, svo enginn viti hvar \u00fei\u00f0 eru\u00f0.<br \/><a name=\"20\"><span class=\"versanumer\">20<\/span><\/a>Og \u00feeir gengu til k\u00f3ngsins \u00ed forgar\u00f0inn, en b\u00f3kina l\u00e9tu \u00feeir vera \u00ed stofu El\u00edsama, skrifarans, og l\u00e9tu konung vita allt \u00feetta.<a name=\"21\"><span class=\"versanumer\">21<\/span><\/a>\u00de\u00e1 sendi k\u00f3ngurinn Jehudi, a\u00f0 s\u00e6kja b\u00f3kina, og hann s\u00f3tti hana \u00ed stofu El\u00edsama, skrifarans, og Jehudi las hana fyrir eyrum k\u00f3ngsins, og fyrir eyrum allra h\u00f6f\u00f0ingjanna, sem st\u00f3\u00f0u hj\u00e1 k\u00f3nginum.<a name=\"22\"><span class=\"versanumer\">22<\/span><\/a>En k\u00f3ngurinn bj\u00f3 \u00ed vetrarsalnum \u00ed 9da m\u00e1nu\u00f0i, og gl\u00e6\u00f0ur brunnu frammi fyrir honum.<a name=\"23\"><span class=\"versanumer\">23<\/span><\/a>En sem Jehudi haf\u00f0i lesi\u00f0 \u00ferj\u00fa e\u00f0a fj\u00f6gur bl\u00f6\u00f0, skar hann <span class='VideyAth'>(k\u00f3ngurinn)<\/span> \u00feau \u00ed sundur, me\u00f0 pennahn\u00edf, og kasta\u00f0i \u00feeim \u00e1 eldinn \u00ed gl\u00f3\u00f0arkerinu, \u00feanga\u00f0 til \u00f6ll b\u00f3kin var brunnin \u00e1 eldi gl\u00f3\u00f0arkersins.<a name=\"24\"><span class=\"versanumer\">24<\/span><\/a>Og hv\u00f6rki skelka\u00f0ist k\u00f3ngurinn n\u00e9 hans \u00fe\u00e9narar, sem heyr\u00f0u \u00f6ll \u00feessi or\u00f0, og ekki heldur rifu \u00feeir s\u00edn kl\u00e6\u00f0i.<a name=\"25\"><span class=\"versanumer\">25<\/span><\/a>L\u00edka haf\u00f0i Elnatan og Delaja og Gemar\u00eda be\u00f0i\u00f0 k\u00f3nginn um a\u00f0 brenna ekki b\u00f3kina, en hann gaf \u00feeim engan gaum.<a name=\"26\"><span class=\"versanumer\">26<\/span><\/a>Og k\u00f3ngurinn bau\u00f0 Jerameel, syni Hamaleks, og Seraja, syni Asr\u00edels, og Selam\u00eda, syni Abdeels, a\u00f0 s\u00e6kja Bar\u00fak, skrifarann, og Jerem\u00eda sp\u00e1mann. En Drottinn f\u00f3l \u00fe\u00e1.<a name=\"27\"><span class=\"versanumer\">27<\/span><\/a>Og or\u00f0 Drottins kom til Jerem\u00eda, eftir a\u00f0 k\u00f3ngur haf\u00f0i brennt b\u00f3kina, og \u00feau or\u00f0, sem Bar\u00fak haf\u00f0i skrifa\u00f0 af hans munni, og sag\u00f0i:<a name=\"28\"><span class=\"versanumer\">28<\/span><\/a>tak \u00fe\u00e9r a\u00f0ra b\u00f3k aftur, og skrifa \u00fear \u00ed \u00f6ll \u00feau fyrri or\u00f0, sem st\u00f3\u00f0u \u00ed fyrri b\u00f3kinni, \u00feeirri sem J\u00f3jakim, J\u00fadak\u00f3ngur brenndi.<a name=\"29\"><span class=\"versanumer\">29<\/span><\/a>Og vi\u00f0v\u00edkjandi J\u00f3jakim, J\u00fadak\u00f3ngi, skaltu segja: svo segir Drottinn: \u00fe\u00fa hefir brennt b\u00f3kina, og haft \u00feessi umm\u00e6li: \u00fev\u00ed hefir \u00fe\u00fa \u00ed hana skrifa\u00f0: k\u00f3ngurinn af Babel mun koma og ey\u00f0a \u00feetta land og afm\u00e1 \u00far \u00fev\u00ed menn og f\u00e9na\u00f0?<a name=\"30\"><span class=\"versanumer\">30<\/span><\/a>\u00dev\u00ed segir Drottinn svo, vi\u00f0v\u00edkjandi J\u00f3jakim J\u00fadak\u00f3ngi: Hann skal engan <span class='VideyAth'>(son)<\/span> hafa sem sitji \u00ed Dav\u00ed\u00f0s h\u00e1s\u00e6ti, og hans l\u00edkami skal liggja \u00fatkasta\u00f0ur fyrir hitanum \u00e1 daginn, og kuldanum \u00e1 n\u00f3ttunni.<a name=\"31\"><span class=\"versanumer\">31<\/span><\/a>Og eg skal refsa honum, og hans ni\u00f0jum, og hans \u00fej\u00f3num fyrir \u00feeirra misgj\u00f6r\u00f0, og lei\u00f0a yfir \u00fe\u00e1 og yfir Jer\u00fasalems innb\u00faa, og yfir J\u00fadamenn, alla \u00fe\u00e1 \u00f3g\u00e6fu, sem eg hefi h\u00f3ta\u00f0 \u00feeim, en \u00feeir heyr\u00f0u ekki.<a name=\"32\"><span class=\"versanumer\">32<\/span><\/a>Og Jerem\u00edas t\u00f3k a\u00f0ra b\u00f3k, og f\u00e9kk hana Bar\u00fak, syni Ner\u00eda, skrifaranum, og hann skrifa\u00f0i \u00ed hana af munni Jerem\u00eda, \u00f6ll or\u00f0 b\u00f3karinnar, sem J\u00f3jakim, J\u00fadak\u00f3ngur, brenndi \u00e1 eldi; og \u00fear a\u00f0 auki var m\u00f6rgum or\u00f0um b\u00e6tt vi\u00f0, l\u00edkum hinum.<\/p>\n<div class=\"footnoteVidey\"><\/div>\n","protected":false},"excerpt":{"rendered":"<p>Jerem\u00eda sp\u00e1d\u00f3mar uppskrifa\u00f0ir, lesnir, brenndir og aftur uppskrifa\u00f0ir. 1\u00c1 fj\u00f3r\u00f0a \u00e1ri J\u00f3jakims, J\u00f3siasonar, J\u00fadak\u00f3ngs, kom \u00feetta or\u00f0 til Jerem\u00eda, fr\u00e1 Drottni, er hann sag\u00f0i:2tak \u00fe\u00e9r b\u00f3kfell, og skrifa \u00fear \u00e1 \u00f6ll \u00feau or\u00f0 sem eg hefi vi\u00f0 \u00feig tala\u00f0, vi\u00f0v\u00edkjandi \u00cdsrael og J\u00fada og \u00f6llum \u00fej\u00f3\u00f0um, fr\u00e1 \u00feeim t\u00edma, \u00fe\u00e1 eg (fyrst) tala\u00f0i vi\u00f0 \u00feig, fr\u00e1 J\u00f3sia t\u00edma, allt til \u00feessa dags.3L\u00edklega mun J\u00fada h\u00fas heyra alla \u00fe\u00e1 \u00f3g\u00e6fu sem eg hef \u00ed hug a\u00f0 senda \u00feeim, svo \u00feeir sn\u00fai s\u00e9r; hv\u00f6r og einn fr\u00e1 s\u00ednum vondu vegum, svo a\u00f0 eg fyrirgefi \u00feeirra misgj\u00f6r\u00f0, og \u00feeirra synd.4\u00de\u00e1 kalla\u00f0i Jerem\u00eda Baruk, <a href=\"https:\/\/biblian.is\/videy\/jeremia-36-kafli\/\"> [&#8230;]<\/a><\/p>\n","protected":false},"author":1,"featured_media":0,"parent":0,"menu_order":0,"comment_status":"open","ping_status":"open","template":"bibliukaflar.php","meta":{"footnotes":""},"class_list":["post-21630","page","type-page","status-publish","hentry"],"_links":{"self":[{"href":"https:\/\/biblian.is\/videy\/wp-json\/wp\/v2\/pages\/21630","targetHints":{"allow":["GET"]}}],"collection":[{"href":"https:\/\/biblian.is\/videy\/wp-json\/wp\/v2\/pages"}],"about":[{"href":"https:\/\/biblian.is\/videy\/wp-json\/wp\/v2\/types\/page"}],"author":[{"embeddable":true,"href":"https:\/\/biblian.is\/videy\/wp-json\/wp\/v2\/users\/1"}],"replies":[{"embeddable":true,"href":"https:\/\/biblian.is\/videy\/wp-json\/wp\/v2\/comments?post=21630"}],"version-history":[{"count":0,"href":"https:\/\/biblian.is\/videy\/wp-json\/wp\/v2\/pages\/21630\/revisions"}],"wp:attachment":[{"href":"https:\/\/biblian.is\/videy\/wp-json\/wp\/v2\/media?parent=21630"}],"curies":[{"name":"wp","href":"https:\/\/api.w.org\/{rel}","templated":true}]}}