{"id":21628,"date":"2018-01-02T01:03:01","date_gmt":"2018-01-02T01:03:01","guid":{"rendered":"http:\/\/biblian.is\/videy\/jeremia-34-kafli\/"},"modified":"2018-01-02T01:03:01","modified_gmt":"2018-01-02T01:03:01","slug":"jeremia-34-kafli","status":"publish","type":"page","link":"https:\/\/biblian.is\/videy\/jeremia-34-kafli\/","title":{"rendered":"Jerem\u00eda 34. kafli"},"content":{"rendered":"<div class=\"fyrirsognVidey\">Sp\u00e1d\u00f3mur um Sedek\u00edas. Um lausn \u00fer\u00e6la og amb\u00e1tta.<\/div>\n<p><a name=\"1\"><span class=\"versanumer\">1<\/span><\/a>\u00dea\u00f0 or\u00f0, sem kom til Jerem\u00eda fr\u00e1 Drottni, \u00feegar Neb\u00fakadnesar, k\u00f3ngur \u00ed Babel, og allur hans her og \u00f6ll k\u00f3ngsr\u00edki landsins, hans herrad\u00e6mis, og allar \u00fej\u00f3\u00f0ir herju\u00f0u \u00e1 Jer\u00fasalem og kringumliggjandi sta\u00f0i, \u00fe\u00e1 hann sag\u00f0i:<a name=\"2\"><span class=\"versanumer\">2<\/span><\/a>Svo segir Drottinn, \u00cdsraels Gu\u00f0: far og seg til Sedek\u00eda, J\u00fadak\u00f3ngs, og m\u00e6l til hans: svo segir Drottinn: sj\u00e1! eg gef \u00feessa borg \u00ed h\u00f6nd k\u00f3ngsins af Babel, a\u00f0 hann brenni hana me\u00f0 eldi.<a name=\"3\"><span class=\"versanumer\">3<\/span><\/a>Og \u00fe\u00fa munt ei komast undan hans h\u00f6nd, heldur munt \u00fe\u00fa ver\u00f0a gripinn, og \u00ed hans h\u00f6nd gefinn, og \u00fe\u00edn augu munu sj\u00e1 augu k\u00f3ngsins af Babel, og hans munnur mun tala vi\u00f0 \u00feinn munn, og til Babel muntu koma.<a name=\"4\"><span class=\"versanumer\">4<\/span><\/a>Heyr samt or\u00f0 Drottins, Sedek\u00edas, J\u00fadak\u00f3ngur! svo segir Drottinn um \u00feig: \u00fe\u00fa skalt ei deyja fyrir sver\u00f0i,<a name=\"5\"><span class=\"versanumer\">5<\/span><\/a>\u00ed fri\u00f0i muntu deyja; og b\u00e1l munu menn gj\u00f6ra \u00fe\u00e9r, l\u00edkt b\u00e1li \u00feinna fe\u00f0ra, og menn munu yfir \u00fe\u00e9r harma, <span class='VideyAth'>(og segja)<\/span>: \u00e6 herra! \u00fev\u00ed \u00fea\u00f0 or\u00f0 hefi eg tala\u00f0, segir Drottinn. <br \/><a name=\"6\"><span class=\"versanumer\">6<\/span><\/a>Og Jerem\u00edas, sp\u00e1ma\u00f0ur, tala\u00f0i vi\u00f0 Sedek\u00edas, J\u00fadak\u00f3ng, \u00f6ll \u00feessi or\u00f0 \u00ed Jer\u00fasalem.<a name=\"7\"><span class=\"versanumer\">7<\/span><\/a>En her k\u00f3ngsins af Babel herja\u00f0i \u00e1 Jer\u00fasalem, og \u00e1 J\u00fada sta\u00f0i, sem eftir voru or\u00f0nir, \u00e1 Lakis og Aseka, \u00fev\u00ed \u00feessir voru, sem sterkar borgir, me\u00f0al J\u00fada sta\u00f0a eftir <span class='VideyAth'>(\u00f3unnir)<\/span>.<br \/><a name=\"8\"><span class=\"versanumer\">8<\/span><\/a>\u00dea\u00f0 or\u00f0 sem kom fr\u00e1 Drottni til Jerem\u00edas, eftir a\u00f0 Sedek\u00edas haf\u00f0i gj\u00f6rt s\u00e1ttm\u00e1la vi\u00f0 allt f\u00f3lki\u00f0 \u00ed Jer\u00fasalem, a\u00f0 kunngj\u00f6ra \u00feeim frelsi,<a name=\"9\"><span class=\"versanumer\">9<\/span><\/a>a\u00f0 hv\u00f6r einn skyldi gefa frelsi \u00fer\u00e6li s\u00ednum og hv\u00f6r sinni amb\u00e1tt, hebreskum manni og hebreskri konu, og enginn Gy\u00f0ingur skyldi \u00fevinga til vinnu sinn br\u00f3\u00f0ur.<a name=\"10\"><span class=\"versanumer\">10<\/span><\/a>Og allir h\u00f6f\u00f0ingjarnir hl\u00fdddu \u00fev\u00ed, og allt f\u00f3lki\u00f0 sem inn haf\u00f0i gengi\u00f0 s\u00e1ttm\u00e1lann, a\u00f0 \u00feeir, hv\u00f6r fyrir sig, g\u00e6fu frelsi \u00fer\u00e6li s\u00ednum, og hv\u00f6r einn amb\u00e1tt sinni, og \u00fevingu\u00f0u \u00feau ei framar til \u00fej\u00f3nustu; \u00feeir hl\u00fdddu, og g\u00e1fu \u00feau laus.<a name=\"11\"><span class=\"versanumer\">11<\/span><\/a>En \u00feeim snerist hugur snemma, og heimtu aftur til s\u00edn \u00fer\u00e6lana og amb\u00e1ttirnar, sem \u00feeir h\u00f6f\u00f0u gefi\u00f0 frelsi, og \u00fej\u00e1\u00f0u, sem \u00fer\u00e6la og amb\u00e1ttir.<br \/><a name=\"12\"><span class=\"versanumer\">12<\/span><\/a>\u00de\u00e1 kom or\u00f0 Drottins til Jerem\u00eda fr\u00e1 Drottni, og sag\u00f0i:<a name=\"13\"><span class=\"versanumer\">13<\/span><\/a>svo segir Drottinn \u00cdsraels Gu\u00f0: eg gj\u00f6r\u00f0i s\u00e1ttm\u00e1la vi\u00f0 y\u00f0ar fe\u00f0ur, \u00fe\u00e1 eg flutti \u00fe\u00e1 burt \u00far Egyptalandi, \u00far \u00fer\u00e6ld\u00f3ms h\u00fasinu, og sag\u00f0i:<a name=\"14\"><span class=\"versanumer\">14<\/span><\/a>a\u00f0 sj\u00f6 \u00e1rum li\u00f0num skulu\u00f0 \u00fe\u00e9r gefa lausan, hv\u00f6r einn sinn br\u00f3\u00f0ur, \u00feann hebreska sem selur sig \u00fe\u00e9r; og hann skal \u00fej\u00f3na \u00fe\u00e9r \u00ed 6  \u00e1r, svo skaltu sleppa honum fr\u00e1 \u00fe\u00e9r. En y\u00f0ar fe\u00f0ur hl\u00fdddu m\u00e9r ekki, og l\u00f6g\u00f0u ei eyrun vi\u00f0.<a name=\"15\"><span class=\"versanumer\">15<\/span><\/a>En \u00fe\u00e9r sneru\u00f0 y\u00f0ur n\u00fdlega, og gj\u00f6r\u00f0u\u00f0 hva\u00f0 r\u00e9tt var fyrir m\u00ednum augum, svo a\u00f0 hv\u00f6r einn bo\u00f0a\u00f0i frelsi s\u00ednum n\u00e1unga, og \u00fe\u00e9r s\u00f6mdu\u00f0 s\u00e1ttm\u00e1la fyrir m\u00e9r \u00ed h\u00fasinu, sem nefnt er eftir m\u00ednu nafni.<a name=\"16\"><span class=\"versanumer\">16<\/span><\/a>En svo hafi\u00f0 \u00fe\u00e9r sn\u00fai\u00f0 y\u00f0ur aftur, og vanhelga\u00f0 mitt nafn, og \u00fe\u00e9r hafi\u00f0, hv\u00f6r og einn teki\u00f0 aftur sinn \u00fer\u00e6l og hv\u00f6r einn s\u00edna amb\u00e1tt, sem \u00fe\u00e9r h\u00f6f\u00f0u\u00f0 frelsi gefi\u00f0, eftir \u00feeirra l\u00f6ngun, og hafi\u00f0 k\u00faga\u00f0 \u00feau, til a\u00f0 vera y\u00f0ar \u00fer\u00e6lar og amb\u00e1ttir. <br \/><a name=\"17\"><span class=\"versanumer\">17<\/span><\/a>\u00dev\u00ed segir Drottinn svo: \u00fe\u00e9r hafi\u00f0 ekki hl\u00fdtt m\u00e9r a\u00f0 bo\u00f0a frelsi, hv\u00f6r einn s\u00ednum br\u00f3\u00f0ur til handa, og hv\u00f6r einn til handa s\u00ednum n\u00e1unga: sj\u00e1! eg bo\u00f0a y\u00f0ur til handa frelsi, <span class='VideyAth'>(og leyfi y\u00f0ur)<\/span> handa sver\u00f0inu, dreps\u00f3ttinni og hungrinu, og sel y\u00f0ur til mis\u00feyrmingar \u00f6llum k\u00f3ngsr\u00edkjum jar\u00f0arinnar.<a name=\"18\"><span class=\"versanumer\">18<\/span><\/a>Og eg gj\u00f6ri \u00fe\u00e1 menn, sem yfirtro\u00f0a minn s\u00e1ttm\u00e1la, hv\u00f6rn \u00feeir s\u00f6mdu fyrir m\u00ednu augliti, l\u00edka nautinu, sem \u00feeir hlutu\u00f0u \u00ed tvo parta, og gengu \u00e1 milli \u00feessara stykkja.<a name=\"19\"><span class=\"versanumer\">19<\/span><\/a>H\u00f6f\u00f0ingjana \u00ed J\u00fada og h\u00f6f\u00f0ingjana \u00ed Jer\u00fasalem, hir\u00f0mennina og prestana, og allt landsf\u00f3lki\u00f0, sem gengu \u00e1 milli stykkjanna nautsins.<a name=\"20\"><span class=\"versanumer\">20<\/span><\/a>Og eg sel \u00fe\u00e1 \u00ed h\u00f6nd \u00feeirra \u00f3vinum, og \u00ed h\u00f6nd \u00feeirra sem s\u00e6kjast eftir \u00feeirra l\u00edfi, og \u00feeirra l\u00edkamir skulu ver\u00f0a \u00e6ti himinsins fuglum og merkurinnar d\u00fdrum.<a name=\"21\"><span class=\"versanumer\">21<\/span><\/a>Og l\u00edka skal eg gefa Sedek\u00eda J\u00fadak\u00f3ng og hans h\u00f6f\u00f0ingja \u00ed h\u00f6nd \u00feeirra \u00f3vina, og \u00ed h\u00f6nd \u00feeirra sem s\u00e6kjast eftir \u00feeirra l\u00edfi, og \u00ed h\u00f6nd herli\u00f0sins k\u00f3ngsins af Babel, sem n\u00fa er fr\u00e1 y\u00f0ur fari\u00f0.<a name=\"22\"><span class=\"versanumer\">22<\/span><\/a>Sj\u00e1! eg b\u00fd\u00f0, segir Drottinn, og flyt \u00fe\u00e1 aftur til \u00feessarar borgar, a\u00f0 \u00feeir herji \u00e1 hana, og vinni hana, og brenni hana me\u00f0 eldi, og eg gj\u00f6ri J\u00fada sta\u00f0i a\u00f0 au\u00f0n, hvar enginn b\u00fdr.<\/p>\n<div class=\"footnoteVidey\"><\/div>\n","protected":false},"excerpt":{"rendered":"<p>Sp\u00e1d\u00f3mur um Sedek\u00edas. Um lausn \u00fer\u00e6la og amb\u00e1tta. 1\u00dea\u00f0 or\u00f0, sem kom til Jerem\u00eda fr\u00e1 Drottni, \u00feegar Neb\u00fakadnesar, k\u00f3ngur \u00ed Babel, og allur hans her og \u00f6ll k\u00f3ngsr\u00edki landsins, hans herrad\u00e6mis, og allar \u00fej\u00f3\u00f0ir herju\u00f0u \u00e1 Jer\u00fasalem og kringumliggjandi sta\u00f0i, \u00fe\u00e1 hann sag\u00f0i:2Svo segir Drottinn, \u00cdsraels Gu\u00f0: far og seg til Sedek\u00eda, J\u00fadak\u00f3ngs, og m\u00e6l til hans: svo segir Drottinn: sj\u00e1! eg gef \u00feessa borg \u00ed h\u00f6nd k\u00f3ngsins af Babel, a\u00f0 hann brenni hana me\u00f0 eldi.3Og \u00fe\u00fa munt ei komast undan hans h\u00f6nd, heldur munt \u00fe\u00fa ver\u00f0a gripinn, og \u00ed hans h\u00f6nd gefinn, og \u00fe\u00edn augu munu sj\u00e1 augu k\u00f3ngsins <a href=\"https:\/\/biblian.is\/videy\/jeremia-34-kafli\/\"> [&#8230;]<\/a><\/p>\n","protected":false},"author":1,"featured_media":0,"parent":0,"menu_order":0,"comment_status":"open","ping_status":"open","template":"bibliukaflar.php","meta":{"footnotes":""},"class_list":["post-21628","page","type-page","status-publish","hentry"],"_links":{"self":[{"href":"https:\/\/biblian.is\/videy\/wp-json\/wp\/v2\/pages\/21628","targetHints":{"allow":["GET"]}}],"collection":[{"href":"https:\/\/biblian.is\/videy\/wp-json\/wp\/v2\/pages"}],"about":[{"href":"https:\/\/biblian.is\/videy\/wp-json\/wp\/v2\/types\/page"}],"author":[{"embeddable":true,"href":"https:\/\/biblian.is\/videy\/wp-json\/wp\/v2\/users\/1"}],"replies":[{"embeddable":true,"href":"https:\/\/biblian.is\/videy\/wp-json\/wp\/v2\/comments?post=21628"}],"version-history":[{"count":0,"href":"https:\/\/biblian.is\/videy\/wp-json\/wp\/v2\/pages\/21628\/revisions"}],"wp:attachment":[{"href":"https:\/\/biblian.is\/videy\/wp-json\/wp\/v2\/media?parent=21628"}],"curies":[{"name":"wp","href":"https:\/\/api.w.org\/{rel}","templated":true}]}}