{"id":21627,"date":"2018-01-02T01:03:01","date_gmt":"2018-01-02T01:03:01","guid":{"rendered":"http:\/\/biblian.is\/videy\/jeremia-33-kafli\/"},"modified":"2018-01-02T01:03:01","modified_gmt":"2018-01-02T01:03:01","slug":"jeremia-33-kafli","status":"publish","type":"page","link":"https:\/\/biblian.is\/videy\/jeremia-33-kafli\/","title":{"rendered":"Jerem\u00eda 33. kafli"},"content":{"rendered":"<div class=\"fyrirsognVidey\">Fyrirheit.<\/div>\n<p><a name=\"1\"><span class=\"versanumer\">1<\/span><\/a>Og or\u00f0 Drottins kom til Jerem\u00eda \u00ed anna\u00f0 sinn, me\u00f0an hann enn n\u00fa var inniloka\u00f0ur \u00ed forgar\u00f0i myrkvastofunnar, og sag\u00f0i:<a name=\"2\"><span class=\"versanumer\">2<\/span><\/a>svo segir Drottinn, s\u00e1 sem gj\u00f6rir \u00fea\u00f0, Drottinn, s\u00e1 sem myndar \u00fea\u00f0, til a\u00f0 undirb\u00faa \u00fea\u00f0, Drottinn er hans nafn:<a name=\"3\"><span class=\"versanumer\">3<\/span><\/a>kalla \u00fe\u00fa til m\u00edn, eg skal svara \u00fe\u00e9r, og kunngj\u00f6ra \u00fe\u00e9r miki\u00f0 og \u00f3skiljanlegt sem \u00fe\u00fa veist ekki.<a name=\"4\"><span class=\"versanumer\">4<\/span><\/a>\u00dev\u00ed svo segir Drottinn, \u00cdsraels Gu\u00f0, um h\u00fas \u00feessa sta\u00f0ar, og um h\u00fas J\u00fadak\u00f3ngs, sem ni\u00f0urrifin ver\u00f0a, sakir hervirkjanna og sver\u00f0sins.<a name=\"5\"><span class=\"versanumer\">5<\/span><\/a>\u00deeir koma hinga\u00f0 inn <span class='VideyAth'>(\u00ed borgina)<\/span> til a\u00f0 str\u00ed\u00f0a vi\u00f0 Kaldeumenn, og til a\u00f0 fylla hana me\u00f0 l\u00edkum manna, sem eg felli \u00ed rei\u00f0i minni, og \u00ed minni grimmd, sakir allra \u00feeirra vonsku, byrgi eg mitt auglit fyrir \u00feessari borg:<a name=\"6\"><span class=\"versanumer\">6<\/span><\/a>Sj\u00e1! eg legg vi\u00f0 borgina <span class='VideyAth'>(hana)<\/span> umb\u00fa\u00f0ir og gr\u00e6\u00f0slume\u00f0\u00f6l, og l\u00e6kna \u00feau <span class='VideyAth'>(h\u00fasin)<\/span> og veiti \u00feeim mikinn og st\u00f6\u00f0ugan fri\u00f0.<a name=\"7\"><span class=\"versanumer\">7<\/span><\/a>Og eg flyt til baka J\u00fada herteknu, og \u00cdsraels herteknu, og byggi \u00fe\u00e1 upp aftur eins og \u00e1\u00f0ur <span class='VideyAth'>(voru \u00feeir)<\/span>.<a name=\"8\"><span class=\"versanumer\">8<\/span><\/a>Og eg hreinsa \u00fe\u00e1 af allri \u00feeirra misgj\u00f6r\u00f0, me\u00f0 hv\u00f6rri \u00feeir hafa syndga\u00f0 \u00e1 m\u00f3ti m\u00e9r, og fyrirgef allar \u00feeirra yfirtro\u00f0slur, me\u00f0 hv\u00f6rjum \u00feeir hafa syndga\u00f0 \u00e1 m\u00f3ti m\u00e9r, og fr\u00e1 m\u00e9r falli\u00f0.<a name=\"9\"><span class=\"versanumer\">9<\/span><\/a>Og <span class='VideyAth'>(Jer\u00fasalem)<\/span> mun ver\u00f0a m\u00e9r a\u00f0 fagna\u00f0arnafni, til fr\u00e6g\u00f0ar og lofs hj\u00e1 \u00f6llum \u00fej\u00f3\u00f0um jar\u00f0arinnar, sem spyrja munu allt \u00fea\u00f0 g\u00f3\u00f0a sem eg gj\u00f6ri \u00feeim, og \u00feeir skulu skelkast og hristast sakir alls \u00feess g\u00f3\u00f0a, og sakir alls \u00feess fri\u00f0ar, sem eg mun veita \u00feeim.<br \/><a name=\"10\"><span class=\"versanumer\">10<\/span><\/a>Svo segir Drottinn: h\u00e9r eftir skal heyrast \u00e1 \u00feessum sta\u00f0, um hv\u00f6rn \u00fe\u00e9r segi\u00f0: \u201eau\u00f0n er hann, f\u00f3lkslaus og f\u00e9na\u00f0arlaus\u201c, \u00ed J\u00fada st\u00f6\u00f0um og \u00e1 Jer\u00fasalems str\u00e6tum, sem n\u00fa eru ey\u00f0il\u00f6g\u00f0, f\u00f3lkslaus, innb\u00faalaus, og f\u00e9na\u00f0arlaus,<a name=\"11\"><span class=\"versanumer\">11<\/span><\/a><span class='VideyAth'>(\u00fear skal heyrast)<\/span> raust gle\u00f0innar og raust gla\u00f0v\u00e6r\u00f0arinnar, og raust br\u00fa\u00f0gumans, og raust br\u00fa\u00f0urinnar, og raust \u00feeirra sem \u00fe\u00e1 segja: \u201e\u00feakki\u00f0 Drottni herskaranna, \u00fev\u00ed g\u00f3\u00f0gjarn er Drottinn, \u00fev\u00ed eil\u00edf er hans n\u00e1\u00f0\u201c, og \u00fe\u00e1 fara \u00feeir me\u00f0 \u00feakkarf\u00f3rn til Drottins h\u00fass. \u00dev\u00ed eg skal flytja aftur til baka landsins herteknu, <span class='VideyAth'>(allt skal vera)<\/span> sem fyrri, segir Drottinn.<a name=\"12\"><span class=\"versanumer\">12<\/span><\/a>Svo segir Drottinn herskaranna: h\u00e9r eftir mun \u00e1 \u00feessum sta\u00f0, sem a\u00f0 er au\u00f0n, f\u00f3lks og f\u00e9na\u00f0arlaus, og \u00ed \u00f6llum kringum liggjandi st\u00f6\u00f0um, haglendi vera fyrir hir\u00f0ara sem l\u00e1ta \u00fear sau\u00f0i liggja;<a name=\"13\"><span class=\"versanumer\">13<\/span><\/a>\u00ed st\u00f6\u00f0um fjallsins, \u00ed st\u00f6\u00f0um l\u00e1glendisins, \u00ed st\u00f6\u00f0um su\u00f0ur fr\u00e1, \u00ed landi Benjam\u00edns, og \u00ed kringum Jer\u00fasalem, og \u00ed J\u00fada st\u00f6\u00f0um, munu h\u00e9r eftir sau\u00f0ir framhj\u00e1 renna, vi\u00f0 h\u00f6nd \u00feess sem telur <span class='VideyAth'>(\u00fe\u00e1)<\/span>, segir Drottinn.<br \/><a name=\"14\"><span class=\"versanumer\">14<\/span><\/a>Sj\u00e1! dagar koma, segir Drottinn, a\u00f0 eg efni \u00fea\u00f0 g\u00f3\u00f0a or\u00f0, sem eg hefi tala\u00f0 um \u00cdsraels h\u00fas, og um J\u00fada h\u00fas.<a name=\"15\"><span class=\"versanumer\">15<\/span><\/a>\u00c1 \u00feeim s\u00f6mu d\u00f6gum, og \u00e1 sama t\u00edma mun eg l\u00e1ta Dav\u00ed\u00f0 bl\u00f3mgast r\u00e9ttl\u00e6tis kvist <span class='VideyAth'>(\u00e1g\u00e6tan son)<\/span>, sem i\u00f0kar r\u00e9ttindi og r\u00e9ttv\u00edsi \u00ed landinu.<a name=\"16\"><span class=\"versanumer\">16<\/span><\/a>\u00c1 \u00feeim s\u00f6mu d\u00f6gum mun J\u00fadal\u00fd\u00f0ur vera l\u00e1nsamur, og Jer\u00fasalem b\u00faa ugglaus. Og \u00feessu nafni mun hann nefnast: \u201eDrottinn vort r\u00e9ttl\u00e6ti\u201c.<a name=\"17\"><span class=\"versanumer\">17<\/span><\/a>\u00dev\u00ed svo segir Drottinn: Dav\u00ed\u00f0 skal aldrei vanta mann, sem sitji \u00ed h\u00e1s\u00e6ti \u00cdsraels h\u00fass.<a name=\"18\"><span class=\"versanumer\">18<\/span><\/a>Og prestana og Lev\u00edtana skal ekki vanta mann frammi fyrir m\u00e9r, sem framberi brennif\u00f3rn og tendri matoffri\u00f0 og annist um tilrei\u00f0slu sl\u00e1turf\u00f3rnarinnar alla daga.<br \/><a name=\"19\"><span class=\"versanumer\">19<\/span><\/a>Og or\u00f0 Drottins kom til Jerem\u00edas og sag\u00f0i:<a name=\"20\"><span class=\"versanumer\">20<\/span><\/a>svo segir Drottinn: ef \u00fe\u00e9r geti\u00f0 raska\u00f0 m\u00ednum s\u00e1ttm\u00e1la vi\u00f0 daginn, og m\u00ednum s\u00e1ttm\u00e1la vi\u00f0 n\u00f3ttina, svo a\u00f0 hv\u00f6rki s\u00e9 dagur n\u00e9 n\u00f3tt \u00e1 s\u00ednum t\u00edma:<a name=\"21\"><span class=\"versanumer\">21<\/span><\/a>\u00fe\u00e1 skal og minn s\u00e1ttm\u00e1li vi\u00f0 minn \u00fej\u00f3n Dav\u00ed\u00f0 raskast, svo a\u00f0 hann hafi engan ni\u00f0ja, er drottni \u00e1 hans h\u00e1s\u00e6ti, og vi\u00f0 Lev\u00edtana, prestana, m\u00edna \u00fej\u00f3na.<a name=\"22\"><span class=\"versanumer\">22<\/span><\/a>Eins og himinsins her ver\u00f0ur ekki talinn, og sandur sj\u00e1varins ekki m\u00e6ldur, svo vil eg fj\u00f6lga ni\u00f0jum Dav\u00ed\u00f0s \u00fe\u00e9nara m\u00edns, og Lev\u00edtunum sem m\u00e9r \u00fej\u00f3na.<br \/><a name=\"23\"><span class=\"versanumer\">23<\/span><\/a>Og or\u00f0 Drottins kom til Jerem\u00eda, og sag\u00f0i:<a name=\"24\"><span class=\"versanumer\">24<\/span><\/a>s\u00e9r \u00fe\u00fa ekki hva\u00f0 \u00feetta f\u00f3lk talar, og segir: \u00feeim tveimur \u00e6ttum, sem Drottinn \u00fatvaldi, hefir hann burtsk\u00fafa\u00f0, og \u00feeir forsm\u00e1 mitt f\u00f3lk sakir \u00feess, svo \u00fea\u00f0 er ekki framar f\u00f3lk \u00ed \u00feeirra augum.<a name=\"25\"><span class=\"versanumer\">25<\/span><\/a>Svo segir Drottinn: hafi eg ekki sett fastan minn s\u00e1ttm\u00e1la vi\u00f0 dag og n\u00f3tt, tilskipun himins og jar\u00f0ar:<a name=\"26\"><span class=\"versanumer\">26<\/span><\/a>svo mun eg \u00fatsk\u00fafa ni\u00f0jum Jakobs og ni\u00f0jum Dav\u00ed\u00f0s, m\u00edns \u00fe\u00e9nara, svo eg ekki framar velji af hans ni\u00f0jum drottnara yfir Abrahams, \u00cdsaks og Jakobs \u00e6tt, \u00fev\u00ed eg skal flytja heim aftur \u00feeirra herleiddu og miskunna \u00feeim.<\/p>\n<div class=\"footnoteVidey\">V. 16. Drottinn vort r\u00e9ttl\u00e6ti, a\u00f0rir: Drottinn vor heill.<\/div>\n","protected":false},"excerpt":{"rendered":"<p>Fyrirheit. 1Og or\u00f0 Drottins kom til Jerem\u00eda \u00ed anna\u00f0 sinn, me\u00f0an hann enn n\u00fa var inniloka\u00f0ur \u00ed forgar\u00f0i myrkvastofunnar, og sag\u00f0i:2svo segir Drottinn, s\u00e1 sem gj\u00f6rir \u00fea\u00f0, Drottinn, s\u00e1 sem myndar \u00fea\u00f0, til a\u00f0 undirb\u00faa \u00fea\u00f0, Drottinn er hans nafn:3kalla \u00fe\u00fa til m\u00edn, eg skal svara \u00fe\u00e9r, og kunngj\u00f6ra \u00fe\u00e9r miki\u00f0 og \u00f3skiljanlegt sem \u00fe\u00fa veist ekki.4\u00dev\u00ed svo segir Drottinn, \u00cdsraels Gu\u00f0, um h\u00fas \u00feessa sta\u00f0ar, og um h\u00fas J\u00fadak\u00f3ngs, sem ni\u00f0urrifin ver\u00f0a, sakir hervirkjanna og sver\u00f0sins.5\u00deeir koma hinga\u00f0 inn (\u00ed borgina) til a\u00f0 str\u00ed\u00f0a vi\u00f0 Kaldeumenn, og til a\u00f0 fylla hana me\u00f0 l\u00edkum manna, sem eg felli \u00ed rei\u00f0i <a href=\"https:\/\/biblian.is\/videy\/jeremia-33-kafli\/\"> [&#8230;]<\/a><\/p>\n","protected":false},"author":1,"featured_media":0,"parent":0,"menu_order":0,"comment_status":"open","ping_status":"open","template":"bibliukaflar.php","meta":{"footnotes":""},"class_list":["post-21627","page","type-page","status-publish","hentry"],"_links":{"self":[{"href":"https:\/\/biblian.is\/videy\/wp-json\/wp\/v2\/pages\/21627","targetHints":{"allow":["GET"]}}],"collection":[{"href":"https:\/\/biblian.is\/videy\/wp-json\/wp\/v2\/pages"}],"about":[{"href":"https:\/\/biblian.is\/videy\/wp-json\/wp\/v2\/types\/page"}],"author":[{"embeddable":true,"href":"https:\/\/biblian.is\/videy\/wp-json\/wp\/v2\/users\/1"}],"replies":[{"embeddable":true,"href":"https:\/\/biblian.is\/videy\/wp-json\/wp\/v2\/comments?post=21627"}],"version-history":[{"count":0,"href":"https:\/\/biblian.is\/videy\/wp-json\/wp\/v2\/pages\/21627\/revisions"}],"wp:attachment":[{"href":"https:\/\/biblian.is\/videy\/wp-json\/wp\/v2\/media?parent=21627"}],"curies":[{"name":"wp","href":"https:\/\/api.w.org\/{rel}","templated":true}]}}