{"id":21625,"date":"2018-01-02T01:03:01","date_gmt":"2018-01-02T01:03:01","guid":{"rendered":"http:\/\/biblian.is\/videy\/jeremia-31-kafli\/"},"modified":"2018-01-02T01:03:01","modified_gmt":"2018-01-02T01:03:01","slug":"jeremia-31-kafli","status":"publish","type":"page","link":"https:\/\/biblian.is\/videy\/jeremia-31-kafli\/","title":{"rendered":"Jerem\u00eda 31. kafli"},"content":{"rendered":"<div class=\"fyrirsognVidey\">Sama efni.<\/div>\n<p><a name=\"1\"><span class=\"versanumer\">1<\/span><\/a>\u00c1 \u00feeim sama t\u00edma, segir Drottinn, mun eg vera Gu\u00f0 allra \u00cdsraels \u00e6tta, og \u00feeir munu vera mitt f\u00f3lk.<a name=\"2\"><span class=\"versanumer\">2<\/span><\/a>Svo segir Drottinn: n\u00e1\u00f0 hefir \u00fea\u00f0 f\u00f3lk fundi\u00f0 \u00ed ey\u00f0im\u00f6rkinni, sem undan sver\u00f0inu komst; eg f\u00f3r a\u00f0 lei\u00f0a \u00fea\u00f0 til sinnar hv\u00edldar, \u00cdsrael.<a name=\"3\"><span class=\"versanumer\">3<\/span><\/a>\u201e\u00c1lengdar opinbera\u00f0ist Drottinn m\u00e9r\u201c, me\u00f0 eil\u00edfri elsku elska eg \u00feig, \u00fev\u00ed eg hefi \u00fe\u00e9r n\u00e1\u00f0 var\u00f0veitta.<a name=\"4\"><span class=\"versanumer\">4<\/span><\/a>Framvegis vil eg \u00feig uppbyggja, svo \u00fe\u00fa ver\u00f0ir uppbygg\u00f0, \u00fe\u00fa meyjan \u00cdsraels<span class='VideyAth'>(\u00fej\u00f3\u00f0)<\/span>! H\u00e9r eftir muntu \u00feig pr\u00fd\u00f0a me\u00f0 \u00fe\u00ednum hlj\u00f3\u00f0f\u00e6rum, og framganga \u00ed r\u00f6\u00f0um \u00feeirra sem st\u00edga dansinn.<a name=\"5\"><span class=\"versanumer\">5<\/span><\/a>H\u00e9r eftir munt \u00fe\u00fa v\u00edngar\u00f0a planta, \u00e1 Samar\u00edufj\u00f6llum, og gar\u00f0yrkjendurnir planta \u00fe\u00e1 og nj\u00f3ta \u00feeirra.<a name=\"6\"><span class=\"versanumer\">6<\/span><\/a>\u00dev\u00ed s\u00e1 dagur kemur, a\u00f0 var\u00f0mennirnir kalla \u00e1 Efraimsfj\u00f6llum: af sta\u00f0! l\u00e1tum oss fara til S\u00edon, til Drottins, vors Gu\u00f0s!<br \/><a name=\"7\"><span class=\"versanumer\">7<\/span><\/a>\u00dev\u00ed svo segir Drottinn: gle\u00f0jist yfir Jakob me\u00f0 f\u00f6gnu\u00f0i; \u00e6pi\u00f0 fagna\u00f0ar\u00f3p yfir h\u00f6f\u00f0ingja \u00fej\u00f3\u00f0anna! kunngj\u00f6ri\u00f0, hr\u00f3si\u00f0 og segi\u00f0: fars\u00e6l, \u00fe\u00fa Drottinn, \u00feitt f\u00f3lk, leifarnar af \u00cdsrael!<a name=\"8\"><span class=\"versanumer\">8<\/span><\/a>Sj\u00e1! eg flyt \u00fe\u00e1 \u00far landinu nor\u00f0ur fr\u00e1, og safna \u00feeim fr\u00e1 jar\u00f0arinnar ystu endum; me\u00f0al \u00feeirra eru <span class='VideyAth'>(nokkrir)<\/span> blindir og haltir, \u00feunga\u00f0ar og j\u00f3\u00f0sj\u00fakar konur s\u00f6mulei\u00f0is; \u00ed st\u00f3rum h\u00f3pum koma \u00feeir hinga\u00f0 aftur.<a name=\"9\"><span class=\"versanumer\">9<\/span><\/a>\u00deeir koma gr\u00e1tandi og eg flyt \u00fe\u00e1 bi\u00f0jandi; eg lei\u00f0i \u00fe\u00e1 a\u00f0 vatnsb\u00f6kkum, \u00e1 beinum vegi, sem \u00feeir ei detta \u00e1; \u00fev\u00ed eg er \u00cdsraels fa\u00f0ir, og Efraim er minn frumgetni son. <br \/><a name=\"10\"><span class=\"versanumer\">10<\/span><\/a>Heyri\u00f0 or\u00f0 Drottins, \u00fe\u00e9r \u00fej\u00f3\u00f0ir, og kunngj\u00f6ri\u00f0 \u00e1 eyjunum \u00ed fjarl\u00e6g\u00f0, og segi\u00f0: s\u00e1 sem tv\u00edstra\u00f0i \u00cdsrael, safna\u00f0i honum, og var\u00f0veitir hann, eins og hir\u00f0ir s\u00edna hj\u00f6r\u00f0.<a name=\"11\"><span class=\"versanumer\">11<\/span><\/a>\u00dev\u00ed Drottinn leysti Jakob, og frelsa\u00f0i hann \u00far hendi hins volduga.<a name=\"12\"><span class=\"versanumer\">12<\/span><\/a>Og \u00feeir koma og gle\u00f0ja sig \u00e1 S\u00edonsh\u00e6\u00f0, og fagna yfir Drottins blessan, yfir korninu, yfir v\u00edninu og vi\u00f0smj\u00f6rinu, yfir sau\u00f0unum og nautunum; og \u00feeirra s\u00e1lir eru sem vatnsr\u00edkir urtagar\u00f0ar, og \u00feeir ver\u00f0a ei framar angurv\u00e6rir.<a name=\"13\"><span class=\"versanumer\">13<\/span><\/a>\u00de\u00e1 gle\u00f0ja sig meyjarnar og unglingarnir og gamalmennin \u00ed einu lagi; og eg umbreyti \u00feeirra sorg \u00ed una\u00f0semd, og hugga \u00fe\u00e1 og gle\u00f0 \u00fe\u00e1 eftir \u00feeirra arm\u00e6\u00f0u.<a name=\"14\"><span class=\"versanumer\">14<\/span><\/a>Og eg endurn\u00e6ri prestanna s\u00e1l me\u00f0 feiti, og mitt f\u00f3lk metta eg me\u00f0 minni blessan, segir Drottinn.<br \/><a name=\"15\"><span class=\"versanumer\">15<\/span><\/a>Svo segir Drottinn: \u00f3p mun heyrast \u00ed Rama, kvein, bitur gr\u00e1tur. Rakel gr\u00e6tur s\u00edna syni, h\u00fan vill ei l\u00e1ta sig hugga eftir \u00fe\u00e1, \u00fev\u00ed \u00fea\u00f0 er \u00fatgj\u00f6rt um \u00fe\u00e1.<a name=\"16\"><span class=\"versanumer\">16<\/span><\/a>Svo segir Drottinn: ver \u00feinn r\u00f3m fyrir gr\u00e1ti, og \u00fe\u00edn augu fyrir t\u00e1rum, \u00fev\u00ed \u00fe\u00edn arm\u00e6\u00f0a er \u00fe\u00e9r umbun, segir Drottinn, og synirnir koma aftur, \u00far \u00f3vinarins landi.<a name=\"17\"><span class=\"versanumer\">17<\/span><\/a>Og vong\u00f3\u00f0 getur \u00fe\u00fa veri\u00f0, vi\u00f0v\u00edkjandi \u00feeim \u00f3komna t\u00edma, segir Drottinn, og synirnir koma aftur heim \u00ed s\u00edna \u00e1tthaga.<a name=\"18\"><span class=\"versanumer\">18<\/span><\/a>A\u00f0 s\u00f6nnu heyri eg Efraim klaga. \u00de\u00fa hefir tyfta\u00f0 mig, og eg er aga\u00f0ur sem baldinn k\u00e1lfur: umvend m\u00e9r, a\u00f0 eg umvendi m\u00e9r, \u00fev\u00ed \u00fe\u00fa Drottinn, ert minn Gu\u00f0!<a name=\"19\"><span class=\"versanumer\">19<\/span><\/a>Eftir a\u00f0 eg hefi umvent m\u00e9r, gj\u00f6ri eg b\u00f3t; og eftir a\u00f0 eg hefi vitkast, sl\u00e6 eg \u00e1 mj\u00f6\u00f0mina; eg ro\u00f0na og sneypist, \u00fev\u00ed eg ber sk\u00f6mm minnar \u00e6sku.<a name=\"20\"><span class=\"versanumer\">20<\/span><\/a>Er \u00fe\u00e1 Efraim m\u00e9r ei d\u00fdrm\u00e6tur sonur, e\u00f0a eftirl\u00e6tisbarn? \u00dev\u00ed svo oft sem eg um hann tala, man eg \u00e1vallt <span class='VideyAth'>(oftar)<\/span> til hans. \u00deess vegna kemst mitt hjarta vi\u00f0, sakir hans, honum skal eg miskunna, segir Drottinn.<br \/><a name=\"21\"><span class=\"versanumer\">21<\/span><\/a>Reistu upp vegamerki, settu \u00fe\u00e9r v\u00f6r\u00f0ur, taktu eftir g\u00f6tum, \u00e1 \u00feeim vegi, sem \u00fe\u00fa fer; kom aftur \u00cdsrael, \u00fe\u00fa meyja, kom til \u00feessara \u00feinna sta\u00f0a!<a name=\"22\"><span class=\"versanumer\">22<\/span><\/a>Hva\u00f0 lengi viltu vera \u00e1 hrakningi, \u00fe\u00fa fr\u00e1fallna d\u00f3ttir! Drottinn skapar n\u00fdlundu \u00ed landinu: konan ver manninn.<br \/><a name=\"23\"><span class=\"versanumer\">23<\/span><\/a>Svo segir Drottinn herskaranna, \u00cdsraels Gu\u00f0: h\u00e9r eftir munu menn svo tala \u00ed J\u00fadalandi og \u00ed \u00feess st\u00f6\u00f0um, \u00feegar eg er b\u00fainn a\u00f0 flytja \u00fe\u00e1 herteknu heim aftur: \u201eDrottinn blessi \u00feig, b\u00fasta\u00f0ur r\u00e9ttl\u00e6tisins, heilaga fjall!\u201c<a name=\"24\"><span class=\"versanumer\">24<\/span><\/a>Og \u00fear b\u00fdr J\u00fada og allir hans sta\u00f0ir \u00ed einu lagi, akuryrkjumenn og \u00feeir sem hjar\u00f0a g\u00e6ta.<a name=\"25\"><span class=\"versanumer\">25<\/span><\/a>\u00dev\u00ed eg endurn\u00e6ri \u00fe\u00e1 \u00fereyttu og metta alla sorgbitna.<a name=\"26\"><span class=\"versanumer\">26<\/span><\/a>Eftir \u00feetta vakna\u00f0i eg, og lita\u00f0ist um, og minn svefn haf\u00f0i veri\u00f0 m\u00e9r ind\u00e6ll. <br \/><a name=\"27\"><span class=\"versanumer\">27<\/span><\/a>Sj\u00e1! dagar koma, segir Drottinn, a\u00f0 eg s\u00e1i \u00cdsraels h\u00fas og J\u00fada h\u00fas me\u00f0 manns\u00e1\u00f0i og f\u00e9na\u00f0ars\u00e1\u00f0i.<a name=\"28\"><span class=\"versanumer\">28<\/span><\/a>Og eins og eg vakti yfir \u00feeim, til \u00feess a\u00f0 uppr\u00e6ta \u00fe\u00e1, og sundurbrj\u00f3ta og ey\u00f0ileggja og skemma og illt a\u00f0 gj\u00f6ra: svo vil eg yfir \u00feeim vaka til a\u00f0 uppbyggja og gr\u00f3\u00f0ursetja, segir Drottinn.<a name=\"29\"><span class=\"versanumer\">29<\/span><\/a>\u00c1 \u00feeim t\u00edma munu menn ei framar segja: \u201efe\u00f0urnir hafa eti\u00f0 v\u00ednberjav\u00edsir, og tennur sonanna ver\u00f0a slj\u00f3var;\u201c<a name=\"30\"><span class=\"versanumer\">30<\/span><\/a>heldur skal hv\u00f6r og einn deyja fyrir s\u00ednar yfirtro\u00f0slur, og hj\u00e1 s\u00e9rhv\u00f6rjum manni, sem v\u00edsirinn etur, skulu t\u00f6nnurnar slj\u00f3vgast. <br \/><a name=\"31\"><span class=\"versanumer\">31<\/span><\/a>Sj\u00e1! dagar koma, segir Drottinn, a\u00f0 eg skal gj\u00f6ra n\u00fdjan s\u00e1ttm\u00e1la vi\u00f0 \u00cdsraels h\u00fas og J\u00fada h\u00fas:<a name=\"32\"><span class=\"versanumer\">32<\/span><\/a>ekki eins og \u00feann s\u00e1ttm\u00e1la sem eg gj\u00f6r\u00f0i vi\u00f0 \u00feeirra fe\u00f0ur, \u00fe\u00e1 eg t\u00f3k \u00ed \u00feeirra h\u00f6nd, til a\u00f0 lei\u00f0a \u00fe\u00e1 \u00far Egyptalandi, vi\u00f0 \u00fe\u00e1, sem brutu minn s\u00e1ttm\u00e1la, \u00fe\u00f3tt eg v\u00e6ri \u00feeirra herra, segir Drottinn;<a name=\"33\"><span class=\"versanumer\">33<\/span><\/a>heldur er \u00feetta s\u00e1 s\u00e1ttm\u00e1li sem eg skal semja vi\u00f0 \u00cdsraels h\u00fas eftir \u00feessa s\u00f6mu daga, segir Drottinn: eg legg mitt l\u00f6gm\u00e1l inn \u00ed \u00fe\u00e1, og skrifa \u00fea\u00f0 \u00ed \u00feeirra hjarta, og eg skal vera \u00feeirra Gu\u00f0, og \u00feeir skulu vera mitt f\u00f3lk.<a name=\"34\"><span class=\"versanumer\">34<\/span><\/a>Og \u00feeir munu ei framar kenna, hv\u00f6r \u00f6\u00f0rum, og ekki einn br\u00f3\u00f0ir \u00f6\u00f0rum, og segja: l\u00e6r \u00fe\u00fa a\u00f0 \u00feekkja Drottin! \u00fev\u00ed allir munu mig \u00feekkja, sm\u00e1ir sem st\u00f3rir, segir Drottinn: \u00fev\u00ed eg mun fyrirgefa \u00feeirra misgj\u00f6r\u00f0, og ekki framar hugsa til \u00feeirra syndar.<a name=\"35\"><span class=\"versanumer\">35<\/span><\/a>Svo segir Drottinn, sem gj\u00f6r\u00f0i s\u00f3lina a\u00f0 lj\u00f3si \u00e1 deginum, og tunglsins og stjarnanna reglu, a\u00f0 lj\u00f3si, \u00e1 n\u00f3ttunni, s\u00e1 sem \u00e6sir hafi\u00f0, svo \u00feess bylgjur geysa, Drottinn herskaranna er hans nafn!<a name=\"36\"><span class=\"versanumer\">36<\/span><\/a>Ef \u00feessi regla ni\u00f0urleggst fyrir m\u00e9r, \u00fe\u00e1 skal og \u00cdsraels \u00e6tt h\u00e6tta \u00e6t\u00ed\u00f0 a\u00f0 vera \u00fej\u00f3\u00f0, fyrir m\u00e9r.<br \/><a name=\"37\"><span class=\"versanumer\">37<\/span><\/a>Svo segir Drottinn: ver\u00f0i himinninn m\u00e6ldur uppi og grundv\u00f6llur jar\u00f0arinnar rannsaka\u00f0ur ni\u00f0ri, svo mun eg og forsm\u00e1 alla \u00cdsraels\u00e6tt, sakir alls \u00feess, sem \u00feeir hafa gj\u00f6rt, segir Drottinn.<a name=\"38\"><span class=\"versanumer\">38<\/span><\/a>Sj\u00e1! dagar koma, segir Drottinn, a\u00f0 sta\u00f0urinn ver\u00f0ur bygg\u00f0ur Drottni <span class='VideyAth'>(til hei\u00f0urs)<\/span> fr\u00e1 Hananeelsturni, allt a\u00f0 hornportinu,<a name=\"39\"><span class=\"versanumer\">39<\/span><\/a>og m\u00e6lisn\u00faran skal lengra fara, gagnvart, allt a\u00f0 Garebsh\u00e6\u00f0, og beygjast til G\u00f3at;<a name=\"40\"><span class=\"versanumer\">40<\/span><\/a>og allur dalur l\u00edkanna og \u00f6skunnar, og pl\u00e1ssi\u00f0 allt a\u00f0 Kedronsl\u00e6k, allt a\u00f0 horni Hrossaportsins, m\u00f3t austri, skal vera Drottni helga\u00f0, \u00fea\u00f0 skal ekki framar uppr\u00e6tt ver\u00f0a n\u00e9 ey\u00f0ilagt til eil\u00edf\u00f0ar.<\/p>\n<div class=\"footnoteVidey\"><\/div>\n","protected":false},"excerpt":{"rendered":"<p>Sama efni. 1\u00c1 \u00feeim sama t\u00edma, segir Drottinn, mun eg vera Gu\u00f0 allra \u00cdsraels \u00e6tta, og \u00feeir munu vera mitt f\u00f3lk.2Svo segir Drottinn: n\u00e1\u00f0 hefir \u00fea\u00f0 f\u00f3lk fundi\u00f0 \u00ed ey\u00f0im\u00f6rkinni, sem undan sver\u00f0inu komst; eg f\u00f3r a\u00f0 lei\u00f0a \u00fea\u00f0 til sinnar hv\u00edldar, \u00cdsrael.3\u201e\u00c1lengdar opinbera\u00f0ist Drottinn m\u00e9r\u201c, me\u00f0 eil\u00edfri elsku elska eg \u00feig, \u00fev\u00ed eg hefi \u00fe\u00e9r n\u00e1\u00f0 var\u00f0veitta.4Framvegis vil eg \u00feig uppbyggja, svo \u00fe\u00fa ver\u00f0ir uppbygg\u00f0, \u00fe\u00fa meyjan \u00cdsraels(\u00fej\u00f3\u00f0)! H\u00e9r eftir muntu \u00feig pr\u00fd\u00f0a me\u00f0 \u00fe\u00ednum hlj\u00f3\u00f0f\u00e6rum, og framganga \u00ed r\u00f6\u00f0um \u00feeirra sem st\u00edga dansinn.5H\u00e9r eftir munt \u00fe\u00fa v\u00edngar\u00f0a planta, \u00e1 Samar\u00edufj\u00f6llum, og gar\u00f0yrkjendurnir planta \u00fe\u00e1 og nj\u00f3ta \u00feeirra.6\u00dev\u00ed s\u00e1 <a href=\"https:\/\/biblian.is\/videy\/jeremia-31-kafli\/\"> [&#8230;]<\/a><\/p>\n","protected":false},"author":1,"featured_media":0,"parent":0,"menu_order":0,"comment_status":"open","ping_status":"open","template":"bibliukaflar.php","meta":{"footnotes":""},"class_list":["post-21625","page","type-page","status-publish","hentry"],"_links":{"self":[{"href":"https:\/\/biblian.is\/videy\/wp-json\/wp\/v2\/pages\/21625","targetHints":{"allow":["GET"]}}],"collection":[{"href":"https:\/\/biblian.is\/videy\/wp-json\/wp\/v2\/pages"}],"about":[{"href":"https:\/\/biblian.is\/videy\/wp-json\/wp\/v2\/types\/page"}],"author":[{"embeddable":true,"href":"https:\/\/biblian.is\/videy\/wp-json\/wp\/v2\/users\/1"}],"replies":[{"embeddable":true,"href":"https:\/\/biblian.is\/videy\/wp-json\/wp\/v2\/comments?post=21625"}],"version-history":[{"count":0,"href":"https:\/\/biblian.is\/videy\/wp-json\/wp\/v2\/pages\/21625\/revisions"}],"wp:attachment":[{"href":"https:\/\/biblian.is\/videy\/wp-json\/wp\/v2\/media?parent=21625"}],"curies":[{"name":"wp","href":"https:\/\/api.w.org\/{rel}","templated":true}]}}