{"id":21624,"date":"2018-01-02T01:03:01","date_gmt":"2018-01-02T01:03:01","guid":{"rendered":"http:\/\/biblian.is\/videy\/jeremia-30-kafli\/"},"modified":"2018-01-02T01:03:01","modified_gmt":"2018-01-02T01:03:01","slug":"jeremia-30-kafli","status":"publish","type":"page","link":"https:\/\/biblian.is\/videy\/jeremia-30-kafli\/","title":{"rendered":"Jerem\u00eda 30. kafli"},"content":{"rendered":"<div class=\"fyrirsognVidey\">Fyrirheit um heimkomu aftur.<\/div>\n<p><a name=\"1\"><span class=\"versanumer\">1<\/span><\/a>\u00deetta or\u00f0 kom fr\u00e1 Drottni til Jerem\u00eda, er hann sag\u00f0i:<a name=\"2\"><span class=\"versanumer\">2<\/span><\/a>svo segir Drottinn \u00cdsraels Gu\u00f0: skrifa \u00fe\u00fa \u00f6ll \u00feau or\u00f0, sem eg hefi til \u00fe\u00edn tala\u00f0 \u00ed eina b\u00f3k.<a name=\"3\"><span class=\"versanumer\">3<\/span><\/a>\u00dev\u00ed sj\u00e1, \u00feeir dagar koma, a\u00f0 eg lei\u00f0i til baka \u00fe\u00e1 herteknu m\u00edns f\u00f3lks, \u00cdsrael og J\u00fada, segir Drottinn, og flyt \u00fe\u00e1 inn \u00ed \u00fea\u00f0 land, sem eg gaf \u00feeirra fe\u00f0rum, a\u00f0 \u00feeir \u00e6ttu \u00fea\u00f0.<br \/><a name=\"4\"><span class=\"versanumer\">4<\/span><\/a>Og \u00feetta eru \u00feau or\u00f0, sem Drottinn tala\u00f0i um \u00cdsrael, og um J\u00fada.<a name=\"5\"><span class=\"versanumer\">5<\/span><\/a>\u00dev\u00ed svo segir Drottinn: raust \u00f3ttans heyrum v\u00e9r, hr\u00e6\u00f0sla er \u00e1 fer\u00f0, og enginn fri\u00f0ur.<a name=\"6\"><span class=\"versanumer\">6<\/span><\/a>Spyrji\u00f0 \u00fe\u00f3 og sj\u00e1i\u00f0 hv\u00f6rt karlma\u00f0urinn f\u00e6\u00f0ir barn? Hv\u00f6rs vegna s\u00e9 eg \u00fe\u00e1 hv\u00f6rn mann leggja h\u00f6nd a\u00f0 s\u00ednum lendum, eins og konur gj\u00f6ra sem f\u00e6\u00f0a? Og hv\u00f6rt andlit n\u00e1bleikt?<a name=\"7\"><span class=\"versanumer\">7<\/span><\/a>\u00c6! mikill er \u00feessi dagur, \u00e1 ekki sinn l\u00edka; \u00feetta er \u00ferengingart\u00ed\u00f0 fyrir Jakob; en hann skal samt \u00far \u00feessu frelsast.<a name=\"8\"><span class=\"versanumer\">8<\/span><\/a>Og \u00fea\u00f0 mun ske, \u00e1 sama degi, segir Drottinn herskaranna, a\u00f0 eg skal brj\u00f3ta oki\u00f0 af \u00fe\u00ednum h\u00e1lsi, og \u00fe\u00edn b\u00f6nd sl\u00edta, og \u00fatlendir skulu ei framar undiroka \u00feig;<a name=\"9\"><span class=\"versanumer\">9<\/span><\/a>heldur munu \u00feeir \u00fej\u00f3na Drottni s\u00ednum Gu\u00f0i, og Dav\u00ed\u00f0 s\u00ednum konungi sem eg set \u00feeim.<a name=\"10\"><span class=\"versanumer\">10<\/span><\/a>\u00d3ttast n\u00fa ekki, minn \u00fej\u00f3n Jakob, segir Drottinn, og bi\u00f0 mig, \u00cdsrael! \u00fev\u00ed sj\u00e1! eg frelsa \u00feig \u00far fjarl\u00e6g\u00f0, og \u00fe\u00edna ni\u00f0ja \u00far landi \u00feeirra fangelsis, og Jakob kemur aftur, og er r\u00f3legur og \u00f3hultur, og \u00e1n hr\u00e6\u00f0slu.<a name=\"11\"><span class=\"versanumer\">11<\/span><\/a>\u00dev\u00ed eg er me\u00f0 \u00fe\u00e9r, segir Drottinn, til a\u00f0 hj\u00e1lpa \u00fe\u00e9r, \u00fev\u00ed eg vil gj\u00f6ra \u00fat af vi\u00f0 allar \u00fej\u00f3\u00f0ir, me\u00f0al hv\u00f6rra eg hefi \u00fe\u00e9r tv\u00edstra\u00f0; \u00feig einasta vil eg ekki afm\u00e1. Og eg aga \u00feig me\u00f0 v\u00e6g\u00f0, \u00f3refstan get eg ekki l\u00e1ti\u00f0 \u00feig.<br \/><a name=\"12\"><span class=\"versanumer\">12<\/span><\/a>\u00dev\u00ed svo segir Drottinn: banv\u00e6nt er \u00feitt s\u00e1r, \u00f3l\u00e6knanleg \u00fe\u00edn lemstur.<a name=\"13\"><span class=\"versanumer\">13<\/span><\/a>Enginn r\u00e6kir \u00feitt m\u00e1lefni, a\u00f0 hann bindi um \u00feau; l\u00e6knisme\u00f0\u00f6l, umb\u00fa\u00f0ir hefir \u00fe\u00fa ekki.<a name=\"14\"><span class=\"versanumer\">14<\/span><\/a>Allir \u00fe\u00ednir elskhugar hafa gleymt \u00fe\u00e9r, \u00feeir spyrja ekki a\u00f0 \u00fe\u00e9r. \u00dev\u00ed me\u00f0 \u00f3vinarh\u00f6ggi hefi eg \u00feig slegi\u00f0, me\u00f0 grimmilegri hirting, sakir fj\u00f6lda \u00feinna misgj\u00f6r\u00f0a, af \u00fev\u00ed margar eru \u00fe\u00ednar syndir.<a name=\"15\"><span class=\"versanumer\">15<\/span><\/a>Hva\u00f0 \u00e6pir \u00fe\u00fa af \u00fe\u00ednu s\u00e1ri? banv\u00e6nleg er \u00fe\u00edn kv\u00f6l; sakir fj\u00f6lda \u00feinna misgj\u00f6r\u00f0a, af \u00fev\u00ed margar eru \u00fe\u00ednar syndir, hefi eg gj\u00f6rt \u00fe\u00e9r sl\u00edkt.<a name=\"16\"><span class=\"versanumer\">16<\/span><\/a>\u00dear fyrir skulu allir sem \u00feig eta, etnir ver\u00f0a, og allir sem \u00fe\u00e9r \u00fer\u00f6ngva, fara \u00ed fangelsi; og \u00feeir sem \u00feig r\u00e6na, ver\u00f0a r\u00e6ndir, og \u00feeir sem \u00feig rupla, skulu rupla\u00f0ir ver\u00f0a.<a name=\"17\"><span class=\"versanumer\">17<\/span><\/a>\u00dev\u00ed eg skal binda um s\u00e1r \u00fe\u00edn, og gr\u00e6\u00f0a \u00fe\u00edn lemstur, segir Drottinn. \u00dev\u00ed \u00fe\u00e1 burthr\u00f6ktu, k\u00f6llu\u00f0u menn \u00feig, S\u00edon, sem enginn spur\u00f0i a\u00f0.<a name=\"18\"><span class=\"versanumer\">18<\/span><\/a>Svo segir Drottinn: sj\u00e1! eg flyt \u00feau herteknu Jakobs tj\u00f6ld til baka, og miskunna mig yfir hans b\u00fasta\u00f0; og bygg\u00f0ur ver\u00f0ur sta\u00f0urinn aftur \u00e1 sinni h\u00e6\u00f0, og \u00ed h\u00f6llinni skal ver\u00f0a b\u00fai\u00f0 sem \u00e1\u00f0ur.<a name=\"19\"><span class=\"versanumer\">19<\/span><\/a>Og \u00fea\u00f0an hlj\u00f3ma \u00feakkarlj\u00f3\u00f0 og raust s\u00f6ngvarans; og eg fj\u00f6lga \u00feeim, a\u00f0 \u00feeir s\u00e9u ekki f\u00e1ir, og gj\u00f6ri \u00fe\u00e1 vegsamlega, a\u00f0 \u00feeir s\u00e9u ekki l\u00edtilm\u00f3tlegir.<a name=\"20\"><span class=\"versanumer\">20<\/span><\/a>Og hans <span class='VideyAth'>(Jakobs)<\/span> synir skulu vera sem fyrri, og hans s\u00f6fnu\u00f0ur skal standa frammi fyrir m\u00e9r, og eg skal finna alla hans undir\u00ferykkjara,<a name=\"21\"><span class=\"versanumer\">21<\/span><\/a>og hans vegsamlegi <span class='VideyAth'>(fyrirli\u00f0i)<\/span> skal vera einn af \u00feeim, og hans yfirma\u00f0ur mitt \u00far hans <span class='VideyAth'>(h\u00f3p)<\/span> framganga; og eg l\u00e6t hann ganga fram, a\u00f0 hann n\u00e1lgist mig; \u00fev\u00ed hv\u00f6r <span class='VideyAth'>a)<\/span> \u00e1byrgist sitt hjarta til \u00feess a\u00f0 <span class='VideyAth'>(geta)<\/span> n\u00e1lgast mig? segir Drottinn.<a name=\"22\"><span class=\"versanumer\">22<\/span><\/a>Og svo skulu\u00f0 \u00fe\u00e9r vera mitt f\u00f3lk, og eg skal vera y\u00f0ar Gu\u00f0. <br \/><a name=\"23\"><span class=\"versanumer\">23<\/span><\/a>Sj\u00e1! stormur Drottins, grimmd leggur af sta\u00f0, r\u00edfandi stormur mun steypast yfir h\u00f6fu\u00f0 \u00feess gu\u00f0lausa.<a name=\"24\"><span class=\"versanumer\">24<\/span><\/a>Ekki mun rei\u00f0i gl\u00f3\u00f0 Drottins f\u00f6lskast, fyrr en hann hefur gj\u00f6rt og fullkomna\u00f0 hugsanir s\u00edns hjarta. Seinna meir munu\u00f0 \u00fe\u00e9r \u00fear um sannf\u00e6rast.<\/p>\n<div class=\"footnoteVidey\">V. 21. a. Eg ver\u00f0 a\u00f0 gefa hug til \u00feess, a\u00f0 nokkur \u00feori, a\u00f0 koma m\u00e9r n\u00e6rri.<\/div>\n","protected":false},"excerpt":{"rendered":"<p>Fyrirheit um heimkomu aftur. 1\u00deetta or\u00f0 kom fr\u00e1 Drottni til Jerem\u00eda, er hann sag\u00f0i:2svo segir Drottinn \u00cdsraels Gu\u00f0: skrifa \u00fe\u00fa \u00f6ll \u00feau or\u00f0, sem eg hefi til \u00fe\u00edn tala\u00f0 \u00ed eina b\u00f3k.3\u00dev\u00ed sj\u00e1, \u00feeir dagar koma, a\u00f0 eg lei\u00f0i til baka \u00fe\u00e1 herteknu m\u00edns f\u00f3lks, \u00cdsrael og J\u00fada, segir Drottinn, og flyt \u00fe\u00e1 inn \u00ed \u00fea\u00f0 land, sem eg gaf \u00feeirra fe\u00f0rum, a\u00f0 \u00feeir \u00e6ttu \u00fea\u00f0.4Og \u00feetta eru \u00feau or\u00f0, sem Drottinn tala\u00f0i um \u00cdsrael, og um J\u00fada.5\u00dev\u00ed svo segir Drottinn: raust \u00f3ttans heyrum v\u00e9r, hr\u00e6\u00f0sla er \u00e1 fer\u00f0, og enginn fri\u00f0ur.6Spyrji\u00f0 \u00fe\u00f3 og sj\u00e1i\u00f0 hv\u00f6rt karlma\u00f0urinn f\u00e6\u00f0ir barn? Hv\u00f6rs <a href=\"https:\/\/biblian.is\/videy\/jeremia-30-kafli\/\"> [&#8230;]<\/a><\/p>\n","protected":false},"author":1,"featured_media":0,"parent":0,"menu_order":0,"comment_status":"open","ping_status":"open","template":"bibliukaflar.php","meta":{"footnotes":""},"class_list":["post-21624","page","type-page","status-publish","hentry"],"_links":{"self":[{"href":"https:\/\/biblian.is\/videy\/wp-json\/wp\/v2\/pages\/21624","targetHints":{"allow":["GET"]}}],"collection":[{"href":"https:\/\/biblian.is\/videy\/wp-json\/wp\/v2\/pages"}],"about":[{"href":"https:\/\/biblian.is\/videy\/wp-json\/wp\/v2\/types\/page"}],"author":[{"embeddable":true,"href":"https:\/\/biblian.is\/videy\/wp-json\/wp\/v2\/users\/1"}],"replies":[{"embeddable":true,"href":"https:\/\/biblian.is\/videy\/wp-json\/wp\/v2\/comments?post=21624"}],"version-history":[{"count":0,"href":"https:\/\/biblian.is\/videy\/wp-json\/wp\/v2\/pages\/21624\/revisions"}],"wp:attachment":[{"href":"https:\/\/biblian.is\/videy\/wp-json\/wp\/v2\/media?parent=21624"}],"curies":[{"name":"wp","href":"https:\/\/api.w.org\/{rel}","templated":true}]}}