{"id":21622,"date":"2018-01-02T01:03:01","date_gmt":"2018-01-02T01:03:01","guid":{"rendered":"http:\/\/biblian.is\/videy\/jeremia-28-kafli\/"},"modified":"2018-01-02T01:03:01","modified_gmt":"2018-01-02T01:03:01","slug":"jeremia-28-kafli","status":"publish","type":"page","link":"https:\/\/biblian.is\/videy\/jeremia-28-kafli\/","title":{"rendered":"Jerem\u00eda 28. kafli"},"content":{"rendered":"<div class=\"fyrirsognVidey\">M\u00f3ti falssp\u00e1manni nokkrum Hanan\u00eda.<\/div>\n<p><a name=\"1\"><span class=\"versanumer\">1<\/span><\/a>Og \u00fea\u00f0 ske\u00f0i \u00e1 \u00fev\u00ed sama \u00e1ri, \u00ed byrjun r\u00edkisstj\u00f3rnar Sedek\u00eda, J\u00fadak\u00f3ngs, \u00e1 fj\u00f3r\u00f0a \u00e1ri \u00ed fimmta m\u00e1nu\u00f0i, a\u00f0 Hanania, sp\u00e1ma\u00f0ur, sonur Assurs fr\u00e1 Gibeon sag\u00f0i vi\u00f0 mig, \u00ed Drottins h\u00fasi, \u00ed \u00e1heyrn prestanna og alls f\u00f3lksins, og m\u00e6lti:<a name=\"2\"><span class=\"versanumer\">2<\/span><\/a>Svo segir Drottinn herskaranna, \u00cdsraels Gu\u00f0: eg sundurbr\u00fdt ok k\u00f3ngsins af Babel.<a name=\"3\"><span class=\"versanumer\">3<\/span><\/a>Innan tveggja \u00e1ra flyt eg \u00e1 \u00feennan sta\u00f0 aftur \u00f6ll \u00e1h\u00f6ld Drottins h\u00fass, sem Neb\u00fakadnesar, k\u00f3ngur \u00ed Babel, t\u00f3k burt af \u00feessum sta\u00f0, og flutti til Babel.<a name=\"4\"><span class=\"versanumer\">4<\/span><\/a>Og Jekonia, J\u00f3jakimsson, J\u00fadakonung, og alla \u00fe\u00e1 af J\u00fada, sem me\u00f0 honum voru herleiddir, sem komu til Babel, \u00fe\u00e1 flyt eg til baka \u00e1 \u00feennan sta\u00f0, segir Drottinn; \u00fev\u00ed eg mun sundurbrj\u00f3ta ok k\u00f3ngsins af Babel.<br \/><a name=\"5\"><span class=\"versanumer\">5<\/span><\/a>\u00de\u00e1 sag\u00f0i Jerem\u00edas sp\u00e1ma\u00f0ur vi\u00f0 Hanania sp\u00e1mann, \u00ed \u00e1heyrn prestanna og \u00ed \u00e1heyrn alls f\u00f3lksins, sem \u00fear st\u00f3\u00f0 \u00ed h\u00fasi Drottins,<a name=\"6\"><span class=\"versanumer\">6<\/span><\/a>og Jerem\u00edas, sp\u00e1ma\u00f0ur, m\u00e6lti: svo s\u00e9 \u00fea\u00f0! Drottinn gj\u00f6ri \u00fea\u00f0! Drottinn l\u00e1ti or\u00f0 \u00fe\u00edn r\u00e6tast, sem \u00fe\u00fa sp\u00e1\u00f0ir, a\u00f0 hann flyti til baka \u00e1h\u00f6ld Drottins h\u00fass og alla hertekna fr\u00e1 Babel \u00e1 \u00feennan sta\u00f0.<a name=\"7\"><span class=\"versanumer\">7<\/span><\/a>Heyr a\u00f0eins \u00feetta or\u00f0, sem eg tala fyrir \u00fe\u00ednum eyrum, og fyrir eyrum alls f\u00f3lksins!<a name=\"8\"><span class=\"versanumer\">8<\/span><\/a>\u00deeir sp\u00e1menn sem voru \u00e1 undan m\u00e9r og undan \u00fe\u00e9r fr\u00e1 alda \u00f6\u00f0li, \u00feeir sp\u00e1\u00f0u m\u00f3ti m\u00f6rgum l\u00f6ndum og st\u00f3rum k\u00f3ngsr\u00edkjum, um str\u00ed\u00f0 og \u00f3hamingju og dreps\u00f3tt.<a name=\"9\"><span class=\"versanumer\">9<\/span><\/a>S\u00e1 sp\u00e1ma\u00f0ur sem sp\u00e1ir fri\u00f0i, ef or\u00f0 sp\u00e1mannsins r\u00e6tast, ver\u00f0ur \u00feekktur sem sp\u00e1ma\u00f0ur, sem Drottinn hafi sannarlega sent.<a name=\"10\"><span class=\"versanumer\">10<\/span><\/a>\u00de\u00e1 t\u00f3k Hanania sp\u00e1ma\u00f0ur oki\u00f0 af h\u00e1lsi Jerem\u00eda sp\u00e1manns og braut \u00fea\u00f0 \u00ed sundur.<a name=\"11\"><span class=\"versanumer\">11<\/span><\/a>Og Hanania m\u00e6lti \u00ed \u00e1heyrn alls f\u00f3lksins og sag\u00f0i: svo segir Drottinn: eins skal eg sundurbrj\u00f3ta, innan tveggja \u00e1ra, ok Neb\u00fakadnesars k\u00f3ngs af Babel, af h\u00e1lsi allra \u00fej\u00f3\u00f0a. Og Jerem\u00edas sp\u00e1ma\u00f0ur gekk sinn veg.<br \/><a name=\"12\"><span class=\"versanumer\">12<\/span><\/a>Og or\u00f0 Drottins kom til Jerem\u00edas, eftir a\u00f0 Hanania sp\u00e1ma\u00f0ur haf\u00f0i broti\u00f0 oki\u00f0 af h\u00e1lsi Jerem\u00eda sp\u00e1manns, og sag\u00f0i:<a name=\"13\"><span class=\"versanumer\">13<\/span><\/a>far og seg Hanania, og m\u00e6l: svo segir Drottinn: ok af tr\u00e9 hefir \u00fe\u00fa sundurbroti\u00f0, en \u00ed \u00feess sta\u00f0 gj\u00f6rt j\u00e1rnok.<a name=\"14\"><span class=\"versanumer\">14<\/span><\/a>\u00dev\u00ed svo segir Drottinn herskaranna, \u00cdsraels Gu\u00f0: J\u00e1rnok legg eg \u00e1 h\u00e1ls allra \u00feessara \u00fej\u00f3\u00f0a, a\u00f0 \u00fe\u00e6r \u00fej\u00f3ni Neb\u00fakadnesar, Babelsk\u00f3ngi, og \u00fe\u00e6r munu honum \u00fej\u00f3na; og l\u00edka gef eg honum merkurinnar villud\u00fdr.<br \/><a name=\"15\"><span class=\"versanumer\">15<\/span><\/a>Og Jerem\u00edas sp\u00e1ma\u00f0ur sag\u00f0i vi\u00f0 Hanania sp\u00e1mann: heyr\u00f0u n\u00fa, Hanania! ekki hefir Drottinn sent \u00feig, og \u00fe\u00fa hefur komi\u00f0 inn hj\u00e1 \u00feessu f\u00f3lki trausti til lyga:<a name=\"16\"><span class=\"versanumer\">16<\/span><\/a>\u00fev\u00ed segir Drottinn svo: sj\u00e1! eg kem \u00fe\u00e9r burt af j\u00f6r\u00f0inni; \u00e1 \u00feessu \u00e1ri deyr \u00fe\u00fa, \u00fev\u00ed \u00fe\u00fa hefur <span class='VideyAth'>(komi\u00f0 f\u00f3lki til a\u00f0 falla fr\u00e1 Drottni me\u00f0 \u00fe\u00ednu tali)<\/span> tala\u00f0 fr\u00e1fall gegn Drottni.<a name=\"17\"><span class=\"versanumer\">17<\/span><\/a>Og Hanania sp\u00e1ma\u00f0ur d\u00f3 \u00e1 sama \u00e1ri, \u00ed sj\u00f6unda m\u00e1nu\u00f0i.<\/p>\n<div class=\"footnoteVidey\"><\/div>\n","protected":false},"excerpt":{"rendered":"<p>M\u00f3ti falssp\u00e1manni nokkrum Hanan\u00eda. 1Og \u00fea\u00f0 ske\u00f0i \u00e1 \u00fev\u00ed sama \u00e1ri, \u00ed byrjun r\u00edkisstj\u00f3rnar Sedek\u00eda, J\u00fadak\u00f3ngs, \u00e1 fj\u00f3r\u00f0a \u00e1ri \u00ed fimmta m\u00e1nu\u00f0i, a\u00f0 Hanania, sp\u00e1ma\u00f0ur, sonur Assurs fr\u00e1 Gibeon sag\u00f0i vi\u00f0 mig, \u00ed Drottins h\u00fasi, \u00ed \u00e1heyrn prestanna og alls f\u00f3lksins, og m\u00e6lti:2Svo segir Drottinn herskaranna, \u00cdsraels Gu\u00f0: eg sundurbr\u00fdt ok k\u00f3ngsins af Babel.3Innan tveggja \u00e1ra flyt eg \u00e1 \u00feennan sta\u00f0 aftur \u00f6ll \u00e1h\u00f6ld Drottins h\u00fass, sem Neb\u00fakadnesar, k\u00f3ngur \u00ed Babel, t\u00f3k burt af \u00feessum sta\u00f0, og flutti til Babel.4Og Jekonia, J\u00f3jakimsson, J\u00fadakonung, og alla \u00fe\u00e1 af J\u00fada, sem me\u00f0 honum voru herleiddir, sem komu til Babel, \u00fe\u00e1 flyt eg <a href=\"https:\/\/biblian.is\/videy\/jeremia-28-kafli\/\"> [&#8230;]<\/a><\/p>\n","protected":false},"author":1,"featured_media":0,"parent":0,"menu_order":0,"comment_status":"open","ping_status":"open","template":"bibliukaflar.php","meta":{"footnotes":""},"class_list":["post-21622","page","type-page","status-publish","hentry"],"_links":{"self":[{"href":"https:\/\/biblian.is\/videy\/wp-json\/wp\/v2\/pages\/21622","targetHints":{"allow":["GET"]}}],"collection":[{"href":"https:\/\/biblian.is\/videy\/wp-json\/wp\/v2\/pages"}],"about":[{"href":"https:\/\/biblian.is\/videy\/wp-json\/wp\/v2\/types\/page"}],"author":[{"embeddable":true,"href":"https:\/\/biblian.is\/videy\/wp-json\/wp\/v2\/users\/1"}],"replies":[{"embeddable":true,"href":"https:\/\/biblian.is\/videy\/wp-json\/wp\/v2\/comments?post=21622"}],"version-history":[{"count":0,"href":"https:\/\/biblian.is\/videy\/wp-json\/wp\/v2\/pages\/21622\/revisions"}],"wp:attachment":[{"href":"https:\/\/biblian.is\/videy\/wp-json\/wp\/v2\/media?parent=21622"}],"curies":[{"name":"wp","href":"https:\/\/api.w.org\/{rel}","templated":true}]}}