{"id":21621,"date":"2018-01-02T01:03:01","date_gmt":"2018-01-02T01:03:01","guid":{"rendered":"http:\/\/biblian.is\/videy\/jeremia-27-kafli\/"},"modified":"2018-01-02T01:03:01","modified_gmt":"2018-01-02T01:03:01","slug":"jeremia-27-kafli","status":"publish","type":"page","link":"https:\/\/biblian.is\/videy\/jeremia-27-kafli\/","title":{"rendered":"Jerem\u00eda 27. kafli"},"content":{"rendered":"<div class=\"fyrirsognVidey\">Umleitun a\u00f0 gefast upp vi\u00f0 \u00f3vinina.<\/div>\n<p><a name=\"1\"><span class=\"versanumer\">1<\/span><\/a>\u00cd upphafi r\u00edkisstj\u00f3rnar Sedek\u00eda, sonar J\u00f3sia, J\u00fadak\u00f3ngs, kom \u00feetta or\u00f0 fr\u00e1 Drottni til Jerem\u00edas og sag\u00f0i:<a name=\"2\"><span class=\"versanumer\">2<\/span><\/a>Svo segir Drottinn til m\u00edn: gj\u00f6r \u00fe\u00e9r b\u00f6nd og ok, og l\u00e1ttu um \u00feinn h\u00e1ls,<a name=\"3\"><span class=\"versanumer\">3<\/span><\/a>og send \u00feetta til k\u00f3ngsins \u00ed Edoms<span class='VideyAth'>(landi)<\/span> og til M\u00f3abs k\u00f3ngs, og til konungs Ammonssona, og til k\u00f3ngsins \u00ed T\u00fdrus, og til k\u00f3ngsins \u00ed S\u00eddon, me\u00f0 sendim\u00f6nnum sem komnir eru til Jer\u00fasalem, til Sedek\u00eda J\u00fadak\u00f3ngs.<a name=\"4\"><span class=\"versanumer\">4<\/span><\/a>Og bj\u00f3\u00f0 \u00feeim vi\u00f0v\u00edkjandi \u00feeirra herrum, og seg: svo segir Drottinn herskaranna, \u00cdsraels Gu\u00f0: <span class='VideyAth'>(svo skulu\u00f0 \u00fe\u00e9r segja vi\u00f0 y\u00f0ar herra)<\/span>:<a name=\"5\"><span class=\"versanumer\">5<\/span><\/a>Eg hefi gj\u00f6rt j\u00f6r\u00f0ina, menn og skepnur, sem \u00e1 henni <span class='VideyAth'>(eru)<\/span> me\u00f0 m\u00ednum mikla krafti og \u00fatr\u00e9tta harmi, og eg gef \u00feetta hv\u00f6rjum sem eg vil.<a name=\"6\"><span class=\"versanumer\">6<\/span><\/a>Og n\u00fa gef eg \u00f6ll \u00feessi l\u00f6nd Neb\u00fakadnesar Babelsk\u00f3ngi \u00ed h\u00f6nd, m\u00ednum \u00fej\u00f3n, og l\u00edka gef eg honum villud\u00fdr merkurinnar, a\u00f0 \u00feau \u00fej\u00f3ni honum.<a name=\"7\"><span class=\"versanumer\">7<\/span><\/a>Og allar \u00fej\u00f3\u00f0ir skulu honum \u00fej\u00f3na, og hans syni og hans sonarsyni, \u00feanga\u00f0 til og svo kemur t\u00edmi hans lands, og \u00fe\u00e1 skulu voldugar \u00fej\u00f3\u00f0ir og miklir k\u00f3ngar leggja \u00fea\u00f0 undir sig <span class='VideyAth'>(25,12)<\/span>.<a name=\"8\"><span class=\"versanumer\">8<\/span><\/a>Og \u00fe\u00e1 \u00fej\u00f3\u00f0, og \u00fea\u00f0 land, sem ei vill honum \u00fej\u00f3na, Neb\u00fakadnesar, Babelsk\u00f3ngi, og sem ekki beygir sinn h\u00e1ls undir ok Babelsk\u00f3ngs: \u00fev\u00ed f\u00f3lki mun eg refsa me\u00f0 sver\u00f0i og hungri og dreps\u00f3tt, segir Drottinn, \u00feanga\u00f0 til eg hefi afm\u00e1\u00f0 \u00fea\u00f0, me\u00f0 hans hendi.<a name=\"9\"><span class=\"versanumer\">9<\/span><\/a>Og gegni\u00f0 ekki y\u00f0ar sp\u00e1m\u00f6nnum, og y\u00f0ar sp\u00e1sagnarm\u00f6nnum, og y\u00f0ar draumum og y\u00f0ar t\u00f6fram\u00f6nnum og y\u00f0ar s\u00e6ringarm\u00f6nnum, sem vi\u00f0 y\u00f0ur segja: \u00fe\u00e9r munu\u00f0 ei \u00fej\u00f3na k\u00f3nginum af Babel.<a name=\"10\"><span class=\"versanumer\">10<\/span><\/a>\u00dev\u00ed lygi pr\u00e9dika \u00feeir y\u00f0ur, til a\u00f0 fl\u00e6ma y\u00f0ur \u00far y\u00f0ar landi, og a\u00f0 eg reki y\u00f0ur burt, og a\u00f0 \u00fe\u00e9r fyrirfarist.<a name=\"11\"><span class=\"versanumer\">11<\/span><\/a>En \u00fea\u00f0 f\u00f3lk sem leggur sinn h\u00e1ls undir ok k\u00f3ngsins af Babel og \u00fej\u00f3nar honum, \u00fea\u00f0 vil eg l\u00e1ta vera \u00ed s\u00ednu landi, segir Drottinn, a\u00f0 \u00fea\u00f0 yrki \u00fea\u00f0, og b\u00fai \u00fear.<br \/><a name=\"12\"><span class=\"versanumer\">12<\/span><\/a>Og vi\u00f0 Sedek\u00edas, J\u00fadak\u00f3ng, tala\u00f0i eg einmitt \u00feessi or\u00f0, og sag\u00f0i: leggi\u00f0 y\u00f0ar h\u00e1ls undir ok k\u00f3ngsins af Babel, og \u00fej\u00f3ni\u00f0 honum og hans f\u00f3lki: \u00fe\u00e1 munu\u00f0 \u00fe\u00e9r lifa.<a name=\"13\"><span class=\"versanumer\">13<\/span><\/a>Hvar fyrir vilji\u00f0 \u00fe\u00e9r deyja, \u00fe\u00fa og \u00feitt f\u00f3lk, sem ei vill \u00fej\u00f3na k\u00f3nginum af Babel?<a name=\"14\"><span class=\"versanumer\">14<\/span><\/a>Og gegni\u00f0 ekki or\u00f0um sp\u00e1mannanna, sem til y\u00f0ar segja: \u00fe\u00e9r munu\u00f0 ei \u00fej\u00f3na k\u00f3nginum af Babel, \u00fev\u00ed lygi pr\u00e9dika \u00feeir y\u00f0ur;<a name=\"15\"><span class=\"versanumer\">15<\/span><\/a>\u00fev\u00ed ekki hefi eg sent \u00fe\u00e1, segir Drottinn, og \u00feeir pr\u00e9dika lygi \u00ed m\u00ednu nafni, svo a\u00f0 eg hreki y\u00f0ur burt, og \u00fe\u00e9r fyrirfarist, \u00fe\u00e9r og y\u00f0ar sp\u00e1menn, sem y\u00f0ur sp\u00e1.<br \/><a name=\"16\"><span class=\"versanumer\">16<\/span><\/a>Og vi\u00f0 prestana og allt \u00feetta f\u00f3lk tala\u00f0i eg, og sag\u00f0i: svo segir Drottinn: gefi\u00f0 engan gaum tali y\u00f0ar sp\u00e1manna, sem y\u00f0ur sp\u00e1 og segja: sj\u00e1! \u00e1h\u00f6ld Drottins h\u00fass munu til baka flutt ver\u00f0a fr\u00e1 Babel n\u00fa skj\u00f3tt; \u00fev\u00ed lygi pr\u00e9dika \u00feeir y\u00f0ur.<a name=\"17\"><span class=\"versanumer\">17<\/span><\/a>Gegni\u00f0 \u00feeim ekki, \u00fej\u00f3ni\u00f0 k\u00f3nginum af Babel, \u00fe\u00e1 munu\u00f0 \u00fe\u00e9r lifa. Hv\u00ed skyldi sta\u00f0ur \u00feessi ver\u00f0a a\u00f0 r\u00fastum?<a name=\"18\"><span class=\"versanumer\">18<\/span><\/a>En ef \u00feeir eru sp\u00e1menn, og ef Drottins or\u00f0 er hj\u00e1 \u00feeim, \u00fe\u00e1 beri \u00feeir fyrir Drottin herskaranna \u00fe\u00e1 b\u00e6n, a\u00f0 \u00feau \u00e1h\u00f6ld sem eftir eru or\u00f0in \u00ed h\u00fasi Drottins, og \u00ed h\u00fasi J\u00fadak\u00f3ngs og \u00ed Jer\u00fasalem, komi ekki l\u00edka til Babel.<a name=\"19\"><span class=\"versanumer\">19<\/span><\/a>\u00dev\u00ed svo segir Drottinn herskaranna um st\u00f3lpana og um hafi\u00f0, og um bor\u00f0st\u00f3lpana, og um hin \u00f6nnur \u00e1h\u00f6ld, sem eftir eru or\u00f0in \u00ed \u00feessum sta\u00f0,<a name=\"20\"><span class=\"versanumer\">20<\/span><\/a>sem Neb\u00fakadnesar, Babelsk\u00f3ngur, ekki t\u00f3k, \u00feegar hann flutti burt Jekon\u00eda, J\u00f3jakimsson, fr\u00e1 Jer\u00fasalem til Babel, me\u00f0 \u00f6llum \u00feeim \u00e6ttg\u00f6fugu af J\u00fada og Jer\u00fasalem.<a name=\"21\"><span class=\"versanumer\">21<\/span><\/a>\u00dev\u00ed svo segir Drottinn herskaranna, \u00cdsraels Gu\u00f0, um \u00e1h\u00f6ldin sem eftir eru or\u00f0in \u00ed h\u00fasi Drottins, og \u00ed h\u00fasi J\u00fadak\u00f3ngs og \u00ed Jer\u00fasalem:<a name=\"22\"><span class=\"versanumer\">22<\/span><\/a>til Babel skulu \u00feau flutt ver\u00f0a, og \u00fear skulu \u00feau vera \u00feanga\u00f0 til eg vitja \u00feeirra, segir Drottinn, og s\u00e6ki \u00feau, og flyt \u00feau aftur \u00e1 \u00feennan sta\u00f0.<\/p>\n<div class=\"footnoteVidey\"><\/div>\n","protected":false},"excerpt":{"rendered":"<p>Umleitun a\u00f0 gefast upp vi\u00f0 \u00f3vinina. 1\u00cd upphafi r\u00edkisstj\u00f3rnar Sedek\u00eda, sonar J\u00f3sia, J\u00fadak\u00f3ngs, kom \u00feetta or\u00f0 fr\u00e1 Drottni til Jerem\u00edas og sag\u00f0i:2Svo segir Drottinn til m\u00edn: gj\u00f6r \u00fe\u00e9r b\u00f6nd og ok, og l\u00e1ttu um \u00feinn h\u00e1ls,3og send \u00feetta til k\u00f3ngsins \u00ed Edoms(landi) og til M\u00f3abs k\u00f3ngs, og til konungs Ammonssona, og til k\u00f3ngsins \u00ed T\u00fdrus, og til k\u00f3ngsins \u00ed S\u00eddon, me\u00f0 sendim\u00f6nnum sem komnir eru til Jer\u00fasalem, til Sedek\u00eda J\u00fadak\u00f3ngs.4Og bj\u00f3\u00f0 \u00feeim vi\u00f0v\u00edkjandi \u00feeirra herrum, og seg: svo segir Drottinn herskaranna, \u00cdsraels Gu\u00f0: (svo skulu\u00f0 \u00fe\u00e9r segja vi\u00f0 y\u00f0ar herra):5Eg hefi gj\u00f6rt j\u00f6r\u00f0ina, menn og skepnur, sem \u00e1 henni (eru) <a href=\"https:\/\/biblian.is\/videy\/jeremia-27-kafli\/\"> [&#8230;]<\/a><\/p>\n","protected":false},"author":1,"featured_media":0,"parent":0,"menu_order":0,"comment_status":"open","ping_status":"open","template":"bibliukaflar.php","meta":{"footnotes":""},"class_list":["post-21621","page","type-page","status-publish","hentry"],"_links":{"self":[{"href":"https:\/\/biblian.is\/videy\/wp-json\/wp\/v2\/pages\/21621","targetHints":{"allow":["GET"]}}],"collection":[{"href":"https:\/\/biblian.is\/videy\/wp-json\/wp\/v2\/pages"}],"about":[{"href":"https:\/\/biblian.is\/videy\/wp-json\/wp\/v2\/types\/page"}],"author":[{"embeddable":true,"href":"https:\/\/biblian.is\/videy\/wp-json\/wp\/v2\/users\/1"}],"replies":[{"embeddable":true,"href":"https:\/\/biblian.is\/videy\/wp-json\/wp\/v2\/comments?post=21621"}],"version-history":[{"count":0,"href":"https:\/\/biblian.is\/videy\/wp-json\/wp\/v2\/pages\/21621\/revisions"}],"wp:attachment":[{"href":"https:\/\/biblian.is\/videy\/wp-json\/wp\/v2\/media?parent=21621"}],"curies":[{"name":"wp","href":"https:\/\/api.w.org\/{rel}","templated":true}]}}