{"id":21620,"date":"2018-01-02T01:03:01","date_gmt":"2018-01-02T01:03:01","guid":{"rendered":"http:\/\/biblian.is\/videy\/jeremia-26-kafli\/"},"modified":"2018-01-02T01:03:01","modified_gmt":"2018-01-02T01:03:01","slug":"jeremia-26-kafli","status":"publish","type":"page","link":"https:\/\/biblian.is\/videy\/jeremia-26-kafli\/","title":{"rendered":"Jerem\u00eda 26. kafli"},"content":{"rendered":"<div class=\"fyrirsognVidey\">Jerem\u00edas \u00e1k\u00e6r\u00f0ur og fr\u00edkenndur.<\/div>\n<p><a name=\"1\"><span class=\"versanumer\">1<\/span><\/a>\u00cd byrjun r\u00edkisstj\u00f3rnar J\u00f3jakims, sonar J\u00f3s\u00eda, J\u00fadak\u00f3ngs, kom \u00feetta or\u00f0 fr\u00e1 Drottni, er hann sag\u00f0i:<a name=\"2\"><span class=\"versanumer\">2<\/span><\/a>svo segir Drottinn: gakk \u00ed forgar\u00f0 Drottins h\u00fass, og tala til \u00feeirra, sem koma \u00far \u00f6llum J\u00fada st\u00f6\u00f0um, til \u00feess a\u00f0 tilbi\u00f0ja \u00ed Drottins h\u00fasi, \u00f6ll \u00feau or\u00f0, sem eg hefi bo\u00f0i\u00f0 \u00fe\u00e9r a\u00f0 tala til \u00feeirra, drag \u00fe\u00fa ekkert or\u00f0 af,<a name=\"3\"><span class=\"versanumer\">3<\/span><\/a>l\u00edklega heyra \u00feeir og sn\u00faa s\u00e9r fr\u00e1 s\u00ednum vondu vegum: \u00fe\u00e1 l\u00e6t eg mig y\u00f0ra \u00feess illa, sem eg hygg a\u00f0 gj\u00f6ra \u00feeim, sakir vonsku \u00feeirra ath\u00e6fis.<a name=\"4\"><span class=\"versanumer\">4<\/span><\/a>Og seg til \u00feeirra: svo segir Drottinn: ef \u00fe\u00e9r heyri\u00f0 m\u00e9r ekki, svo a\u00f0 \u00fe\u00e9r gangi\u00f0 \u00ed m\u00ednu l\u00f6gm\u00e1li, sem eg hefi fyrir y\u00f0ur lagt,<a name=\"5\"><span class=\"versanumer\">5<\/span><\/a>svo a\u00f0 \u00fe\u00e9r hl\u00fd\u00f0i\u00f0 or\u00f0um minna \u00fej\u00f3na, sp\u00e1mannanna, sem eg til y\u00f0ar sendi fr\u00e1 \u00fev\u00ed snemma dags, \u00e1n \u00feess \u00fe\u00e9r heyri\u00f0:<a name=\"6\"><span class=\"versanumer\">6<\/span><\/a>svo gj\u00f6ri eg \u00feetta h\u00fas sem S\u00edl\u00f3, og \u00feennan sta\u00f0 gj\u00f6ri eg \u00f6llum \u00fej\u00f3\u00f0um jar\u00f0arinnar a\u00f0 b\u00f6lvun.<br \/><a name=\"7\"><span class=\"versanumer\">7<\/span><\/a>Og prestarnir og sp\u00e1mennirnir og allt f\u00f3lki\u00f0 heyr\u00f0i Jerem\u00edas tala \u00feessi or\u00f0 \u00ed Drottins h\u00fasi;<a name=\"8\"><span class=\"versanumer\">8<\/span><\/a>og \u00fea\u00f0 ske\u00f0i, \u00fe\u00e1 Jerem\u00edas haf\u00f0i \u00fat tala\u00f0 allt \u00fea\u00f0 sem Drottinn bau\u00f0 honum a\u00f0 tala til alls f\u00f3lksins: svo gripu prestarnir hann og sp\u00e1mennirnir og allt f\u00f3lki\u00f0 og s\u00f6g\u00f0u: \u00fe\u00fa hl\u00fdtur a\u00f0 deyja1<a name=\"9\"><span class=\"versanumer\">9<\/span><\/a>\u00fev\u00ed sp\u00e1ir \u00fe\u00fa \u00ed nafni Drottins og segir: eins og S\u00edl\u00f3 skal \u00feetta h\u00fas ver\u00f0a, og \u00feessi sta\u00f0ur skal ey\u00f0ileggjast, og enginn \u00ed honum b\u00faa? Og allt f\u00f3lki\u00f0 samansafna\u00f0ist \u00ed h\u00fasi Drottins gegn Jerem\u00edas.<a name=\"10\"><span class=\"versanumer\">10<\/span><\/a>En sem J\u00fadah\u00f6f\u00f0ingjar heyr\u00f0u \u00feetta, komu \u00feeir \u00far k\u00f3ngsins h\u00fasi \u00ed Drottins h\u00fas og settu sig \u00ed inngang Drottins n\u00fdju dyra.<a name=\"11\"><span class=\"versanumer\">11<\/span><\/a>Og prestarnir og sp\u00e1mennirnir t\u00f6lu\u00f0u til h\u00f6f\u00f0ingjanna og til alls f\u00f3lksins og s\u00f6g\u00f0u: \u00feessi ma\u00f0ur er dau\u00f0aver\u00f0ur; \u00fev\u00ed hann hefir sp\u00e1\u00f0 m\u00f3ti \u00feessum sta\u00f0, eins og \u00fe\u00e9r heyr\u00f0u\u00f0 me\u00f0 y\u00f0ar eyrum.<br \/><a name=\"12\"><span class=\"versanumer\">12<\/span><\/a>\u00de\u00e1 m\u00e6lti Jerem\u00edas til allra h\u00f6f\u00f0ingjanna og til gj\u00f6rvalls f\u00f3lksins: Drottinn hefir sent mig a\u00f0 sp\u00e1 m\u00f3ti \u00feessu h\u00fasi, og m\u00f3ti \u00feessum sta\u00f0, \u00f6llu \u00fev\u00ed, sem \u00fe\u00e9r hafi\u00f0 heyrt mig tala.<a name=\"13\"><span class=\"versanumer\">13<\/span><\/a>Og b\u00e6ti\u00f0 n\u00fa y\u00f0ar framfer\u00f0i og y\u00f0ar athafnir, og hl\u00fd\u00f0i\u00f0 raust Drottins vors Gu\u00f0s: \u00fe\u00e1 mun Drottinn i\u00f0rast \u00feess illa sem hann hefir y\u00f0ur \u00e1 m\u00f3ti tala\u00f0.<a name=\"14\"><span class=\"versanumer\">14<\/span><\/a>En eg, sj\u00e1! eg em \u00e1 y\u00f0ar valdi; fari\u00f0 me\u00f0 mig sem y\u00f0ur s\u00fdnist r\u00e9tt og gott \u00ed y\u00f0ar augum.<a name=\"15\"><span class=\"versanumer\">15<\/span><\/a>En \u00fea\u00f0 megi\u00f0 \u00fe\u00e9r vita, a\u00f0 ef \u00fe\u00e9r dey\u00f0i\u00f0 mig, \u00fe\u00e1 lei\u00f0i\u00f0 \u00fe\u00e9r saklaust bl\u00f3\u00f0 yfir y\u00f0ur, og yfir \u00feennan sta\u00f0, og yfir hans innb\u00faa; \u00fev\u00ed sannarlega hefir Drottinn sent mig til y\u00f0ar, a\u00f0 eg tala skyldi \u00f6ll \u00feessi or\u00f0 fyrir y\u00f0ar eyrum.<br \/><a name=\"16\"><span class=\"versanumer\">16<\/span><\/a>\u00de\u00e1 s\u00f6g\u00f0u h\u00f6f\u00f0ingjarnir og allt f\u00f3lki\u00f0 vi\u00f0 prestana og sp\u00e1mennina: ei vinnur \u00feessi ma\u00f0ur til l\u00edfl\u00e1ts; \u00fev\u00ed hann hefir til vor tala\u00f0 \u00ed nafni Drottins, vors Gu\u00f0s.<a name=\"17\"><span class=\"versanumer\">17<\/span><\/a>Og \u00fear gengu nokkrir fram af \u00f6ldungum landsins og t\u00f6lu\u00f0u vi\u00f0 allan f\u00f3lks s\u00f6fnu\u00f0inn og s\u00f6g\u00f0u:<a name=\"18\"><span class=\"versanumer\">18<\/span><\/a>Mika, Morasktiti, sp\u00e1\u00f0i \u00e1 d\u00f6gum Esek\u00eda, J\u00fadak\u00f3ngs, og tala\u00f0i vi\u00f0 allt J\u00fadaf\u00f3lk, og sag\u00f0i: svo segir Drottinn herskaranna: S\u00edon skal ver\u00f0a pl\u00e6g\u00f0 sem akur, og Jer\u00fasalem ver\u00f0a a\u00f0 grj\u00f3thr\u00fagu, og fjalli\u00f0 h\u00fassins <span class='VideyAth'>(Drottins)<\/span> a\u00f0 sk\u00f3garh\u00e6\u00f0.<a name=\"19\"><span class=\"versanumer\">19<\/span><\/a>Mundi Esek\u00edas J\u00fadak\u00f3ngur og allt J\u00fadaf\u00f3lk hafa deytt hann? \u00d3tta\u00f0ist hann ekki Drottin og gr\u00e1tb\u00e6ndi Drottin, og l\u00e9t Drottinn sig ekki y\u00f0ra alls \u00feess illa er hann haf\u00f0i yfir \u00feeim tala\u00f0? og v\u00e9r munum vinna miki\u00f0 illvirki m\u00f3ti vorum s\u00e1lum.<br \/><a name=\"20\"><span class=\"versanumer\">20<\/span><\/a>L\u00edka sp\u00e1\u00f0i <span class='VideyAth'>(annar)<\/span> ma\u00f0ur Uria, \u00ed nafni Drottins, sonur Semaja, fr\u00e1 Kirjat-Jearim, og sp\u00e1\u00f0i m\u00f3ti \u00feessum sta\u00f0, og m\u00f3ti \u00feessu landi, s\u00f6mu or\u00f0um og Jerem\u00edas.<a name=\"21\"><span class=\"versanumer\">21<\/span><\/a>Og sem k\u00f3ngurinn J\u00f3jakim og allir hans str\u00ed\u00f0skappar, og allir h\u00f6f\u00f0ingjar heyr\u00f0u hans tal, svo vildi konungur dey\u00f0a hann; en \u00fe\u00e1 \u00dar\u00eda heyr\u00f0i \u00fea\u00f0, var\u00f0 hann hr\u00e6ddur og fl\u00fa\u00f0i, og komst til Egyptalands.<a name=\"22\"><span class=\"versanumer\">22<\/span><\/a>\u00de\u00e1 sendi J\u00f3jakim k\u00f3ngur, menn til Egyptalands, S\u00ednatan, Akborsson, og menn me\u00f0 honum, til Egyptalands.<a name=\"23\"><span class=\"versanumer\">23<\/span><\/a>Og \u00feeir komu me\u00f0 \u00dar\u00eda \u00far Egyptalandi, og leiddu hann fyrir J\u00f3jakim k\u00f3ng, og hann vann \u00e1 honum me\u00f0 sver\u00f0i, og kasta\u00f0i l\u00edkama hans \u00ed grafir alm\u00faga f\u00f3lks.<a name=\"24\"><span class=\"versanumer\">24<\/span><\/a>En h\u00f6nd Ah\u00edkams, sonar Safans, var me\u00f0 Jerem\u00edas, svo menn ekki g\u00e1fu hann \u00ed hendur f\u00f3lkinu, til a\u00f0 dey\u00f0a hann.<\/p>\n<div class=\"footnoteVidey\"><\/div>\n","protected":false},"excerpt":{"rendered":"<p>Jerem\u00edas \u00e1k\u00e6r\u00f0ur og fr\u00edkenndur. 1\u00cd byrjun r\u00edkisstj\u00f3rnar J\u00f3jakims, sonar J\u00f3s\u00eda, J\u00fadak\u00f3ngs, kom \u00feetta or\u00f0 fr\u00e1 Drottni, er hann sag\u00f0i:2svo segir Drottinn: gakk \u00ed forgar\u00f0 Drottins h\u00fass, og tala til \u00feeirra, sem koma \u00far \u00f6llum J\u00fada st\u00f6\u00f0um, til \u00feess a\u00f0 tilbi\u00f0ja \u00ed Drottins h\u00fasi, \u00f6ll \u00feau or\u00f0, sem eg hefi bo\u00f0i\u00f0 \u00fe\u00e9r a\u00f0 tala til \u00feeirra, drag \u00fe\u00fa ekkert or\u00f0 af,3l\u00edklega heyra \u00feeir og sn\u00faa s\u00e9r fr\u00e1 s\u00ednum vondu vegum: \u00fe\u00e1 l\u00e6t eg mig y\u00f0ra \u00feess illa, sem eg hygg a\u00f0 gj\u00f6ra \u00feeim, sakir vonsku \u00feeirra ath\u00e6fis.4Og seg til \u00feeirra: svo segir Drottinn: ef \u00fe\u00e9r heyri\u00f0 m\u00e9r ekki, svo a\u00f0 \u00fe\u00e9r <a href=\"https:\/\/biblian.is\/videy\/jeremia-26-kafli\/\"> [&#8230;]<\/a><\/p>\n","protected":false},"author":1,"featured_media":0,"parent":0,"menu_order":0,"comment_status":"open","ping_status":"open","template":"bibliukaflar.php","meta":{"footnotes":""},"class_list":["post-21620","page","type-page","status-publish","hentry"],"_links":{"self":[{"href":"https:\/\/biblian.is\/videy\/wp-json\/wp\/v2\/pages\/21620","targetHints":{"allow":["GET"]}}],"collection":[{"href":"https:\/\/biblian.is\/videy\/wp-json\/wp\/v2\/pages"}],"about":[{"href":"https:\/\/biblian.is\/videy\/wp-json\/wp\/v2\/types\/page"}],"author":[{"embeddable":true,"href":"https:\/\/biblian.is\/videy\/wp-json\/wp\/v2\/users\/1"}],"replies":[{"embeddable":true,"href":"https:\/\/biblian.is\/videy\/wp-json\/wp\/v2\/comments?post=21620"}],"version-history":[{"count":0,"href":"https:\/\/biblian.is\/videy\/wp-json\/wp\/v2\/pages\/21620\/revisions"}],"wp:attachment":[{"href":"https:\/\/biblian.is\/videy\/wp-json\/wp\/v2\/media?parent=21620"}],"curies":[{"name":"wp","href":"https:\/\/api.w.org\/{rel}","templated":true}]}}